{"id":4381,"date":"2026-01-28T06:11:12","date_gmt":"2026-01-28T06:11:12","guid":{"rendered":"https:\/\/shaliteink.com\/?post_type=product&#038;p=4381"},"modified":"2026-01-28T06:11:12","modified_gmt":"2026-01-28T06:11:12","slug":"emulsao-fotossensivel-de-alta-resolucao","status":"publish","type":"product","link":"https:\/\/shaliteink.com\/pt\/produto\/emulsao-fotossensivel-de-alta-resolucao\/","title":{"rendered":"Emuls\u00e3o fotossens\u00edvel de alta resolu\u00e7\u00e3o \u2013 Adicionar ao carrinho"},"content":{"rendered":"<p>Se voc\u00ea est\u00e1 em busca de uma maneira confi\u00e1vel e f\u00e1cil para iniciantes de criar est\u00eanceis de serigrafia limpos e detalhados, este \u00e9 o m\u00e9todo ideal. <strong>emuls\u00e3o fotossens\u00edvel de alta resolu\u00e7\u00e3o<\/strong> \u00c9 perfeita! Projetada para pequenos est\u00fadios, entusiastas do fa\u00e7a-voc\u00ea-mesmo, salas de aula e impressoras profissionais, ela oferece resultados suaves e consistentes sempre \u2014 super f\u00e1cil de usar, mesmo para quem est\u00e1 come\u00e7ando na serigrafia!<\/p>\n<p>Uma das coisas que os usu\u00e1rios mais adoram nessa emuls\u00e3o fotossens\u00edvel? A facilidade de uso! A viscosidade \u00e9 perfeita: espessa o suficiente para revestir telas de malha uniformemente sem escorrer, mas fluida o bastante para uma aplica\u00e7\u00e3o supercontrolada. Ela seca rapidamente mesmo em ambientes escuros ou com pouca luz, permitindo que voc\u00ea termine a prepara\u00e7\u00e3o mais r\u00e1pido e comece a serigrafia imediatamente! Depois de seca, a emuls\u00e3o exp\u00f5e com bordas n\u00edtidas, garantindo que seus designs permane\u00e7am perfeitos durante longas tiragens.<\/p>\n<p><img decoding=\"async\" class=\"alignnone size-medium wp-image-4405\" src=\"https:\/\/shaliteink.com\/wp-content\/uploads\/2025\/12\/High-Resolution-Photosensitive-Emulsion-3-300x300.jpg\" alt=\"Emuls\u00e3o fotossens\u00edvel de alta resolu\u00e7\u00e3o (1)\" width=\"300\" height=\"300\" srcset=\"https:\/\/shaliteink.com\/wp-content\/uploads\/2025\/12\/High-Resolution-Photosensitive-Emulsion-3-300x300.jpg 300w, https:\/\/shaliteink.com\/wp-content\/uploads\/2025\/12\/High-Resolution-Photosensitive-Emulsion-3-1024x1024.jpg 1024w, https:\/\/shaliteink.com\/wp-content\/uploads\/2025\/12\/High-Resolution-Photosensitive-Emulsion-3-150x150.jpg 150w, https:\/\/shaliteink.com\/wp-content\/uploads\/2025\/12\/High-Resolution-Photosensitive-Emulsion-3-768x768.jpg 768w, https:\/\/shaliteink.com\/wp-content\/uploads\/2025\/12\/High-Resolution-Photosensitive-Emulsion-3-12x12.jpg 12w, https:\/\/shaliteink.com\/wp-content\/uploads\/2025\/12\/High-Resolution-Photosensitive-Emulsion-3-600x600.jpg 600w, https:\/\/shaliteink.com\/wp-content\/uploads\/2025\/12\/High-Resolution-Photosensitive-Emulsion-3-1200x1200.jpg 1200w, https:\/\/shaliteink.com\/wp-content\/uploads\/2025\/12\/High-Resolution-Photosensitive-Emulsion-3.jpg 1500w\" sizes=\"(max-width: 300px) 100vw, 300px\" \/><\/p>\n<p>&nbsp;<\/p>\n<h3 data-start=\"2688\" data-end=\"2711\">Caracter\u00edsticas\/Benef\u00edcios<\/h3>\n<p>Revestimento de alt\u00edssima resolu\u00e7\u00e3o para linhas n\u00edtidas e detalhes precisos.<br \/>\nCamada de est\u00eancil dur\u00e1vel que resiste \u00e0 deteriora\u00e7\u00e3o durante a impress\u00e3o.<br \/>\nAlta resist\u00eancia ao calor para secagem r\u00e1pida e cura final.<br \/>\nCompat\u00edvel com m\u00faltiplas contagens de malha para impress\u00e3o vers\u00e1til.<br \/>\nTempo de exposi\u00e7\u00e3o super r\u00e1pido \u2014 agiliza a configura\u00e7\u00e3o da sua serigrafia em um instante!<\/p>\n<p>Seja para estampar camisetas, ecobags, p\u00f4steres ou madeira, esses est\u00eanceis permanecem firmes como rocha \u2014 mesmo ap\u00f3s in\u00fameras impress\u00f5es ou press\u00e3o intensa com uma esp\u00e1tula! E a melhor parte: workshops, aulas escolares e marcas independentes.\u00a0<em>obsess<\/em>\u00a0sobre isso\u00a0<strong>emuls\u00e3o fotossens\u00edvel<\/strong>\u2014N\u00e3o precisa de treinamento profissional sofisticado! \u00c9 muito f\u00e1cil de usar e, quando combinado com\u00a0<a href=\"https:\/\/shaliteink.com\/pt\/?s=PVC+free+plastisol+ink&amp;post_type=product&amp;product_cat=0\"><strong>Tinta plastisol sem PVC<\/strong><\/a>\u00a0ou padr\u00e3o\u00a0<a href=\"https:\/\/shaliteink.com\/pt\/produto\/tinta-de-serigrafia-laranja-amarelada-sem-pvc\/\"><strong>tinta de serigrafia<\/strong><\/a>, Com isso, voc\u00ea obter\u00e1 impress\u00f5es consistentes e de alta qualidade sempre.<\/p>\n<div class=\"auto-hide-last-sibling-br paragraph-pP9ZLC paragraph-element br-paragraph-space\">A limpeza tamb\u00e9m \u00e9 super f\u00e1cil! Depois de imprimir com\u00a0<a href=\"https:\/\/shaliteink.com\/pt\/produto\/compre-tinta-plastisol-azul-sem-pvc-com-entrega-rapida\/\"><strong>Tinta plastisol sem PVC<\/strong><\/a>\u00a0ou padr\u00e3o\u00a0<strong>tinta de serigrafia<\/strong>, Voc\u00ea pode limpar isso.\u00a0<strong>emuls\u00e3o fotossens\u00edvel<\/strong>\u00a0Com removedor de emuls\u00e3o comum ou produto para recupera\u00e7\u00e3o de telas \u2014 super f\u00e1cil! Ele se dissolve de forma limpa e eficiente, ajudando sua tela a durar mais e economizando tempo e trabalho.<\/div>\n<div class=\"auto-hide-last-sibling-br paragraph-pP9ZLC paragraph-element br-paragraph-space\">E a melhor parte? A f\u00f3rmula n\u00e3o se deteriora rapidamente, ent\u00e3o voc\u00ea n\u00e3o ter\u00e1 que lidar com descama\u00e7\u00e3o ou descascamento durante a impress\u00e3o \u2014 uma verdadeira revolu\u00e7\u00e3o, especialmente para iniciantes!<\/div>\n<div><\/div>\n<div>\n<div class=\"auto-hide-last-sibling-br paragraph-pP9ZLC paragraph-element br-paragraph-space\">Seja para exibir sua primeira tela ou preparar um lote para pedidos online, esta tela de alta resolu\u00e7\u00e3o \u00e9 ideal.\u00a0<strong>emuls\u00e3o fotossens\u00edvel<\/strong>\u00a0Mant\u00e9m seu fluxo de trabalho tranquilo, previs\u00edvel e totalmente livre de frustra\u00e7\u00f5es!<\/div>\n<div class=\"auto-hide-last-sibling-br paragraph-pP9ZLC paragraph-element br-paragraph-space\">Desde configura\u00e7\u00f5es de impress\u00e3o caseiras do tipo &quot;fa\u00e7a voc\u00ea mesmo&quot; at\u00e9 salas de aula criativas e pequenas marcas de vestu\u00e1rio, ela produz resultados de n\u00edvel profissional \u2014 sem a necessidade de equipamentos sofisticados e caros ou habilidades avan\u00e7adas. Combine-a com\u00a0<strong>Tinta plastisol sem PVC<\/strong>\u00a0ou padr\u00e3o\u00a0<strong>tinta de serigrafia<\/strong>, E voc\u00ea conseguir\u00e1 impress\u00f5es consistentes e de qualidade profissional sempre, sem estresse!<\/div>\n<div><img decoding=\"async\" class=\"alignnone size-medium wp-image-4407\" src=\"https:\/\/shaliteink.com\/wp-content\/uploads\/2025\/12\/High-Resolution-Photosensitive-Emulsion-5-300x300.jpg\" alt=\"Emuls\u00e3o fotossens\u00edvel de alta resolu\u00e7\u00e3o (1)\" width=\"300\" height=\"300\" srcset=\"https:\/\/shaliteink.com\/wp-content\/uploads\/2025\/12\/High-Resolution-Photosensitive-Emulsion-5-300x300.jpg 300w, https:\/\/shaliteink.com\/wp-content\/uploads\/2025\/12\/High-Resolution-Photosensitive-Emulsion-5-1024x1024.jpg 1024w, https:\/\/shaliteink.com\/wp-content\/uploads\/2025\/12\/High-Resolution-Photosensitive-Emulsion-5-150x150.jpg 150w, https:\/\/shaliteink.com\/wp-content\/uploads\/2025\/12\/High-Resolution-Photosensitive-Emulsion-5-768x768.jpg 768w, https:\/\/shaliteink.com\/wp-content\/uploads\/2025\/12\/High-Resolution-Photosensitive-Emulsion-5-12x12.jpg 12w, https:\/\/shaliteink.com\/wp-content\/uploads\/2025\/12\/High-Resolution-Photosensitive-Emulsion-5-600x600.jpg 600w, https:\/\/shaliteink.com\/wp-content\/uploads\/2025\/12\/High-Resolution-Photosensitive-Emulsion-5-1200x1200.jpg 1200w, https:\/\/shaliteink.com\/wp-content\/uploads\/2025\/12\/High-Resolution-Photosensitive-Emulsion-5.jpg 1500w\" sizes=\"(max-width: 300px) 100vw, 300px\" \/><\/div>\n<div><\/div>\n<\/div>\n<div>\n<h3 data-start=\"2688\" data-end=\"2711\">Por que comprar?<\/h3>\n<\/div>\n<div>Projetada para simplificar a emuls\u00e3o fotossens\u00edvel, torna a prepara\u00e7\u00e3o da tela r\u00e1pida, previs\u00edvel e sem complica\u00e7\u00f5es \u2014 ideal para camisetas, bolsas, p\u00f4steres e projetos de pequena escala. Seja para impress\u00e3o em casa ou em uma pequena empresa, ela combina perfeitamente com tinta plastisol sem PVC ou tinta para serigrafia. .<\/div>\n<div><\/div>\n<div>Se voc\u00ea trabalha com designs precisos \u2014 linhas finas, meios-tons, texto ou ilustra\u00e7\u00f5es detalhadas \u2014 isto\u00a0<strong>emuls\u00e3o fotossens\u00edvel<\/strong>\u00a0Oferece todo o controle e clareza que voc\u00ea precisa! Basta aplicar a camada sobre a tela, deixar secar, expor \u00e0 luz UV ou LED, enxaguar e pronto \u2014 seu est\u00eancil est\u00e1 pronto para usar.\u00a0<strong>Tinta plastisol sem PVC<\/strong>\u00a0ou padr\u00e3o\u00a0<strong>tinta de serigrafia<\/strong>\u00a0Para impress\u00f5es n\u00edtidas e perfeitas!<\/div>","protected":false},"excerpt":{"rendered":"<p>Emuls\u00e3o fotossens\u00edvel de alta resolu\u00e7\u00e3o para serigrafia \u2014 proporciona exposi\u00e7\u00f5es ultran\u00edtidas e reproduz com perfei\u00e7\u00e3o os m\u00ednimos detalhes do design! Funciona maravilhosamente bem com tinta serigr\u00e1fica, tinta plastisol sem PVC e \u00e9 ideal para est\u00fadios DIY, pequenas oficinas ou impressoras profissionais. Super f\u00e1cil de usar, seca rapidamente e eleva a qualidade da sua impress\u00e3o a um novo patamar \u2014 perfeita para todos os seus projetos de serigrafia!<\/p>","protected":false},"featured_media":4403,"comment_status":"open","ping_status":"closed","template":"","meta":[],"product_brand":[],"product_cat":[88],"product_tag":[98],"class_list":{"0":"post-4381","1":"product","2":"type-product","3":"status-publish","4":"has-post-thumbnail","6":"product_cat-photosensitive-emulsion","7":"product_tag-high-resolution-photosensitive-emulsion","9":"first","10":"instock","11":"shipping-taxable","12":"purchasable","13":"product-type-simple"},"tiered_pricing_type":"fixed","tiered_pricing_fixed_rules":[],"tiered_pricing_product_settings":{"layout":"default","base_unit_name":{"singular":null,"plural":null},"default_variation":null},"tiered_pricing_minimum_quantity":null,"tiered_pricing_roles_data":[],"tiered_pricing_percentage_rules":[],"tiered_pricing_maximum_quantity":null,"tiered_pricing_quantity_step":null,"_links":{"self":[{"href":"https:\/\/shaliteink.com\/pt\/wp-json\/wp\/v2\/product\/4381","targetHints":{"allow":["GET"]}}],"collection":[{"href":"https:\/\/shaliteink.com\/pt\/wp-json\/wp\/v2\/product"}],"about":[{"href":"https:\/\/shaliteink.com\/pt\/wp-json\/wp\/v2\/types\/product"}],"replies":[{"embeddable":true,"href":"https:\/\/shaliteink.com\/pt\/wp-json\/wp\/v2\/comments?post=4381"}],"version-history":[{"count":1,"href":"https:\/\/shaliteink.com\/pt\/wp-json\/wp\/v2\/product\/4381\/revisions"}],"predecessor-version":[{"id":4632,"href":"https:\/\/shaliteink.com\/pt\/wp-json\/wp\/v2\/product\/4381\/revisions\/4632"}],"wp:featuredmedia":[{"embeddable":true,"href":"https:\/\/shaliteink.com\/pt\/wp-json\/wp\/v2\/media\/4403"}],"wp:attachment":[{"href":"https:\/\/shaliteink.com\/pt\/wp-json\/wp\/v2\/media?parent=4381"}],"wp:term":[{"taxonomy":"product_brand","embeddable":true,"href":"https:\/\/shaliteink.com\/pt\/wp-json\/wp\/v2\/product_brand?post=4381"},{"taxonomy":"product_cat","embeddable":true,"href":"https:\/\/shaliteink.com\/pt\/wp-json\/wp\/v2\/product_cat?post=4381"},{"taxonomy":"product_tag","embeddable":true,"href":"https:\/\/shaliteink.com\/pt\/wp-json\/wp\/v2\/product_tag?post=4381"}],"curies":[{"name":"wp","href":"https:\/\/api.w.org\/{rel}","templated":true}]}}