{"id":4355,"date":"2026-01-28T06:09:39","date_gmt":"2026-01-28T06:09:39","guid":{"rendered":"https:\/\/shaliteink.com\/?post_type=product&#038;p=4355"},"modified":"2026-01-28T06:10:34","modified_gmt":"2026-01-28T06:10:34","slug":"kit-de-tinta-de-impressao-nb-para-iniciantes","status":"publish","type":"product","link":"https:\/\/shaliteink.com\/pt\/produto\/kit-de-tinta-de-impressao-nb-para-iniciantes\/","title":{"rendered":"Kit de tinta para impress\u00e3o NB para iniciantes \u2013 Cores vibrantes para artes\u00e3os DIY. Compre j\u00e1!"},"content":{"rendered":"<p class=\"isSelectedEnd\">Quer aprimorar suas habilidades em serigrafia? Adquira o <strong>Kit Inicial de Tintas para Serigrafia NB<\/strong>Seja voc\u00ea um entusiasta do fa\u00e7a-voc\u00ea-mesmo, dono de uma pequena oficina ou de uma marca de roupas independente, o Kit para Iniciantes em Tinta para Impress\u00e3o NB \u00e9 perfeito! Ele vem com tinta plastisol de alta qualidade, livre de PVC \u2014 as cores ficam super vibrantes, o toque \u00e9 macio no tecido e funciona maravilhosamente bem em camisetas, bolsas de lona ou qualquer projeto de decora\u00e7\u00e3o para casa com serigrafia! E a melhor parte? O Kit para Iniciantes em Tinta para Impress\u00e3o NB \u00e9 super f\u00e1cil de usar, economiza muito tempo e permite que voc\u00ea alcance a qualidade profissional de serigrafia sem complica\u00e7\u00f5es! Adquira o seu agora mesmo!<\/p>\n<p><img decoding=\"async\" class=\"alignnone size-medium wp-image-4362\" src=\"https:\/\/shaliteink.com\/wp-content\/uploads\/2025\/12\/NB-Printing-Ink-Beginner-Kit-5-300x300.jpg\" alt=\"Kit de tinta para impress\u00e3o NB para iniciantes\" width=\"300\" height=\"300\" srcset=\"https:\/\/shaliteink.com\/wp-content\/uploads\/2025\/12\/NB-Printing-Ink-Beginner-Kit-5-300x300.jpg 300w, https:\/\/shaliteink.com\/wp-content\/uploads\/2025\/12\/NB-Printing-Ink-Beginner-Kit-5-1024x1024.jpg 1024w, https:\/\/shaliteink.com\/wp-content\/uploads\/2025\/12\/NB-Printing-Ink-Beginner-Kit-5-150x150.jpg 150w, https:\/\/shaliteink.com\/wp-content\/uploads\/2025\/12\/NB-Printing-Ink-Beginner-Kit-5-768x768.jpg 768w, https:\/\/shaliteink.com\/wp-content\/uploads\/2025\/12\/NB-Printing-Ink-Beginner-Kit-5-1536x1536.jpg 1536w, https:\/\/shaliteink.com\/wp-content\/uploads\/2025\/12\/NB-Printing-Ink-Beginner-Kit-5-12x12.jpg 12w, https:\/\/shaliteink.com\/wp-content\/uploads\/2025\/12\/NB-Printing-Ink-Beginner-Kit-5-600x600.jpg 600w, https:\/\/shaliteink.com\/wp-content\/uploads\/2025\/12\/NB-Printing-Ink-Beginner-Kit-5-1200x1200.jpg 1200w, https:\/\/shaliteink.com\/wp-content\/uploads\/2025\/12\/NB-Printing-Ink-Beginner-Kit-5.jpg 1600w\" sizes=\"(max-width: 300px) 100vw, 300px\" \/><\/p>\n<p class=\"isSelectedEnd\"><strong>Caracter\u00edsticas e benef\u00edcios<\/strong><\/p>\n<p class=\"isSelectedEnd\">\u2705 <strong>Tintas plastisol sem PVC:<\/strong> Seguro, dur\u00e1vel e ecol\u00f3gico \u2013 ideal para artes\u00e3os e pequenas oficinas! Sem vapores t\u00f3xicos e desagrad\u00e1veis \u200b\u200bpoluindo seu ambiente!<br \/>\n\u2705 <strong>Alta opacidade + cores vibrantes:<\/strong> Estampas vibrantes e consistentes sempre \u2014 mesmo em tecidos escuros! Nada de cores desbotadas ou sem vida por aqui \u2014 seus designs se destacam de forma incr\u00edvel!<br \/>\n\u2705<strong> Sensa\u00e7\u00e3o de toque macio:<\/strong> As estampas permanecem dur\u00e1veis e os tecidos flex\u00edveis \u2014 sem resultados r\u00edgidos e \u00e1speros!<br \/>\n\u2705 <strong>Ideal para iniciantes:<\/strong> Acompanha pequenos frascos de tinta (4 x 100 ml), guias super f\u00e1ceis de seguir e suporte de tutoriais online \u2014 nenhuma experi\u00eancia necess\u00e1ria!<br \/>\n\u2705<strong> Super vers\u00e1til:<\/strong> Funciona com sopradores t\u00e9rmicos dom\u00e9sticos, secadores pequenos e modelos padr\u00e3o. <a href=\"https:\/\/shaliteink.com\/pt\/produto\/tinta-vermelha-para-serigrafia-livre-de-pvc\/\"><strong>tinta de serigrafia<\/strong><\/a> Configura\u00e7\u00f5es \u2014 encaixa-se perfeitamente no seu fluxo de trabalho!<br \/>\n\u2705 <strong>Kit completo de tinta para impress\u00e3o NB para iniciantes:<\/strong> Tintas, esp\u00e1tulas e acess\u00f3rios iniciais inclu\u00eddos \u2014 imprima sem complica\u00e7\u00f5es assim que abrir a caixa!<\/p>\n<p class=\"isSelectedEnd\"><strong>Instru\u00e7\u00f5es de cura<\/strong><\/p>\n<div class=\"auto-hide-last-sibling-br paragraph-pP9ZLC paragraph-element br-paragraph-space\">Basta curar suas impress\u00f5es com calor a aproximadamente 160 \u00b0C (320 \u00b0F) e pronto! Seus designs permanecer\u00e3o vibrantes e dur\u00e1veis por muito tempo! Funciona perfeitamente tanto com cura padr\u00e3o quanto com cura r\u00e1pida.\u00a0<a href=\"https:\/\/shaliteink.com\/pt\/produto\/compre-tinta-plastisol-violeta-fluorescente-sem-pvc-online\/\"><strong>Tinta plastisol sem PVC<\/strong><\/a>, Ent\u00e3o, seja para produ\u00e7\u00e3o em pequena escala ou para projetos &quot;fa\u00e7a voc\u00ea mesmo&quot; por divers\u00e3o, esta \u00e9 a solu\u00e7\u00e3o ideal.\u00a0<strong>serigrafia<\/strong>\u00a0projetos, o\u00a0<strong>Kit de tinta para impress\u00e3o NB para iniciantes<\/strong>\u00a0te d\u00e1 toda a cobertura!<\/div>\n<p><img decoding=\"async\" class=\"alignnone size-medium wp-image-4363\" src=\"https:\/\/shaliteink.com\/wp-content\/uploads\/2025\/12\/NB-Printing-Ink-Beginner-Kit-7-300x300.jpg\" alt=\"Kit de tinta para impress\u00e3o NB para iniciantes\" width=\"300\" height=\"300\" srcset=\"https:\/\/shaliteink.com\/wp-content\/uploads\/2025\/12\/NB-Printing-Ink-Beginner-Kit-7-300x300.jpg 300w, https:\/\/shaliteink.com\/wp-content\/uploads\/2025\/12\/NB-Printing-Ink-Beginner-Kit-7-1024x1024.jpg 1024w, https:\/\/shaliteink.com\/wp-content\/uploads\/2025\/12\/NB-Printing-Ink-Beginner-Kit-7-150x150.jpg 150w, https:\/\/shaliteink.com\/wp-content\/uploads\/2025\/12\/NB-Printing-Ink-Beginner-Kit-7-768x768.jpg 768w, https:\/\/shaliteink.com\/wp-content\/uploads\/2025\/12\/NB-Printing-Ink-Beginner-Kit-7-1536x1536.jpg 1536w, https:\/\/shaliteink.com\/wp-content\/uploads\/2025\/12\/NB-Printing-Ink-Beginner-Kit-7-12x12.jpg 12w, https:\/\/shaliteink.com\/wp-content\/uploads\/2025\/12\/NB-Printing-Ink-Beginner-Kit-7-600x600.jpg 600w, https:\/\/shaliteink.com\/wp-content\/uploads\/2025\/12\/NB-Printing-Ink-Beginner-Kit-7-1200x1200.jpg 1200w, https:\/\/shaliteink.com\/wp-content\/uploads\/2025\/12\/NB-Printing-Ink-Beginner-Kit-7.jpg 1600w\" sizes=\"(max-width: 300px) 100vw, 300px\" \/><\/p>\n<p><strong>Limpeza e manuten\u00e7\u00e3o<\/strong><br \/>\nA limpeza \u00e9 muito f\u00e1cil! Use um produto de limpeza ou removedor de tinta plastisol espec\u00edfico. Ao contr\u00e1rio das tintas \u00e0 base de \u00e1gua, <a href=\"https:\/\/shaliteink.com\/pt\/produto\/tinta-plastisol-amarelo-limao-sem-pvc\/\"><strong>Tinta plastisol sem PVC<\/strong><\/a> N\u00e3o secam nas suas telas \u2014 reutilize-as v\u00e1rias vezes sem entupimento ou res\u00edduos!<\/p>\n<p class=\"isSelectedEnd\"><strong>Dicas de armazenamento<\/strong><br \/>\nArmazene as tintas em local fresco e seco (longe da luz solar direta e do calor).\u00a0<strong>Tinta plastisol sem PVC<\/strong>\u00a0Certo, e as cores permanecem vibrantes, al\u00e9m do desempenho se manter consistente em todas as situa\u00e7\u00f5es.\u00a0<strong>serigrafia<\/strong>\u00a0projeto!<\/p>\n<div class=\"auto-hide-last-sibling-br paragraph-pP9ZLC paragraph-element br-paragraph-space\">Seja vendendo no Etsy\/Shopify, ministrando workshops ou simplesmente se divertindo com artesanato em casa, o\u00a0<strong>Kit de tinta para impress\u00e3o NB para iniciantes<\/strong>\u00a0Reduz drasticamente a curva de aprendizado, minimiza a bagun\u00e7a e impulsiona a criatividade! Assuma o controle da sua produ\u00e7\u00e3o em pequenos lotes com um kit que oferece qualidade, seguran\u00e7a e praticidade \u2014 voc\u00ea consegue!<\/div>","protected":false},"excerpt":{"rendered":"<p>O <strong>Kit de tinta para impress\u00e3o NB para iniciantes<\/strong> Proporciona estampas brilhantes e com toque macio para roupas e artesanato personalizados. Inclui <strong>Tinta plastisol sem PVC<\/strong>, ideal <strong>tinta de serigrafia<\/strong> Para vendedores do Etsy, artes\u00e3os que fazem projetos &quot;fa\u00e7a voc\u00ea mesmo&quot; e pequenas marcas que criam camisetas, sacolas de pano e itens de decora\u00e7\u00e3o para casa.<\/p>","protected":false},"featured_media":4357,"comment_status":"open","ping_status":"closed","template":"","meta":[],"product_brand":[],"product_cat":[43,48],"product_tag":[108],"class_list":{"0":"post-4355","1":"product","2":"type-product","3":"status-publish","4":"has-post-thumbnail","6":"product_cat-pvc-free-nb-screen-printing-ink","7":"product_cat-screen-printing-ink-kit","8":"product_tag-nb-printing-ink-beginner-kit","10":"first","11":"instock","12":"shipping-taxable","13":"purchasable","14":"product-type-simple"},"tiered_pricing_type":"fixed","tiered_pricing_fixed_rules":[],"tiered_pricing_product_settings":{"layout":"default","base_unit_name":{"singular":null,"plural":null},"default_variation":null},"tiered_pricing_minimum_quantity":null,"tiered_pricing_roles_data":[],"tiered_pricing_percentage_rules":[],"tiered_pricing_maximum_quantity":null,"tiered_pricing_quantity_step":null,"_links":{"self":[{"href":"https:\/\/shaliteink.com\/pt\/wp-json\/wp\/v2\/product\/4355","targetHints":{"allow":["GET"]}}],"collection":[{"href":"https:\/\/shaliteink.com\/pt\/wp-json\/wp\/v2\/product"}],"about":[{"href":"https:\/\/shaliteink.com\/pt\/wp-json\/wp\/v2\/types\/product"}],"replies":[{"embeddable":true,"href":"https:\/\/shaliteink.com\/pt\/wp-json\/wp\/v2\/comments?post=4355"}],"version-history":[{"count":1,"href":"https:\/\/shaliteink.com\/pt\/wp-json\/wp\/v2\/product\/4355\/revisions"}],"predecessor-version":[{"id":4631,"href":"https:\/\/shaliteink.com\/pt\/wp-json\/wp\/v2\/product\/4355\/revisions\/4631"}],"wp:featuredmedia":[{"embeddable":true,"href":"https:\/\/shaliteink.com\/pt\/wp-json\/wp\/v2\/media\/4357"}],"wp:attachment":[{"href":"https:\/\/shaliteink.com\/pt\/wp-json\/wp\/v2\/media?parent=4355"}],"wp:term":[{"taxonomy":"product_brand","embeddable":true,"href":"https:\/\/shaliteink.com\/pt\/wp-json\/wp\/v2\/product_brand?post=4355"},{"taxonomy":"product_cat","embeddable":true,"href":"https:\/\/shaliteink.com\/pt\/wp-json\/wp\/v2\/product_cat?post=4355"},{"taxonomy":"product_tag","embeddable":true,"href":"https:\/\/shaliteink.com\/pt\/wp-json\/wp\/v2\/product_tag?post=4355"}],"curies":[{"name":"wp","href":"https:\/\/api.w.org\/{rel}","templated":true}]}}