{"id":4334,"date":"2025-12-30T03:48:04","date_gmt":"2025-12-30T03:48:04","guid":{"rendered":"https:\/\/shaliteink.com\/?post_type=product&#038;p=4334"},"modified":"2025-12-30T03:48:50","modified_gmt":"2025-12-30T03:48:50","slug":"emulsao-fotossensivel-de-alta-densidade","status":"publish","type":"product","link":"https:\/\/shaliteink.com\/pt\/produto\/emulsao-fotossensivel-de-alta-densidade\/","title":{"rendered":"Emuls\u00e3o fotossens\u00edvel de alta densidade \u2013 Escolha seus sabores"},"content":{"rendered":"<p class=\"bv-p-translate\" data-start=\"346\" data-end=\"827\">O <strong data-start=\"350\" data-end=\"390\">Emuls\u00e3o fotossens\u00edvel de alta densidade<\/strong> Os produtos da Shaliteink s\u00e3o a primeira escolha dos consumidores.<\/p>\n<div class=\"auto-hide-last-sibling-br paragraph-pP9ZLC paragraph-element br-paragraph-space\">Esse\u00a0<strong>Emuls\u00e3o fotossens\u00edvel de alta densidade<\/strong> \u00c9 feita para serigrafistas que precisam de detalhes confi\u00e1veis \u2014 pense em bordas n\u00edtidas, ac\u00famulo uniforme de tinta e resist\u00eancia incr\u00edvel mesmo em longas tiragens! Seja para estampar gr\u00e1ficos ousados em camisetas, sobrepor texturas para identidade visual de streetwear ou criar efeitos de alta densidade em ecobags e tecidos para decora\u00e7\u00e3o, nossa f\u00f3rmula mant\u00e9m seu est\u00eancil firme como uma rocha em cada passada. E a melhor parte? Combina perfeitamente com\u00a0<strong>Tinta plastisol sem PVC<\/strong>\u00a0e todos os tipos de\u00a0<a href=\"https:\/\/shaliteink.com\/pt\/produto\/tinta-amarela-para-serigrafia-livre-de-pvc\/\"><strong>tinta de serigrafia<\/strong><\/a>, Assim, voc\u00ea pode contar com resultados consistentes e de n\u00edvel profissional, independentemente do que estiver imprimindo!<\/div>\n<div><img decoding=\"async\" class=\"alignnone size-medium wp-image-4417\" src=\"https:\/\/shaliteink.com\/wp-content\/uploads\/2025\/12\/High-Density-Photosensitive-Emulsion-2-300x300.jpg\" alt=\"Emuls\u00e3o fotossens\u00edvel de alta densidade (5)\" width=\"300\" height=\"300\" srcset=\"https:\/\/shaliteink.com\/wp-content\/uploads\/2025\/12\/High-Density-Photosensitive-Emulsion-2-300x300.jpg 300w, https:\/\/shaliteink.com\/wp-content\/uploads\/2025\/12\/High-Density-Photosensitive-Emulsion-2-1024x1024.jpg 1024w, https:\/\/shaliteink.com\/wp-content\/uploads\/2025\/12\/High-Density-Photosensitive-Emulsion-2-150x150.jpg 150w, https:\/\/shaliteink.com\/wp-content\/uploads\/2025\/12\/High-Density-Photosensitive-Emulsion-2-768x768.jpg 768w, https:\/\/shaliteink.com\/wp-content\/uploads\/2025\/12\/High-Density-Photosensitive-Emulsion-2-12x12.jpg 12w, https:\/\/shaliteink.com\/wp-content\/uploads\/2025\/12\/High-Density-Photosensitive-Emulsion-2-600x600.jpg 600w, https:\/\/shaliteink.com\/wp-content\/uploads\/2025\/12\/High-Density-Photosensitive-Emulsion-2-1200x1200.jpg 1200w, https:\/\/shaliteink.com\/wp-content\/uploads\/2025\/12\/High-Density-Photosensitive-Emulsion-2.jpg 1500w\" sizes=\"(max-width: 300px) 100vw, 300px\" \/><\/div>\n<div><\/div>\n<div class=\"auto-hide-last-sibling-br paragraph-pP9ZLC paragraph-element br-paragraph-space\">Ol\u00e1, amigo!\u00a0<strong>tinta de serigrafia<\/strong> Amantes de projetos &quot;fa\u00e7a voc\u00ea mesmo&quot; \u2014 artes\u00e3os, vendedores do Etsy, workshops estudantis e marcas de roupas independentes! Sabemos que voc\u00eas frequentemente lidam com coisas irritantes como revestimentos complicados, secagem lenta e manchas na pintura, certo? Felizmente para voc\u00eas, nosso\u00a0<a href=\"https:\/\/shaliteink.com\/pt\/categoria-produto\/emulsao-fotossensivel\/\"><strong>Emuls\u00e3o fotossens\u00edvel de alta densidade<\/strong><\/a>\u00a0Resolve todos esses problemas! \u00c9 feito com uma f\u00f3rmula pensada para o usu\u00e1rio, que aplica com muita facilidade, seca de maneira uniforme e proporciona uma exposi\u00e7\u00e3o perfeita tanto com l\u00e2mpadas LED quanto com as tradicionais l\u00e2mpadas UV. Melhor ainda? Combina perfeitamente com...\u00a0<strong>Tinta plastisol sem PVC<\/strong> (e todas as suas tintas favoritas) para resultados suaves e consistentes sempre! Voc\u00ea obt\u00e9m resultados previs\u00edveis, excelente reten\u00e7\u00e3o de detalhes e uma ampla latitude de exposi\u00e7\u00e3o que tolera pequenas varia\u00e7\u00f5es de processo, tornando-a perfeita para iniciantes e ambientes de produ\u00e7\u00e3o intensos.<\/div>\n<p class=\"bv-p-translate\" data-start=\"1755\" data-end=\"2100\">A f\u00f3rmula combina perfeitamente com <strong data-start=\"1793\" data-end=\"1819\">Tinta plastisol sem PVC<\/strong>, plastisol tradicional.<\/p>\n<h3 data-start=\"2102\" data-end=\"2122\"><strong data-start=\"2106\" data-end=\"2122\">Principais caracter\u00edsticas<\/strong><\/h3>\n<ul data-start=\"2123\" data-end=\"2614\">\n<li data-start=\"2123\" data-end=\"2198\">\n<p class=\"bv-p-translate\" data-start=\"2125\" data-end=\"2198\"><strong data-start=\"2125\" data-end=\"2155\">Constru\u00e7\u00e3o de moldes de alta densidade<\/strong> para obter amostras claras<\/p>\n<\/li>\n<li data-start=\"2199\" data-end=\"2268\">\n<p class=\"bv-p-translate\" data-start=\"2201\" data-end=\"2268\"><strong data-start=\"2201\" data-end=\"2216\">Secagem r\u00e1pida<\/strong> para r\u00e1pido<\/p>\n<\/li>\n<li data-start=\"2269\" data-end=\"2337\">\n<p class=\"bv-p-translate\" data-start=\"2271\" data-end=\"2337\"><strong data-start=\"2271\" data-end=\"2297\">Latitude de exposi\u00e7\u00e3o ampla<\/strong> para detalhes n\u00edtidos<\/p>\n<\/li>\n<li data-start=\"2338\" data-end=\"2412\">\n<p class=\"bv-p-translate\" data-start=\"2340\" data-end=\"2412\">Funciona com <strong data-start=\"2351\" data-end=\"2377\">Tinta plastisol sem PVC<\/strong>, tintas \u00e0 base de plastisol e \u00e1gua<\/p>\n<\/li>\n<li data-start=\"2413\" data-end=\"2481\">\n<p data-start=\"2415\" data-end=\"2481\"><strong>Est\u00eanceis resistentes<\/strong> Resistentes a longas corridas e designs com m\u00faltiplas camadas!<\/p>\n<\/li>\n<li data-start=\"2482\" data-end=\"2523\">\n<p data-start=\"2484\" data-end=\"2523\">Revestimento ideal para iniciantes e super f\u00e1cil de remover!<\/p>\n<\/li>\n<li data-start=\"2524\" data-end=\"2614\">\n<p data-start=\"2526\" data-end=\"2614\">Ideal para camisetas, cole\u00e7\u00f5es de vestu\u00e1rio, espa\u00e7os de cria\u00e7\u00e3o, est\u00fadios de fa\u00e7a voc\u00ea mesmo e est\u00fadios comerciais.<\/p>\n<\/li>\n<\/ul>\n<p><img decoding=\"async\" class=\"alignnone size-medium wp-image-4419\" src=\"https:\/\/shaliteink.com\/wp-content\/uploads\/2025\/12\/High-Density-Photosensitive-Emulsion-4-300x300.jpg\" alt=\"Emuls\u00e3o fotossens\u00edvel de alta densidade (5)\" width=\"300\" height=\"300\" srcset=\"https:\/\/shaliteink.com\/wp-content\/uploads\/2025\/12\/High-Density-Photosensitive-Emulsion-4-300x300.jpg 300w, https:\/\/shaliteink.com\/wp-content\/uploads\/2025\/12\/High-Density-Photosensitive-Emulsion-4-1024x1024.jpg 1024w, https:\/\/shaliteink.com\/wp-content\/uploads\/2025\/12\/High-Density-Photosensitive-Emulsion-4-150x150.jpg 150w, https:\/\/shaliteink.com\/wp-content\/uploads\/2025\/12\/High-Density-Photosensitive-Emulsion-4-768x768.jpg 768w, https:\/\/shaliteink.com\/wp-content\/uploads\/2025\/12\/High-Density-Photosensitive-Emulsion-4-12x12.jpg 12w, https:\/\/shaliteink.com\/wp-content\/uploads\/2025\/12\/High-Density-Photosensitive-Emulsion-4-600x600.jpg 600w, https:\/\/shaliteink.com\/wp-content\/uploads\/2025\/12\/High-Density-Photosensitive-Emulsion-4-1200x1200.jpg 1200w, https:\/\/shaliteink.com\/wp-content\/uploads\/2025\/12\/High-Density-Photosensitive-Emulsion-4.jpg 1500w\" sizes=\"(max-width: 300px) 100vw, 300px\" \/><\/p>\n<h3 data-start=\"2616\" data-end=\"2644\"><strong data-start=\"2620\" data-end=\"2644\">Cura e desempenho<\/strong><\/h3>\n<p class=\"bv-p-translate\" data-start=\"2645\" data-end=\"3073\">Embora a emuls\u00e3o em si n\u00e3o cure como a tinta, ela \u00e9 formulada para suportar as altas temperaturas usadas na cura. <strong data-start=\"113\" data-end=\"136\">tinta de serigrafia<\/strong>, incluindo cura lenta e cura r\u00e1pida <a href=\"https:\/\/shaliteink.com\/pt\/?s=PVC+free+plastisol+ink&amp;post_type=product&amp;product_cat=0\"><strong data-start=\"177\" data-end=\"203\">Tinta plastisol sem PVC<\/strong><\/a>. Seu\u00a0<strong>Emuls\u00e3o fotossens\u00edvel de alta densidade<\/strong>\u00a0\u00c9 resistente ao calor \u2014 mant\u00e9m os est\u00eanceis est\u00e1veis durante a secagem e a cura final da pe\u00e7a!<\/p>\n<div class=\"auto-hide-last-sibling-br paragraph-pP9ZLC paragraph-element br-paragraph-space\">Projetada para projetos de alta densidade, ela resiste a repetidas passagens de rodo em alta press\u00e3o e longas tiragens de impress\u00e3o, mantendo detalhes n\u00edtidos e bordas precisas \u2014 mesmo com\u00a0<strong>Tinta plastisol sem PVC<\/strong>\u00a0ou qualquer\u00a0<strong>tinta de serigrafia<\/strong>!<\/div>\n<h3 data-start=\"3075\" data-end=\"3109\"><strong data-start=\"3079\" data-end=\"3109\">Uma Brisa para Limpar e Recuperar<\/strong><\/h3>\n<p class=\"bv-p-translate\" data-start=\"3110\" data-end=\"3394\">A limpeza \u00e9 intencionalmente simples para atender tanto criadores amadores quanto empresas de grande volume. Ap\u00f3s a impress\u00e3o, o est\u00eancil se decomp\u00f5e rapidamente com removedores de emuls\u00e3o comuns. A f\u00f3rmula \u00e9 otimizada para facilitar a recupera\u00e7\u00e3o sem deixar res\u00edduos ou imagens fantasmas, reduzindo o tempo e o uso de produtos qu\u00edmicos.<\/p>","protected":false},"excerpt":{"rendered":"<p>Emuls\u00e3o fotossens\u00edvel de alta densidade para detalhes n\u00edtidos, secagem r\u00e1pida e longa durabilidade do est\u00eancil. Perfeita para serigrafia, tinta plastisol sem PVC, projetos &quot;fa\u00e7a voc\u00ea mesmo&quot;, pequenos est\u00fadios, oficinas e marcas de vestu\u00e1rio em crescimento.<\/p>","protected":false},"featured_media":4416,"comment_status":"open","ping_status":"closed","template":"","meta":[],"product_brand":[],"product_cat":[88],"product_tag":[96],"class_list":{"0":"post-4334","1":"product","2":"type-product","3":"status-publish","4":"has-post-thumbnail","6":"product_cat-photosensitive-emulsion","7":"product_tag-high-density-photosensitive-emulsion","9":"first","10":"instock","11":"shipping-taxable","12":"purchasable","13":"product-type-simple"},"tiered_pricing_type":"fixed","tiered_pricing_fixed_rules":[],"tiered_pricing_product_settings":{"layout":"default","base_unit_name":{"singular":null,"plural":null},"default_variation":null},"tiered_pricing_minimum_quantity":null,"tiered_pricing_roles_data":[],"tiered_pricing_percentage_rules":[],"tiered_pricing_maximum_quantity":null,"tiered_pricing_quantity_step":null,"_links":{"self":[{"href":"https:\/\/shaliteink.com\/pt\/wp-json\/wp\/v2\/product\/4334","targetHints":{"allow":["GET"]}}],"collection":[{"href":"https:\/\/shaliteink.com\/pt\/wp-json\/wp\/v2\/product"}],"about":[{"href":"https:\/\/shaliteink.com\/pt\/wp-json\/wp\/v2\/types\/product"}],"replies":[{"embeddable":true,"href":"https:\/\/shaliteink.com\/pt\/wp-json\/wp\/v2\/comments?post=4334"}],"version-history":[{"count":2,"href":"https:\/\/shaliteink.com\/pt\/wp-json\/wp\/v2\/product\/4334\/revisions"}],"predecessor-version":[{"id":4621,"href":"https:\/\/shaliteink.com\/pt\/wp-json\/wp\/v2\/product\/4334\/revisions\/4621"}],"wp:featuredmedia":[{"embeddable":true,"href":"https:\/\/shaliteink.com\/pt\/wp-json\/wp\/v2\/media\/4416"}],"wp:attachment":[{"href":"https:\/\/shaliteink.com\/pt\/wp-json\/wp\/v2\/media?parent=4334"}],"wp:term":[{"taxonomy":"product_brand","embeddable":true,"href":"https:\/\/shaliteink.com\/pt\/wp-json\/wp\/v2\/product_brand?post=4334"},{"taxonomy":"product_cat","embeddable":true,"href":"https:\/\/shaliteink.com\/pt\/wp-json\/wp\/v2\/product_cat?post=4334"},{"taxonomy":"product_tag","embeddable":true,"href":"https:\/\/shaliteink.com\/pt\/wp-json\/wp\/v2\/product_tag?post=4334"}],"curies":[{"name":"wp","href":"https:\/\/api.w.org\/{rel}","templated":true}]}}