{"id":3406,"date":"2025-08-16T00:32:32","date_gmt":"2025-08-16T00:32:32","guid":{"rendered":"https:\/\/shaliteink.com\/?post_type=product&#038;p=3406"},"modified":"2025-12-10T11:29:16","modified_gmt":"2025-12-10T11:29:16","slug":"compre-tinta-cmyk-azul-pvc-sem-corante-para-serigrafia","status":"publish","type":"product","link":"https:\/\/shaliteink.com\/pt\/produto\/compre-tinta-cmyk-azul-pvc-sem-corante-para-serigrafia\/","title":{"rendered":"Compre tinta azul CMYK sem PVC para serigrafia"},"content":{"rendered":"<p>Nosso <strong><a href=\"https:\/\/shaliteink.com\/pt\/categoria-produto\/tinta-plastisol-cmyk\/\">Tinta plastisol sem PVC<\/a><\/strong> Oferece uma solu\u00e7\u00e3o vibrante e ecol\u00f3gica para serigrafia em diversos tipos de tecido. Desenvolvida para impressores preocupados com a qualidade, esta tinta de alto desempenho \u00e9 ideal para artes\u00e3os, pequenas empresas e grandes opera\u00e7\u00f5es que buscam impress\u00f5es confi\u00e1veis e dur\u00e1veis. Esta tinta para serigrafia \u00e9 formulada sem PVC, reduzindo emiss\u00f5es nocivas e tornando-a mais segura para os usu\u00e1rios e para o meio ambiente. Seja para estampar camisetas, bolsas ou itens de decora\u00e7\u00e3o, nossa tinta azul CMYK sem PVC oferece resultados consistentes em todas as aplica\u00e7\u00f5es.<\/p>\n<p><img decoding=\"async\" class=\"alignnone size-medium wp-image-3538\" src=\"https:\/\/shaliteink.com\/wp-content\/uploads\/2025\/08\/CMYK-Blue-PVC-Free-Ink-for-Screen-Print-3-293x300.jpeg\" alt=\"\" width=\"293\" height=\"300\" srcset=\"https:\/\/shaliteink.com\/wp-content\/uploads\/2025\/08\/CMYK-Blue-PVC-Free-Ink-for-Screen-Print-3-293x300.jpeg 293w, https:\/\/shaliteink.com\/wp-content\/uploads\/2025\/08\/CMYK-Blue-PVC-Free-Ink-for-Screen-Print-3-999x1024.jpeg 999w, https:\/\/shaliteink.com\/wp-content\/uploads\/2025\/08\/CMYK-Blue-PVC-Free-Ink-for-Screen-Print-3-768x787.jpeg 768w, https:\/\/shaliteink.com\/wp-content\/uploads\/2025\/08\/CMYK-Blue-PVC-Free-Ink-for-Screen-Print-3-1499x1536.jpeg 1499w, https:\/\/shaliteink.com\/wp-content\/uploads\/2025\/08\/CMYK-Blue-PVC-Free-Ink-for-Screen-Print-3-1999x2048.jpeg 1999w, https:\/\/shaliteink.com\/wp-content\/uploads\/2025\/08\/CMYK-Blue-PVC-Free-Ink-for-Screen-Print-3-12x12.jpeg 12w, https:\/\/shaliteink.com\/wp-content\/uploads\/2025\/08\/CMYK-Blue-PVC-Free-Ink-for-Screen-Print-3-1200x1230.jpeg 1200w, https:\/\/shaliteink.com\/wp-content\/uploads\/2025\/08\/CMYK-Blue-PVC-Free-Ink-for-Screen-Print-3-150x154.jpeg 150w\" sizes=\"(max-width: 293px) 100vw, 293px\" \/><\/p>\n<p>&nbsp;<\/p>\n<h1>Principais caracter\u00edsticas:<\/h1>\n<ul>\n<li>Ecol\u00f3gica: Livre de PVC, esta tinta \u00e9 uma op\u00e7\u00e3o ecologicamente correta para seus projetos de impress\u00e3o.<\/li>\n<li>Azul CMYK vibrante: Obtenha cores ricas e duradouras que se destacam em tecidos e outras superf\u00edcies.<\/li>\n<li>Facilidade de uso: Perfeito tanto para impressoras profissionais quanto para entusiastas do &quot;fa\u00e7a voc\u00ea mesmo&quot;, com comandos f\u00e1ceis de seguir e tutoriais dispon\u00edveis.<\/li>\n<li>Impress\u00f5es dur\u00e1veis: A tinta proporciona opacidade e reten\u00e7\u00e3o de cor not\u00e1veis, garantindo que seus designs resistam a lavagens repetidas sem desbotar.<\/li>\n<li data-start=\"1421\" data-end=\"1589\"><strong data-start=\"1421\" data-end=\"1445\">Baixo odor e n\u00e3o t\u00f3xico<\/strong>Segura para voc\u00ea e para o meio ambiente, esta tinta tem baixo odor e n\u00e3o \u00e9 t\u00f3xica, sendo uma \u00f3tima op\u00e7\u00e3o para artes\u00e3os dom\u00e9sticos e pequenos est\u00fadios.<\/li>\n<li data-start=\"1592\" data-end=\"1712\"><strong data-start=\"1592\" data-end=\"1609\">Compatibilidade<\/strong>Compat\u00edvel com pistolas de ar quente ou secadoras de uso dom\u00e9stico, sendo perfeita para pequenos lotes e designs personalizados.<\/li>\n<\/ul>\n<p><img decoding=\"async\" class=\"alignnone size-medium wp-image-3412\" src=\"https:\/\/shaliteink.com\/wp-content\/uploads\/2025\/08\/CMYK-Blue-PVC-Free-Ink-for-Screen-Print-295x300.jpeg\" alt=\"Tinta azul CMYK sem PVC para serigrafia.\" width=\"295\" height=\"300\" srcset=\"https:\/\/shaliteink.com\/wp-content\/uploads\/2025\/08\/CMYK-Blue-PVC-Free-Ink-for-Screen-Print-295x300.jpeg 295w, https:\/\/shaliteink.com\/wp-content\/uploads\/2025\/08\/CMYK-Blue-PVC-Free-Ink-for-Screen-Print-1007x1024.jpeg 1007w, https:\/\/shaliteink.com\/wp-content\/uploads\/2025\/08\/CMYK-Blue-PVC-Free-Ink-for-Screen-Print-768x781.jpeg 768w, https:\/\/shaliteink.com\/wp-content\/uploads\/2025\/08\/CMYK-Blue-PVC-Free-Ink-for-Screen-Print-1510x1536.jpeg 1510w, https:\/\/shaliteink.com\/wp-content\/uploads\/2025\/08\/CMYK-Blue-PVC-Free-Ink-for-Screen-Print-2014x2048.jpeg 2014w, https:\/\/shaliteink.com\/wp-content\/uploads\/2025\/08\/CMYK-Blue-PVC-Free-Ink-for-Screen-Print-12x12.jpeg 12w, https:\/\/shaliteink.com\/wp-content\/uploads\/2025\/08\/CMYK-Blue-PVC-Free-Ink-for-Screen-Print-1200x1220.jpeg 1200w, https:\/\/shaliteink.com\/wp-content\/uploads\/2025\/08\/CMYK-Blue-PVC-Free-Ink-for-Screen-Print-150x153.jpeg 150w\" sizes=\"(max-width: 295px) 100vw, 295px\" \/><\/p>\n<h1>Cura:<\/h1>\n<p>Para garantir resultados \u00f3timos, nosso <a href=\"https:\/\/shaliteink.com\/pt\/categoria-produto\/tinta-plastisol-cmyk\/\"><strong><span class=\"___SBox_epc1q-ko_ ___SText_zko9t-ko_\" data-ui-name=\"Link.Text\">tinta plastisol CMYK<\/span><\/strong><\/a> Requer cura a temperaturas de 160\u00b0C (320\u00b0F) por cerca de 2 minutos, garantindo impress\u00f5es vibrantes e dur\u00e1veis que resistem ao teste do tempo.<\/p>","protected":false},"excerpt":{"rendered":"<p>Loja vibrante <strong data-start=\"2878\" data-end=\"2904\">Tinta azul CMYK sem PVC<\/strong> Para serigrafia. At\u00f3xico, ecol\u00f3gico e dur\u00e1vel. Perfeito para quem faz &quot;fa\u00e7a voc\u00ea mesmo&quot;, vendedores de e-commerce e muito mais. Compre agora!<\/p>","protected":false},"featured_media":3414,"comment_status":"open","ping_status":"closed","template":"","meta":[],"product_brand":[],"product_cat":[63,45],"product_tag":[],"class_list":{"0":"post-3406","1":"product","2":"type-product","3":"status-publish","4":"has-post-thumbnail","6":"product_cat-plastisol-cmyk-ink","7":"product_cat-pvc-free-plastisol-ink","9":"first","10":"instock","11":"shipping-taxable","12":"purchasable","13":"product-type-variable"},"tiered_pricing_type":"fixed","tiered_pricing_fixed_rules":[],"tiered_pricing_product_settings":{"layout":"default","base_unit_name":{"singular":null,"plural":null},"default_variation":null},"tiered_pricing_minimum_quantity":null,"tiered_pricing_roles_data":[],"tiered_pricing_percentage_rules":[],"tiered_pricing_maximum_quantity":null,"tiered_pricing_quantity_step":null,"_links":{"self":[{"href":"https:\/\/shaliteink.com\/pt\/wp-json\/wp\/v2\/product\/3406","targetHints":{"allow":["GET"]}}],"collection":[{"href":"https:\/\/shaliteink.com\/pt\/wp-json\/wp\/v2\/product"}],"about":[{"href":"https:\/\/shaliteink.com\/pt\/wp-json\/wp\/v2\/types\/product"}],"replies":[{"embeddable":true,"href":"https:\/\/shaliteink.com\/pt\/wp-json\/wp\/v2\/comments?post=3406"}],"version-history":[{"count":0,"href":"https:\/\/shaliteink.com\/pt\/wp-json\/wp\/v2\/product\/3406\/revisions"}],"wp:featuredmedia":[{"embeddable":true,"href":"https:\/\/shaliteink.com\/pt\/wp-json\/wp\/v2\/media\/3414"}],"wp:attachment":[{"href":"https:\/\/shaliteink.com\/pt\/wp-json\/wp\/v2\/media?parent=3406"}],"wp:term":[{"taxonomy":"product_brand","embeddable":true,"href":"https:\/\/shaliteink.com\/pt\/wp-json\/wp\/v2\/product_brand?post=3406"},{"taxonomy":"product_cat","embeddable":true,"href":"https:\/\/shaliteink.com\/pt\/wp-json\/wp\/v2\/product_cat?post=3406"},{"taxonomy":"product_tag","embeddable":true,"href":"https:\/\/shaliteink.com\/pt\/wp-json\/wp\/v2\/product_tag?post=3406"}],"curies":[{"name":"wp","href":"https:\/\/api.w.org\/{rel}","templated":true}]}}