{"id":3394,"date":"2025-10-13T09:14:54","date_gmt":"2025-10-13T09:14:54","guid":{"rendered":"https:\/\/shaliteink.com\/?post_type=product&#038;p=3394"},"modified":"2025-12-10T11:29:31","modified_gmt":"2025-12-10T11:29:31","slug":"tinta-vermelha-cmyk-tinta-plastisol-sem-pvc-compre-agora","status":"publish","type":"product","link":"https:\/\/shaliteink.com\/pt\/produto\/tinta-vermelha-cmyk-tinta-plastisol-sem-pvc-compre-agora\/","title":{"rendered":"Tinta vermelha CMYK sem PVC | Tinta plastisol \u2013 Compre agora"},"content":{"rendered":"<p>D\u00ea vida aos seus designs vibrantes com nossos <strong>Tinta plastisol sem PVC CMYK <\/strong>Vermelho \u2013 uma escolha premium para criadores com consci\u00eancia ambiental. Seja para imprimir camisetas de edi\u00e7\u00e3o limitada em casa ou para administrar uma marca de roupas de pequena escala, este \u00e9 o tom ideal. <a href=\"https:\/\/shaliteink.com\/pt\/screen-printing-ink\/\"><strong>tinta de serigrafia<\/strong><\/a> Oferece tons vermelhos ricos e consistentes com a imprimibilidade suave que voc\u00ea precisa.<\/p>\n<p><img decoding=\"async\" class=\"alignnone wp-image-3401\" src=\"https:\/\/shaliteink.com\/wp-content\/uploads\/2025\/08\/PVC-Free-CMYK-plastisol-Ink-Red-227x300.jpeg\" alt=\"Tinta plastisol CMYK vermelha sem PVC\" width=\"205\" height=\"271\" srcset=\"https:\/\/shaliteink.com\/wp-content\/uploads\/2025\/08\/PVC-Free-CMYK-plastisol-Ink-Red-227x300.jpeg 227w, https:\/\/shaliteink.com\/wp-content\/uploads\/2025\/08\/PVC-Free-CMYK-plastisol-Ink-Red-774x1024.jpeg 774w, https:\/\/shaliteink.com\/wp-content\/uploads\/2025\/08\/PVC-Free-CMYK-plastisol-Ink-Red-768x1016.jpeg 768w, https:\/\/shaliteink.com\/wp-content\/uploads\/2025\/08\/PVC-Free-CMYK-plastisol-Ink-Red-1161x1536.jpeg 1161w, https:\/\/shaliteink.com\/wp-content\/uploads\/2025\/08\/PVC-Free-CMYK-plastisol-Ink-Red-1548x2048.jpeg 1548w, https:\/\/shaliteink.com\/wp-content\/uploads\/2025\/08\/PVC-Free-CMYK-plastisol-Ink-Red-9x12.jpeg 9w, https:\/\/shaliteink.com\/wp-content\/uploads\/2025\/08\/PVC-Free-CMYK-plastisol-Ink-Red-1200x1587.jpeg 1200w, https:\/\/shaliteink.com\/wp-content\/uploads\/2025\/08\/PVC-Free-CMYK-plastisol-Ink-Red-150x198.jpeg 150w, https:\/\/shaliteink.com\/wp-content\/uploads\/2025\/08\/PVC-Free-CMYK-plastisol-Ink-Red-scaled.jpeg 1936w\" sizes=\"(max-width: 205px) 100vw, 205px\" \/><\/p>\n<h1>\u00a0Ecol\u00f3gico e seguro para qualquer espa\u00e7o de trabalho.<\/h1>\n<p>Produzida sem PVC ou ftalatos nocivos, esta tinta \u00e9 perfeita para escolas, est\u00fadios dom\u00e9sticos ou espa\u00e7os de cria\u00e7\u00e3o onde a seguran\u00e7a e o baixo odor s\u00e3o importantes. Ela est\u00e1 em conformidade com os padr\u00f5es OEKO-TEX\u00ae e \u00e9 ideal para projetos em que a responsabilidade ambiental \u00e9 fundamental.<\/p>\n<h1>Principais caracter\u00edsticas:<\/h1>\n<ul>\n<li>Pigmento vermelho CMYK vibrante com alta opacidade e cobertura uniforme.<\/li>\n<li><strong>Tinta plastisol sem PVC<\/strong> para impress\u00e3o segura e n\u00e3o t\u00f3xica<\/li>\n<li>Cura em baixa temperatura: solidifica a apenas 132\u00b0C\u2013149\u00b0C (270\u00b0F\u2013300\u00b0F), ideal para uso com sopradores t\u00e9rmicos dom\u00e9sticos ou pequenos secadores de esteira.<\/li>\n<li>Consist\u00eancia cremosa que se espalha facilmente na tela.<\/li>\n<li>N\u00e3o precisa misturar previamente \u2013 pronto para usar direto do frasco.<\/li>\n<li>Longa vida \u00fatil com armazenamento adequado.<\/li>\n<\/ul>\n<p><img decoding=\"async\" class=\"alignnone size-medium wp-image-3402\" src=\"https:\/\/shaliteink.com\/wp-content\/uploads\/2025\/08\/PVC-Free-CMYK-plastisol-Ink-Red-300x259.jpg\" alt=\"Tinta plastisol CMYK vermelha sem PVC\" width=\"300\" height=\"259\" srcset=\"https:\/\/shaliteink.com\/wp-content\/uploads\/2025\/08\/PVC-Free-CMYK-plastisol-Ink-Red-300x259.jpg 300w, https:\/\/shaliteink.com\/wp-content\/uploads\/2025\/08\/PVC-Free-CMYK-plastisol-Ink-Red-1024x883.jpg 1024w, https:\/\/shaliteink.com\/wp-content\/uploads\/2025\/08\/PVC-Free-CMYK-plastisol-Ink-Red-768x662.jpg 768w, https:\/\/shaliteink.com\/wp-content\/uploads\/2025\/08\/PVC-Free-CMYK-plastisol-Ink-Red-1536x1324.jpg 1536w, https:\/\/shaliteink.com\/wp-content\/uploads\/2025\/08\/PVC-Free-CMYK-plastisol-Ink-Red-2048x1765.jpg 2048w, https:\/\/shaliteink.com\/wp-content\/uploads\/2025\/08\/PVC-Free-CMYK-plastisol-Ink-Red-14x12.jpg 14w, https:\/\/shaliteink.com\/wp-content\/uploads\/2025\/08\/PVC-Free-CMYK-plastisol-Ink-Red-1200x1034.jpg 1200w, https:\/\/shaliteink.com\/wp-content\/uploads\/2025\/08\/PVC-Free-CMYK-plastisol-Ink-Red-150x129.jpg 150w\" sizes=\"(max-width: 300px) 100vw, 300px\" \/><\/p>\n<h1>Ideal para:<\/h1>\n<ul>\n<li>Artes\u00e3os do tipo &quot;fa\u00e7a voc\u00ea mesmo&quot; criam camisetas, bolsas e decora\u00e7\u00e3o personalizadas.<\/li>\n<li>Vendedores do Etsy e Shopify que precisam de consist\u00eancia em pequenos lotes.<\/li>\n<li>Educadores de arte e laborat\u00f3rios de cria\u00e7\u00e3o que utilizam serigrafia para projetos em grupo.<\/li>\n<li>Marcas de vestu\u00e1rio independentes que precisam de impress\u00e3o confi\u00e1vel com separa\u00e7\u00e3o CMYK.<\/li>\n<\/ul>\n<h1>Instru\u00e7\u00f5es de cura<\/h1>\n<p>Para obter melhor durabilidade e resist\u00eancia \u00e0 lavagem, cure esta tinta entre 132 \u00b0C e 149 \u00b0C (270 \u00b0F a 300 \u00b0F). Compat\u00edvel com secadores de flash, pistolas de ar quente dom\u00e9sticas ou fornos pequenos. Temperaturas de cura mais baixas reduzem o risco de queimar o tecido e o consumo de energia \u2013 ideal para projetos de hobby.<\/p>","protected":false},"excerpt":{"rendered":"<p>Tinta plastisol vermelha CMYK brilhante, livre de PVC, para serigrafia. Cura em baixa temperatura, at\u00f3xica, ideal para projetos DIY, lojas do Etsy e escolas. Compre tinta serigr\u00e1fica premium agora mesmo.<\/p>","protected":false},"featured_media":3403,"comment_status":"open","ping_status":"closed","template":"","meta":[],"product_brand":[],"product_cat":[63,45],"product_tag":[],"class_list":{"0":"post-3394","1":"product","2":"type-product","3":"status-publish","4":"has-post-thumbnail","6":"product_cat-plastisol-cmyk-ink","7":"product_cat-pvc-free-plastisol-ink","9":"first","10":"instock","11":"shipping-taxable","12":"purchasable","13":"product-type-variable"},"tiered_pricing_type":"fixed","tiered_pricing_fixed_rules":[],"tiered_pricing_product_settings":{"layout":"default","base_unit_name":{"singular":null,"plural":null},"default_variation":null},"tiered_pricing_minimum_quantity":null,"tiered_pricing_roles_data":[],"tiered_pricing_percentage_rules":[],"tiered_pricing_maximum_quantity":null,"tiered_pricing_quantity_step":null,"_links":{"self":[{"href":"https:\/\/shaliteink.com\/pt\/wp-json\/wp\/v2\/product\/3394","targetHints":{"allow":["GET"]}}],"collection":[{"href":"https:\/\/shaliteink.com\/pt\/wp-json\/wp\/v2\/product"}],"about":[{"href":"https:\/\/shaliteink.com\/pt\/wp-json\/wp\/v2\/types\/product"}],"replies":[{"embeddable":true,"href":"https:\/\/shaliteink.com\/pt\/wp-json\/wp\/v2\/comments?post=3394"}],"version-history":[{"count":0,"href":"https:\/\/shaliteink.com\/pt\/wp-json\/wp\/v2\/product\/3394\/revisions"}],"wp:featuredmedia":[{"embeddable":true,"href":"https:\/\/shaliteink.com\/pt\/wp-json\/wp\/v2\/media\/3403"}],"wp:attachment":[{"href":"https:\/\/shaliteink.com\/pt\/wp-json\/wp\/v2\/media?parent=3394"}],"wp:term":[{"taxonomy":"product_brand","embeddable":true,"href":"https:\/\/shaliteink.com\/pt\/wp-json\/wp\/v2\/product_brand?post=3394"},{"taxonomy":"product_cat","embeddable":true,"href":"https:\/\/shaliteink.com\/pt\/wp-json\/wp\/v2\/product_cat?post=3394"},{"taxonomy":"product_tag","embeddable":true,"href":"https:\/\/shaliteink.com\/pt\/wp-json\/wp\/v2\/product_tag?post=3394"}],"curies":[{"name":"wp","href":"https:\/\/api.w.org\/{rel}","templated":true}]}}