{"id":3373,"date":"2025-08-07T08:43:36","date_gmt":"2025-08-07T08:43:36","guid":{"rendered":"https:\/\/shaliteink.com\/?post_type=product&#038;p=3373"},"modified":"2025-12-10T11:32:07","modified_gmt":"2025-12-10T11:32:07","slug":"comprar-tinta-plastisol-cmyk-sem-pvc-preta-adicionar-ao-carrinho","status":"publish","type":"product","link":"https:\/\/shaliteink.com\/pt\/produto\/comprar-tinta-plastisol-cmyk-sem-pvc-preta-adicionar-ao-carrinho\/","title":{"rendered":"Comprar tinta plastisol CMYK sem PVC preta \u2013 Adicionar ao carrinho"},"content":{"rendered":"<p>Consiga estampas n\u00edtidas e vibrantes com nossos produtos. <strong>Tinta plastisol preta sem PVC<\/strong>, Desenvolvida especialmente para criadores que precisam de uma alternativa n\u00e3o t\u00f3xica e ecologicamente correta, sem comprometer a qualidade de impress\u00e3o. Seja voc\u00ea um artes\u00e3o que personaliza camisetas em casa ou uma marca de vestu\u00e1rio da Shopify que est\u00e1 expandindo sua produ\u00e7\u00e3o, esta tinta oferece resultados em preto intenso, com opacidade consistente e acabamento suave.<\/p>\n<p>Feito para serigrafia manual e autom\u00e1tica, este produto \u00e9 ideal tanto para impress\u00e3o manual quanto autom\u00e1tica. <strong>Tinta plastisol sem PVC<\/strong> \u00c9 uma escolha confi\u00e1vel para gr\u00e1ficos de alta defini\u00e7\u00e3o, em aplica\u00e7\u00f5es b\u00e1sicas e como parte de um <a href=\"https:\/\/shaliteink.com\/pt\/categoria-produto\/tinta-plastisol-cmyk\/\"><strong>cor de processo CMYK<\/strong><\/a> Sistema. Oferece forte ades\u00e3o em algod\u00e3o, misturas de algod\u00e3o e outros tecidos padr\u00e3o prontos para impress\u00e3o.<\/p>\n<p>No <a href=\"https:\/\/shaliteink.com\/pt\/\">Shaliteink<\/a>, Otimizamos esta tinta para produ\u00e7\u00e3o r\u00e1pida, limpeza f\u00e1cil e excelente durabilidade \u00e0 lavagem \u2014 tudo isso com o respaldo de duas d\u00e9cadas de inova\u00e7\u00e3o interna em tintas. \u00c9 o complemento perfeito para o kit de ferramentas de qualquer serigrafista.<\/p>\n<p><img decoding=\"async\" class=\"alignnone size-medium wp-image-3385\" src=\"https:\/\/shaliteink.com\/wp-content\/uploads\/2025\/08\/PVC-Free-CMYK-plastisol-Ink-Black-278x300.jpg\" alt=\"Tinta plastisol CMYK sem PVC, preta.\" width=\"278\" height=\"300\" srcset=\"https:\/\/shaliteink.com\/wp-content\/uploads\/2025\/08\/PVC-Free-CMYK-plastisol-Ink-Black-278x300.jpg 278w, https:\/\/shaliteink.com\/wp-content\/uploads\/2025\/08\/PVC-Free-CMYK-plastisol-Ink-Black-949x1024.jpg 949w, https:\/\/shaliteink.com\/wp-content\/uploads\/2025\/08\/PVC-Free-CMYK-plastisol-Ink-Black-768x828.jpg 768w, https:\/\/shaliteink.com\/wp-content\/uploads\/2025\/08\/PVC-Free-CMYK-plastisol-Ink-Black-1424x1536.jpg 1424w, https:\/\/shaliteink.com\/wp-content\/uploads\/2025\/08\/PVC-Free-CMYK-plastisol-Ink-Black-1899x2048.jpg 1899w, https:\/\/shaliteink.com\/wp-content\/uploads\/2025\/08\/PVC-Free-CMYK-plastisol-Ink-Black-11x12.jpg 11w, https:\/\/shaliteink.com\/wp-content\/uploads\/2025\/08\/PVC-Free-CMYK-plastisol-Ink-Black-1200x1294.jpg 1200w, https:\/\/shaliteink.com\/wp-content\/uploads\/2025\/08\/PVC-Free-CMYK-plastisol-Ink-Black-150x162.jpg 150w\" sizes=\"(max-width: 278px) 100vw, 278px\" \/><\/p>\n<h1>Principais caracter\u00edsticas<\/h1>\n<ul>\n<li>F\u00f3rmula sem PVC: Fabricada sem cloreto de polivinila prejudicial, nossa tinta contribui para ambientes de trabalho mais seguros e impress\u00f5es mais sustent\u00e1veis. Ideal para est\u00fadios dom\u00e9sticos, salas de aula e marcas ecologicamente conscientes.<\/li>\n<li>Preto CMYK Intenso: Preto profundo e rico para contornos n\u00edtidos e contrastes fortes. Ideal para impress\u00f5es CMYK detalhadas, bases ou designs totalmente em preto.<\/li>\n<li>Baixo odor e n\u00e3o t\u00f3xico: perfeito para uso interno \u2014 seguro para casas com crian\u00e7as e animais de estima\u00e7\u00e3o ou departamentos de arte em escolas.<\/li>\n<li>Impress\u00e3o suave: Viscosidade m\u00e9dia para excelente fluidez na tela e secagem m\u00ednima. Adequado para telas de 110 a 160 mesh.<\/li>\n<li>Cura ao ar ou em baixa temperatura: Cura entre 132 e 160 \u00b0C (270\u2013320 \u00b0F). Compat\u00edvel com sopradores t\u00e9rmicos dom\u00e9sticos, secadores instant\u00e2neos ou secadores de roupa dom\u00e9sticos \u2014 n\u00e3o \u00e9 necess\u00e1rio secador de esteira.<\/li>\n<li>Toque macio: Depois de curada, a tinta proporciona um acabamento macio e flex\u00edvel que n\u00e3o racha nem descasca, mesmo ap\u00f3s v\u00e1rias lavagens.<\/li>\n<\/ul>\n<p><img decoding=\"async\" class=\"alignnone size-medium wp-image-3387\" src=\"https:\/\/shaliteink.com\/wp-content\/uploads\/2025\/08\/PVC-Free-CMYK-plastisol-Ink-Black-267x300.jpeg\" alt=\"Tinta plastisol CMYK sem PVC, preta.\" width=\"267\" height=\"300\" srcset=\"https:\/\/shaliteink.com\/wp-content\/uploads\/2025\/08\/PVC-Free-CMYK-plastisol-Ink-Black-267x300.jpeg 267w, https:\/\/shaliteink.com\/wp-content\/uploads\/2025\/08\/PVC-Free-CMYK-plastisol-Ink-Black-912x1024.jpeg 912w, https:\/\/shaliteink.com\/wp-content\/uploads\/2025\/08\/PVC-Free-CMYK-plastisol-Ink-Black-768x863.jpeg 768w, https:\/\/shaliteink.com\/wp-content\/uploads\/2025\/08\/PVC-Free-CMYK-plastisol-Ink-Black-1368x1536.jpeg 1368w, https:\/\/shaliteink.com\/wp-content\/uploads\/2025\/08\/PVC-Free-CMYK-plastisol-Ink-Black-1823x2048.jpeg 1823w, https:\/\/shaliteink.com\/wp-content\/uploads\/2025\/08\/PVC-Free-CMYK-plastisol-Ink-Black-11x12.jpeg 11w, https:\/\/shaliteink.com\/wp-content\/uploads\/2025\/08\/PVC-Free-CMYK-plastisol-Ink-Black-1200x1348.jpeg 1200w, https:\/\/shaliteink.com\/wp-content\/uploads\/2025\/08\/PVC-Free-CMYK-plastisol-Ink-Black-150x168.jpeg 150w\" sizes=\"(max-width: 267px) 100vw, 267px\" \/><\/p>\n<h1>Limpeza e compatibilidade<\/h1>\n<p>Esse <a href=\"https:\/\/shaliteink.com\/pt\/screen-printing-ink\/\"><strong>tinta de serigrafia<\/strong><\/a> \u00c9 f\u00e1cil de limpar com removedores de tinta plastisol comuns. Para um fluxo de trabalho totalmente ecol\u00f3gico, utilize-o em conjunto com nosso limpador de tinta biodegrad\u00e1vel. Compat\u00edvel com algod\u00e3o, misturas de algod\u00e3o e alguns sint\u00e9ticos (recomenda-se realizar um teste pr\u00e9vio).<\/p>","protected":false},"excerpt":{"rendered":"<p>Tinta plastisol preta sem PVC para serigrafia. F\u00f3rmula de baixo odor, toque macio e cura ao ar, perfeita para artes\u00e3os e marcas de vestu\u00e1rio. Compre agora na Shaliteink.<\/p>","protected":false},"featured_media":3386,"comment_status":"open","ping_status":"closed","template":"","meta":[],"product_brand":[],"product_cat":[63,45],"product_tag":[],"class_list":{"0":"post-3373","1":"product","2":"type-product","3":"status-publish","4":"has-post-thumbnail","6":"product_cat-plastisol-cmyk-ink","7":"product_cat-pvc-free-plastisol-ink","9":"first","10":"instock","11":"shipping-taxable","12":"purchasable","13":"product-type-variable"},"tiered_pricing_type":"fixed","tiered_pricing_fixed_rules":[],"tiered_pricing_product_settings":{"layout":"default","base_unit_name":{"singular":null,"plural":null},"default_variation":null},"tiered_pricing_minimum_quantity":null,"tiered_pricing_roles_data":[],"tiered_pricing_percentage_rules":[],"tiered_pricing_maximum_quantity":null,"tiered_pricing_quantity_step":null,"_links":{"self":[{"href":"https:\/\/shaliteink.com\/pt\/wp-json\/wp\/v2\/product\/3373","targetHints":{"allow":["GET"]}}],"collection":[{"href":"https:\/\/shaliteink.com\/pt\/wp-json\/wp\/v2\/product"}],"about":[{"href":"https:\/\/shaliteink.com\/pt\/wp-json\/wp\/v2\/types\/product"}],"replies":[{"embeddable":true,"href":"https:\/\/shaliteink.com\/pt\/wp-json\/wp\/v2\/comments?post=3373"}],"version-history":[{"count":0,"href":"https:\/\/shaliteink.com\/pt\/wp-json\/wp\/v2\/product\/3373\/revisions"}],"wp:featuredmedia":[{"embeddable":true,"href":"https:\/\/shaliteink.com\/pt\/wp-json\/wp\/v2\/media\/3386"}],"wp:attachment":[{"href":"https:\/\/shaliteink.com\/pt\/wp-json\/wp\/v2\/media?parent=3373"}],"wp:term":[{"taxonomy":"product_brand","embeddable":true,"href":"https:\/\/shaliteink.com\/pt\/wp-json\/wp\/v2\/product_brand?post=3373"},{"taxonomy":"product_cat","embeddable":true,"href":"https:\/\/shaliteink.com\/pt\/wp-json\/wp\/v2\/product_cat?post=3373"},{"taxonomy":"product_tag","embeddable":true,"href":"https:\/\/shaliteink.com\/pt\/wp-json\/wp\/v2\/product_tag?post=3373"}],"curies":[{"name":"wp","href":"https:\/\/api.w.org\/{rel}","templated":true}]}}