{"id":3364,"date":"2025-10-13T08:59:00","date_gmt":"2025-10-13T08:59:00","guid":{"rendered":"https:\/\/shaliteink.com\/?post_type=product&#038;p=3364"},"modified":"2025-12-10T11:30:31","modified_gmt":"2025-12-10T11:30:31","slug":"compre-online-tinta-plastisol-cmyk-amarela-sem-pvc","status":"publish","type":"product","link":"https:\/\/shaliteink.com\/pt\/produto\/compre-online-tinta-plastisol-cmyk-amarela-sem-pvc\/","title":{"rendered":"Tinta plastisol CMYK amarela sem PVC \u2013 Compre online"},"content":{"rendered":"<p>D\u00ea mais brilho \u00e0s suas impress\u00f5es com nossos produtos de primeira linha., <a href=\"https:\/\/shaliteink.com\/pt\/categoria-produto\/tinta-plastisol-sem-pvc\/\"><strong>Tinta plastisol sem PVC, CMYK amarelo<\/strong><\/a> \u2013 Ideal para criadores com consci\u00eancia ecol\u00f3gica. Seja voc\u00ea um artes\u00e3o que trabalha em casa ou uma pequena empresa que imprime roupas personalizadas para venda online, esta tinta plastisol sem PVC oferece cores vibrantes, consist\u00eancia uniforme e f\u00e1cil aplica\u00e7\u00e3o \u2014 tudo isso sem comprometer a prote\u00e7\u00e3o ou a qualidade de impress\u00e3o.<\/p>\n<p>Ao contr\u00e1rio das f\u00f3rmulas convencionais de plastisol, este amarelo CMYK \u00e9 completamente livre de PVC e ftalatos, tornando-se uma op\u00e7\u00e3o ideal para usu\u00e1rios que priorizam tintas ecol\u00f3gicas para impress\u00e3o. Com certifica\u00e7\u00e3o OEKO-TEX, \u00e9 seguro para uso em salas de aula, projetos dom\u00e9sticos e produ\u00e7\u00e3o profissional.<\/p>\n<p><img decoding=\"async\" class=\"alignnone wp-image-3368\" src=\"https:\/\/shaliteink.com\/wp-content\/uploads\/2025\/08\/PVC-Free-CMYK-plastisol-Ink-Yellow-300x280.jpeg\" alt=\"Tinta plastisol CMYK sem PVC, cor amarela.\" width=\"269\" height=\"251\" srcset=\"https:\/\/shaliteink.com\/wp-content\/uploads\/2025\/08\/PVC-Free-CMYK-plastisol-Ink-Yellow-300x280.jpeg 300w, https:\/\/shaliteink.com\/wp-content\/uploads\/2025\/08\/PVC-Free-CMYK-plastisol-Ink-Yellow-1024x955.jpeg 1024w, https:\/\/shaliteink.com\/wp-content\/uploads\/2025\/08\/PVC-Free-CMYK-plastisol-Ink-Yellow-768x716.jpeg 768w, https:\/\/shaliteink.com\/wp-content\/uploads\/2025\/08\/PVC-Free-CMYK-plastisol-Ink-Yellow-1536x1432.jpeg 1536w, https:\/\/shaliteink.com\/wp-content\/uploads\/2025\/08\/PVC-Free-CMYK-plastisol-Ink-Yellow-2048x1910.jpeg 2048w, https:\/\/shaliteink.com\/wp-content\/uploads\/2025\/08\/PVC-Free-CMYK-plastisol-Ink-Yellow-13x12.jpeg 13w, https:\/\/shaliteink.com\/wp-content\/uploads\/2025\/08\/PVC-Free-CMYK-plastisol-Ink-Yellow-1200x1119.jpeg 1200w, https:\/\/shaliteink.com\/wp-content\/uploads\/2025\/08\/PVC-Free-CMYK-plastisol-Ink-Yellow-150x140.jpeg 150w\" sizes=\"(max-width: 269px) 100vw, 269px\" \/><\/p>\n<h1>Principais caracter\u00edsticas:<\/h1>\n<ul>\n<li>Livre de PVC e ecologicamente seguro: Perfeito para usu\u00e1rios, escolas e entusiastas preocupados com o meio ambiente.<\/li>\n<li>Cor base CMYK amarelo vibrante: otimizada para impress\u00f5es de alta opacidade, mesmo em pe\u00e7as de roupa escuras.<\/li>\n<li>F\u00f3rmula com baixo odor e n\u00e3o t\u00f3xica: Ideal para uso dom\u00e9stico, salas de aula ou pequenos est\u00fadios.<\/li>\n<li>Consist\u00eancia suave e cremosa: f\u00e1cil de trabalhar, seja voc\u00ea iniciante ou profissional.<\/li>\n<li>Cura em baixa temperatura: Cura a 132\u00b0C \u2013 160\u00b0C (270\u00b0F \u2013 320\u00b0F) para um processo mais r\u00e1pido e economia de energia.<\/li>\n<li>Compat\u00edvel com secagem ao ar livre para pequenos lotes: Funciona com sopradores t\u00e9rmicos ou secadores dom\u00e9sticos.<\/li>\n<\/ul>\n<p><img decoding=\"async\" class=\"alignnone size-medium wp-image-3370\" src=\"https:\/\/shaliteink.com\/wp-content\/uploads\/2025\/08\/PVC-Free-CMYK-plastisol-Ink-Yellow-2-271x300.jpeg\" alt=\"Tinta plastisol CMYK sem PVC, cor amarela.\" width=\"271\" height=\"300\" srcset=\"https:\/\/shaliteink.com\/wp-content\/uploads\/2025\/08\/PVC-Free-CMYK-plastisol-Ink-Yellow-2-271x300.jpeg 271w, https:\/\/shaliteink.com\/wp-content\/uploads\/2025\/08\/PVC-Free-CMYK-plastisol-Ink-Yellow-2-925x1024.jpeg 925w, https:\/\/shaliteink.com\/wp-content\/uploads\/2025\/08\/PVC-Free-CMYK-plastisol-Ink-Yellow-2-768x851.jpeg 768w, https:\/\/shaliteink.com\/wp-content\/uploads\/2025\/08\/PVC-Free-CMYK-plastisol-Ink-Yellow-2-1387x1536.jpeg 1387w, https:\/\/shaliteink.com\/wp-content\/uploads\/2025\/08\/PVC-Free-CMYK-plastisol-Ink-Yellow-2-1849x2048.jpeg 1849w, https:\/\/shaliteink.com\/wp-content\/uploads\/2025\/08\/PVC-Free-CMYK-plastisol-Ink-Yellow-2-11x12.jpeg 11w, https:\/\/shaliteink.com\/wp-content\/uploads\/2025\/08\/PVC-Free-CMYK-plastisol-Ink-Yellow-2-1200x1329.jpeg 1200w, https:\/\/shaliteink.com\/wp-content\/uploads\/2025\/08\/PVC-Free-CMYK-plastisol-Ink-Yellow-2-150x166.jpeg 150w\" sizes=\"(max-width: 271px) 100vw, 271px\" \/><\/p>\n<h1>Por que os usu\u00e1rios adoram:<\/h1>\n<ul>\n<li>Os artes\u00e3os que gostam de fazer seus pr\u00f3prios projetos apreciam a facilidade de limpeza com nosso limpador de tinta \u00e0 base de \u00e1gua, al\u00e9m do toque macio que esta tinta plastisol amarela deixa em camisetas e sacolas de pano.<\/li>\n<li>Os vendedores da Etsy e da Shopify se beneficiam da consist\u00eancia de cores em impress\u00f5es de pequenos lotes e adoram a capacidade dessa tinta de preservar detalhes em separa\u00e7\u00f5es CMYK.<\/li>\n<li>Escolas e espa\u00e7os de cria\u00e7\u00e3o confiam em nossa f\u00f3rmula segura e de baixa toxicidade, sabendo que seus alunos podem experimentar sem exposi\u00e7\u00e3o a produtos qu\u00edmicos agressivos.<\/li>\n<li>Organizadores de eventos e marcas de vestu\u00e1rio independentes valorizam o tempo de secagem r\u00e1pido e a estabilidade da cor, que reduzem o tempo de produ\u00e7\u00e3o e os erros de impress\u00e3o.<\/li>\n<\/ul>\n<p>Pretendo comprar <strong><a href=\"https:\/\/shaliteink.com\/pt\/\">loja online de tinta plastisol<\/a><\/strong> que atenda \u00e0s exig\u00eancias atuais de seguran\u00e7a, desempenho e sustentabilidade? Adicione o <a href=\"https:\/\/shaliteink.com\/pt\/categoria-produto\/tinta-plastisol-cmyk\/\"><strong>Tinta plastisol CMYK<\/strong><\/a> Adicione a Shaliteink ao seu carrinho hoje mesmo e veja a diferen\u00e7a que uma tinta de qualidade pode fazer nas suas impress\u00f5es. Desfrute de entrega r\u00e1pida, suporte especializado e a confiabilidade pela qual a Shaliteink \u00e9 conhecida.<\/p>","protected":false},"excerpt":{"rendered":"<p>Tinta plastisol ecol\u00f3gica, livre de PVC, em amarelo CMYK vibrante. Tinta segura e com baixo odor para serigrafia, ideal para uso dom\u00e9stico e profissional. Compre online agora mesmo e adquira tinta de secagem r\u00e1pida.<\/p>","protected":false},"featured_media":3369,"comment_status":"open","ping_status":"closed","template":"","meta":[],"product_brand":[],"product_cat":[63,45],"product_tag":[],"class_list":{"0":"post-3364","1":"product","2":"type-product","3":"status-publish","4":"has-post-thumbnail","6":"product_cat-plastisol-cmyk-ink","7":"product_cat-pvc-free-plastisol-ink","9":"first","10":"instock","11":"shipping-taxable","12":"purchasable","13":"product-type-variable"},"tiered_pricing_type":"fixed","tiered_pricing_fixed_rules":[],"tiered_pricing_product_settings":{"layout":"default","base_unit_name":{"singular":null,"plural":null},"default_variation":null},"tiered_pricing_minimum_quantity":null,"tiered_pricing_roles_data":[],"tiered_pricing_percentage_rules":[],"tiered_pricing_maximum_quantity":null,"tiered_pricing_quantity_step":null,"_links":{"self":[{"href":"https:\/\/shaliteink.com\/pt\/wp-json\/wp\/v2\/product\/3364","targetHints":{"allow":["GET"]}}],"collection":[{"href":"https:\/\/shaliteink.com\/pt\/wp-json\/wp\/v2\/product"}],"about":[{"href":"https:\/\/shaliteink.com\/pt\/wp-json\/wp\/v2\/types\/product"}],"replies":[{"embeddable":true,"href":"https:\/\/shaliteink.com\/pt\/wp-json\/wp\/v2\/comments?post=3364"}],"version-history":[{"count":0,"href":"https:\/\/shaliteink.com\/pt\/wp-json\/wp\/v2\/product\/3364\/revisions"}],"wp:featuredmedia":[{"embeddable":true,"href":"https:\/\/shaliteink.com\/pt\/wp-json\/wp\/v2\/media\/3369"}],"wp:attachment":[{"href":"https:\/\/shaliteink.com\/pt\/wp-json\/wp\/v2\/media?parent=3364"}],"wp:term":[{"taxonomy":"product_brand","embeddable":true,"href":"https:\/\/shaliteink.com\/pt\/wp-json\/wp\/v2\/product_brand?post=3364"},{"taxonomy":"product_cat","embeddable":true,"href":"https:\/\/shaliteink.com\/pt\/wp-json\/wp\/v2\/product_cat?post=3364"},{"taxonomy":"product_tag","embeddable":true,"href":"https:\/\/shaliteink.com\/pt\/wp-json\/wp\/v2\/product_tag?post=3364"}],"curies":[{"name":"wp","href":"https:\/\/api.w.org\/{rel}","templated":true}]}}