{"id":3094,"date":"2025-10-15T08:14:05","date_gmt":"2025-10-15T08:14:05","guid":{"rendered":"https:\/\/shaliteink.com\/?post_type=product&#038;p=3094"},"modified":"2025-12-10T11:31:48","modified_gmt":"2025-12-10T11:31:48","slug":"tinta-plastisol-amarela-sem-pvc-para-serigrafia","status":"publish","type":"product","link":"https:\/\/shaliteink.com\/pt\/produto\/tinta-plastisol-amarela-sem-pvc-para-serigrafia\/","title":{"rendered":"Tinta plastisol amarela sem PVC para serigrafia."},"content":{"rendered":"<p>D\u00ea mais brilho a todos os seus projetos de impress\u00e3o com Shaliteink. <strong>Tinta Plastisol sem PVC<\/strong> <strong>Processo Amarelo<\/strong>, A tinta Shaliteink \u00e9 a escolha ideal para criadores que exigem cores vibrantes, seguran\u00e7a ambiental e facilidade de uso. Com mais de 20 anos de excel\u00eancia em produ\u00e7\u00e3o e a confian\u00e7a de fabricantes globais, a Shaliteink oferece tinta de serigrafia confi\u00e1vel diretamente de nossa f\u00e1brica para o seu espa\u00e7o de trabalho, garantindo resultados profissionais com um custo-benef\u00edcio imbat\u00edvel.<\/p>\n<p><img decoding=\"async\" class=\"alignnone wp-image-3100\" src=\"https:\/\/shaliteink.com\/wp-content\/uploads\/2025\/08\/PVC-Free-Plastisol-Ink-Process-Yellow-2-238x300.jpeg\" alt=\"Tinta plastisol sem PVC, amarela.\" width=\"213\" height=\"268\" srcset=\"https:\/\/shaliteink.com\/wp-content\/uploads\/2025\/08\/PVC-Free-Plastisol-Ink-Process-Yellow-2-238x300.jpeg 238w, https:\/\/shaliteink.com\/wp-content\/uploads\/2025\/08\/PVC-Free-Plastisol-Ink-Process-Yellow-2-812x1024.jpeg 812w, https:\/\/shaliteink.com\/wp-content\/uploads\/2025\/08\/PVC-Free-Plastisol-Ink-Process-Yellow-2-768x969.jpeg 768w, https:\/\/shaliteink.com\/wp-content\/uploads\/2025\/08\/PVC-Free-Plastisol-Ink-Process-Yellow-2-1218x1536.jpeg 1218w, https:\/\/shaliteink.com\/wp-content\/uploads\/2025\/08\/PVC-Free-Plastisol-Ink-Process-Yellow-2-1624x2048.jpeg 1624w, https:\/\/shaliteink.com\/wp-content\/uploads\/2025\/08\/PVC-Free-Plastisol-Ink-Process-Yellow-2-10x12.jpeg 10w, https:\/\/shaliteink.com\/wp-content\/uploads\/2025\/08\/PVC-Free-Plastisol-Ink-Process-Yellow-2-1200x1513.jpeg 1200w, https:\/\/shaliteink.com\/wp-content\/uploads\/2025\/08\/PVC-Free-Plastisol-Ink-Process-Yellow-2-150x189.jpeg 150w, https:\/\/shaliteink.com\/wp-content\/uploads\/2025\/08\/PVC-Free-Plastisol-Ink-Process-Yellow-2-scaled.jpeg 2030w\" sizes=\"(max-width: 213px) 100vw, 213px\" \/><\/p>\n<h1>Descri\u00e7\u00e3o do produto<\/h1>\n<p>Nossa tinta plastisol sem PVC na cor Amarelo Processo foi meticulosamente formulada para proporcionar efeitos vibrantes e praticidade no dia a dia. A cor Amarelo Processo oferece brilho e opacidade excepcionais, destacando-se em tecidos brancos, coloridos e escuros. Seja voc\u00ea um entusiasta do fa\u00e7a-voc\u00ea-mesmo, um lojista em ascens\u00e3o no Etsy ou Shopify, uma marca independente ou um aluno de artes pl\u00e1sticas, esta tinta para serigrafia permite detalhes n\u00edtidos e cores vibrantes em cada impress\u00e3o.<\/p>\n<p>Entendemos que as impressoras modernas exigem mais do que apenas cores vibrantes, mas tamb\u00e9m desempenho, seguran\u00e7a e confiabilidade. \u00c9 por isso que nossa tinta plastisol sem PVC \u00e9 produzida sem PVC ou ftalatos nocivos, oferecendo uma op\u00e7\u00e3o mais segura e respons\u00e1vel para trabalhos manuais, ambientes de estudo ou est\u00fadios profissionais.<\/p>\n<p><img decoding=\"async\" class=\"alignnone size-medium wp-image-3540\" src=\"https:\/\/shaliteink.com\/wp-content\/uploads\/2025\/08\/Plastisol-Ink-Process-Yellow-for-Screen-Printing-280x300.jpeg\" alt=\"Tinta plastisol amarela para serigrafia\" width=\"280\" height=\"300\" srcset=\"https:\/\/shaliteink.com\/wp-content\/uploads\/2025\/08\/Plastisol-Ink-Process-Yellow-for-Screen-Printing-280x300.jpeg 280w, https:\/\/shaliteink.com\/wp-content\/uploads\/2025\/08\/Plastisol-Ink-Process-Yellow-for-Screen-Printing-956x1024.jpeg 956w, https:\/\/shaliteink.com\/wp-content\/uploads\/2025\/08\/Plastisol-Ink-Process-Yellow-for-Screen-Printing-768x822.jpeg 768w, https:\/\/shaliteink.com\/wp-content\/uploads\/2025\/08\/Plastisol-Ink-Process-Yellow-for-Screen-Printing-1435x1536.jpeg 1435w, https:\/\/shaliteink.com\/wp-content\/uploads\/2025\/08\/Plastisol-Ink-Process-Yellow-for-Screen-Printing-11x12.jpeg 11w, https:\/\/shaliteink.com\/wp-content\/uploads\/2025\/08\/Plastisol-Ink-Process-Yellow-for-Screen-Printing-1200x1285.jpeg 1200w, https:\/\/shaliteink.com\/wp-content\/uploads\/2025\/08\/Plastisol-Ink-Process-Yellow-for-Screen-Printing-150x161.jpeg 150w, https:\/\/shaliteink.com\/wp-content\/uploads\/2025\/08\/Plastisol-Ink-Process-Yellow-for-Screen-Printing.jpeg 1640w\" sizes=\"(max-width: 280px) 100vw, 280px\" \/><\/p>\n<h1>Principais caracter\u00edsticas:<\/h1>\n<ul>\n<li>Amarelo intenso e confi\u00e1vel: O pigmento Process Yellow oferece alta opacidade e excelente capacidade de mistura, tornando-o essencial para serigrafia CMYK e em cores especiais.<\/li>\n<li>Livre de PVC e at\u00f3xica: Dedicada \u00e0 produ\u00e7\u00e3o ecologicamente correta, esta tinta \u00e9 livre de ftalatos, tem baixo odor e \u00e9 at\u00f3xica \u2014 perfeita para uso perto de crian\u00e7as, animais de estima\u00e7\u00e3o ou em ambientes dom\u00e9sticos sens\u00edveis.<\/li>\n<li>Aplica\u00e7\u00e3o f\u00e1cil: Esta tinta para serigrafia tem uma textura suave e cremosa, proporcionando uma cobertura uniforme e vibrante. \u00c9 f\u00e1cil de usar tanto para iniciantes quanto para especialistas.<\/li>\n<li>Compatibilidade superior com tecidos: Imprime lindamente em algod\u00e3o, misturas de algod\u00e3o e poli\u00e9steres \u2014 \u00f3timo para camisetas, moletons com capuz, sacolas de pano, decora\u00e7\u00e3o para casa e muito mais.<\/li>\n<li>Resultados consistentes: Desenvolvido tanto para artistas quanto para gr\u00e1ficas de produ\u00e7\u00e3o, voc\u00ea desfrutar\u00e1 de cores previs\u00edveis em cada impress\u00e3o e em cada lote.<\/li>\n<\/ul>\n<h1>Por que escolher Shaliteink?<\/h1>\n<p>Com a Shaliteink, voc\u00ea n\u00e3o est\u00e1 apenas comprando tinta \u2014 voc\u00ea est\u00e1 se juntando a uma comunidade criativa equipada com recursos especializados, guias passo a passo, cart\u00f5es de cores, suporte ao cliente \u00e1gil e tudo o que voc\u00ea precisa para alcan\u00e7ar resultados de n\u00edvel profissional. <a href=\"https:\/\/shaliteink.com\/pt\/categoria-produto\/tinta-plastisol-sem-pvc\/\"><strong>Tinta plastisol sem PVC<\/strong><\/a> Est\u00e1 dispon\u00edvel em tamanhos de amostra e padr\u00e3o, facilitando come\u00e7ar com pouco ou expandir para tamanhos maiores.<\/p>\n<p><strong><a href=\"https:\/\/shaliteink.com\/pt\/\">Compre tinta plastisol sem PVC<\/a> agora<\/strong> D\u00ea vida \u00e0 sua vis\u00e3o com um amarelo vibrante e ecol\u00f3gico \u2014 descubra por que tantos criadores e marcas escolhem a Shaliteink para todas as suas necessidades de tinta para serigrafia!<\/p>","protected":false},"excerpt":{"rendered":"<p>Tinta plastisol sem PVC, tinta para serigrafia, tinta amarela para processo, tinta para serigrafia ecol\u00f3gica, tinta plastisol de cura a baixa temperatura, tinta plastisol at\u00f3xica, tinta para impress\u00e3o em processo.<\/p>","protected":false},"featured_media":3102,"comment_status":"open","ping_status":"closed","template":"","meta":[],"product_brand":[],"product_cat":[45],"product_tag":[],"class_list":{"0":"post-3094","1":"product","2":"type-product","3":"status-publish","4":"has-post-thumbnail","6":"product_cat-pvc-free-plastisol-ink","8":"first","9":"instock","10":"shipping-taxable","11":"purchasable","12":"product-type-variable"},"tiered_pricing_type":"fixed","tiered_pricing_fixed_rules":[],"tiered_pricing_product_settings":{"layout":"default","base_unit_name":{"singular":null,"plural":null},"default_variation":null},"tiered_pricing_minimum_quantity":null,"tiered_pricing_roles_data":[],"tiered_pricing_percentage_rules":[],"tiered_pricing_maximum_quantity":null,"tiered_pricing_quantity_step":null,"_links":{"self":[{"href":"https:\/\/shaliteink.com\/pt\/wp-json\/wp\/v2\/product\/3094","targetHints":{"allow":["GET"]}}],"collection":[{"href":"https:\/\/shaliteink.com\/pt\/wp-json\/wp\/v2\/product"}],"about":[{"href":"https:\/\/shaliteink.com\/pt\/wp-json\/wp\/v2\/types\/product"}],"replies":[{"embeddable":true,"href":"https:\/\/shaliteink.com\/pt\/wp-json\/wp\/v2\/comments?post=3094"}],"version-history":[{"count":0,"href":"https:\/\/shaliteink.com\/pt\/wp-json\/wp\/v2\/product\/3094\/revisions"}],"wp:featuredmedia":[{"embeddable":true,"href":"https:\/\/shaliteink.com\/pt\/wp-json\/wp\/v2\/media\/3102"}],"wp:attachment":[{"href":"https:\/\/shaliteink.com\/pt\/wp-json\/wp\/v2\/media?parent=3094"}],"wp:term":[{"taxonomy":"product_brand","embeddable":true,"href":"https:\/\/shaliteink.com\/pt\/wp-json\/wp\/v2\/product_brand?post=3094"},{"taxonomy":"product_cat","embeddable":true,"href":"https:\/\/shaliteink.com\/pt\/wp-json\/wp\/v2\/product_cat?post=3094"},{"taxonomy":"product_tag","embeddable":true,"href":"https:\/\/shaliteink.com\/pt\/wp-json\/wp\/v2\/product_tag?post=3094"}],"curies":[{"name":"wp","href":"https:\/\/api.w.org\/{rel}","templated":true}]}}