{"id":3088,"date":"2025-10-15T08:11:26","date_gmt":"2025-10-15T08:11:26","guid":{"rendered":"https:\/\/shaliteink.com\/?post_type=product&#038;p=3088"},"modified":"2025-12-10T11:31:51","modified_gmt":"2025-12-10T11:31:51","slug":"compre-tinta-plastisol-preta-segura-para-impressao-livre-de-pvc","status":"publish","type":"product","link":"https:\/\/shaliteink.com\/pt\/produto\/compre-tinta-plastisol-preta-segura-para-impressao-livre-de-pvc\/","title":{"rendered":"Compre tinta plastisol preta sem PVC para impress\u00e3o segura."},"content":{"rendered":"<p>Obtenha impress\u00f5es em preto profundo e impactante com nossos produtos. <strong>Tinta Plastisol sem PVC<\/strong> <strong>Processo Preto<\/strong>, Desenvolvida com maestria para serigrafia segura, colorida e ecologicamente correta. Ideal para artes\u00e3os, vendedores do Etsy, faculdades e fabricantes independentes de vestu\u00e1rio, esta tinta proporciona resultados de n\u00edvel profissional, sendo ao mesmo tempo at\u00f3xica, livre de ftalatos e f\u00e1cil de manusear.<\/p>\n<p>Formulados para cada guia e configura\u00e7\u00f5es de serigrafia autom\u00e1tica, nossos <a href=\"https:\/\/shaliteink.com\/pt\/categoria-produto\/tinta-plastisol-sem-pvc\/\"><strong>Tinta plastisol sem PVC<\/strong><\/a> Garante opacidade rica e consistente tanto em tecidos claros quanto escuros. Seja para personalizar camisetas, bolsas ou t\u00eaxteis de decora\u00e7\u00e3o, esta tinta para impress\u00e3o display mant\u00e9m a profundidade da cor com ac\u00famulo m\u00ednimo \u2014 mesmo em telas de alta resolu\u00e7\u00e3o.<\/p>\n<p><img decoding=\"async\" class=\"alignnone wp-image-3543\" src=\"https:\/\/shaliteink.com\/wp-content\/uploads\/2025\/08\/Plastisol-Ink-Process-Black-1-300x287.jpeg\" alt=\"Processo de tinta plastisol preta\" width=\"224\" height=\"214\" srcset=\"https:\/\/shaliteink.com\/wp-content\/uploads\/2025\/08\/Plastisol-Ink-Process-Black-1-300x287.jpeg 300w, https:\/\/shaliteink.com\/wp-content\/uploads\/2025\/08\/Plastisol-Ink-Process-Black-1-1024x978.jpeg 1024w, https:\/\/shaliteink.com\/wp-content\/uploads\/2025\/08\/Plastisol-Ink-Process-Black-1-768x734.jpeg 768w, https:\/\/shaliteink.com\/wp-content\/uploads\/2025\/08\/Plastisol-Ink-Process-Black-1-1536x1468.jpeg 1536w, https:\/\/shaliteink.com\/wp-content\/uploads\/2025\/08\/Plastisol-Ink-Process-Black-1-2048x1957.jpeg 2048w, https:\/\/shaliteink.com\/wp-content\/uploads\/2025\/08\/Plastisol-Ink-Process-Black-1-13x12.jpeg 13w, https:\/\/shaliteink.com\/wp-content\/uploads\/2025\/08\/Plastisol-Ink-Process-Black-1-1200x1147.jpeg 1200w, https:\/\/shaliteink.com\/wp-content\/uploads\/2025\/08\/Plastisol-Ink-Process-Black-1-150x143.jpeg 150w\" sizes=\"(max-width: 224px) 100vw, 224px\" \/><\/p>\n<h1>Principais caracter\u00edsticas:<\/h1>\n<ul>\n<li>Ecol\u00f3gica e segura: a tinta plastisol sem PVC da Shaliteink foi formulada para ser mais segura para o meio ambiente, oferecendo uma alternativa sustent\u00e1vel \u00e0s tintas plastisol padr\u00e3o.<\/li>\n<li>Impress\u00f5es vibrantes e dur\u00e1veis: Esta tinta para serigrafia proporciona cores intensas que permanecem n\u00edtidas, vivas e consistentes, garantindo resultados excepcionais em diversos tipos de tecido.<\/li>\n<li>F\u00e1cil de usar: Ideal tanto para iniciantes quanto para especialistas, esta tinta oferece f\u00e1cil aplica\u00e7\u00e3o e excelente prote\u00e7\u00e3o. \u00c9 perfeita para projetos de fa\u00e7a voc\u00ea mesmo ou para a produ\u00e7\u00e3o de roupas em pequena escala.<\/li>\n<li>Baixo odor e n\u00e3o t\u00f3xico: Os componentes com baixo odor garantem um ambiente de trabalho mais seguro, tornando-o adequado para artes\u00e3os dom\u00e9sticos, faculdades e pequenas empresas.<\/li>\n<li>Toque macio: Nossa tinta deixa um acabamento suave nas pe\u00e7as de roupa, tornando-a ideal para criar pe\u00e7as confort\u00e1veis e incr\u00edveis que os clientes v\u00e3o adorar usar.<\/li>\n<li>Compatibilidade com equipamentos dom\u00e9sticos: Esta tinta funciona perfeitamente com sopradores t\u00e9rmicos dom\u00e9sticos e pequenos sistemas de secagem, garantindo que voc\u00ea possa curar suas impress\u00f5es sem esfor\u00e7o, sem a necessidade de equipamentos comerciais sofisticados.<\/li>\n<\/ul>\n<h1>Instru\u00e7\u00f5es de cura:<\/h1>\n<p>Curando suas impress\u00f5es com <a href=\"https:\/\/shaliteink.com\/pt\/\"><strong>Shaliteink<\/strong><\/a> A tinta plastisol solta para PVC \u00e9 muito f\u00e1cil de usar! Aque\u00e7a as impress\u00f5es a 160\u00b0C (320\u00b0F) por 1 a 2 minutos para garantir a cura adequada. Depois de curada, a tinta \u00e9 dur\u00e1vel e resistente ao desgaste, mesmo ap\u00f3s v\u00e1rias lavagens.<\/p>\n<p><img decoding=\"async\" class=\"alignnone size-medium wp-image-3542\" src=\"https:\/\/shaliteink.com\/wp-content\/uploads\/2025\/08\/Plastisol-Ink-Process-Black-300x279.jpeg\" alt=\"Processo de tinta plastisol preta\" width=\"300\" height=\"279\" srcset=\"https:\/\/shaliteink.com\/wp-content\/uploads\/2025\/08\/Plastisol-Ink-Process-Black-300x279.jpeg 300w, https:\/\/shaliteink.com\/wp-content\/uploads\/2025\/08\/Plastisol-Ink-Process-Black-1024x952.jpeg 1024w, https:\/\/shaliteink.com\/wp-content\/uploads\/2025\/08\/Plastisol-Ink-Process-Black-768x714.jpeg 768w, https:\/\/shaliteink.com\/wp-content\/uploads\/2025\/08\/Plastisol-Ink-Process-Black-1536x1429.jpeg 1536w, https:\/\/shaliteink.com\/wp-content\/uploads\/2025\/08\/Plastisol-Ink-Process-Black-2048x1905.jpeg 2048w, https:\/\/shaliteink.com\/wp-content\/uploads\/2025\/08\/Plastisol-Ink-Process-Black-13x12.jpeg 13w, https:\/\/shaliteink.com\/wp-content\/uploads\/2025\/08\/Plastisol-Ink-Process-Black-1200x1116.jpeg 1200w, https:\/\/shaliteink.com\/wp-content\/uploads\/2025\/08\/Plastisol-Ink-Process-Black-150x140.jpeg 150w\" sizes=\"(max-width: 300px) 100vw, 300px\" \/><\/p>\n<h1>Por que escolher a tinta plastisol sem PVC da Shaliteink?<\/h1>\n<ul>\n<li>Segura e ecol\u00f3gica: Com certifica\u00e7\u00f5es como a OEKO-TEX, nossa tinta atende a rigorosos padr\u00f5es ambientais e de seguran\u00e7a. \u00c9 perfeita para clientes que priorizam alternativas ecologicamente respons\u00e1veis.<\/li>\n<li>Acess\u00edvel e de alta qualidade: Seja para criar camisetas personalizadas, acess\u00f3rios ou itens de decora\u00e7\u00e3o para casa, nossa tinta oferece resultados profissionais sem comprometer seu or\u00e7amento.<\/li>\n<li>Suporte e Recursos ao Cliente: Oferecemos tutoriais detalhados, dicas e ajuda online para ajud\u00e1-lo a otimizar seu processo de impress\u00e3o. Do iniciante ao experiente, a Shaliteink est\u00e1 aqui para auxili\u00e1-lo em cada etapa.<\/li>\n<\/ul>\n<p>Quer voc\u00ea esteja produzindo roupas personalizadas em sua pequena empresa ou desenvolvendo projetos &quot;fa\u00e7a voc\u00ea mesmo&quot; em casa, <a href=\"https:\/\/shaliteink.com\/pt\/\">Tinta plastisol sem PVC Shaliteink<\/a> Garante que cada impress\u00e3o seja colorida, duradoura e ecol\u00f3gica.<\/p>","protected":false},"excerpt":{"rendered":"<p>Comprar <strong data-start=\"3170\" data-end=\"3196\">Tinta plastisol sem PVC<\/strong> Process Black da Shaliteink. Ideal para <strong data-start=\"3238\" data-end=\"3261\">tinta de serigrafia<\/strong> Precisa de estampas vibrantes e dur\u00e1veis, ecol\u00f3gicas e seguras para pequenas empresas e entusiastas do &quot;fa\u00e7a voc\u00ea mesmo&quot;.<\/p>","protected":false},"featured_media":3092,"comment_status":"open","ping_status":"closed","template":"","meta":[],"product_brand":[],"product_cat":[45,50,63],"product_tag":[],"class_list":{"0":"post-3088","1":"product","2":"type-product","3":"status-publish","4":"has-post-thumbnail","6":"product_cat-pvc-free-plastisol-ink","7":"product_cat-black-screen-printing-ink-plastisol","8":"product_cat-plastisol-cmyk-ink","10":"first","11":"instock","12":"shipping-taxable","13":"purchasable","14":"product-type-variable"},"tiered_pricing_type":"fixed","tiered_pricing_fixed_rules":[],"tiered_pricing_product_settings":{"layout":"default","base_unit_name":{"singular":null,"plural":null},"default_variation":null},"tiered_pricing_minimum_quantity":null,"tiered_pricing_roles_data":[],"tiered_pricing_percentage_rules":[],"tiered_pricing_maximum_quantity":null,"tiered_pricing_quantity_step":null,"_links":{"self":[{"href":"https:\/\/shaliteink.com\/pt\/wp-json\/wp\/v2\/product\/3088","targetHints":{"allow":["GET"]}}],"collection":[{"href":"https:\/\/shaliteink.com\/pt\/wp-json\/wp\/v2\/product"}],"about":[{"href":"https:\/\/shaliteink.com\/pt\/wp-json\/wp\/v2\/types\/product"}],"replies":[{"embeddable":true,"href":"https:\/\/shaliteink.com\/pt\/wp-json\/wp\/v2\/comments?post=3088"}],"version-history":[{"count":0,"href":"https:\/\/shaliteink.com\/pt\/wp-json\/wp\/v2\/product\/3088\/revisions"}],"wp:featuredmedia":[{"embeddable":true,"href":"https:\/\/shaliteink.com\/pt\/wp-json\/wp\/v2\/media\/3092"}],"wp:attachment":[{"href":"https:\/\/shaliteink.com\/pt\/wp-json\/wp\/v2\/media?parent=3088"}],"wp:term":[{"taxonomy":"product_brand","embeddable":true,"href":"https:\/\/shaliteink.com\/pt\/wp-json\/wp\/v2\/product_brand?post=3088"},{"taxonomy":"product_cat","embeddable":true,"href":"https:\/\/shaliteink.com\/pt\/wp-json\/wp\/v2\/product_cat?post=3088"},{"taxonomy":"product_tag","embeddable":true,"href":"https:\/\/shaliteink.com\/pt\/wp-json\/wp\/v2\/product_tag?post=3088"}],"curies":[{"name":"wp","href":"https:\/\/api.w.org\/{rel}","templated":true}]}}