{"id":3082,"date":"2025-10-15T08:09:31","date_gmt":"2025-10-15T08:09:31","guid":{"rendered":"https:\/\/shaliteink.com\/?post_type=product&#038;p=3082"},"modified":"2025-12-10T11:26:06","modified_gmt":"2025-12-10T11:26:06","slug":"tinta-plastisol-vermelha-sem-pvc-para-impressao-duravel-em-camisetas","status":"publish","type":"product","link":"https:\/\/shaliteink.com\/pt\/produto\/tinta-plastisol-vermelha-sem-pvc-para-impressao-duravel-em-camisetas\/","title":{"rendered":"Tinta plastisol vermelha sem PVC para impress\u00e3o dur\u00e1vel em camisetas."},"content":{"rendered":"<p>Procura uma solu\u00e7\u00e3o de impress\u00e3o segura, vibrante e higi\u00e9nica para as suas camisetas e pe\u00e7as de vestu\u00e1rio personalizadas? <strong>Shaliteink<\/strong> <strong>Tinta Plastisol sem PVC<\/strong> <strong>Processo Vermelho<\/strong> Proporciona a cor vibrante e o desempenho geral do plastisol tradicional, por\u00e9m com uma formula\u00e7\u00e3o ainda mais ecol\u00f3gica \u2014 ideal tanto para iniciantes quanto para especialistas em fabrica\u00e7\u00e3o.<\/p>\n<p>Seja voc\u00ea um artes\u00e3o amador trabalhando em casa, dono de uma loja no Etsy ou parte de uma escola ou comunidade maker, esta tinta rosa sem PVC oferece opacidade, durabilidade e toque suave de primeira linha, sem comprometer a seguran\u00e7a ou a usabilidade. Com sua consist\u00eancia ideal e facilidade de impress\u00e3o, \u00e9 perfeita tanto para sistemas de serigrafia manuais quanto automatizados.<\/p>\n<p><img decoding=\"async\" class=\"alignnone size-medium wp-image-3547\" src=\"https:\/\/shaliteink.com\/wp-content\/uploads\/2025\/08\/Plastisol-Ink-Process-Red-2-300x285.jpeg\" alt=\"\" width=\"300\" height=\"285\" srcset=\"https:\/\/shaliteink.com\/wp-content\/uploads\/2025\/08\/Plastisol-Ink-Process-Red-2-300x285.jpeg 300w, https:\/\/shaliteink.com\/wp-content\/uploads\/2025\/08\/Plastisol-Ink-Process-Red-2-1024x972.jpeg 1024w, https:\/\/shaliteink.com\/wp-content\/uploads\/2025\/08\/Plastisol-Ink-Process-Red-2-768x729.jpeg 768w, https:\/\/shaliteink.com\/wp-content\/uploads\/2025\/08\/Plastisol-Ink-Process-Red-2-1536x1459.jpeg 1536w, https:\/\/shaliteink.com\/wp-content\/uploads\/2025\/08\/Plastisol-Ink-Process-Red-2-2048x1945.jpeg 2048w, https:\/\/shaliteink.com\/wp-content\/uploads\/2025\/08\/Plastisol-Ink-Process-Red-2-13x12.jpeg 13w, https:\/\/shaliteink.com\/wp-content\/uploads\/2025\/08\/Plastisol-Ink-Process-Red-2-1200x1140.jpeg 1200w, https:\/\/shaliteink.com\/wp-content\/uploads\/2025\/08\/Plastisol-Ink-Process-Red-2-150x142.jpeg 150w\" sizes=\"(max-width: 300px) 100vw, 300px\" \/><\/p>\n<h1>Principais caracter\u00edsticas:<\/h1>\n<ul>\n<li>F\u00f3rmula de tinta plastisol sem PVC \u2014 mais segura para os usu\u00e1rios e para o meio ambiente.<\/li>\n<li>Tom vermelho vibrante com precis\u00e3o e satura\u00e7\u00e3o de cor excepcionais.<\/li>\n<li>Textura suave e cremosa para f\u00e1cil utiliza\u00e7\u00e3o em prensas manuais ou autom\u00e1ticas.<\/li>\n<li>Impress\u00f5es duradouras \u00e0 prova de rachaduras e desbotamento.<\/li>\n<li>Compat\u00edvel com algod\u00e3o, poli\u00e9ster e misturas.<\/li>\n<\/ul>\n<p><img decoding=\"async\" class=\"alignnone size-medium wp-image-3546\" src=\"https:\/\/shaliteink.com\/wp-content\/uploads\/2025\/08\/Plastisol-Ink-Process-Red-1-274x300.jpeg\" alt=\"Tinta plastisol vermelha para processo\" width=\"274\" height=\"300\" srcset=\"https:\/\/shaliteink.com\/wp-content\/uploads\/2025\/08\/Plastisol-Ink-Process-Red-1-274x300.jpeg 274w, https:\/\/shaliteink.com\/wp-content\/uploads\/2025\/08\/Plastisol-Ink-Process-Red-1-934x1024.jpeg 934w, https:\/\/shaliteink.com\/wp-content\/uploads\/2025\/08\/Plastisol-Ink-Process-Red-1-768x842.jpeg 768w, https:\/\/shaliteink.com\/wp-content\/uploads\/2025\/08\/Plastisol-Ink-Process-Red-1-1400x1536.jpeg 1400w, https:\/\/shaliteink.com\/wp-content\/uploads\/2025\/08\/Plastisol-Ink-Process-Red-1-1867x2048.jpeg 1867w, https:\/\/shaliteink.com\/wp-content\/uploads\/2025\/08\/Plastisol-Ink-Process-Red-1-11x12.jpeg 11w, https:\/\/shaliteink.com\/wp-content\/uploads\/2025\/08\/Plastisol-Ink-Process-Red-1-1200x1316.jpeg 1200w, https:\/\/shaliteink.com\/wp-content\/uploads\/2025\/08\/Plastisol-Ink-Process-Red-1-150x165.jpeg 150w\" sizes=\"(max-width: 274px) 100vw, 274px\" \/><\/p>\n<h1>Instru\u00e7\u00f5es de cura:<\/h1>\n<p>Para resultados excepcionais, cure a uma temperatura entre 138 \u00b0C e 160 \u00b0C, dependendo do tecido e do equipamento. Nossa tecnologia de cura em baixa temperatura reduz o consumo de energia e permite o uso de materiais sens\u00edveis ao calor, sendo ideal para instala\u00e7\u00f5es dom\u00e9sticas com o uso de sopradores t\u00e9rmicos ou secadores de esteira compactos.<\/p>\n<h1>Por que escolher esta tinta?<\/h1>\n<p>Seja para criar designs de edi\u00e7\u00e3o limitada, lan\u00e7ar uma pequena cole\u00e7\u00e3o de roupas com logotipo ou realizar workshops escolares, esta tinta oferece o equil\u00edbrio perfeito entre desempenho, prote\u00e7\u00e3o e facilidade de uso. <a href=\"https:\/\/shaliteink.com\/pt\/categoria-produto\/tinta-plastisol-sem-pvc\/\"><strong>Tinta Plastisol sem PVC<\/strong><\/a>\u00a0Atende a rigorosos padr\u00f5es de prote\u00e7\u00e3o e ambientais, garantindo tranquilidade e resultados de n\u00edvel profissional.<\/p>","protected":false},"excerpt":{"rendered":"<p data-start=\"2675\" data-end=\"2828\">Ecol\u00f3gico <strong data-start=\"2688\" data-end=\"2714\">Tinta Plastisol sem PVC<\/strong> Em vermelho vivo. Perfeito. <strong data-start=\"2744\" data-end=\"2767\">Tinta de serigrafia<\/strong> Para camisetas dur\u00e1veis e com cores vibrantes. Cura em baixa temperatura e f\u00e1cil limpeza.<\/p>","protected":false},"featured_media":3545,"comment_status":"open","ping_status":"closed","template":"","meta":[],"product_brand":[],"product_cat":[45],"product_tag":[],"class_list":{"0":"post-3082","1":"product","2":"type-product","3":"status-publish","4":"has-post-thumbnail","6":"product_cat-pvc-free-plastisol-ink","8":"first","9":"instock","10":"shipping-taxable","11":"purchasable","12":"product-type-variable"},"tiered_pricing_type":"fixed","tiered_pricing_fixed_rules":[],"tiered_pricing_product_settings":{"layout":"default","base_unit_name":{"singular":null,"plural":null},"default_variation":null},"tiered_pricing_minimum_quantity":null,"tiered_pricing_roles_data":[],"tiered_pricing_percentage_rules":[],"tiered_pricing_maximum_quantity":null,"tiered_pricing_quantity_step":null,"_links":{"self":[{"href":"https:\/\/shaliteink.com\/pt\/wp-json\/wp\/v2\/product\/3082","targetHints":{"allow":["GET"]}}],"collection":[{"href":"https:\/\/shaliteink.com\/pt\/wp-json\/wp\/v2\/product"}],"about":[{"href":"https:\/\/shaliteink.com\/pt\/wp-json\/wp\/v2\/types\/product"}],"replies":[{"embeddable":true,"href":"https:\/\/shaliteink.com\/pt\/wp-json\/wp\/v2\/comments?post=3082"}],"version-history":[{"count":0,"href":"https:\/\/shaliteink.com\/pt\/wp-json\/wp\/v2\/product\/3082\/revisions"}],"wp:featuredmedia":[{"embeddable":true,"href":"https:\/\/shaliteink.com\/pt\/wp-json\/wp\/v2\/media\/3545"}],"wp:attachment":[{"href":"https:\/\/shaliteink.com\/pt\/wp-json\/wp\/v2\/media?parent=3082"}],"wp:term":[{"taxonomy":"product_brand","embeddable":true,"href":"https:\/\/shaliteink.com\/pt\/wp-json\/wp\/v2\/product_brand?post=3082"},{"taxonomy":"product_cat","embeddable":true,"href":"https:\/\/shaliteink.com\/pt\/wp-json\/wp\/v2\/product_cat?post=3082"},{"taxonomy":"product_tag","embeddable":true,"href":"https:\/\/shaliteink.com\/pt\/wp-json\/wp\/v2\/product_tag?post=3082"}],"curies":[{"name":"wp","href":"https:\/\/api.w.org\/{rel}","templated":true}]}}