{"id":3075,"date":"2025-10-15T08:07:20","date_gmt":"2025-10-15T08:07:20","guid":{"rendered":"https:\/\/shaliteink.com\/?post_type=product&#038;p=3075"},"modified":"2025-12-10T11:26:55","modified_gmt":"2025-12-10T11:26:55","slug":"compre-tinta-plastisol-azul-sem-pvc-com-entrega-rapida","status":"publish","type":"product","link":"https:\/\/shaliteink.com\/pt\/produto\/compre-tinta-plastisol-azul-sem-pvc-com-entrega-rapida\/","title":{"rendered":"Compre tinta plastisol azul sem PVC \u2013 Entrega r\u00e1pida"},"content":{"rendered":"<p>Descubra o desempenho geral superior, satisfat\u00f3rio e ecol\u00f3gico de <strong>Tinta Plastisol sem PVC<\/strong> <strong>Processo Azul<\/strong> de <a href=\"https:\/\/shaliteink.com\/pt\/\"><strong>Shaliteink<\/strong><\/a>, seu distribuidor mundial de confian\u00e7a de tintas de serigrafia de alta qualidade. Projetada para especialistas inovadores, pequenos est\u00fadios e artes\u00e3os do tipo &quot;fa\u00e7a voc\u00ea mesmo&quot;, esta vibrante tinta plastisol azul proporciona impress\u00f5es n\u00edtidas e dur\u00e1veis com a facilidade de um <strong>Tinta plastisol sem PVC <\/strong>Componentes que priorizam a prote\u00e7\u00e3o do usu\u00e1rio e a responsabilidade ambiental.<\/p>\n<p>A Shaliteink traz mais de vinte anos de conhecimento em fabrica\u00e7\u00e3o e fornecimento direto da f\u00e1brica, garantindo entregas consistentes, satisfat\u00f3rias e confi\u00e1veis. Nossa tinta plastisol sem PVC \u00e9 ideal para impress\u00e3o em diversos tecidos, incluindo algod\u00e3o, poli\u00e9ster e mistos, perfeita para a produ\u00e7\u00e3o de camisetas personalizadas, bolsas e itens promocionais. Sua composi\u00e7\u00e3o at\u00f3xica e com baixo odor atende principalmente \u00e0queles que exigem um ambiente de trabalho mais seguro, como escolas, espa\u00e7os de cria\u00e7\u00e3o e entusiastas de hobbies.<\/p>\n<p><img decoding=\"async\" class=\"alignnone size-medium wp-image-3549\" src=\"https:\/\/shaliteink.com\/wp-content\/uploads\/2025\/08\/Plastisol-Ink-Process-Blue-284x300.jpeg\" alt=\"Azul de processo de tinta plastisol\" width=\"284\" height=\"300\" srcset=\"https:\/\/shaliteink.com\/wp-content\/uploads\/2025\/08\/Plastisol-Ink-Process-Blue-284x300.jpeg 284w, https:\/\/shaliteink.com\/wp-content\/uploads\/2025\/08\/Plastisol-Ink-Process-Blue-970x1024.jpeg 970w, https:\/\/shaliteink.com\/wp-content\/uploads\/2025\/08\/Plastisol-Ink-Process-Blue-768x811.jpeg 768w, https:\/\/shaliteink.com\/wp-content\/uploads\/2025\/08\/Plastisol-Ink-Process-Blue-1455x1536.jpeg 1455w, https:\/\/shaliteink.com\/wp-content\/uploads\/2025\/08\/Plastisol-Ink-Process-Blue-11x12.jpeg 11w, https:\/\/shaliteink.com\/wp-content\/uploads\/2025\/08\/Plastisol-Ink-Process-Blue-1200x1267.jpeg 1200w, https:\/\/shaliteink.com\/wp-content\/uploads\/2025\/08\/Plastisol-Ink-Process-Blue-150x158.jpeg 150w, https:\/\/shaliteink.com\/wp-content\/uploads\/2025\/08\/Plastisol-Ink-Process-Blue.jpeg 1656w\" sizes=\"(max-width: 284px) 100vw, 284px\" \/><\/p>\n<h1>Principais caracter\u00edsticas:<\/h1>\n<ul>\n<li>Ecol\u00f3gica e livre de PVC: Nossa tinta azul processada n\u00e3o cont\u00e9m PVC, reduzindo o uso de produtos qu\u00edmicos nocivos e tornando a limpeza mais segura e f\u00e1cil.<\/li>\n<li>Cores vibrantes e dur\u00e1veis: Proporciona estampas brilhantes e opacas com excelente resist\u00eancia \u00e0 lavagem e ao desgaste, mantendo a integridade da cor ao longo do tempo.<\/li>\n<li>Aplica\u00e7\u00e3o f\u00e1cil de usar: A viscosidade suave \u00e9 adequada para configura\u00e7\u00f5es de serigrafia manual e autom\u00e1tica; compat\u00edvel com pistolas de ar quente dom\u00e9sticas e secadoras comerciais.<\/li>\n<li>Cura r\u00e1pida: Otimizado para cura r\u00e1pida a 160\u00b0C (320\u00b0F) com tempos de evapora\u00e7\u00e3o t\u00edpicos em torno de 15 a 20 segundos, permitindo uma produ\u00e7\u00e3o mais r\u00e1pida.<\/li>\n<li>Limpeza f\u00e1cil: Requer apenas produtos de limpeza padr\u00e3o para telas de plastisol, reduzindo o tempo de inatividade e prolongando a vida \u00fatil da tela.<\/li>\n<\/ul>\n<p><img decoding=\"async\" class=\"alignnone size-medium wp-image-3550\" src=\"https:\/\/shaliteink.com\/wp-content\/uploads\/2025\/08\/Plastisol-Ink-Process-Blue-1-300x276.jpeg\" alt=\"Azul de processo de tinta plastisol\" width=\"300\" height=\"276\" srcset=\"https:\/\/shaliteink.com\/wp-content\/uploads\/2025\/08\/Plastisol-Ink-Process-Blue-1-300x276.jpeg 300w, https:\/\/shaliteink.com\/wp-content\/uploads\/2025\/08\/Plastisol-Ink-Process-Blue-1-1024x943.jpeg 1024w, https:\/\/shaliteink.com\/wp-content\/uploads\/2025\/08\/Plastisol-Ink-Process-Blue-1-768x707.jpeg 768w, https:\/\/shaliteink.com\/wp-content\/uploads\/2025\/08\/Plastisol-Ink-Process-Blue-1-1536x1414.jpeg 1536w, https:\/\/shaliteink.com\/wp-content\/uploads\/2025\/08\/Plastisol-Ink-Process-Blue-1-2048x1886.jpeg 2048w, https:\/\/shaliteink.com\/wp-content\/uploads\/2025\/08\/Plastisol-Ink-Process-Blue-1-13x12.jpeg 13w, https:\/\/shaliteink.com\/wp-content\/uploads\/2025\/08\/Plastisol-Ink-Process-Blue-1-1200x1105.jpeg 1200w, https:\/\/shaliteink.com\/wp-content\/uploads\/2025\/08\/Plastisol-Ink-Process-Blue-1-150x138.jpeg 150w\" sizes=\"(max-width: 300px) 100vw, 300px\" \/><\/p>","protected":false},"excerpt":{"rendered":"<p>Comprar <strong data-start=\"3608\" data-end=\"3634\">Tinta plastisol sem PVC<\/strong> Azul Processo na Shaliteink. Vibrante e dur\u00e1vel. <strong data-start=\"3680\" data-end=\"3703\">tinta de serigrafia<\/strong> Com cura r\u00e1pida e limpeza f\u00e1cil. Perfeito para impressoras ecologicamente conscientes!<\/p>","protected":false},"featured_media":3551,"comment_status":"open","ping_status":"closed","template":"","meta":[],"product_brand":[],"product_cat":[45],"product_tag":[],"class_list":{"0":"post-3075","1":"product","2":"type-product","3":"status-publish","4":"has-post-thumbnail","6":"product_cat-pvc-free-plastisol-ink","8":"first","9":"instock","10":"shipping-taxable","11":"purchasable","12":"product-type-variable"},"tiered_pricing_type":"fixed","tiered_pricing_fixed_rules":[],"tiered_pricing_product_settings":{"layout":"default","base_unit_name":{"singular":null,"plural":null},"default_variation":null},"tiered_pricing_minimum_quantity":null,"tiered_pricing_roles_data":[],"tiered_pricing_percentage_rules":[],"tiered_pricing_maximum_quantity":null,"tiered_pricing_quantity_step":null,"_links":{"self":[{"href":"https:\/\/shaliteink.com\/pt\/wp-json\/wp\/v2\/product\/3075","targetHints":{"allow":["GET"]}}],"collection":[{"href":"https:\/\/shaliteink.com\/pt\/wp-json\/wp\/v2\/product"}],"about":[{"href":"https:\/\/shaliteink.com\/pt\/wp-json\/wp\/v2\/types\/product"}],"replies":[{"embeddable":true,"href":"https:\/\/shaliteink.com\/pt\/wp-json\/wp\/v2\/comments?post=3075"}],"version-history":[{"count":0,"href":"https:\/\/shaliteink.com\/pt\/wp-json\/wp\/v2\/product\/3075\/revisions"}],"wp:featuredmedia":[{"embeddable":true,"href":"https:\/\/shaliteink.com\/pt\/wp-json\/wp\/v2\/media\/3551"}],"wp:attachment":[{"href":"https:\/\/shaliteink.com\/pt\/wp-json\/wp\/v2\/media?parent=3075"}],"wp:term":[{"taxonomy":"product_brand","embeddable":true,"href":"https:\/\/shaliteink.com\/pt\/wp-json\/wp\/v2\/product_brand?post=3075"},{"taxonomy":"product_cat","embeddable":true,"href":"https:\/\/shaliteink.com\/pt\/wp-json\/wp\/v2\/product_cat?post=3075"},{"taxonomy":"product_tag","embeddable":true,"href":"https:\/\/shaliteink.com\/pt\/wp-json\/wp\/v2\/product_tag?post=3075"}],"curies":[{"name":"wp","href":"https:\/\/api.w.org\/{rel}","templated":true}]}}