{"id":3069,"date":"2025-10-15T08:03:56","date_gmt":"2025-10-15T08:03:56","guid":{"rendered":"https:\/\/shaliteink.com\/?post_type=product&#038;p=3069"},"modified":"2025-12-10T11:30:07","modified_gmt":"2025-12-10T11:30:07","slug":"compre-tinta-plastisol-violeta-fluorescente-sem-pvc-online","status":"publish","type":"product","link":"https:\/\/shaliteink.com\/pt\/produto\/compre-tinta-plastisol-violeta-fluorescente-sem-pvc-online\/","title":{"rendered":"Compre tinta plastisol fluorescente violeta sem PVC online"},"content":{"rendered":"<p>Descubra o colorido mundo internacional da impress\u00e3o t\u00eaxtil ecol\u00f3gica com a nossa linha de produtos. <strong>Tinta Plastisol sem PVC<\/strong> <strong>Violeta fluorescente<\/strong>, Formulada especialmente para proporcionar cores vibrantes e aplica\u00e7\u00e3o segura, esta tinta \u00e9 uma das mais desejadas para impress\u00e3o serigr\u00e1fica, sendo ideal para artes\u00e3os, pequenas marcas de vestu\u00e1rio e gr\u00e1ficas profissionais. Ela combina tons fluorescentes vibrantes com um sistema at\u00f3xico e ecologicamente respons\u00e1vel.<\/p>\n<p>Nosso <a href=\"https:\/\/shaliteink.com\/pt\/categoria-produto\/tinta-plastisol-sem-pvc\/\"><strong>Tinta plastisol sem PVC<\/strong><\/a> Atende \u00e0 crescente demanda por materiais de impress\u00e3o mais seguros e sustent\u00e1veis, sem sacrificar o desempenho geral. \u00c9 ideal para impress\u00e3o em uma ampla variedade de tecidos, incluindo algod\u00e3o, poli\u00e9ster e misturas, resultando em estampas vibrantes e duradouras, resistentes a rachaduras, desbotamento e desgaste por lavagem.<\/p>\n<p><img decoding=\"async\" class=\"alignnone size-medium wp-image-3555\" src=\"https:\/\/shaliteink.com\/wp-content\/uploads\/2025\/08\/Plastisol-Ink-Fluorescent-Violet-2-300x260.jpeg\" alt=\"Tinta plastisol violeta fluorescente \" width=\"300\" height=\"260\" srcset=\"https:\/\/shaliteink.com\/wp-content\/uploads\/2025\/08\/Plastisol-Ink-Fluorescent-Violet-2-300x260.jpeg 300w, https:\/\/shaliteink.com\/wp-content\/uploads\/2025\/08\/Plastisol-Ink-Fluorescent-Violet-2-1024x886.jpeg 1024w, https:\/\/shaliteink.com\/wp-content\/uploads\/2025\/08\/Plastisol-Ink-Fluorescent-Violet-2-768x665.jpeg 768w, https:\/\/shaliteink.com\/wp-content\/uploads\/2025\/08\/Plastisol-Ink-Fluorescent-Violet-2-1536x1329.jpeg 1536w, https:\/\/shaliteink.com\/wp-content\/uploads\/2025\/08\/Plastisol-Ink-Fluorescent-Violet-2-2048x1772.jpeg 2048w, https:\/\/shaliteink.com\/wp-content\/uploads\/2025\/08\/Plastisol-Ink-Fluorescent-Violet-2-14x12.jpeg 14w, https:\/\/shaliteink.com\/wp-content\/uploads\/2025\/08\/Plastisol-Ink-Fluorescent-Violet-2-1200x1039.jpeg 1200w, https:\/\/shaliteink.com\/wp-content\/uploads\/2025\/08\/Plastisol-Ink-Fluorescent-Violet-2-150x130.jpeg 150w\" sizes=\"(max-width: 300px) 100vw, 300px\" \/><\/p>\n<h1>Principais caracter\u00edsticas:<\/h1>\n<ul>\n<li>Ecol\u00f3gico e livre de PVC: Fabricado sem PVC, subst\u00e2ncia nociva, garantindo maior seguran\u00e7a no manuseio e conformidade com padr\u00f5es ambientais como o OEKO-TEX.<\/li>\n<li>Cor violeta fluorescente: Oferece um brilho neon atraente que se destaca sob luz solar direta e luz ultravioleta.<\/li>\n<li>Excelente opacidade e cobertura: Proporciona estampas s\u00f3lidas e vibrantes tanto em pe\u00e7as de roupa claras quanto escuras.<\/li>\n<li>Consist\u00eancia uniforme: F\u00e1cil de usar, com gerenciamento espec\u00edfico para designs detalhados e resultados consistentes.<\/li>\n<li>Com baixo odor e n\u00e3o t\u00f3xico: Perfeito para est\u00fadios dom\u00e9sticos, faculdades e oficinas onde a qualidade do ar e a prote\u00e7\u00e3o s\u00e3o prioridades.<\/li>\n<li>Compat\u00edvel com diversas contagens de malha: Adequado para configura\u00e7\u00f5es excepcionais de serigrafia, desde amadores at\u00e9 opera\u00e7\u00f5es profissionais.<\/li>\n<\/ul>\n<h1>Cura e desempenho:<\/h1>\n<p>Nossas op\u00e7\u00f5es de tratamento com tinta plastisol sem fixa\u00e7\u00e3o em PVC s\u00e3o eficazes em uma faixa de temperatura comum de 160\u00b0C a 165\u00b0C (320\u00b0F a 330\u00b0F) por 1 a 2 minutos, garantindo fixa\u00e7\u00e3o r\u00e1pida e um acabamento dur\u00e1vel. A tinta curada mant\u00e9m excelente flexibilidade, resistindo a rachaduras e descascamento mesmo ap\u00f3s v\u00e1rias lavagens. Isso a torna uma escolha confi\u00e1vel para vestu\u00e1rio, itens promocionais e projetos de decora\u00e7\u00e3o que exigem impacto visual e durabilidade.<\/p>\n<p><img decoding=\"async\" class=\"alignnone size-medium wp-image-3554\" src=\"https:\/\/shaliteink.com\/wp-content\/uploads\/2025\/08\/Plastisol-Ink-Fluorescent-Violet-1-300x263.jpeg\" alt=\"Tinta plastisol violeta fluorescente \" width=\"300\" height=\"263\" srcset=\"https:\/\/shaliteink.com\/wp-content\/uploads\/2025\/08\/Plastisol-Ink-Fluorescent-Violet-1-300x263.jpeg 300w, https:\/\/shaliteink.com\/wp-content\/uploads\/2025\/08\/Plastisol-Ink-Fluorescent-Violet-1-1024x896.jpeg 1024w, https:\/\/shaliteink.com\/wp-content\/uploads\/2025\/08\/Plastisol-Ink-Fluorescent-Violet-1-768x672.jpeg 768w, https:\/\/shaliteink.com\/wp-content\/uploads\/2025\/08\/Plastisol-Ink-Fluorescent-Violet-1-1536x1345.jpeg 1536w, https:\/\/shaliteink.com\/wp-content\/uploads\/2025\/08\/Plastisol-Ink-Fluorescent-Violet-1-2048x1793.jpeg 2048w, https:\/\/shaliteink.com\/wp-content\/uploads\/2025\/08\/Plastisol-Ink-Fluorescent-Violet-1-14x12.jpeg 14w, https:\/\/shaliteink.com\/wp-content\/uploads\/2025\/08\/Plastisol-Ink-Fluorescent-Violet-1-1200x1051.jpeg 1200w, https:\/\/shaliteink.com\/wp-content\/uploads\/2025\/08\/Plastisol-Ink-Fluorescent-Violet-1-150x131.jpeg 150w\" sizes=\"(max-width: 300px) 100vw, 300px\" \/><\/p>\n<h1>Por que escolher nossa tinta plastisol sem PVC?<\/h1>\n<p>No <a href=\"https:\/\/shaliteink.com\/pt\/\"><strong>Shaliteink<\/strong><\/a>, Integramos mais de 20 anos de experi\u00eancia em produ\u00e7\u00e3o com pre\u00e7os direto da f\u00e1brica, garantindo satisfa\u00e7\u00e3o e custo-benef\u00edcio em seus projetos de impress\u00e3o. Seja voc\u00ea um artes\u00e3o em busca de kits de tinta para serigrafia f\u00e1ceis de usar, uma marca de roupas independente que precisa de fidelidade de cores ou uma institui\u00e7\u00e3o de ensino procurando tintas seguras e f\u00e1ceis de manusear, nossos produtos s\u00e3o a solu\u00e7\u00e3o ideal. <a href=\"https:\/\/shaliteink.com\/pt\/\"><strong>Tinta plastisol sem PVC<\/strong><\/a>\u00a0O violeta fluorescente atende aos seus desejos.<\/p>\n<p>Nosso suporte ao cliente dedicado inclui orienta\u00e7\u00e3o t\u00e9cnica e recursos para ajud\u00e1-lo a obter resultados de impress\u00e3o de primeira linha com o m\u00ednimo de tentativas e erros. Compre com um pouco de sorte em pacotes de moldes pequenos e aproveite nosso envio r\u00e1pido e disponibilidade de estoque confi\u00e1vel.<\/p>","protected":false},"excerpt":{"rendered":"<p>Compre vibrante <strong data-start=\"3239\" data-end=\"3265\">Tinta plastisol sem PVC<\/strong> Violeta fluorescente para impress\u00e3o t\u00eaxtil segura e brilhante. Perfeito <strong data-start=\"3328\" data-end=\"3351\">tinta de serigrafia<\/strong> Para marcas de roupas, artigos de bricolage e escolas. Compre agora!<\/p>","protected":false},"featured_media":3553,"comment_status":"open","ping_status":"closed","template":"","meta":[],"product_brand":[],"product_cat":[45],"product_tag":[],"class_list":{"0":"post-3069","1":"product","2":"type-product","3":"status-publish","4":"has-post-thumbnail","6":"product_cat-pvc-free-plastisol-ink","8":"first","9":"instock","10":"shipping-taxable","11":"purchasable","12":"product-type-variable"},"tiered_pricing_type":"fixed","tiered_pricing_fixed_rules":[],"tiered_pricing_product_settings":{"layout":"default","base_unit_name":{"singular":null,"plural":null},"default_variation":null},"tiered_pricing_minimum_quantity":null,"tiered_pricing_roles_data":[],"tiered_pricing_percentage_rules":[],"tiered_pricing_maximum_quantity":null,"tiered_pricing_quantity_step":null,"_links":{"self":[{"href":"https:\/\/shaliteink.com\/pt\/wp-json\/wp\/v2\/product\/3069","targetHints":{"allow":["GET"]}}],"collection":[{"href":"https:\/\/shaliteink.com\/pt\/wp-json\/wp\/v2\/product"}],"about":[{"href":"https:\/\/shaliteink.com\/pt\/wp-json\/wp\/v2\/types\/product"}],"replies":[{"embeddable":true,"href":"https:\/\/shaliteink.com\/pt\/wp-json\/wp\/v2\/comments?post=3069"}],"version-history":[{"count":0,"href":"https:\/\/shaliteink.com\/pt\/wp-json\/wp\/v2\/product\/3069\/revisions"}],"wp:featuredmedia":[{"embeddable":true,"href":"https:\/\/shaliteink.com\/pt\/wp-json\/wp\/v2\/media\/3553"}],"wp:attachment":[{"href":"https:\/\/shaliteink.com\/pt\/wp-json\/wp\/v2\/media?parent=3069"}],"wp:term":[{"taxonomy":"product_brand","embeddable":true,"href":"https:\/\/shaliteink.com\/pt\/wp-json\/wp\/v2\/product_brand?post=3069"},{"taxonomy":"product_cat","embeddable":true,"href":"https:\/\/shaliteink.com\/pt\/wp-json\/wp\/v2\/product_cat?post=3069"},{"taxonomy":"product_tag","embeddable":true,"href":"https:\/\/shaliteink.com\/pt\/wp-json\/wp\/v2\/product_tag?post=3069"}],"curies":[{"name":"wp","href":"https:\/\/api.w.org\/{rel}","templated":true}]}}