{"id":3061,"date":"2025-10-15T08:00:47","date_gmt":"2025-10-15T08:00:47","guid":{"rendered":"https:\/\/shaliteink.com\/?post_type=product&#038;p=3061"},"modified":"2025-12-10T11:29:42","modified_gmt":"2025-12-10T11:29:42","slug":"tinta-plastisol-sem-pvc-rosa-fluorescente-vermelha-compre-online","status":"publish","type":"product","link":"https:\/\/shaliteink.com\/pt\/produto\/tinta-plastisol-sem-pvc-rosa-fluorescente-vermelha-compre-online\/","title":{"rendered":"Tinta plastisol sem PVC, rosa fluorescente vermelha \u2013 Compre online"},"content":{"rendered":"<p>Descubra o poder vibrante do nosso <strong>Tinta plastisol sem PVC<\/strong> <strong>Rosa fluorescente vermelho<\/strong>, Projetada especialmente para sistemas de tinta de serigrafia de alta qualidade e ecologicamente corretos. Uma escolha confi\u00e1vel para artes\u00e3os amadores, propriet\u00e1rios de pequenas empresas e profissionais de serigrafia, esta tinta \u00e9 uma excelente op\u00e7\u00e3o. <a href=\"https:\/\/shaliteink.com\/pt\/categoria-produto\/tinta-plastisol-sem-pvc\/\"><strong>Tinta Plastisol sem PVC<\/strong><\/a>\u00a0Proporciona uma colora\u00e7\u00e3o super fluorescente com durabilidade incr\u00edvel, ideal para o desenvolvimento de roupas e tecidos personalizados e atraentes.<\/p>\n<p>Nossa tinta plastisol sem PVC foi formulada especificamente para ser livre de compostos nocivos de PVC, oferecendo uma op\u00e7\u00e3o mais segura e ecol\u00f3gica sem comprometer o desempenho de impress\u00e3o. O tom rosa fluorescente proporciona brilho e visibilidade excepcionais, ideal para produtos promocionais, moda e projetos criativos que exigem cores vibrantes e duradouras.<\/p>\n<p><img decoding=\"async\" class=\"alignnone size-medium wp-image-3559\" src=\"https:\/\/shaliteink.com\/wp-content\/uploads\/2025\/08\/Fluorescent-Rose-Red-2-288x300.jpeg\" alt=\" Rosa fluorescente vermelho\" width=\"288\" height=\"300\" srcset=\"https:\/\/shaliteink.com\/wp-content\/uploads\/2025\/08\/Fluorescent-Rose-Red-2-288x300.jpeg 288w, https:\/\/shaliteink.com\/wp-content\/uploads\/2025\/08\/Fluorescent-Rose-Red-2-983x1024.jpeg 983w, https:\/\/shaliteink.com\/wp-content\/uploads\/2025\/08\/Fluorescent-Rose-Red-2-768x800.jpeg 768w, https:\/\/shaliteink.com\/wp-content\/uploads\/2025\/08\/Fluorescent-Rose-Red-2-1475x1536.jpeg 1475w, https:\/\/shaliteink.com\/wp-content\/uploads\/2025\/08\/Fluorescent-Rose-Red-2-12x12.jpeg 12w, https:\/\/shaliteink.com\/wp-content\/uploads\/2025\/08\/Fluorescent-Rose-Red-2-1200x1250.jpeg 1200w, https:\/\/shaliteink.com\/wp-content\/uploads\/2025\/08\/Fluorescent-Rose-Red-2-150x156.jpeg 150w, https:\/\/shaliteink.com\/wp-content\/uploads\/2025\/08\/Fluorescent-Rose-Red-2.jpeg 1632w\" sizes=\"(max-width: 288px) 100vw, 288px\" \/><\/p>\n<h1>Principais caracter\u00edsticas:<\/h1>\n<ul>\n<li>Pigmenta\u00e7\u00e3o fluorescente vibrante: O tom vermelho rosado oferece alta opacidade e prote\u00e7\u00e3o avan\u00e7ada. Suas impress\u00f5es mant\u00eam a intensidade das cores, lavagem ap\u00f3s lavagem.<\/li>\n<li>Ecol\u00f3gica e segura: Livre de PVC e produtos qu\u00edmicos nocivos, esta tinta n\u00e3o \u00e9 t\u00f3xica e tem um odor leve \u2014 ideal para uso seguro perto de crian\u00e7as, animais de estima\u00e7\u00e3o e em ambientes escolares.<\/li>\n<li>Aplica\u00e7\u00e3o f\u00e1cil de usar: A consist\u00eancia cremosa e homog\u00eanea torna o produto adequado at\u00e9 mesmo para iniciantes, enquanto gr\u00e1ficas experientes apreciam a facilidade de instala\u00e7\u00e3o e limpeza.<\/li>\n<li>Compat\u00edvel com todos os tecidos: Projetado para algod\u00e3o, misturas e, no m\u00e1ximo, poli\u00e9ster. Ideal para roupas, artigos de decora\u00e7\u00e3o, acess\u00f3rios e projetos de artesanato.<\/li>\n<li>Ideal para pequenos e grandes lotes: Dispon\u00edvel em tamanhos padronizados e embalagens de grande porte. Teste novas cores ou aumente a produ\u00e7\u00e3o com garantia de consist\u00eancia de tonalidade.<\/li>\n<\/ul>\n<h1>Instru\u00e7\u00f5es de cura:<\/h1>\n<p>Para obter os melhores resultados, aplique a tinta a 160 \u00b0C (320 \u00b0F) durante 1 a 1,5 minutos ou at\u00e9 que a tinta adira completamente ao material. A cura adequada garante impress\u00f5es duradouras com excelente resist\u00eancia \u00e0 lavagem e reten\u00e7\u00e3o de cores vibrantes.<\/p>\n<p><img decoding=\"async\" class=\"alignnone size-medium wp-image-3558\" src=\"https:\/\/shaliteink.com\/wp-content\/uploads\/2025\/08\/Fluorescent-Rose-Red-1-283x300.jpeg\" alt=\" Rosa fluorescente vermelho\" width=\"283\" height=\"300\" srcset=\"https:\/\/shaliteink.com\/wp-content\/uploads\/2025\/08\/Fluorescent-Rose-Red-1-283x300.jpeg 283w, https:\/\/shaliteink.com\/wp-content\/uploads\/2025\/08\/Fluorescent-Rose-Red-1-966x1024.jpeg 966w, https:\/\/shaliteink.com\/wp-content\/uploads\/2025\/08\/Fluorescent-Rose-Red-1-768x814.jpeg 768w, https:\/\/shaliteink.com\/wp-content\/uploads\/2025\/08\/Fluorescent-Rose-Red-1-1449x1536.jpeg 1449w, https:\/\/shaliteink.com\/wp-content\/uploads\/2025\/08\/Fluorescent-Rose-Red-1-11x12.jpeg 11w, https:\/\/shaliteink.com\/wp-content\/uploads\/2025\/08\/Fluorescent-Rose-Red-1-1200x1272.jpeg 1200w, https:\/\/shaliteink.com\/wp-content\/uploads\/2025\/08\/Fluorescent-Rose-Red-1-150x159.jpeg 150w, https:\/\/shaliteink.com\/wp-content\/uploads\/2025\/08\/Fluorescent-Rose-Red-1.jpeg 1664w\" sizes=\"(max-width: 283px) 100vw, 283px\" \/><\/p>","protected":false},"excerpt":{"rendered":"<p>Compre produtos vibrantes e ecol\u00f3gicos. <strong data-start=\"3573\" data-end=\"3599\">Tinta plastisol sem PVC<\/strong> Em vermelho rosa fluorescente. Perfeito para projetos DIY, vestu\u00e1rio e impress\u00e3o promocional. Compre produtos de alta qualidade. <strong data-start=\"3688\" data-end=\"3711\">tinta de serigrafia<\/strong> J\u00e1 dispon\u00edvel online!<\/p>","protected":false},"featured_media":3557,"comment_status":"open","ping_status":"closed","template":"","meta":[],"product_brand":[],"product_cat":[45],"product_tag":[],"class_list":{"0":"post-3061","1":"product","2":"type-product","3":"status-publish","4":"has-post-thumbnail","6":"product_cat-pvc-free-plastisol-ink","8":"first","9":"instock","10":"shipping-taxable","11":"purchasable","12":"product-type-variable"},"tiered_pricing_type":"fixed","tiered_pricing_fixed_rules":[],"tiered_pricing_product_settings":{"layout":"default","base_unit_name":{"singular":null,"plural":null},"default_variation":null},"tiered_pricing_minimum_quantity":null,"tiered_pricing_roles_data":[],"tiered_pricing_percentage_rules":[],"tiered_pricing_maximum_quantity":null,"tiered_pricing_quantity_step":null,"_links":{"self":[{"href":"https:\/\/shaliteink.com\/pt\/wp-json\/wp\/v2\/product\/3061","targetHints":{"allow":["GET"]}}],"collection":[{"href":"https:\/\/shaliteink.com\/pt\/wp-json\/wp\/v2\/product"}],"about":[{"href":"https:\/\/shaliteink.com\/pt\/wp-json\/wp\/v2\/types\/product"}],"replies":[{"embeddable":true,"href":"https:\/\/shaliteink.com\/pt\/wp-json\/wp\/v2\/comments?post=3061"}],"version-history":[{"count":1,"href":"https:\/\/shaliteink.com\/pt\/wp-json\/wp\/v2\/product\/3061\/revisions"}],"predecessor-version":[{"id":4557,"href":"https:\/\/shaliteink.com\/pt\/wp-json\/wp\/v2\/product\/3061\/revisions\/4557"}],"wp:featuredmedia":[{"embeddable":true,"href":"https:\/\/shaliteink.com\/pt\/wp-json\/wp\/v2\/media\/3557"}],"wp:attachment":[{"href":"https:\/\/shaliteink.com\/pt\/wp-json\/wp\/v2\/media?parent=3061"}],"wp:term":[{"taxonomy":"product_brand","embeddable":true,"href":"https:\/\/shaliteink.com\/pt\/wp-json\/wp\/v2\/product_brand?post=3061"},{"taxonomy":"product_cat","embeddable":true,"href":"https:\/\/shaliteink.com\/pt\/wp-json\/wp\/v2\/product_cat?post=3061"},{"taxonomy":"product_tag","embeddable":true,"href":"https:\/\/shaliteink.com\/pt\/wp-json\/wp\/v2\/product_tag?post=3061"}],"curies":[{"name":"wp","href":"https:\/\/api.w.org\/{rel}","templated":true}]}}