{"id":3055,"date":"2025-10-15T07:58:12","date_gmt":"2025-10-15T07:58:12","guid":{"rendered":"https:\/\/shaliteink.com\/?post_type=product&#038;p=3055"},"modified":"2025-12-10T11:31:26","modified_gmt":"2025-12-10T11:31:26","slug":"tinta-plastisol-rosa-fluorescente-sem-pvc-compre-aqui","status":"publish","type":"product","link":"https:\/\/shaliteink.com\/pt\/produto\/tinta-plastisol-rosa-fluorescente-sem-pvc-compre-aqui\/","title":{"rendered":"Tinta plastisol sem PVC \u2013 Rosa fluorescente \u2013 Compre a tinta aqui"},"content":{"rendered":"<p>Descubra a energia vibrante do nosso <strong><a href=\"https:\/\/shaliteink.com\/pt\/categoria-produto\/tinta-plastisol-sem-pvc\/\">Tinta plastisol sem PVC<\/a><\/strong> Em vermelho fluorescente, foi desenvolvida para projetos de serigrafia de alto impacto que exigem prote\u00e7\u00e3o, durabilidade e cores vibrantes. Fabricada com mais de vinte anos de experi\u00eancia na Shaliteink, esta tinta ecol\u00f3gica para serigrafia oferece uma op\u00e7\u00e3o premium para criadores que priorizam a sa\u00fade e a responsabilidade ambiental sem abrir m\u00e3o da qualidade.<\/p>\n<p>Ideal para artes\u00e3os do tipo &quot;fa\u00e7a voc\u00ea mesmo&quot;, fabricantes independentes de vestu\u00e1rio e gr\u00e1ficas especializadas, esta tinta garante impress\u00f5es de alta qualidade e duradouras em algod\u00e3o, poli\u00e9ster e tecidos mistos. O tom carmesim fluorescente proporciona um brilho intenso e chamativo, perfeito para criar designs diferenciados em camisetas personalizadas, bolsas e produtos promocionais.<\/p>\n<p>Como l\u00edder global em tintas para impress\u00e3o display, a Shaliteink possui mais de 20 anos de experi\u00eancia na produ\u00e7\u00e3o, fornecendo tintas de alta qualidade que s\u00e3o utilizadas por marcas mundialmente renomadas. <strong><a href=\"https:\/\/shaliteink.com\/pt\/\">Loja online de tinta plastisol sem PVC<\/a><\/strong> Oferece o melhor dos dois mundos: durabilidade profissional e compromisso com um planeta e um ambiente de trabalho mais saud\u00e1veis.<\/p>\n<p><img decoding=\"async\" class=\"alignnone size-medium wp-image-3562\" src=\"https:\/\/shaliteink.com\/wp-content\/uploads\/2025\/08\/Plastisol-Ink-\u2013-Fluorescent-Pink-252x300.jpeg\" alt=\"Tinta plastisol \u2013 Rosa fluorescente\" width=\"252\" height=\"300\" srcset=\"https:\/\/shaliteink.com\/wp-content\/uploads\/2025\/08\/Plastisol-Ink-\u2013-Fluorescent-Pink-252x300.jpeg 252w, https:\/\/shaliteink.com\/wp-content\/uploads\/2025\/08\/Plastisol-Ink-\u2013-Fluorescent-Pink-860x1024.jpeg 860w, https:\/\/shaliteink.com\/wp-content\/uploads\/2025\/08\/Plastisol-Ink-\u2013-Fluorescent-Pink-768x915.jpeg 768w, https:\/\/shaliteink.com\/wp-content\/uploads\/2025\/08\/Plastisol-Ink-\u2013-Fluorescent-Pink-1289x1536.jpeg 1289w, https:\/\/shaliteink.com\/wp-content\/uploads\/2025\/08\/Plastisol-Ink-\u2013-Fluorescent-Pink-10x12.jpeg 10w, https:\/\/shaliteink.com\/wp-content\/uploads\/2025\/08\/Plastisol-Ink-\u2013-Fluorescent-Pink-1200x1429.jpeg 1200w, https:\/\/shaliteink.com\/wp-content\/uploads\/2025\/08\/Plastisol-Ink-\u2013-Fluorescent-Pink-150x179.jpeg 150w, https:\/\/shaliteink.com\/wp-content\/uploads\/2025\/08\/Plastisol-Ink-\u2013-Fluorescent-Pink.jpeg 1632w\" sizes=\"(max-width: 252px) 100vw, 252px\" \/><\/p>\n<h1>Principais caracter\u00edsticas:<\/h1>\n<ul>\n<li>Cores vibrantes: O rosa fluorescente foi formulado para oferecer o m\u00e1ximo de destaque e cobertura confi\u00e1vel \u2014 suas roupas personalizadas, sacolas e projetos de decora\u00e7\u00e3o irradiar\u00e3o com cores energ\u00e9ticas e resistentes ao desbotamento.<\/li>\n<li>Ecol\u00f3gico e seguro: isto <strong>Tinta plastisol sem PVC<\/strong> Elimina ftalatos e cloreto de polivinila, subst\u00e2ncias nocivas, tornando-o perfeito para artes\u00e3os, escolas e ambientes familiares que priorizam a seguran\u00e7a. Possui baixo odor e \u00e9 at\u00f3xico, oferecendo tranquilidade para est\u00fadios dom\u00e9sticos e espa\u00e7os educacionais.<\/li>\n<li>Compatibilidade universal: Desenvolvida para uso em algod\u00e3o, misturas e muitos tecidos sint\u00e9ticos, esta tinta se destaca tanto em projetos pessoais quanto na produ\u00e7\u00e3o profissional para o varejo. Perfeita para marcas de vestu\u00e1rio independentes e vendedores do Etsy e Shopify que exigem consist\u00eancia em todas as impress\u00f5es.<\/li>\n<li>F\u00e1cil de usar: Com uma textura cremosa e suave, esta tinta para serigrafia desliza facilmente sobre telas de malha padr\u00e3o. \u00c9 f\u00e1cil de manusear, mesmo para iniciantes, e proporciona o acabamento profissional que as gr\u00e1ficas mais avan\u00e7adas esperam.<\/li>\n<\/ul>\n<p><img decoding=\"async\" class=\"alignnone size-medium wp-image-3563\" src=\"https:\/\/shaliteink.com\/wp-content\/uploads\/2025\/08\/Plastisol-Ink-\u2013-Fluorescent-Pink-1-273x300.jpeg\" alt=\"Tinta plastisol \u2013 Rosa fluorescente\" width=\"273\" height=\"300\" srcset=\"https:\/\/shaliteink.com\/wp-content\/uploads\/2025\/08\/Plastisol-Ink-\u2013-Fluorescent-Pink-1-273x300.jpeg 273w, https:\/\/shaliteink.com\/wp-content\/uploads\/2025\/08\/Plastisol-Ink-\u2013-Fluorescent-Pink-1-933x1024.jpeg 933w, https:\/\/shaliteink.com\/wp-content\/uploads\/2025\/08\/Plastisol-Ink-\u2013-Fluorescent-Pink-1-768x843.jpeg 768w, https:\/\/shaliteink.com\/wp-content\/uploads\/2025\/08\/Plastisol-Ink-\u2013-Fluorescent-Pink-1-1400x1536.jpeg 1400w, https:\/\/shaliteink.com\/wp-content\/uploads\/2025\/08\/Plastisol-Ink-\u2013-Fluorescent-Pink-1-1867x2048.jpeg 1867w, https:\/\/shaliteink.com\/wp-content\/uploads\/2025\/08\/Plastisol-Ink-\u2013-Fluorescent-Pink-1-11x12.jpeg 11w, https:\/\/shaliteink.com\/wp-content\/uploads\/2025\/08\/Plastisol-Ink-\u2013-Fluorescent-Pink-1-1200x1317.jpeg 1200w, https:\/\/shaliteink.com\/wp-content\/uploads\/2025\/08\/Plastisol-Ink-\u2013-Fluorescent-Pink-1-150x165.jpeg 150w\" sizes=\"(max-width: 273px) 100vw, 273px\" \/><\/p>\n<h1>Instru\u00e7\u00f5es de cura:<\/h1>\n<p>A cura adequada \u00e9 fundamental para a durabilidade e resist\u00eancia \u00e0 lavagem. Cure a tinta a 160 \u00b0C (320 \u00b0F) por 1 a 1,5 minutos, ou at\u00e9 que a tinta esteja completamente aderida ao material. Para quem prefere fazer a impress\u00e3o por conta pr\u00f3pria, uma prensa t\u00e9rmica dom\u00e9stica ou um soprador t\u00e9rmico com as configura\u00e7\u00f5es de temperatura adequadas podem proporcionar \u00f3timos resultados. Uma cura r\u00e1pida e eficiente ajuda a evitar rachaduras e desbotamento nas impress\u00f5es finalizadas.<\/p>","protected":false},"excerpt":{"rendered":"<p>Compre produtos vibrantes e ecol\u00f3gicos. <strong data-start=\"3124\" data-end=\"3150\">Tinta plastisol sem PVC<\/strong> Na cor rosa fluorescente. Perfeita para projetos &quot;fa\u00e7a voc\u00ea mesmo&quot;, marcas de vestu\u00e1rio e escolas. Segura, dur\u00e1vel e f\u00e1cil de secar. Compre tinta aqui hoje mesmo!<\/p>","protected":false},"featured_media":3564,"comment_status":"open","ping_status":"closed","template":"","meta":[],"product_brand":[],"product_cat":[45],"product_tag":[],"class_list":{"0":"post-3055","1":"product","2":"type-product","3":"status-publish","4":"has-post-thumbnail","6":"product_cat-pvc-free-plastisol-ink","8":"first","9":"instock","10":"shipping-taxable","11":"purchasable","12":"product-type-variable"},"tiered_pricing_type":"fixed","tiered_pricing_fixed_rules":[],"tiered_pricing_product_settings":{"layout":"default","base_unit_name":{"singular":null,"plural":null},"default_variation":null},"tiered_pricing_minimum_quantity":null,"tiered_pricing_roles_data":[],"tiered_pricing_percentage_rules":[],"tiered_pricing_maximum_quantity":null,"tiered_pricing_quantity_step":null,"_links":{"self":[{"href":"https:\/\/shaliteink.com\/pt\/wp-json\/wp\/v2\/product\/3055","targetHints":{"allow":["GET"]}}],"collection":[{"href":"https:\/\/shaliteink.com\/pt\/wp-json\/wp\/v2\/product"}],"about":[{"href":"https:\/\/shaliteink.com\/pt\/wp-json\/wp\/v2\/types\/product"}],"replies":[{"embeddable":true,"href":"https:\/\/shaliteink.com\/pt\/wp-json\/wp\/v2\/comments?post=3055"}],"version-history":[{"count":0,"href":"https:\/\/shaliteink.com\/pt\/wp-json\/wp\/v2\/product\/3055\/revisions"}],"wp:featuredmedia":[{"embeddable":true,"href":"https:\/\/shaliteink.com\/pt\/wp-json\/wp\/v2\/media\/3564"}],"wp:attachment":[{"href":"https:\/\/shaliteink.com\/pt\/wp-json\/wp\/v2\/media?parent=3055"}],"wp:term":[{"taxonomy":"product_brand","embeddable":true,"href":"https:\/\/shaliteink.com\/pt\/wp-json\/wp\/v2\/product_brand?post=3055"},{"taxonomy":"product_cat","embeddable":true,"href":"https:\/\/shaliteink.com\/pt\/wp-json\/wp\/v2\/product_cat?post=3055"},{"taxonomy":"product_tag","embeddable":true,"href":"https:\/\/shaliteink.com\/pt\/wp-json\/wp\/v2\/product_tag?post=3055"}],"curies":[{"name":"wp","href":"https:\/\/api.w.org\/{rel}","templated":true}]}}