{"id":3052,"date":"2025-10-15T07:53:47","date_gmt":"2025-10-15T07:53:47","guid":{"rendered":"https:\/\/shaliteink.com\/?post_type=product&#038;p=3052"},"modified":"2025-12-10T11:28:40","modified_gmt":"2025-12-10T11:28:40","slug":"tinta-plastisol-rosa-fluorescente-sem-pvc-de-qualidade-profissional","status":"publish","type":"product","link":"https:\/\/shaliteink.com\/pt\/produto\/tinta-plastisol-rosa-fluorescente-sem-pvc-de-qualidade-profissional\/","title":{"rendered":"Tinta plastisol rosa fluorescente sem PVC \u2013 Compre tinta de qualidade"},"content":{"rendered":"<p>Apresentando <strong>Tinta plastisol sem PVC rosa fluorescente<\/strong>, uma tinta plastisol premium sem PVC, desenvolvida para proporcionar impress\u00f5es coloridas e atraentes com excelente durabilidade. Formulada especialmente para <a href=\"https:\/\/shaliteink.com\/pt\/screen-printing-ink\/\"><strong>tinta de serigrafia<\/strong><\/a> Com diversas aplica\u00e7\u00f5es, esta tinta fluorescente roxa \u00e9 ideal para artes\u00e3os criativos do tipo &quot;fa\u00e7a voc\u00ea mesmo&quot;, pequenos vendedores empresariais e gr\u00e1ficas profissionais que buscam uma solu\u00e7\u00e3o segura, ecol\u00f3gica e de alto desempenho.<\/p>\n<p><img decoding=\"async\" class=\"alignnone size-medium wp-image-3566\" src=\"https:\/\/shaliteink.com\/wp-content\/uploads\/2025\/08\/Plastisol-Ink-Fluorescent-Pink-300x266.jpeg\" alt=\"Tinta plastisol rosa fluorescente\" width=\"300\" height=\"266\" srcset=\"https:\/\/shaliteink.com\/wp-content\/uploads\/2025\/08\/Plastisol-Ink-Fluorescent-Pink-300x266.jpeg 300w, https:\/\/shaliteink.com\/wp-content\/uploads\/2025\/08\/Plastisol-Ink-Fluorescent-Pink-1024x907.jpeg 1024w, https:\/\/shaliteink.com\/wp-content\/uploads\/2025\/08\/Plastisol-Ink-Fluorescent-Pink-768x680.jpeg 768w, https:\/\/shaliteink.com\/wp-content\/uploads\/2025\/08\/Plastisol-Ink-Fluorescent-Pink-14x12.jpeg 14w, https:\/\/shaliteink.com\/wp-content\/uploads\/2025\/08\/Plastisol-Ink-Fluorescent-Pink-150x133.jpeg 150w, https:\/\/shaliteink.com\/wp-content\/uploads\/2025\/08\/Plastisol-Ink-Fluorescent-Pink.jpeg 1192w\" sizes=\"(max-width: 300px) 100vw, 300px\" \/><\/p>\n<p>Nosso <a href=\"https:\/\/shaliteink.com\/pt\/categoria-produto\/tinta-plastisol-sem-pvc\/\"><strong>Tinta plastisol sem PVC <\/strong><\/a>Atende aos mais altos padr\u00f5es ambientais sem comprometer a qualidade de impress\u00e3o. Perfeita para impress\u00e3o em algod\u00e3o, poli\u00e9ster e tecidos mistos, produz cores fluorescentes vibrantes que se destacam em qualquer condi\u00e7\u00e3o de ilumina\u00e7\u00e3o, fazendo com que suas camisetas personalizadas, bolsas e brindes promocionais simplesmente se sobressaiam. Seja voc\u00ea um amador trabalhando em casa ou uma marca independente de vestu\u00e1rio expandindo a produ\u00e7\u00e3o, esta tinta garante resultados consistentes em todas as ocasi\u00f5es.<\/p>\n<h1>Principais caracter\u00edsticas:<\/h1>\n<ul>\n<li>Rosa Fluorescente Incr\u00edvel: Desfrute de cores vibrantes e de alta opacidade, com excepcional resist\u00eancia \u00e0 lavagem e ao desbotamento. Destaque-se com estampas que realmente brilham.<\/li>\n<li>Ecol\u00f3gica e segura: Esta tinta plastisol sem PVC \u00e9 at\u00f3xica, livre de ftalatos e com baixo odor \u2014 segura para est\u00fadios familiares, salas de aula e espa\u00e7os com animais de estima\u00e7\u00e3o.<\/li>\n<li>Aplica\u00e7\u00e3o suave: Formulada com uma textura macia e cremosa, desliza facilmente pela tela, proporcionando cobertura uniforme e detalhes n\u00edtidos, mesmo para iniciantes.<\/li>\n<li>Desempenho vers\u00e1til em tecidos: Oferece resultados consistentes em algod\u00e3o, misturas, poli\u00e9steres e muito mais \u2014 perfeito para vestu\u00e1rio, itens promocionais e decora\u00e7\u00e3o.<\/li>\n<li>Dispon\u00edvel em v\u00e1rios tamanhos: Comece com uma amostra, fa\u00e7a um estoque para grandes produ\u00e7\u00f5es ou crie efeitos personalizados com confian\u00e7a.<\/li>\n<\/ul>\n<p><img decoding=\"async\" class=\"alignnone size-medium wp-image-3567\" src=\"https:\/\/shaliteink.com\/wp-content\/uploads\/2025\/08\/Plastisol-Ink-Fluorescent-Pink-1-264x300.jpeg\" alt=\"Tinta plastisol rosa fluorescente\" width=\"264\" height=\"300\" srcset=\"https:\/\/shaliteink.com\/wp-content\/uploads\/2025\/08\/Plastisol-Ink-Fluorescent-Pink-1-264x300.jpeg 264w, https:\/\/shaliteink.com\/wp-content\/uploads\/2025\/08\/Plastisol-Ink-Fluorescent-Pink-1-900x1024.jpeg 900w, https:\/\/shaliteink.com\/wp-content\/uploads\/2025\/08\/Plastisol-Ink-Fluorescent-Pink-1-768x874.jpeg 768w, https:\/\/shaliteink.com\/wp-content\/uploads\/2025\/08\/Plastisol-Ink-Fluorescent-Pink-1-1350x1536.jpeg 1350w, https:\/\/shaliteink.com\/wp-content\/uploads\/2025\/08\/Plastisol-Ink-Fluorescent-Pink-1-11x12.jpeg 11w, https:\/\/shaliteink.com\/wp-content\/uploads\/2025\/08\/Plastisol-Ink-Fluorescent-Pink-1-1200x1365.jpeg 1200w, https:\/\/shaliteink.com\/wp-content\/uploads\/2025\/08\/Plastisol-Ink-Fluorescent-Pink-1-150x171.jpeg 150w, https:\/\/shaliteink.com\/wp-content\/uploads\/2025\/08\/Plastisol-Ink-Fluorescent-Pink-1.jpeg 1568w\" sizes=\"(max-width: 264px) 100vw, 264px\" \/><\/p>\n<p>&nbsp;<\/p>","protected":false},"excerpt":{"rendered":"<p>Compre produtos premium <strong data-start=\"3588\" data-end=\"3614\">Tinta plastisol sem PVC<\/strong> em rosa fluorescente para seguran\u00e7a e cores vibrantes <strong data-start=\"3653\" data-end=\"3676\">tinta de serigrafia<\/strong> Ideal para projetos de fa\u00e7a voc\u00ea mesmo, pequenas tiragens e necessidades de impress\u00e3o ecol\u00f3gica.<\/p>","protected":false},"featured_media":3111,"comment_status":"open","ping_status":"closed","template":"","meta":[],"product_brand":[],"product_cat":[45],"product_tag":[],"class_list":{"0":"post-3052","1":"product","2":"type-product","3":"status-publish","4":"has-post-thumbnail","6":"product_cat-pvc-free-plastisol-ink","8":"first","9":"instock","10":"shipping-taxable","11":"purchasable","12":"product-type-variable"},"tiered_pricing_type":"fixed","tiered_pricing_fixed_rules":[],"tiered_pricing_product_settings":{"layout":"default","base_unit_name":{"singular":null,"plural":null},"default_variation":null},"tiered_pricing_minimum_quantity":null,"tiered_pricing_roles_data":[],"tiered_pricing_percentage_rules":[],"tiered_pricing_maximum_quantity":null,"tiered_pricing_quantity_step":null,"_links":{"self":[{"href":"https:\/\/shaliteink.com\/pt\/wp-json\/wp\/v2\/product\/3052","targetHints":{"allow":["GET"]}}],"collection":[{"href":"https:\/\/shaliteink.com\/pt\/wp-json\/wp\/v2\/product"}],"about":[{"href":"https:\/\/shaliteink.com\/pt\/wp-json\/wp\/v2\/types\/product"}],"replies":[{"embeddable":true,"href":"https:\/\/shaliteink.com\/pt\/wp-json\/wp\/v2\/comments?post=3052"}],"version-history":[{"count":0,"href":"https:\/\/shaliteink.com\/pt\/wp-json\/wp\/v2\/product\/3052\/revisions"}],"wp:featuredmedia":[{"embeddable":true,"href":"https:\/\/shaliteink.com\/pt\/wp-json\/wp\/v2\/media\/3111"}],"wp:attachment":[{"href":"https:\/\/shaliteink.com\/pt\/wp-json\/wp\/v2\/media?parent=3052"}],"wp:term":[{"taxonomy":"product_brand","embeddable":true,"href":"https:\/\/shaliteink.com\/pt\/wp-json\/wp\/v2\/product_brand?post=3052"},{"taxonomy":"product_cat","embeddable":true,"href":"https:\/\/shaliteink.com\/pt\/wp-json\/wp\/v2\/product_cat?post=3052"},{"taxonomy":"product_tag","embeddable":true,"href":"https:\/\/shaliteink.com\/pt\/wp-json\/wp\/v2\/product_tag?post=3052"}],"curies":[{"name":"wp","href":"https:\/\/api.w.org\/{rel}","templated":true}]}}