{"id":3040,"date":"2025-10-13T09:24:09","date_gmt":"2025-10-13T09:24:09","guid":{"rendered":"https:\/\/shaliteink.com\/?post_type=product&#038;p=3040"},"modified":"2025-12-10T11:32:01","modified_gmt":"2025-12-10T11:32:01","slug":"tinta-plastisol-laranja-fluorescente-sem-pvc-para-serigrafia","status":"publish","type":"product","link":"https:\/\/shaliteink.com\/pt\/produto\/tinta-plastisol-laranja-fluorescente-sem-pvc-para-serigrafia\/","title":{"rendered":"Tinta Plastisol Laranja Fluorescente Sem PVC para Serigrafia"},"content":{"rendered":"<p>D\u00ea vida aos seus projetos com nossos <strong>Tinta Plastisol sem PVC<\/strong> Laranja Fluorescente \u2014 uma solu\u00e7\u00e3o colorida e ecologicamente correta, ideal para os artistas de serigrafia de hoje. Seja para personalizar camisetas em um pequeno est\u00fadio ou produzir brindes promocionais em grande escala, esta tinta plastisol de PVC oferece cores vibrantes e desempenho confi\u00e1vel, sem comprometer a prote\u00e7\u00e3o ou a sustentabilidade.<\/p>\n<p><a href=\"https:\/\/shaliteink.com\/pt\/\"><strong>Shaliteink<\/strong><\/a> O laranja fluorescente faz parte da nossa linha verde. <a href=\"https:\/\/shaliteink.com\/pt\/categoria-produto\/tinta-plastisol-sem-pvc\/\"><strong>Tinta plastisol sem PVC<\/strong><\/a>, Desenvolvida especificamente para criadores que se preocupam tanto com o planeta quanto com suas estampas. Livre de PVC e ftalatos nocivos, \u00e9 perfeita para escolas, espa\u00e7os de cria\u00e7\u00e3o, vendedores do Etsy, startups de vestu\u00e1rio independentes e entusiastas da impress\u00e3o em casa.<\/p>\n<p><img decoding=\"async\" class=\"alignnone wp-image-3042\" src=\"https:\/\/shaliteink.com\/wp-content\/uploads\/2025\/08\/PVC-Free-Plastisol-Ink-Fluorescent-Orange-1-256x300.jpeg\" alt=\"Tinta plastisol sem PVC, laranja fluorescente\" width=\"218\" height=\"255\" srcset=\"https:\/\/shaliteink.com\/wp-content\/uploads\/2025\/08\/PVC-Free-Plastisol-Ink-Fluorescent-Orange-1-256x300.jpeg 256w, https:\/\/shaliteink.com\/wp-content\/uploads\/2025\/08\/PVC-Free-Plastisol-Ink-Fluorescent-Orange-1-874x1024.jpeg 874w, https:\/\/shaliteink.com\/wp-content\/uploads\/2025\/08\/PVC-Free-Plastisol-Ink-Fluorescent-Orange-1-768x900.jpeg 768w, https:\/\/shaliteink.com\/wp-content\/uploads\/2025\/08\/PVC-Free-Plastisol-Ink-Fluorescent-Orange-1-1311x1536.jpeg 1311w, https:\/\/shaliteink.com\/wp-content\/uploads\/2025\/08\/PVC-Free-Plastisol-Ink-Fluorescent-Orange-1-1748x2048.jpeg 1748w, https:\/\/shaliteink.com\/wp-content\/uploads\/2025\/08\/PVC-Free-Plastisol-Ink-Fluorescent-Orange-1-10x12.jpeg 10w, https:\/\/shaliteink.com\/wp-content\/uploads\/2025\/08\/PVC-Free-Plastisol-Ink-Fluorescent-Orange-1-1200x1406.jpeg 1200w, https:\/\/shaliteink.com\/wp-content\/uploads\/2025\/08\/PVC-Free-Plastisol-Ink-Fluorescent-Orange-1-150x176.jpeg 150w, https:\/\/shaliteink.com\/wp-content\/uploads\/2025\/08\/PVC-Free-Plastisol-Ink-Fluorescent-Orange-1.jpeg 1960w\" sizes=\"(max-width: 218px) 100vw, 218px\" \/><\/p>\n<h1>Principais caracter\u00edsticas:<\/h1>\n<ul>\n<li>F\u00f3rmula Ecologicamente Consciente: Nosso PVC sem fecho <strong>tinta plastisol<\/strong> Formulado sem PVC ou ftalatos, \u00e9 seguro para salas de aula, ambientes familiares e fabricantes ecologicamente conscientes. Em conformidade com os padr\u00f5es OEKO-TEX para sua tranquilidade.<\/li>\n<li>Brilho fluorescente: Esta vibrante cor laranja fluorescente proporciona m\u00e1xima visibilidade e impacto, sendo perfeita para retratos impactantes, roupas infantis, roupas esportivas ou pe\u00e7as promocionais.<\/li>\n<li>Estampas macias e flex\u00edveis: Proporcionam um toque suave sem comprometer a firmeza ou a resist\u00eancia ao estiramento. Ideais para algod\u00e3o, misturas de poli\u00e9ster e tecidos de fibras mistas.<\/li>\n<li>Pronto para projetos DIY e pequenas tiragens: Dispon\u00edvel em tamanhos como 4\u00d7100 ml, ideal para testes, impress\u00e3o amadora ou pedidos comerciais de pequena quantidade.<\/li>\n<\/ul>\n<p><img decoding=\"async\" class=\"alignnone size-medium wp-image-3572\" src=\"https:\/\/shaliteink.com\/wp-content\/uploads\/2025\/08\/Plastisol-Ink-Fluorescent-Orange-276x300.jpeg\" alt=\"Tinta plastisol laranja fluorescente\" width=\"276\" height=\"300\" srcset=\"https:\/\/shaliteink.com\/wp-content\/uploads\/2025\/08\/Plastisol-Ink-Fluorescent-Orange-276x300.jpeg 276w, https:\/\/shaliteink.com\/wp-content\/uploads\/2025\/08\/Plastisol-Ink-Fluorescent-Orange-941x1024.jpeg 941w, https:\/\/shaliteink.com\/wp-content\/uploads\/2025\/08\/Plastisol-Ink-Fluorescent-Orange-768x836.jpeg 768w, https:\/\/shaliteink.com\/wp-content\/uploads\/2025\/08\/Plastisol-Ink-Fluorescent-Orange-1411x1536.jpeg 1411w, https:\/\/shaliteink.com\/wp-content\/uploads\/2025\/08\/Plastisol-Ink-Fluorescent-Orange-11x12.jpeg 11w, https:\/\/shaliteink.com\/wp-content\/uploads\/2025\/08\/Plastisol-Ink-Fluorescent-Orange-1200x1306.jpeg 1200w, https:\/\/shaliteink.com\/wp-content\/uploads\/2025\/08\/Plastisol-Ink-Fluorescent-Orange-150x163.jpeg 150w, https:\/\/shaliteink.com\/wp-content\/uploads\/2025\/08\/Plastisol-Ink-Fluorescent-Orange.jpeg 1584w\" sizes=\"(max-width: 276px) 100vw, 276px\" \/><\/p>\n<h1>Instru\u00e7\u00f5es de cura:<\/h1>\n<p>Esta tela <a href=\"https:\/\/shaliteink.com\/pt\/screen-printing-ink\/\"><strong>tinta de serigrafia<\/strong><\/a> As op\u00e7\u00f5es de tratamento variam de aproximadamente 275\u00b0F a 300\u00b0F (135\u00b0C a 149\u00b0C), tornando o produto compat\u00edvel com a maioria dos sopradores t\u00e9rmicos dom\u00e9sticos e secadores de esteira. Temperaturas de cura mais baixas ajudam a reduzir o consumo de energia e a limitar a contra\u00e7\u00e3o do material \u2014 uma vantagem fundamental para clientes que fazem projetos por conta pr\u00f3pria e pequenas oficinas.<\/p>\n<p><strong>Para resultados de primeira classe:<\/strong><\/p>\n<ul>\n<li>Assegure-se de que o tratamento seja completo para evitar o ressecamento ou rachaduras.<\/li>\n<li>Ap\u00f3s o resfriamento, fa\u00e7a um teste de estiramento para confirmar a ades\u00e3o adequada.<\/li>\n<\/ul>","protected":false},"excerpt":{"rendered":"<p>Eco-seguro <strong data-start=\"3474\" data-end=\"3500\">Tinta plastisol sem PVC<\/strong> em laranja fluorescente vibrante. Impress\u00f5es suaves, cura em baixa temperatura, f\u00e1cil limpeza. Ideal para marcas de artigos &quot;fa\u00e7a voc\u00ea mesmo&quot;, escolas e vestu\u00e1rio. Compre agora!<\/p>","protected":false},"featured_media":3573,"comment_status":"open","ping_status":"closed","template":"","meta":[],"product_brand":[],"product_cat":[45],"product_tag":[],"class_list":{"0":"post-3040","1":"product","2":"type-product","3":"status-publish","4":"has-post-thumbnail","6":"product_cat-pvc-free-plastisol-ink","8":"first","9":"instock","10":"shipping-taxable","11":"purchasable","12":"product-type-variable"},"tiered_pricing_type":"fixed","tiered_pricing_fixed_rules":[],"tiered_pricing_product_settings":{"layout":"default","base_unit_name":{"singular":null,"plural":null},"default_variation":null},"tiered_pricing_minimum_quantity":null,"tiered_pricing_roles_data":[],"tiered_pricing_percentage_rules":[],"tiered_pricing_maximum_quantity":null,"tiered_pricing_quantity_step":null,"_links":{"self":[{"href":"https:\/\/shaliteink.com\/pt\/wp-json\/wp\/v2\/product\/3040","targetHints":{"allow":["GET"]}}],"collection":[{"href":"https:\/\/shaliteink.com\/pt\/wp-json\/wp\/v2\/product"}],"about":[{"href":"https:\/\/shaliteink.com\/pt\/wp-json\/wp\/v2\/types\/product"}],"replies":[{"embeddable":true,"href":"https:\/\/shaliteink.com\/pt\/wp-json\/wp\/v2\/comments?post=3040"}],"version-history":[{"count":0,"href":"https:\/\/shaliteink.com\/pt\/wp-json\/wp\/v2\/product\/3040\/revisions"}],"wp:featuredmedia":[{"embeddable":true,"href":"https:\/\/shaliteink.com\/pt\/wp-json\/wp\/v2\/media\/3573"}],"wp:attachment":[{"href":"https:\/\/shaliteink.com\/pt\/wp-json\/wp\/v2\/media?parent=3040"}],"wp:term":[{"taxonomy":"product_brand","embeddable":true,"href":"https:\/\/shaliteink.com\/pt\/wp-json\/wp\/v2\/product_brand?post=3040"},{"taxonomy":"product_cat","embeddable":true,"href":"https:\/\/shaliteink.com\/pt\/wp-json\/wp\/v2\/product_cat?post=3040"},{"taxonomy":"product_tag","embeddable":true,"href":"https:\/\/shaliteink.com\/pt\/wp-json\/wp\/v2\/product_tag?post=3040"}],"curies":[{"name":"wp","href":"https:\/\/api.w.org\/{rel}","templated":true}]}}