{"id":3034,"date":"2025-10-08T09:32:56","date_gmt":"2025-10-08T09:32:56","guid":{"rendered":"https:\/\/shaliteink.com\/?post_type=product&#038;p=3034"},"modified":"2025-12-10T11:31:42","modified_gmt":"2025-12-10T11:31:42","slug":"tinta-plastisol-amarela-fluorescente-sem-pvc-perfeita-para-tecidos","status":"publish","type":"product","link":"https:\/\/shaliteink.com\/pt\/produto\/tinta-plastisol-amarela-fluorescente-sem-pvc-perfeita-para-tecidos\/","title":{"rendered":"Tinta plastisol amarela fluorescente sem PVC \u2013 perfeita para tecidos."},"content":{"rendered":"<p>Brilhante, ousado e ecologicamente consciente \u2014 o <strong><a href=\"https:\/\/shaliteink.com\/pt\/categoria-produto\/tinta-plastisol-sem-pvc\/\">Tinta Plastisol sem PVC<\/a><\/strong> Amarelo fluorescente com a ajuda de <strong>Shaliteink<\/strong> Esta tinta foi desenvolvida para fabricantes que exigem cores vibrantes e impress\u00e3o n\u00edtida, sem comprometer a prote\u00e7\u00e3o ou a qualidade. Ela oferece a mesma durabilidade e facilidade de uso das tintas plastisol tradicionais, por\u00e9m com um sistema livre de PVC que atende \u00e0 crescente demanda por solu\u00e7\u00f5es de impress\u00e3o mais seguras e ecol\u00f3gicas.<\/p>\n<p>Seja voc\u00ea um artes\u00e3o que cria camisetas personalizadas, um vendedor do Etsy gerenciando produ\u00e7\u00e3o em lote ou um educador buscando materiais seguros para sua sala de aula, esta tinta para impress\u00e3o display promete resultados consistentes, baixo odor e f\u00e1cil limpeza \u2014 um pacote multifuncional e inteligente.<\/p>\n<p><img decoding=\"async\" class=\"alignnone size-medium wp-image-3577\" src=\"https:\/\/shaliteink.com\/wp-content\/uploads\/2025\/08\/Plastisol-Ink-Fluorescent-Yellow-2-294x300.jpeg\" alt=\"Tinta plastisol amarela fluorescente\" width=\"294\" height=\"300\" srcset=\"https:\/\/shaliteink.com\/wp-content\/uploads\/2025\/08\/Plastisol-Ink-Fluorescent-Yellow-2-294x300.jpeg 294w, https:\/\/shaliteink.com\/wp-content\/uploads\/2025\/08\/Plastisol-Ink-Fluorescent-Yellow-2-1002x1024.jpeg 1002w, https:\/\/shaliteink.com\/wp-content\/uploads\/2025\/08\/Plastisol-Ink-Fluorescent-Yellow-2-768x785.jpeg 768w, https:\/\/shaliteink.com\/wp-content\/uploads\/2025\/08\/Plastisol-Ink-Fluorescent-Yellow-2-1503x1536.jpeg 1503w, https:\/\/shaliteink.com\/wp-content\/uploads\/2025\/08\/Plastisol-Ink-Fluorescent-Yellow-2-12x12.jpeg 12w, https:\/\/shaliteink.com\/wp-content\/uploads\/2025\/08\/Plastisol-Ink-Fluorescent-Yellow-2-1200x1227.jpeg 1200w, https:\/\/shaliteink.com\/wp-content\/uploads\/2025\/08\/Plastisol-Ink-Fluorescent-Yellow-2-150x153.jpeg 150w, https:\/\/shaliteink.com\/wp-content\/uploads\/2025\/08\/Plastisol-Ink-Fluorescent-Yellow-2.jpeg 1808w\" sizes=\"(max-width: 294px) 100vw, 294px\" \/><\/p>\n<h1>Caracter\u00edsticas do produto:<\/h1>\n<ul>\n<li>Cor amarela fluorescente: Acabamento chamativo e de alta opacidade para designs de destaque em tecidos claros e escuros.<\/li>\n<li>F\u00f3rmula Ecologicamente Consciente: Tinta plastisol sem PVC, fabricada sem ftalatos ou aditivos nocivos; mais segura para a pele, estudantes e uso dom\u00e9stico.<\/li>\n<li>Aplica\u00e7\u00e3o suave: A consist\u00eancia cremosa desliza sem dificuldade pelas telas de malha, sem ressecar durante a aplica\u00e7\u00e3o.<\/li>\n<li>Compatibilidade com m\u00faltiplas superf\u00edcies: Ideal para algod\u00e3o, misturas de poli\u00e9ster\/algod\u00e3o, lona e muito mais.<\/li>\n<\/ul>\n<h1>Instru\u00e7\u00f5es de cura:<\/h1>\n<p>Esta op\u00e7\u00e3o de tratamento de tinta \u00e9 realizada a uma baixa temperatura de 132 \u00b0C a 160 \u00b0C (270 \u00b0F a 320 \u00b0F), sendo ideal para pequenos est\u00fadios e ambientes dom\u00e9sticos que utilizam pistolas de calor ou secadoras dom\u00e9sticas. A baixa temperatura de cura ajuda a evitar que a pe\u00e7a queime e reduz o consumo de energia \u2014 uma vantagem em termos de desempenho e seguran\u00e7a.<\/p>\n<p><img decoding=\"async\" class=\"alignnone size-medium wp-image-3576\" src=\"https:\/\/shaliteink.com\/wp-content\/uploads\/2025\/08\/Plastisol-Ink-Fluorescent-Yellow-1-300x254.jpeg\" alt=\"Tinta plastisol amarela fluorescente\" width=\"300\" height=\"254\" srcset=\"https:\/\/shaliteink.com\/wp-content\/uploads\/2025\/08\/Plastisol-Ink-Fluorescent-Yellow-1-300x254.jpeg 300w, https:\/\/shaliteink.com\/wp-content\/uploads\/2025\/08\/Plastisol-Ink-Fluorescent-Yellow-1-1024x868.jpeg 1024w, https:\/\/shaliteink.com\/wp-content\/uploads\/2025\/08\/Plastisol-Ink-Fluorescent-Yellow-1-768x651.jpeg 768w, https:\/\/shaliteink.com\/wp-content\/uploads\/2025\/08\/Plastisol-Ink-Fluorescent-Yellow-1-1536x1301.jpeg 1536w, https:\/\/shaliteink.com\/wp-content\/uploads\/2025\/08\/Plastisol-Ink-Fluorescent-Yellow-1-2048x1735.jpeg 2048w, https:\/\/shaliteink.com\/wp-content\/uploads\/2025\/08\/Plastisol-Ink-Fluorescent-Yellow-1-14x12.jpeg 14w, https:\/\/shaliteink.com\/wp-content\/uploads\/2025\/08\/Plastisol-Ink-Fluorescent-Yellow-1-1200x1017.jpeg 1200w, https:\/\/shaliteink.com\/wp-content\/uploads\/2025\/08\/Plastisol-Ink-Fluorescent-Yellow-1-150x127.jpeg 150w\" sizes=\"(max-width: 300px) 100vw, 300px\" \/><\/p>\n<h3 data-start=\"2621\" data-end=\"2651\"><strong data-start=\"2625\" data-end=\"2651\">Por que escolher Shaliteink:<\/strong><\/h3>\n<p data-start=\"2652\" data-end=\"2948\">Com mais de 20 anos de experi\u00eancia em fabrica\u00e7\u00e3o e parcerias globais, a Shaliteink fornece tinta para serigrafia de n\u00edvel profissional diretamente da f\u00e1brica. <a href=\"https:\/\/shaliteink.com\/pt\/\"><strong data-start=\"2818\" data-end=\"2844\">Loja online de tinta plastisol sem PVC<\/strong><\/a>\u00a0\u00c9 projetado para oferecer alto desempenho, certificado quanto \u00e0 seguran\u00e7a e confi\u00e1vel para milhares de criadores em todo o mundo.<\/p>","protected":false},"excerpt":{"rendered":"<p>Compre tinta plastisol amarela fluorescente sem PVC \u2013 tinta para serigrafia ecol\u00f3gica, com baixo odor e cores vibrantes. F\u00e1cil de curar e limpar. \u00d3tima para uso profissional e amador.<\/p>","protected":false},"featured_media":3575,"comment_status":"open","ping_status":"closed","template":"","meta":[],"product_brand":[],"product_cat":[45],"product_tag":[],"class_list":{"0":"post-3034","1":"product","2":"type-product","3":"status-publish","4":"has-post-thumbnail","6":"product_cat-pvc-free-plastisol-ink","8":"first","9":"instock","10":"shipping-taxable","11":"purchasable","12":"product-type-variable"},"tiered_pricing_type":"fixed","tiered_pricing_fixed_rules":[],"tiered_pricing_product_settings":{"layout":"default","base_unit_name":{"singular":null,"plural":null},"default_variation":null},"tiered_pricing_minimum_quantity":null,"tiered_pricing_roles_data":[],"tiered_pricing_percentage_rules":[],"tiered_pricing_maximum_quantity":null,"tiered_pricing_quantity_step":null,"_links":{"self":[{"href":"https:\/\/shaliteink.com\/pt\/wp-json\/wp\/v2\/product\/3034","targetHints":{"allow":["GET"]}}],"collection":[{"href":"https:\/\/shaliteink.com\/pt\/wp-json\/wp\/v2\/product"}],"about":[{"href":"https:\/\/shaliteink.com\/pt\/wp-json\/wp\/v2\/types\/product"}],"replies":[{"embeddable":true,"href":"https:\/\/shaliteink.com\/pt\/wp-json\/wp\/v2\/comments?post=3034"}],"version-history":[{"count":0,"href":"https:\/\/shaliteink.com\/pt\/wp-json\/wp\/v2\/product\/3034\/revisions"}],"wp:featuredmedia":[{"embeddable":true,"href":"https:\/\/shaliteink.com\/pt\/wp-json\/wp\/v2\/media\/3575"}],"wp:attachment":[{"href":"https:\/\/shaliteink.com\/pt\/wp-json\/wp\/v2\/media?parent=3034"}],"wp:term":[{"taxonomy":"product_brand","embeddable":true,"href":"https:\/\/shaliteink.com\/pt\/wp-json\/wp\/v2\/product_brand?post=3034"},{"taxonomy":"product_cat","embeddable":true,"href":"https:\/\/shaliteink.com\/pt\/wp-json\/wp\/v2\/product_cat?post=3034"},{"taxonomy":"product_tag","embeddable":true,"href":"https:\/\/shaliteink.com\/pt\/wp-json\/wp\/v2\/product_tag?post=3034"}],"curies":[{"name":"wp","href":"https:\/\/api.w.org\/{rel}","templated":true}]}}