{"id":3027,"date":"2025-10-08T09:10:45","date_gmt":"2025-10-08T09:10:45","guid":{"rendered":"https:\/\/shaliteink.com\/?post_type=product&#038;p=3027"},"modified":"2025-12-10T11:31:29","modified_gmt":"2025-12-10T11:31:29","slug":"tinta-plastisol-azul-fluorescente-sem-pvc-encomende-hoje","status":"publish","type":"product","link":"https:\/\/shaliteink.com\/pt\/produto\/tinta-plastisol-azul-fluorescente-sem-pvc-encomende-hoje\/","title":{"rendered":"Tinta plastisol azul fluorescente sem PVC \u2013 Encomende hoje mesmo!"},"content":{"rendered":"<p>D\u00ea vida \u00e0s suas impress\u00f5es com a vivacidade dos nossos produtos. <strong><a href=\"https:\/\/shaliteink.com\/pt\/categoria-produto\/tinta-plastisol-sem-pvc\/\">Tinta Plastisol sem PVC<\/a><\/strong> Na cor azul fluorescente. Especialmente formulado para uso profissional e fa\u00e7a-voc\u00ea-mesmo. <strong>serigrafia<\/strong> Esta tinta oferece um acabamento brilhante e com alta opacidade, atendendo a rigorosos padr\u00f5es ambientais. Seja voc\u00ea um profissional experiente em tintas para serigrafia ou um iniciante, esta tinta \u00e9 ideal.<span class=\"wrapper\">, o<\/span>Sua f\u00f3rmula ecologicamente consciente garante que seus designs se destaquem em qualquer tecido.<\/p>\n<p><img decoding=\"async\" class=\"alignnone size-medium wp-image-3581\" src=\"https:\/\/shaliteink.com\/wp-content\/uploads\/2025\/08\/Plastisol-Ink-Fluorescent-Blue-2-300x292.jpeg\" alt=\"Tinta plastisol azul fluorescente\" width=\"300\" height=\"292\" srcset=\"https:\/\/shaliteink.com\/wp-content\/uploads\/2025\/08\/Plastisol-Ink-Fluorescent-Blue-2-300x292.jpeg 300w, https:\/\/shaliteink.com\/wp-content\/uploads\/2025\/08\/Plastisol-Ink-Fluorescent-Blue-2-1024x995.jpeg 1024w, https:\/\/shaliteink.com\/wp-content\/uploads\/2025\/08\/Plastisol-Ink-Fluorescent-Blue-2-768x747.jpeg 768w, https:\/\/shaliteink.com\/wp-content\/uploads\/2025\/08\/Plastisol-Ink-Fluorescent-Blue-2-1536x1493.jpeg 1536w, https:\/\/shaliteink.com\/wp-content\/uploads\/2025\/08\/Plastisol-Ink-Fluorescent-Blue-2-2048x1991.jpeg 2048w, https:\/\/shaliteink.com\/wp-content\/uploads\/2025\/08\/Plastisol-Ink-Fluorescent-Blue-2-12x12.jpeg 12w, https:\/\/shaliteink.com\/wp-content\/uploads\/2025\/08\/Plastisol-Ink-Fluorescent-Blue-2-1200x1167.jpeg 1200w, https:\/\/shaliteink.com\/wp-content\/uploads\/2025\/08\/Plastisol-Ink-Fluorescent-Blue-2-150x146.jpeg 150w\" sizes=\"(max-width: 300px) 100vw, 300px\" \/><\/p>\n<h1>Descri\u00e7\u00e3o do produto<\/h1>\n<p>Nosso <a href=\"https:\/\/shaliteink.com\/pt\/\"><strong>Loja online de tinta plastisol sem PVC<\/strong><\/a> Oferece tons de azul fluorescente intensos que se destacam tanto em roupas claras quanto escuras. Projetado com... <span class=\"wrapper\">PVC ou <\/span>Livre de ftalatos, \u00e9 mais seguro para voc\u00ea, seu espa\u00e7o de trabalho e o meio ambiente \u2014 tornando-se uma escolha preferida para escolas, espa\u00e7os de cria\u00e7\u00e3o e marcas de vestu\u00e1rio ecologicamente conscientes. A consist\u00eancia cremosa permite f\u00e1cil aplica\u00e7\u00e3o em telas de malha fina ou grossa, resultando em informa\u00e7\u00f5es n\u00edtidas e precisas em cada impress\u00e3o.<\/p>\n<h1>Principais caracter\u00edsticas:<\/h1>\n<ul>\n<li><span class=\"wrapper\">Livre de PVC<\/span> Ecol\u00f3gico \u2013 Cumpre as normas de seguran\u00e7a OEKO-TEX\u00ae e CPSIA.<\/li>\n<li>Cor azul fluorescente brilhante \u2013 Alta opacidade para estampas vibrantes em diversos tipos de tecido.<\/li>\n<li>Desempenho de impress\u00e3o suave \u2013 Funciona com impressoras manuais e autom\u00e1ticas.<\/li>\n<li>F\u00f3rmula com baixo odor \u2013 Ideal para est\u00fadios dom\u00e9sticos e salas de aula.<\/li>\n<li>Uso vers\u00e1til \u2013 Perfeito para camisetas, sacolas, moletons com capuz, decora\u00e7\u00e3o de casa e muito mais.<\/li>\n<\/ul>\n<p><img decoding=\"async\" class=\"alignnone size-medium wp-image-3580\" src=\"https:\/\/shaliteink.com\/wp-content\/uploads\/2025\/08\/Plastisol-Ink-Fluorescent-Blue-1-284x300.jpeg\" alt=\"Tinta plastisol azul fluorescente\" width=\"284\" height=\"300\" srcset=\"https:\/\/shaliteink.com\/wp-content\/uploads\/2025\/08\/Plastisol-Ink-Fluorescent-Blue-1-284x300.jpeg 284w, https:\/\/shaliteink.com\/wp-content\/uploads\/2025\/08\/Plastisol-Ink-Fluorescent-Blue-1-968x1024.jpeg 968w, https:\/\/shaliteink.com\/wp-content\/uploads\/2025\/08\/Plastisol-Ink-Fluorescent-Blue-1-768x813.jpeg 768w, https:\/\/shaliteink.com\/wp-content\/uploads\/2025\/08\/Plastisol-Ink-Fluorescent-Blue-1-1452x1536.jpeg 1452w, https:\/\/shaliteink.com\/wp-content\/uploads\/2025\/08\/Plastisol-Ink-Fluorescent-Blue-1-11x12.jpeg 11w, https:\/\/shaliteink.com\/wp-content\/uploads\/2025\/08\/Plastisol-Ink-Fluorescent-Blue-1-1200x1270.jpeg 1200w, https:\/\/shaliteink.com\/wp-content\/uploads\/2025\/08\/Plastisol-Ink-Fluorescent-Blue-1-150x159.jpeg 150w, https:\/\/shaliteink.com\/wp-content\/uploads\/2025\/08\/Plastisol-Ink-Fluorescent-Blue-1.jpeg 1656w\" sizes=\"(max-width: 284px) 100vw, 284px\" \/><\/p>\n<h1>Instru\u00e7\u00f5es de cura:<\/h1>\n<p>Esta tinta plastisol sem PVC cura rapidamente entre 132 \u00b0C e 160 \u00b0C (270 \u00b0F e 320 \u00b0F), sendo compat\u00edvel com secadores flash, secadores de esteira e at\u00e9 mesmo prensas t\u00e9rmicas. Para melhores resultados, certifique-se de que a pel\u00edcula de tinta atinja a temperatura de cura completa para garantir a durabilidade \u00e0 lavagem.<\/p>","protected":false},"excerpt":{"rendered":"<p>Ecol\u00f3gico <strong data-start=\"2810\" data-end=\"2836\">Tinta Plastisol sem PVC<\/strong> Em azul fluorescente para estampas vibrantes e intensas. Perfeito para projetos &quot;fa\u00e7a voc\u00ea mesmo&quot;, marcas de vestu\u00e1rio e profissionais. Secagem r\u00e1pida e limpeza f\u00e1cil.<\/p>","protected":false},"featured_media":3579,"comment_status":"open","ping_status":"closed","template":"","meta":[],"product_brand":[],"product_cat":[45],"product_tag":[],"class_list":{"0":"post-3027","1":"product","2":"type-product","3":"status-publish","4":"has-post-thumbnail","6":"product_cat-pvc-free-plastisol-ink","8":"first","9":"instock","10":"shipping-taxable","11":"purchasable","12":"product-type-variable"},"tiered_pricing_type":"fixed","tiered_pricing_fixed_rules":[],"tiered_pricing_product_settings":{"layout":"default","base_unit_name":{"singular":null,"plural":null},"default_variation":null},"tiered_pricing_minimum_quantity":null,"tiered_pricing_roles_data":[],"tiered_pricing_percentage_rules":[],"tiered_pricing_maximum_quantity":null,"tiered_pricing_quantity_step":null,"_links":{"self":[{"href":"https:\/\/shaliteink.com\/pt\/wp-json\/wp\/v2\/product\/3027","targetHints":{"allow":["GET"]}}],"collection":[{"href":"https:\/\/shaliteink.com\/pt\/wp-json\/wp\/v2\/product"}],"about":[{"href":"https:\/\/shaliteink.com\/pt\/wp-json\/wp\/v2\/types\/product"}],"replies":[{"embeddable":true,"href":"https:\/\/shaliteink.com\/pt\/wp-json\/wp\/v2\/comments?post=3027"}],"version-history":[{"count":0,"href":"https:\/\/shaliteink.com\/pt\/wp-json\/wp\/v2\/product\/3027\/revisions"}],"wp:featuredmedia":[{"embeddable":true,"href":"https:\/\/shaliteink.com\/pt\/wp-json\/wp\/v2\/media\/3579"}],"wp:attachment":[{"href":"https:\/\/shaliteink.com\/pt\/wp-json\/wp\/v2\/media?parent=3027"}],"wp:term":[{"taxonomy":"product_brand","embeddable":true,"href":"https:\/\/shaliteink.com\/pt\/wp-json\/wp\/v2\/product_brand?post=3027"},{"taxonomy":"product_cat","embeddable":true,"href":"https:\/\/shaliteink.com\/pt\/wp-json\/wp\/v2\/product_cat?post=3027"},{"taxonomy":"product_tag","embeddable":true,"href":"https:\/\/shaliteink.com\/pt\/wp-json\/wp\/v2\/product_tag?post=3027"}],"curies":[{"name":"wp","href":"https:\/\/api.w.org\/{rel}","templated":true}]}}