{"id":3021,"date":"2025-10-08T09:06:38","date_gmt":"2025-10-08T09:06:38","guid":{"rendered":"https:\/\/shaliteink.com\/?post_type=product&#038;p=3021"},"modified":"2025-12-10T11:30:29","modified_gmt":"2025-12-10T11:30:29","slug":"tinta-plastisol-vermelho-arroxeada-sem-pvc-compre-tinta-de-impressao-nao-toxica","status":"publish","type":"product","link":"https:\/\/shaliteink.com\/pt\/produto\/tinta-plastisol-vermelho-arroxeada-sem-pvc-compre-tinta-de-impressao-nao-toxica\/","title":{"rendered":"Tinta plastisol vermelho-p\u00farpura sem PVC | Compre tinta de impress\u00e3o at\u00f3xica"},"content":{"rendered":"<p>D\u00ea vida \u00e0s suas ideias mais ousadas com a Shaliteink. <strong><a href=\"https:\/\/shaliteink.com\/pt\/categoria-produto\/tinta-plastisol-sem-pvc\/\">Tinta Plastisol sem PVC<\/a><\/strong> em vermelho arroxeado \u2014 um display at\u00f3xico de qualidade profissional. <a href=\"https:\/\/shaliteink.com\/pt\/screen-printing-ink\/\"><strong>tinta de serigrafia<\/strong><\/a> Projetada para estampas coloridas e duradouras em algod\u00e3o, misturas e outros tecidos. Formulada especialmente para criadores que exigem desempenho ecologicamente correto sem abrir m\u00e3o da qualidade, esta tinta proporciona um tom vermelho-p\u00farpura intenso com opacidade extraordin\u00e1ria e consist\u00eancia ideal.<\/p>\n<p>Seja voc\u00ea um artes\u00e3o que personaliza camisetas em casa, um vendedor do Etsy produzindo roupas em pequenos lotes ou uma escola organizando uma oficina pr\u00e1tica de serigrafia, este <strong>Tinta plastisol sem PVC<\/strong>\u00a0Simplifica a impress\u00e3o com confian\u00e7a. Compat\u00edvel com monitores de malha, rodos e secadores flash preferidos, integra-se perfeitamente \u00e0 sua configura\u00e7\u00e3o existente, sem necessidade de altera\u00e7\u00f5es significativas no equipamento.<\/p>\n<p><img decoding=\"async\" class=\"alignnone size-medium wp-image-3023\" src=\"https:\/\/shaliteink.com\/wp-content\/uploads\/2025\/08\/PVC-Free-Plastisol-Ink-Purplish-Red-1-235x300.jpeg\" alt=\"Tinta plastisol sem PVC, vermelho-p\u00farpura\" width=\"235\" height=\"300\" srcset=\"https:\/\/shaliteink.com\/wp-content\/uploads\/2025\/08\/PVC-Free-Plastisol-Ink-Purplish-Red-1-235x300.jpeg 235w, https:\/\/shaliteink.com\/wp-content\/uploads\/2025\/08\/PVC-Free-Plastisol-Ink-Purplish-Red-1-803x1024.jpeg 803w, https:\/\/shaliteink.com\/wp-content\/uploads\/2025\/08\/PVC-Free-Plastisol-Ink-Purplish-Red-1-768x980.jpeg 768w, https:\/\/shaliteink.com\/wp-content\/uploads\/2025\/08\/PVC-Free-Plastisol-Ink-Purplish-Red-1-1204x1536.jpeg 1204w, https:\/\/shaliteink.com\/wp-content\/uploads\/2025\/08\/PVC-Free-Plastisol-Ink-Purplish-Red-1-1605x2048.jpeg 1605w, https:\/\/shaliteink.com\/wp-content\/uploads\/2025\/08\/PVC-Free-Plastisol-Ink-Purplish-Red-1-9x12.jpeg 9w, https:\/\/shaliteink.com\/wp-content\/uploads\/2025\/08\/PVC-Free-Plastisol-Ink-Purplish-Red-1-1200x1531.jpeg 1200w, https:\/\/shaliteink.com\/wp-content\/uploads\/2025\/08\/PVC-Free-Plastisol-Ink-Purplish-Red-1-150x191.jpeg 150w, https:\/\/shaliteink.com\/wp-content\/uploads\/2025\/08\/PVC-Free-Plastisol-Ink-Purplish-Red-1.jpeg 1812w\" sizes=\"(max-width: 235px) 100vw, 235px\" \/><\/p>\n<h1>Principais caracter\u00edsticas:<\/h1>\n<ul>\n<li>Ecol\u00f3gico e at\u00f3xico: Livre de ftalatos e PVC, tornando-o mais seguro tanto para os usu\u00e1rios quanto para o meio ambiente. Ideal para uso dom\u00e9stico, escolas e est\u00fadios criativos.<\/li>\n<li>Pigmentos de Alta Opacidade: A f\u00f3rmula vermelho-arroxeada oferece cobertura brilhante e saturada em pe\u00e7as de roupa claras e escuras.<\/li>\n<li>Textura suave e cremosa: Mais f\u00e1cil de imprimir tanto para iniciantes quanto para profissionais; minimiza entupimentos e arrasto nas telas.<\/li>\n<li>Baixo odor: Confort\u00e1vel para uso interno, mesmo em espa\u00e7os pequenos.<\/li>\n<li>Compatibilidade vers\u00e1til: Funciona com algod\u00e3o, misturas de algod\u00e3o e poli\u00e9ster e a maioria dos tipos de telas de malha.<\/li>\n<\/ul>\n<h1>Cura e lavabilidade:<\/h1>\n<p>Esse <strong>Tinta plastisol sem PVC<\/strong> A cura ideal ocorre entre 149 \u00b0C e 160 \u00b0C (300 \u00b0F a 320 \u00b0F), sendo perfeita para uso com secadores instant\u00e2neos, secadores de esteira ou at\u00e9 mesmo pistolas de ar quente dom\u00e9sticas. Ap\u00f3s a cura adequada, as impress\u00f5es tornam-se dur\u00e1veis, resistentes a rachaduras e suportam lavagens repetidas. Para hobbistas e pequenas empresas, isso garante a longevidade do produto sem a necessidade de investir em equipamentos de n\u00edvel industrial.<\/p>\n<p><img decoding=\"async\" class=\"alignnone size-medium wp-image-3024\" src=\"https:\/\/shaliteink.com\/wp-content\/uploads\/2025\/08\/PVC-Free-Plastisol-Ink-Purplish-Red-2-300x251.jpeg\" alt=\"Tinta plastisol sem PVC, vermelho-p\u00farpura\" width=\"300\" height=\"251\" srcset=\"https:\/\/shaliteink.com\/wp-content\/uploads\/2025\/08\/PVC-Free-Plastisol-Ink-Purplish-Red-2-300x251.jpeg 300w, https:\/\/shaliteink.com\/wp-content\/uploads\/2025\/08\/PVC-Free-Plastisol-Ink-Purplish-Red-2-1024x858.jpeg 1024w, https:\/\/shaliteink.com\/wp-content\/uploads\/2025\/08\/PVC-Free-Plastisol-Ink-Purplish-Red-2-768x643.jpeg 768w, https:\/\/shaliteink.com\/wp-content\/uploads\/2025\/08\/PVC-Free-Plastisol-Ink-Purplish-Red-2-1536x1286.jpeg 1536w, https:\/\/shaliteink.com\/wp-content\/uploads\/2025\/08\/PVC-Free-Plastisol-Ink-Purplish-Red-2-2048x1715.jpeg 2048w, https:\/\/shaliteink.com\/wp-content\/uploads\/2025\/08\/PVC-Free-Plastisol-Ink-Purplish-Red-2-14x12.jpeg 14w, https:\/\/shaliteink.com\/wp-content\/uploads\/2025\/08\/PVC-Free-Plastisol-Ink-Purplish-Red-2-1200x1005.jpeg 1200w, https:\/\/shaliteink.com\/wp-content\/uploads\/2025\/08\/PVC-Free-Plastisol-Ink-Purplish-Red-2-150x126.jpeg 150w\" sizes=\"(max-width: 300px) 100vw, 300px\" \/><\/p>\n<p>&nbsp;<\/p>","protected":false},"excerpt":{"rendered":"<p>D\u00ea vida \u00e0s suas ideias mais ousadas com a tinta plastisol Shaliteink sem PVC na cor vermelho-p\u00farpura \u2014 uma tinta serigr\u00e1fica at\u00f3xica de n\u00edvel profissional para displays.<\/p>","protected":false},"featured_media":3583,"comment_status":"open","ping_status":"closed","template":"","meta":[],"product_brand":[],"product_cat":[45],"product_tag":[],"class_list":{"0":"post-3021","1":"product","2":"type-product","3":"status-publish","4":"has-post-thumbnail","6":"product_cat-pvc-free-plastisol-ink","8":"first","9":"instock","10":"shipping-taxable","11":"purchasable","12":"product-type-variable"},"tiered_pricing_type":"fixed","tiered_pricing_fixed_rules":[],"tiered_pricing_product_settings":{"layout":"default","base_unit_name":{"singular":null,"plural":null},"default_variation":null},"tiered_pricing_minimum_quantity":null,"tiered_pricing_roles_data":[],"tiered_pricing_percentage_rules":[],"tiered_pricing_maximum_quantity":null,"tiered_pricing_quantity_step":null,"_links":{"self":[{"href":"https:\/\/shaliteink.com\/pt\/wp-json\/wp\/v2\/product\/3021","targetHints":{"allow":["GET"]}}],"collection":[{"href":"https:\/\/shaliteink.com\/pt\/wp-json\/wp\/v2\/product"}],"about":[{"href":"https:\/\/shaliteink.com\/pt\/wp-json\/wp\/v2\/types\/product"}],"replies":[{"embeddable":true,"href":"https:\/\/shaliteink.com\/pt\/wp-json\/wp\/v2\/comments?post=3021"}],"version-history":[{"count":0,"href":"https:\/\/shaliteink.com\/pt\/wp-json\/wp\/v2\/product\/3021\/revisions"}],"wp:featuredmedia":[{"embeddable":true,"href":"https:\/\/shaliteink.com\/pt\/wp-json\/wp\/v2\/media\/3583"}],"wp:attachment":[{"href":"https:\/\/shaliteink.com\/pt\/wp-json\/wp\/v2\/media?parent=3021"}],"wp:term":[{"taxonomy":"product_brand","embeddable":true,"href":"https:\/\/shaliteink.com\/pt\/wp-json\/wp\/v2\/product_brand?post=3021"},{"taxonomy":"product_cat","embeddable":true,"href":"https:\/\/shaliteink.com\/pt\/wp-json\/wp\/v2\/product_cat?post=3021"},{"taxonomy":"product_tag","embeddable":true,"href":"https:\/\/shaliteink.com\/pt\/wp-json\/wp\/v2\/product_tag?post=3021"}],"curies":[{"name":"wp","href":"https:\/\/api.w.org\/{rel}","templated":true}]}}