{"id":3015,"date":"2025-10-08T08:54:25","date_gmt":"2025-10-08T08:54:25","guid":{"rendered":"https:\/\/shaliteink.com\/?post_type=product&#038;p=3015"},"modified":"2025-12-10T11:29:53","modified_gmt":"2025-12-10T11:29:53","slug":"tinta-plastisol-rosa-sem-pvc-compre-tinta-de-impressao-nao-toxica","status":"publish","type":"product","link":"https:\/\/shaliteink.com\/pt\/produto\/tinta-plastisol-rosa-sem-pvc-compre-tinta-de-impressao-nao-toxica\/","title":{"rendered":"Tinta plastisol rosa sem PVC \u2013 Compre tinta de impress\u00e3o at\u00f3xica"},"content":{"rendered":"<p><a href=\"https:\/\/shaliteink.com\/pt\/\"><span class=\"wrapper\"><strong>Shaliteink<\/strong> <strong>Tinta Plastisol sem PVC <\/strong><\/span><\/a>proporciona uma experi\u00eancia vibrante <a href=\"https:\/\/shaliteink.com\/pt\/screen-printing-ink\/\"><strong>tinta de serigrafia<\/strong><\/a> Formulado para impress\u00e3o segura e criativa. Projetado para atender \u00e0s necessidades de impress\u00e3o.<span class=\"wrapper\">tri<\/span>Atendendo \u00e0 demanda de artes\u00e3os do tipo &quot;fa\u00e7a voc\u00ea mesmo&quot;, o Etsy <span class=\"wrapper\">&amp;<\/span>e Shopify s<span class=\"wrapper\">ellers, mini\u2011<\/span>est\u00fadios, espa\u00e7os de cria\u00e7\u00e3o, marcas de vestu\u00e1rio independentes e entusiastas de decora\u00e7\u00e3o de interiores<span class=\"wrapper\">ts, nosso <\/span><a href=\"https:\/\/shaliteink.com\/pt\/categoria-produto\/tinta-plastisol-sem-pvc\/\"><strong>Tinta plastisol rosa sem PVC<\/strong><\/a> combina qualidade premium<span class=\"wrapper\">ty com eco\u2011<\/span>Seguran\u00e7a amig\u00e1vel. Com dois dec<span class=\"wrapper\">ades de direto<\/span>- Experi\u00eancia em fabrica\u00e7\u00e3o em f\u00e1brica e parcerias com marcas globais l\u00edderes, <strong>Shaliteink<\/strong> oferece v imbat\u00edvel<span class=\"wrapper\">valor em sma<\/span>formatos de lote e kit <span class=\"wrapper\">tal <\/span>como 4\u00d7100 ml.<\/p>\n<p>Esta serigrafia <span class=\"wrapper\">A tinta n\u00e3o \u00e9 t\u00f3xica, P<\/span>VC fr<span class=\"wrapper\">ee e n\u00e3o-ph<\/span>talato, tornando-o id<span class=\"wrapper\">real para T<\/span>\u2014 Camisas, sacolas de lona, almofadas e muito mais. <span class=\"wrapper\">cremoso, <\/span>A f\u00f3rmula de baixa viscosidade espalha-se facilmente pelas telas de malha, proporcionando impress\u00f5es opacas e suaves com um toque macio \u2014 exatamente como <span class=\"wrapper\">premium<\/span> Linhas Sollyd\u2122 e Rapid Cure. Cura a baixa temperatura. <span class=\"wrapper\">(cerca de 260\u2013<\/span>(270 \u00b0F), evita queimar as roupas e funciona com sopradores t\u00e9rmicos dom\u00e9sticos ou secadores r\u00e1pidos \u2014 sem necessidade de equipamentos comerciais.<span class=\"wrapper\">onveyo<\/span>r necess\u00e1rio.<\/p>\n<p><img decoding=\"async\" class=\"alignnone size-medium wp-image-3585\" src=\"https:\/\/shaliteink.com\/wp-content\/uploads\/2025\/08\/PVC-Free-Plastisol-Ink-Pink-2-274x300.jpeg\" alt=\"Tinta plastisol rosa sem PVC\" width=\"274\" height=\"300\" srcset=\"https:\/\/shaliteink.com\/wp-content\/uploads\/2025\/08\/PVC-Free-Plastisol-Ink-Pink-2-274x300.jpeg 274w, https:\/\/shaliteink.com\/wp-content\/uploads\/2025\/08\/PVC-Free-Plastisol-Ink-Pink-2-934x1024.jpeg 934w, https:\/\/shaliteink.com\/wp-content\/uploads\/2025\/08\/PVC-Free-Plastisol-Ink-Pink-2-768x842.jpeg 768w, https:\/\/shaliteink.com\/wp-content\/uploads\/2025\/08\/PVC-Free-Plastisol-Ink-Pink-2-1402x1536.jpeg 1402w, https:\/\/shaliteink.com\/wp-content\/uploads\/2025\/08\/PVC-Free-Plastisol-Ink-Pink-2-1869x2048.jpeg 1869w, https:\/\/shaliteink.com\/wp-content\/uploads\/2025\/08\/PVC-Free-Plastisol-Ink-Pink-2-11x12.jpeg 11w, https:\/\/shaliteink.com\/wp-content\/uploads\/2025\/08\/PVC-Free-Plastisol-Ink-Pink-2-1200x1315.jpeg 1200w, https:\/\/shaliteink.com\/wp-content\/uploads\/2025\/08\/PVC-Free-Plastisol-Ink-Pink-2-150x164.jpeg 150w\" sizes=\"(max-width: 274px) 100vw, 274px\" \/><\/p>\n<h1>Principais caracter\u00edsticas:<\/h1>\n<ul>\n<li><strong>Tinta plastisol sem PVC<\/strong>, F\u00f3rmula n\u00e3o t\u00f3xica e livre de ftalatos \u2014 f\u00e1cil de usar para criadores em casa ou nas escolas.<\/li>\n<li>Cura a baixa temperatura (aproximadamente -3 \u00b0C), compat\u00edvel com pistola de ar quente dom\u00e9stica ou secadora, reduzindo o risco para as roupas e o consumo de energia.<\/li>\n<li>Pigmento rosa intenso e opaco: vibrante e chamativo em tecidos escuros ou claros.<\/li>\n<li>Viscosidade cremosa e de corpo curto: f\u00e1cil de aplicar e limpar, ideal tanto para iniciantes quanto para impress\u00e3o em alta velocidade.;<\/li>\n<li>Sensa\u00e7\u00e3o macia ao toque ap\u00f3s a cura, oferecendo um acabamento profissional mesmo em projetos de pequena escala ou do tipo &quot;fa\u00e7a voc\u00ea mesmo&quot;.<\/li>\n<li>Compat\u00edvel com sistemas de mistura para correspond\u00eancia de cores personalizada e receitas repet\u00edveis.<\/li>\n<\/ul>\n<h1>Limpeza e armazenamento:<\/h1>\n<p>A limpeza \u00e9 simples: ap\u00f3s a impress\u00e3o, utilize um produto de limpeza espec\u00edfico para impressoras ou um removedor de tinta. As telas e ferramentas s\u00e3o f\u00e1ceis de limpar gra\u00e7as \u00e0 f\u00f3rmula que n\u00e3o resseca a tinta. Armazene em temperatura ambiente (18-32 \u00b0C), longe da luz solar direta. Para obter o melhor desempenho, utilize dentro de um ano ap\u00f3s o envio.<\/p>\n<p><img decoding=\"async\" class=\"alignnone size-medium wp-image-3018\" src=\"https:\/\/shaliteink.com\/wp-content\/uploads\/2025\/08\/PVC-Free-Plastisol-Ink-Pink-248x300.jpeg\" alt=\"Tinta plastisol rosa sem PVC\" width=\"248\" height=\"300\" srcset=\"https:\/\/shaliteink.com\/wp-content\/uploads\/2025\/08\/PVC-Free-Plastisol-Ink-Pink-248x300.jpeg 248w, https:\/\/shaliteink.com\/wp-content\/uploads\/2025\/08\/PVC-Free-Plastisol-Ink-Pink-848x1024.jpeg 848w, https:\/\/shaliteink.com\/wp-content\/uploads\/2025\/08\/PVC-Free-Plastisol-Ink-Pink-768x927.jpeg 768w, https:\/\/shaliteink.com\/wp-content\/uploads\/2025\/08\/PVC-Free-Plastisol-Ink-Pink-1272x1536.jpeg 1272w, https:\/\/shaliteink.com\/wp-content\/uploads\/2025\/08\/PVC-Free-Plastisol-Ink-Pink-10x12.jpeg 10w, https:\/\/shaliteink.com\/wp-content\/uploads\/2025\/08\/PVC-Free-Plastisol-Ink-Pink-1200x1449.jpeg 1200w, https:\/\/shaliteink.com\/wp-content\/uploads\/2025\/08\/PVC-Free-Plastisol-Ink-Pink-150x181.jpeg 150w, https:\/\/shaliteink.com\/wp-content\/uploads\/2025\/08\/PVC-Free-Plastisol-Ink-Pink.jpeg 1620w\" sizes=\"(max-width: 248px) 100vw, 248px\" \/><\/p>\n<h1>Por que escolher Shaliteink?<\/h1>\n<p>Como l\u00edder global em tintas para impress\u00e3o de displays, com 20 anos de experi\u00eancia em produ\u00e7\u00e3o, <strong>Shaliteink<\/strong> Oferecemos pre\u00e7os diretamente da unidade de produ\u00e7\u00e3o, suporte t\u00e9cnico, kits de moldes sem compromisso, al\u00e9m de v\u00eddeos educativos e um sistema reutiliz\u00e1vel de controle de cores. Colaboramos globalmente com fabricantes renomados e priorizamos a prote\u00e7\u00e3o de pequenos lotes, a flexibilidade e a conformidade ambiental.<\/p>\n<p>Perfeito para quem busca qualidade profissional. <strong data-start=\"1962\" data-end=\"1988\">Tinta plastisol sem PVC <\/strong>\u00c9 uma tinta segura, vibrante e f\u00e1cil de usar em projetos de serigrafia, seja em casa, em um est\u00fadio ou em salas de aula.<\/p>","protected":false},"excerpt":{"rendered":"<p><strong>Tinta plastisol rosa sem PVC<\/strong> \u2013 n\u00e3o t\u00f3xico, opaco <strong data-start=\"2227\" data-end=\"2250\">tinta de serigrafia<\/strong> Cura a aproximadamente 132 \u00b0C. Ideal para artes\u00e3os dom\u00e9sticos, vendedores do Etsy e espa\u00e7os de cria\u00e7\u00e3o.<\/p>","protected":false},"featured_media":3584,"comment_status":"open","ping_status":"closed","template":"","meta":[],"product_brand":[],"product_cat":[45],"product_tag":[],"class_list":{"0":"post-3015","1":"product","2":"type-product","3":"status-publish","4":"has-post-thumbnail","6":"product_cat-pvc-free-plastisol-ink","8":"first","9":"instock","10":"shipping-taxable","11":"purchasable","12":"product-type-variable"},"tiered_pricing_type":"fixed","tiered_pricing_fixed_rules":[],"tiered_pricing_product_settings":{"layout":"default","base_unit_name":{"singular":null,"plural":null},"default_variation":null},"tiered_pricing_minimum_quantity":null,"tiered_pricing_roles_data":[],"tiered_pricing_percentage_rules":[],"tiered_pricing_maximum_quantity":null,"tiered_pricing_quantity_step":null,"_links":{"self":[{"href":"https:\/\/shaliteink.com\/pt\/wp-json\/wp\/v2\/product\/3015","targetHints":{"allow":["GET"]}}],"collection":[{"href":"https:\/\/shaliteink.com\/pt\/wp-json\/wp\/v2\/product"}],"about":[{"href":"https:\/\/shaliteink.com\/pt\/wp-json\/wp\/v2\/types\/product"}],"replies":[{"embeddable":true,"href":"https:\/\/shaliteink.com\/pt\/wp-json\/wp\/v2\/comments?post=3015"}],"version-history":[{"count":0,"href":"https:\/\/shaliteink.com\/pt\/wp-json\/wp\/v2\/product\/3015\/revisions"}],"wp:featuredmedia":[{"embeddable":true,"href":"https:\/\/shaliteink.com\/pt\/wp-json\/wp\/v2\/media\/3584"}],"wp:attachment":[{"href":"https:\/\/shaliteink.com\/pt\/wp-json\/wp\/v2\/media?parent=3015"}],"wp:term":[{"taxonomy":"product_brand","embeddable":true,"href":"https:\/\/shaliteink.com\/pt\/wp-json\/wp\/v2\/product_brand?post=3015"},{"taxonomy":"product_cat","embeddable":true,"href":"https:\/\/shaliteink.com\/pt\/wp-json\/wp\/v2\/product_cat?post=3015"},{"taxonomy":"product_tag","embeddable":true,"href":"https:\/\/shaliteink.com\/pt\/wp-json\/wp\/v2\/product_tag?post=3015"}],"curies":[{"name":"wp","href":"https:\/\/api.w.org\/{rel}","templated":true}]}}