{"id":3009,"date":"2025-09-19T08:09:55","date_gmt":"2025-09-19T08:09:55","guid":{"rendered":"https:\/\/shaliteink.com\/?post_type=product&#038;p=3009"},"modified":"2025-12-10T11:27:20","modified_gmt":"2025-12-10T11:27:20","slug":"tinta-plastisol-magenta-sem-pvc","status":"publish","type":"product","link":"https:\/\/shaliteink.com\/pt\/produto\/tinta-plastisol-magenta-sem-pvc\/","title":{"rendered":"Compre tinta plastisol magenta sem PVC para impress\u00e3o em tecido"},"content":{"rendered":"<p><a href=\"https:\/\/shaliteink.com\/pt\/\"><strong>Tinta plastisol sem PVC Shaliteink<\/strong><\/a> Em magenta, proporciona cores vibrantes e opacas, perfeitas para projetos de impress\u00e3o em tecido com tinta serigr\u00e1fica. Com mais de duas d\u00e9cadas de experi\u00eancia em fabrica\u00e7\u00e3o e pre\u00e7os diretos de f\u00e1brica, a Shaliteink faz parcerias globais com as principais marcas para oferecer a voc\u00ea uma tinta premium desenvolvida para criadores &quot;fa\u00e7a voc\u00ea mesmo&quot;, fabricantes de vestu\u00e1rio independentes e pequenos est\u00fadios.<\/p>\n<p><img decoding=\"async\" class=\"alignnone size-medium wp-image-3589\" src=\"https:\/\/shaliteink.com\/wp-content\/uploads\/2025\/08\/Plastisol-Ink-Magenta-2-300x241.jpeg\" alt=\"Tinta Plastisol Magenta\" width=\"300\" height=\"241\" srcset=\"https:\/\/shaliteink.com\/wp-content\/uploads\/2025\/08\/Plastisol-Ink-Magenta-2-300x241.jpeg 300w, https:\/\/shaliteink.com\/wp-content\/uploads\/2025\/08\/Plastisol-Ink-Magenta-2-1024x823.jpeg 1024w, https:\/\/shaliteink.com\/wp-content\/uploads\/2025\/08\/Plastisol-Ink-Magenta-2-768x618.jpeg 768w, https:\/\/shaliteink.com\/wp-content\/uploads\/2025\/08\/Plastisol-Ink-Magenta-2-1536x1235.jpeg 1536w, https:\/\/shaliteink.com\/wp-content\/uploads\/2025\/08\/Plastisol-Ink-Magenta-2-2048x1647.jpeg 2048w, https:\/\/shaliteink.com\/wp-content\/uploads\/2025\/08\/Plastisol-Ink-Magenta-2-15x12.jpeg 15w, https:\/\/shaliteink.com\/wp-content\/uploads\/2025\/08\/Plastisol-Ink-Magenta-2-1200x965.jpeg 1200w, https:\/\/shaliteink.com\/wp-content\/uploads\/2025\/08\/Plastisol-Ink-Magenta-2-150x121.jpeg 150w\" sizes=\"(max-width: 300px) 100vw, 300px\" \/><\/p>\n<h1>Descri\u00e7\u00e3o do produto:<\/h1>\n<p>Nosso magenta <a href=\"https:\/\/shaliteink.com\/pt\/categoria-produto\/tinta-plastisol-sem-pvc\/\"><strong>Tinta plastisol sem PVC<\/strong><\/a>\u00a0N\u00e3o cont\u00e9m ftalatos, tem baixo odor e \u00e9 pronta para impress\u00e3o. Projetada para est\u00fadios dom\u00e9sticos e pequenas produ\u00e7\u00f5es, esta tinta se mistura facilmente e cura com efici\u00eancia, proporcionando impress\u00f5es marcantes e duradouras em uma variedade de tecidos, especialmente misturas de algod\u00e3o e poli\u00e9ster. Ela se espalha de forma cremosa para serigrafias suaves e seca com um acabamento macio e agrad\u00e1vel ao toque.<\/p>\n<h1>Principais caracter\u00edsticas:<\/h1>\n<ul>\n<li>Magenta vibrante e ousado com alta opacidade \u2014 destaca-se em tecidos escuros e claros<\/li>\n<li>Tinta plastisol sem PVC, sem ftalatos, com baixo odor, segura para uso dom\u00e9stico e em sala de aula<\/li>\n<li>Tinta de serigrafia cremosa e f\u00e1cil de imprimir, com corpo curto para uma a\u00e7\u00e3o suave do rodo<\/li>\n<li>Baixa temperatura de cura (aprox. 270 \u00b0F \/ 130 \u00b0C) \u2014 compat\u00edvel com pistolas de ar quente, secadores de flash dom\u00e9sticos ou fornos dom\u00e9sticos<\/li>\n<li>Excelente ades\u00e3o em algod\u00e3o, misturas de poli\u00e9ster, lona, bolsas e muito mais<\/li>\n<\/ul>\n<h1>Cura e fluxo de trabalho:<\/h1>\n<p>Cura completamente a cerca de 125 \u00b0C, significativamente abaixo das tintas plastisol padr\u00e3o, que requerem ~160 \u00b0C. Isso reduz o risco de queimaduras no tecido e permite o uso de ferramentas t\u00e9rmicas dom\u00e9sticas. Cura brevemente (3 a 5 segundos a 82 \u00b0C\u201393 \u00b0C) entre as camadas. Obtenha resultados consistentes mais rapidamente \u2014 ideal quando tempo e efici\u00eancia energ\u00e9tica s\u00e3o importantes.<\/p>\n<p><img decoding=\"async\" class=\"alignnone size-medium wp-image-3588\" src=\"https:\/\/shaliteink.com\/wp-content\/uploads\/2025\/08\/Plastisol-Ink-Magenta-1-228x300.jpeg\" alt=\"Tinta Plastisol Magenta\" width=\"228\" height=\"300\" srcset=\"https:\/\/shaliteink.com\/wp-content\/uploads\/2025\/08\/Plastisol-Ink-Magenta-1-228x300.jpeg 228w, https:\/\/shaliteink.com\/wp-content\/uploads\/2025\/08\/Plastisol-Ink-Magenta-1-780x1024.jpeg 780w, https:\/\/shaliteink.com\/wp-content\/uploads\/2025\/08\/Plastisol-Ink-Magenta-1-768x1008.jpeg 768w, https:\/\/shaliteink.com\/wp-content\/uploads\/2025\/08\/Plastisol-Ink-Magenta-1-1170x1536.jpeg 1170w, https:\/\/shaliteink.com\/wp-content\/uploads\/2025\/08\/Plastisol-Ink-Magenta-1-1560x2048.jpeg 1560w, https:\/\/shaliteink.com\/wp-content\/uploads\/2025\/08\/Plastisol-Ink-Magenta-1-9x12.jpeg 9w, https:\/\/shaliteink.com\/wp-content\/uploads\/2025\/08\/Plastisol-Ink-Magenta-1-1200x1576.jpeg 1200w, https:\/\/shaliteink.com\/wp-content\/uploads\/2025\/08\/Plastisol-Ink-Magenta-1-150x197.jpeg 150w, https:\/\/shaliteink.com\/wp-content\/uploads\/2025\/08\/Plastisol-Ink-Magenta-1-scaled.jpeg 1950w\" sizes=\"(max-width: 228px) 100vw, 228px\" \/><\/p>","protected":false},"excerpt":{"rendered":"<p>Compre tinta plastisol magenta sem PVC \u2014 tinta de serigrafia v\u00edvida e de baixo odor para tecidos. Cura em baixa temperatura, f\u00e1cil de fazer em casa, f\u00f3rmula sem ftalatos. Perfeita para camisetas, uso dom\u00e9stico e artesanato.<\/p>","protected":false},"featured_media":3587,"comment_status":"open","ping_status":"closed","template":"","meta":[],"product_brand":[],"product_cat":[45],"product_tag":[],"class_list":{"0":"post-3009","1":"product","2":"type-product","3":"status-publish","4":"has-post-thumbnail","6":"product_cat-pvc-free-plastisol-ink","8":"first","9":"instock","10":"shipping-taxable","11":"purchasable","12":"product-type-variable"},"tiered_pricing_type":"fixed","tiered_pricing_fixed_rules":[],"tiered_pricing_product_settings":{"layout":"default","base_unit_name":{"singular":null,"plural":null},"default_variation":null},"tiered_pricing_minimum_quantity":null,"tiered_pricing_roles_data":[],"tiered_pricing_percentage_rules":[],"tiered_pricing_maximum_quantity":null,"tiered_pricing_quantity_step":null,"_links":{"self":[{"href":"https:\/\/shaliteink.com\/pt\/wp-json\/wp\/v2\/product\/3009","targetHints":{"allow":["GET"]}}],"collection":[{"href":"https:\/\/shaliteink.com\/pt\/wp-json\/wp\/v2\/product"}],"about":[{"href":"https:\/\/shaliteink.com\/pt\/wp-json\/wp\/v2\/types\/product"}],"replies":[{"embeddable":true,"href":"https:\/\/shaliteink.com\/pt\/wp-json\/wp\/v2\/comments?post=3009"}],"version-history":[{"count":0,"href":"https:\/\/shaliteink.com\/pt\/wp-json\/wp\/v2\/product\/3009\/revisions"}],"wp:featuredmedia":[{"embeddable":true,"href":"https:\/\/shaliteink.com\/pt\/wp-json\/wp\/v2\/media\/3587"}],"wp:attachment":[{"href":"https:\/\/shaliteink.com\/pt\/wp-json\/wp\/v2\/media?parent=3009"}],"wp:term":[{"taxonomy":"product_brand","embeddable":true,"href":"https:\/\/shaliteink.com\/pt\/wp-json\/wp\/v2\/product_brand?post=3009"},{"taxonomy":"product_cat","embeddable":true,"href":"https:\/\/shaliteink.com\/pt\/wp-json\/wp\/v2\/product_cat?post=3009"},{"taxonomy":"product_tag","embeddable":true,"href":"https:\/\/shaliteink.com\/pt\/wp-json\/wp\/v2\/product_tag?post=3009"}],"curies":[{"name":"wp","href":"https:\/\/api.w.org\/{rel}","templated":true}]}}