{"id":3004,"date":"2025-10-08T06:41:54","date_gmt":"2025-10-08T06:41:54","guid":{"rendered":"https:\/\/shaliteink.com\/?post_type=product&#038;p=3004"},"modified":"2025-12-10T11:31:01","modified_gmt":"2025-12-10T11:31:01","slug":"tinta-plastisol-rosa-vermelha-sem-pvc-segura-para-uso-em-lojas-duravel","status":"publish","type":"product","link":"https:\/\/shaliteink.com\/pt\/produto\/tinta-plastisol-rosa-vermelha-sem-pvc-segura-para-uso-em-lojas-duravel\/","title":{"rendered":"Tinta plastisol rosa vermelha sem PVC \u2013 Compre tinta segura e dur\u00e1vel"},"content":{"rendered":"<p>Descubra o vibrante e ecologicamente consciente <strong><a href=\"https:\/\/shaliteink.com\/pt\/categoria-produto\/tinta-plastisol-sem-pvc\/\"><span class=\"wrapper\">Tinta Plastisol sem PVC<\/span><\/a><\/strong> Rosa Vermelha<span class=\"wrapper\">duro <strong>Shalit<\/strong><strong>e<\/strong><strong>i<\/strong><\/span><strong>nk<\/strong>\u2014sua fonte confi\u00e1vel de produtos maravilhosos<span class=\"wrapper\">tela p<\/span>Tinta de impress\u00e3o projetada para seguran\u00e7a, durabilidade e excelente desempenho geral de impress\u00e3o.<span class=\"wrapper\">amor. Como um<\/span>L\u00edder internacional com mais de vinte anos de experi\u00eancia em produ\u00e7\u00e3o, <strong><a href=\"https:\/\/shaliteink.com\/pt\/\">Shaliteink<\/a><\/strong> Oferecemos tintas premium diretamente da f\u00e1brica, criadas para atender \u00e0s necessidades de distribui\u00e7\u00e3o.<span class=\"wrapper\">rbing d<\/span>desejos tanto de f\u00e3s do fa\u00e7a-voc\u00ea-mesmo quanto de profissionais<span class=\"wrapper\">sess\u00e3o<\/span>al pri<span class=\"wrapper\">ntes.<\/span><\/p>\n<p>Esse <strong>Tinta plastisol sem PVC <\/strong>oferece um extraor<span class=\"wrapper\">din\u00e1rio r<\/span>Tonalidade rosa suave com opacidade e resist\u00eancia \u00e0 cor de primeira linha, tornando-a ideal para<span class=\"wrapper\">r personalizado<\/span>roupas, acess\u00f3rios e artigos para casa da Zing<span class=\"wrapper\">decora\u00e7\u00e3o<\/span>Desenvolvida para proporcionar um toque suave e excelente ader\u00eancia em algod\u00e3o, poli\u00e9ster e tecidos mistos, esta tinta \u00e9 ideal para gerar estampas coloridas e duradouras sem desbotar.<span class=\"wrapper\">ele e<\/span>Quest\u00f5es ambientais e de sa\u00fade relacionadas \u00e0s tintas tradicionais \u00e0 base de PVC.<\/p>\n<p><img decoding=\"async\" class=\"alignnone wp-image-3007\" src=\"https:\/\/shaliteink.com\/wp-content\/uploads\/2025\/08\/PVC-Free-Plastisol-Ink-Rose-Red-2-290x300.jpeg\" alt=\"Tinta plastisol sem PVC, cor rosa vermelha\" width=\"240\" height=\"248\" srcset=\"https:\/\/shaliteink.com\/wp-content\/uploads\/2025\/08\/PVC-Free-Plastisol-Ink-Rose-Red-2-290x300.jpeg 290w, https:\/\/shaliteink.com\/wp-content\/uploads\/2025\/08\/PVC-Free-Plastisol-Ink-Rose-Red-2-988x1024.jpeg 988w, https:\/\/shaliteink.com\/wp-content\/uploads\/2025\/08\/PVC-Free-Plastisol-Ink-Rose-Red-2-768x796.jpeg 768w, https:\/\/shaliteink.com\/wp-content\/uploads\/2025\/08\/PVC-Free-Plastisol-Ink-Rose-Red-2-1483x1536.jpeg 1483w, https:\/\/shaliteink.com\/wp-content\/uploads\/2025\/08\/PVC-Free-Plastisol-Ink-Rose-Red-2-1977x2048.jpeg 1977w, https:\/\/shaliteink.com\/wp-content\/uploads\/2025\/08\/PVC-Free-Plastisol-Ink-Rose-Red-2-12x12.jpeg 12w, https:\/\/shaliteink.com\/wp-content\/uploads\/2025\/08\/PVC-Free-Plastisol-Ink-Rose-Red-2-1200x1243.jpeg 1200w, https:\/\/shaliteink.com\/wp-content\/uploads\/2025\/08\/PVC-Free-Plastisol-Ink-Rose-Red-2-150x155.jpeg 150w\" sizes=\"(max-width: 240px) 100vw, 240px\" \/><\/p>\n<h1>Principais caracter\u00edsticas:<\/h1>\n<ul>\n<li>Livre de PVC e Ecol\u00f3gica: Formulada sem PVC, esta tinta plastisol reduz os n\u00edveis de subst\u00e2ncias nocivas. <span class=\"wrapper\">emiss\u00f5es e apoios<\/span> Ambientes de trabalho mais seguros, em conformidade com normas ambientais rigorosas.<\/li>\n<li>Cor Vermelho Rosado Vibrante: Oferece pigmenta\u00e7\u00e3o intensa e consistente com alta opacidade para designs n\u00edtidos e atraentes.<\/li>\n<li>Estampas dur\u00e1veis e flex\u00edveis: Resistentes a rachaduras e descascamento ap\u00f3s v\u00e1rias lavagens, mantendo a integridade da estampa ao longo do tempo.<\/li>\n<li>Aplica\u00e7\u00e3o f\u00e1cil e intuitiva: A viscosidade suave permite uma impress\u00e3o serigr\u00e1fica simples com excelente libera\u00e7\u00e3o da tela, minimizando o entupimento e o desgaste do est\u00eancil.<\/li>\n<li>Baixo odor e n\u00e3o t\u00f3xico: Seguro para uso em pequenos est\u00fadios, escolas e ambientes dom\u00e9sticos, reduzindo o desconforto durante a aplica\u00e7\u00e3o.<\/li>\n<li>Compat\u00edvel com diversos tecidos: Ideal para algod\u00e3o 100%, poli\u00e9ster e misturas, oferecendo possibilidades vers\u00e1teis de impress\u00e3o.<\/li>\n<li>Cura padr\u00e3o: A temperatura de cura recomendada \u00e9 de 160\u00b0C (320\u00b0F) por 1 a 2 minutos para garantir a ades\u00e3o e durabilidade ideais da tinta.<\/li>\n<li>Limpeza f\u00e1cil: Use produtos de limpeza espec\u00edficos para telas de plastisol para uma limpeza sem complica\u00e7\u00f5es, prolongando a vida \u00fatil da tela e reduzindo o tempo de inatividade.<\/li>\n<\/ul>\n<p>Seja voc\u00ea um artes\u00e3o que busca um kit para pequenos lotes ou uma pequena marca de vestu\u00e1rio que exige cores consistentes, nossa tinta plastisol Rosa Vermelho, livre de PVC, atende a diversas necessidades de produ\u00e7\u00e3o. A alta reten\u00e7\u00e3o de cor e a facilidade de uso da tinta permitem a prototipagem r\u00e1pida e a produ\u00e7\u00e3o em larga escala, garantindo que seus designs sempre tenham uma apar\u00eancia impec\u00e1vel e profissional.<\/p>\n<p><img decoding=\"async\" class=\"alignnone wp-image-3005\" src=\"https:\/\/shaliteink.com\/wp-content\/uploads\/2025\/08\/PVC-Free-Plastisol-Ink-Rose-Red-300x287.jpeg\" alt=\"Tinta plastisol sem PVC, cor rosa vermelha\" width=\"276\" height=\"264\" srcset=\"https:\/\/shaliteink.com\/wp-content\/uploads\/2025\/08\/PVC-Free-Plastisol-Ink-Rose-Red-300x287.jpeg 300w, https:\/\/shaliteink.com\/wp-content\/uploads\/2025\/08\/PVC-Free-Plastisol-Ink-Rose-Red-1024x978.jpeg 1024w, https:\/\/shaliteink.com\/wp-content\/uploads\/2025\/08\/PVC-Free-Plastisol-Ink-Rose-Red-768x734.jpeg 768w, https:\/\/shaliteink.com\/wp-content\/uploads\/2025\/08\/PVC-Free-Plastisol-Ink-Rose-Red-1536x1467.jpeg 1536w, https:\/\/shaliteink.com\/wp-content\/uploads\/2025\/08\/PVC-Free-Plastisol-Ink-Rose-Red-13x12.jpeg 13w, https:\/\/shaliteink.com\/wp-content\/uploads\/2025\/08\/PVC-Free-Plastisol-Ink-Rose-Red-1200x1146.jpeg 1200w, https:\/\/shaliteink.com\/wp-content\/uploads\/2025\/08\/PVC-Free-Plastisol-Ink-Rose-Red-150x143.jpeg 150w, https:\/\/shaliteink.com\/wp-content\/uploads\/2025\/08\/PVC-Free-Plastisol-Ink-Rose-Red.jpeg 1960w\" sizes=\"(max-width: 276px) 100vw, 276px\" \/><\/p>","protected":false},"excerpt":{"rendered":"<p>Comprar <strong data-start=\"3256\" data-end=\"3291\">Tinta plastisol sem PVC, cor rosa vermelha<\/strong> Para impress\u00f5es vibrantes, seguras e dur\u00e1veis. Perfeito. <strong data-start=\"3339\" data-end=\"3362\">tinta de serigrafia<\/strong> Com baixo odor e f\u00e1cil limpeza, ideal para uso dom\u00e9stico e profissional.<\/p>","protected":false},"featured_media":3594,"comment_status":"open","ping_status":"closed","template":"","meta":[],"product_brand":[],"product_cat":[45],"product_tag":[],"class_list":{"0":"post-3004","1":"product","2":"type-product","3":"status-publish","4":"has-post-thumbnail","6":"product_cat-pvc-free-plastisol-ink","8":"first","9":"instock","10":"shipping-taxable","11":"purchasable","12":"product-type-variable"},"tiered_pricing_type":"fixed","tiered_pricing_fixed_rules":[],"tiered_pricing_product_settings":{"layout":"default","base_unit_name":{"singular":null,"plural":null},"default_variation":null},"tiered_pricing_minimum_quantity":null,"tiered_pricing_roles_data":[],"tiered_pricing_percentage_rules":[],"tiered_pricing_maximum_quantity":null,"tiered_pricing_quantity_step":null,"_links":{"self":[{"href":"https:\/\/shaliteink.com\/pt\/wp-json\/wp\/v2\/product\/3004","targetHints":{"allow":["GET"]}}],"collection":[{"href":"https:\/\/shaliteink.com\/pt\/wp-json\/wp\/v2\/product"}],"about":[{"href":"https:\/\/shaliteink.com\/pt\/wp-json\/wp\/v2\/types\/product"}],"replies":[{"embeddable":true,"href":"https:\/\/shaliteink.com\/pt\/wp-json\/wp\/v2\/comments?post=3004"}],"version-history":[{"count":0,"href":"https:\/\/shaliteink.com\/pt\/wp-json\/wp\/v2\/product\/3004\/revisions"}],"wp:featuredmedia":[{"embeddable":true,"href":"https:\/\/shaliteink.com\/pt\/wp-json\/wp\/v2\/media\/3594"}],"wp:attachment":[{"href":"https:\/\/shaliteink.com\/pt\/wp-json\/wp\/v2\/media?parent=3004"}],"wp:term":[{"taxonomy":"product_brand","embeddable":true,"href":"https:\/\/shaliteink.com\/pt\/wp-json\/wp\/v2\/product_brand?post=3004"},{"taxonomy":"product_cat","embeddable":true,"href":"https:\/\/shaliteink.com\/pt\/wp-json\/wp\/v2\/product_cat?post=3004"},{"taxonomy":"product_tag","embeddable":true,"href":"https:\/\/shaliteink.com\/pt\/wp-json\/wp\/v2\/product_tag?post=3004"}],"curies":[{"name":"wp","href":"https:\/\/api.w.org\/{rel}","templated":true}]}}