{"id":2992,"date":"2025-08-16T02:30:49","date_gmt":"2025-08-16T02:30:49","guid":{"rendered":"https:\/\/shaliteink.com\/?post_type=product&#038;p=2992"},"modified":"2025-12-10T11:30:52","modified_gmt":"2025-12-10T11:30:52","slug":"tinta-plastisol-laranja-vermelha-sem-pvc","status":"publish","type":"product","link":"https:\/\/shaliteink.com\/pt\/produto\/tinta-plastisol-laranja-vermelha-sem-pvc\/","title":{"rendered":"Compre tinta plastisol laranja-avermelhada sem PVC para serigrafia."},"content":{"rendered":"<p>Procurando uma alternativa vibrante e ecologicamente consciente \u00e0s tintas tradicionais de serigrafia? <strong><a href=\"https:\/\/shaliteink.com\/pt\/categoria-produto\/tinta-plastisol-sem-pvc\/\">Tinta Plastisol sem PVC<\/a><\/strong> O vermelho alaranjado oferece cores vibrantes sem comprometer a seguran\u00e7a ou o desempenho. Desenvolvida tanto para criadores amadores quanto para pequenas marcas de vestu\u00e1rio, esta tinta para serigrafia oferece resultados de n\u00edvel profissional com uma f\u00f3rmula at\u00f3xica e de baixo odor, ideal para ambientes de est\u00fadio fechados ou compartilhados.<\/p>\n<p>Impress\u00e3o em algod\u00e3o, misturas ou diversos outros materiais t\u00eaxteis? <strong><a href=\"https:\/\/shaliteink.com\/pt\/\">Compre tinta plastisol sem PVC.<\/a><\/strong> Proporciona um toque macio e durabilidade excepcional. O vibrante tom vermelho-alaranjado destaca-se tanto em pe\u00e7as claras quanto escuras, sendo ideal para camisetas, moletons, bolsas e brindes promocionais.<\/p>\n<p><img decoding=\"async\" class=\"alignnone size-medium wp-image-3637\" src=\"https:\/\/shaliteink.com\/wp-content\/uploads\/2025\/08\/PVC-Free-Plastisol-Ink-Orange-Red-265x300.jpeg\" alt=\"Tinta plastisol sem PVC, vermelho-alaranjada\" width=\"265\" height=\"300\" srcset=\"https:\/\/shaliteink.com\/wp-content\/uploads\/2025\/08\/PVC-Free-Plastisol-Ink-Orange-Red-265x300.jpeg 265w, https:\/\/shaliteink.com\/wp-content\/uploads\/2025\/08\/PVC-Free-Plastisol-Ink-Orange-Red-904x1024.jpeg 904w, https:\/\/shaliteink.com\/wp-content\/uploads\/2025\/08\/PVC-Free-Plastisol-Ink-Orange-Red-768x870.jpeg 768w, https:\/\/shaliteink.com\/wp-content\/uploads\/2025\/08\/PVC-Free-Plastisol-Ink-Orange-Red-11x12.jpeg 11w, https:\/\/shaliteink.com\/wp-content\/uploads\/2025\/08\/PVC-Free-Plastisol-Ink-Orange-Red-150x170.jpeg 150w, https:\/\/shaliteink.com\/wp-content\/uploads\/2025\/08\/PVC-Free-Plastisol-Ink-Orange-Red.jpeg 1084w\" sizes=\"(max-width: 265px) 100vw, 265px\" \/><\/p>\n<h1>Principais caracter\u00edsticas:<\/h1>\n<ul>\n<li style=\"text-align: left;\">F\u00f3rmula ecologicamente consciente: Livre de PVC, ftalatos e metais pesados. Segura para uso em escolas, espa\u00e7os de cria\u00e7\u00e3o e est\u00fadios dom\u00e9sticos.<\/li>\n<li style=\"text-align: left;\">Pigmenta\u00e7\u00e3o vibrante: Nossa tinta plastisol laranja-avermelhada, livre de PVC, proporciona cobertura consistente e rica com alta opacidade.<\/li>\n<li style=\"text-align: left;\">Aplica\u00e7\u00e3o suave: Consist\u00eancia m\u00e9dia para facilitar a serigrafia em telas com malha de 110 a 160.<\/li>\n<li style=\"text-align: left;\">Baixo odor + uso seguro: Ideal para espa\u00e7os confinados \u2014 seguro para crian\u00e7as, animais de estima\u00e7\u00e3o e para uso interno.<\/li>\n<li style=\"text-align: left;\">Compat\u00edvel com equipamentos de bricolagem: Cura facilmente usando um soprador t\u00e9rmico dom\u00e9stico ou secador de cabelo a 135\u2013149\u00b0C (275\u2013300\u00b0F).<\/li>\n<li style=\"text-align: left;\">Acabamento Soft Touch: Seca formando uma impress\u00e3o flex\u00edvel e dur\u00e1vel com toque m\u00ednimo.<\/li>\n<\/ul>\n<h1>Instru\u00e7\u00f5es de cura:<\/h1>\n<p>Esta tinta plastisol sem PVC cura bem a 135 \u00b0C a 149 \u00b0C (275 \u00b0F a 300 \u00b0F) durante 60 a 90 segundos. Para obter os melhores resultados, certifique-se de que a pel\u00edcula de tinta atinja a cura completa, verificando a resist\u00eancia \u00e0 lavagem antes dos lotes de produ\u00e7\u00e3o. Ideal para usu\u00e1rios com sopradores t\u00e9rmicos dom\u00e9sticos, secadores instant\u00e2neos ou secadores de esteira.<\/p>\n<h1>Limpar:<\/h1>\n<p>Limpe displays, equipamentos e rodos com removedores de tinta plastisol ecol\u00f3gicos ou produtos de limpeza \u00e0 base de soja. Sem necessidade de solventes agressivos \u2014 mantendo seu espa\u00e7o seguro e seu fluxo de trabalho facilitado.<\/p>\n<p><img decoding=\"async\" class=\"alignnone size-medium wp-image-2993\" src=\"https:\/\/shaliteink.com\/wp-content\/uploads\/2025\/08\/Shop-PVC-Free-Plastisol-Ink-Orange-Red-283x300.jpeg\" alt=\"Compre tinta plastisol laranja vermelha sem PVC.\" width=\"283\" height=\"300\" srcset=\"https:\/\/shaliteink.com\/wp-content\/uploads\/2025\/08\/Shop-PVC-Free-Plastisol-Ink-Orange-Red-283x300.jpeg 283w, https:\/\/shaliteink.com\/wp-content\/uploads\/2025\/08\/Shop-PVC-Free-Plastisol-Ink-Orange-Red-965x1024.jpeg 965w, https:\/\/shaliteink.com\/wp-content\/uploads\/2025\/08\/Shop-PVC-Free-Plastisol-Ink-Orange-Red-768x815.jpeg 768w, https:\/\/shaliteink.com\/wp-content\/uploads\/2025\/08\/Shop-PVC-Free-Plastisol-Ink-Orange-Red-1448x1536.jpeg 1448w, https:\/\/shaliteink.com\/wp-content\/uploads\/2025\/08\/Shop-PVC-Free-Plastisol-Ink-Orange-Red-11x12.jpeg 11w, https:\/\/shaliteink.com\/wp-content\/uploads\/2025\/08\/Shop-PVC-Free-Plastisol-Ink-Orange-Red-1200x1273.jpeg 1200w, https:\/\/shaliteink.com\/wp-content\/uploads\/2025\/08\/Shop-PVC-Free-Plastisol-Ink-Orange-Red-150x159.jpeg 150w, https:\/\/shaliteink.com\/wp-content\/uploads\/2025\/08\/Shop-PVC-Free-Plastisol-Ink-Orange-Red.jpeg 1584w\" sizes=\"(max-width: 283px) 100vw, 283px\" \/><\/p>","protected":false},"excerpt":{"rendered":"<p>Compre tinta plastisol laranja-avermelhada sem PVC para impress\u00f5es vibrantes. Tinta de serigrafia ecol\u00f3gica, com baixo odor, toque suave, ideal para uso profissional e amador. Compre em embalagens pequenas ou em grandes quantidades.<\/p>","protected":false},"featured_media":2995,"comment_status":"open","ping_status":"closed","template":"","meta":[],"product_brand":[],"product_cat":[45],"product_tag":[],"class_list":{"0":"post-2992","1":"product","2":"type-product","3":"status-publish","4":"has-post-thumbnail","6":"product_cat-pvc-free-plastisol-ink","8":"first","9":"instock","10":"shipping-taxable","11":"purchasable","12":"product-type-variable"},"tiered_pricing_type":"fixed","tiered_pricing_fixed_rules":[],"tiered_pricing_product_settings":{"layout":"default","base_unit_name":{"singular":null,"plural":null},"default_variation":null},"tiered_pricing_minimum_quantity":null,"tiered_pricing_roles_data":[],"tiered_pricing_percentage_rules":[],"tiered_pricing_maximum_quantity":null,"tiered_pricing_quantity_step":null,"_links":{"self":[{"href":"https:\/\/shaliteink.com\/pt\/wp-json\/wp\/v2\/product\/2992","targetHints":{"allow":["GET"]}}],"collection":[{"href":"https:\/\/shaliteink.com\/pt\/wp-json\/wp\/v2\/product"}],"about":[{"href":"https:\/\/shaliteink.com\/pt\/wp-json\/wp\/v2\/types\/product"}],"replies":[{"embeddable":true,"href":"https:\/\/shaliteink.com\/pt\/wp-json\/wp\/v2\/comments?post=2992"}],"version-history":[{"count":0,"href":"https:\/\/shaliteink.com\/pt\/wp-json\/wp\/v2\/product\/2992\/revisions"}],"wp:featuredmedia":[{"embeddable":true,"href":"https:\/\/shaliteink.com\/pt\/wp-json\/wp\/v2\/media\/2995"}],"wp:attachment":[{"href":"https:\/\/shaliteink.com\/pt\/wp-json\/wp\/v2\/media?parent=2992"}],"wp:term":[{"taxonomy":"product_brand","embeddable":true,"href":"https:\/\/shaliteink.com\/pt\/wp-json\/wp\/v2\/product_brand?post=2992"},{"taxonomy":"product_cat","embeddable":true,"href":"https:\/\/shaliteink.com\/pt\/wp-json\/wp\/v2\/product_cat?post=2992"},{"taxonomy":"product_tag","embeddable":true,"href":"https:\/\/shaliteink.com\/pt\/wp-json\/wp\/v2\/product_tag?post=2992"}],"curies":[{"name":"wp","href":"https:\/\/api.w.org\/{rel}","templated":true}]}}