{"id":2986,"date":"2025-10-08T06:57:37","date_gmt":"2025-10-08T06:57:37","guid":{"rendered":"https:\/\/shaliteink.com\/?post_type=product&#038;p=2986"},"modified":"2025-12-10T11:26:58","modified_gmt":"2025-12-10T11:26:58","slug":"tinta-plastisol-sem-pvc-laranja-amarela-disponivel-para-compra-online","status":"publish","type":"product","link":"https:\/\/shaliteink.com\/pt\/produto\/tinta-plastisol-sem-pvc-laranja-amarela-disponivel-para-compra-online\/","title":{"rendered":"Tinta Plastisol Laranja Amarelo Sem PVC | Encomende Online"},"content":{"rendered":"<p>D\u00ea vida aos seus projetos com nossos <strong><a href=\"https:\/\/shaliteink.com\/pt\/categoria-produto\/tinta-plastisol-sem-pvc\/\"><span class=\"wrapper\">Tinta Plastisol sem PVC<\/span><\/a><\/strong> em vibrante <span class=\"wrapper\">Laranja Amarelo,<\/span> Ideal para estampas ousadas e atraentes em <span class=\"wrapper\">Camisetas,<\/span> Sacolas de pano, moletons com capuz e muito mais. Esta f\u00f3rmula ecologicamente consciente oferece qualidade profissional. <span class=\"wrapper\">consequ\u00eancias<\/span> Sem PVC, tornando-o mais seguro para voc\u00ea, seus clientes e o meio ambiente. Seja voc\u00ea um artes\u00e3o do tipo &quot;fa\u00e7a voc\u00ea mesmo&quot;, um vendedor do Etsy, um professor que oferece workshops ou... <span class=\"wrapper\">uma vestimenta<\/span> logotipo, esta tinta d\u00e1 cor <span class=\"wrapper\">sombra,<\/span> f\u00e1cil <span class=\"wrapper\">utilidade,<\/span> e desempenho confi\u00e1vel.<\/p>\n<p><img decoding=\"async\" class=\"alignnone size-medium wp-image-3595\" src=\"https:\/\/shaliteink.com\/wp-content\/uploads\/2025\/08\/PVC-Free-Plastisol-Ink-Orange-Yellow-3-245x300.jpeg\" alt=\"Tinta plastisol sem PVC, laranja amarela.\" width=\"245\" height=\"300\" srcset=\"https:\/\/shaliteink.com\/wp-content\/uploads\/2025\/08\/PVC-Free-Plastisol-Ink-Orange-Yellow-3-245x300.jpeg 245w, https:\/\/shaliteink.com\/wp-content\/uploads\/2025\/08\/PVC-Free-Plastisol-Ink-Orange-Yellow-3-837x1024.jpeg 837w, https:\/\/shaliteink.com\/wp-content\/uploads\/2025\/08\/PVC-Free-Plastisol-Ink-Orange-Yellow-3-768x940.jpeg 768w, https:\/\/shaliteink.com\/wp-content\/uploads\/2025\/08\/PVC-Free-Plastisol-Ink-Orange-Yellow-3-1256x1536.jpeg 1256w, https:\/\/shaliteink.com\/wp-content\/uploads\/2025\/08\/PVC-Free-Plastisol-Ink-Orange-Yellow-3-1674x2048.jpeg 1674w, https:\/\/shaliteink.com\/wp-content\/uploads\/2025\/08\/PVC-Free-Plastisol-Ink-Orange-Yellow-3-10x12.jpeg 10w, https:\/\/shaliteink.com\/wp-content\/uploads\/2025\/08\/PVC-Free-Plastisol-Ink-Orange-Yellow-3-1200x1468.jpeg 1200w, https:\/\/shaliteink.com\/wp-content\/uploads\/2025\/08\/PVC-Free-Plastisol-Ink-Orange-Yellow-3-150x184.jpeg 150w\" sizes=\"(max-width: 245px) 100vw, 245px\" \/><\/p>\n<h1>Principais caracter\u00edsticas:<\/h1>\n<ul>\n<li>Tom amarelo-alaranjado brilhante e opaco<\/li>\n<li>F\u00f3rmula de tinta plastisol ecol\u00f3gica e livre de PVC<\/li>\n<li>Compat\u00edvel com tecidos de algod\u00e3o, poli\u00e9ster e mistos.<\/li>\n<li>Fluxo de tinta suave para detalhes precisos e cobertura intensa.<\/li>\n<li>N\u00e3o t\u00f3xico, com baixo odor \u2013 ideal para uso dom\u00e9stico e escolar.<\/li>\n<li>Cores consistentes lote a lote para resultados profissionais.<\/li>\n<li>Compat\u00edvel com telas de malha padr\u00e3o e tipos de emuls\u00e3o.<\/li>\n<li>Acabamento dur\u00e1vel e resistente \u00e0 lavagem ap\u00f3s cura adequada.<\/li>\n<\/ul>\n<h1>Instru\u00e7\u00f5es de cura:<\/h1>\n<p>Esta tinta para serigrafia cura a uma temperatura padr\u00e3o de 149 \u00b0C (300 \u00b0F). Ela \u00e9 otimizada para cura em baixa temperatura quando usada com um secador de ar for\u00e7ado ou pistola de ar quente dom\u00e9stica, oferecendo flexibilidade para impressoras dom\u00e9sticas e uso em sala de aula. Garanta uma distribui\u00e7\u00e3o adequada de calor para obter m\u00e1xima durabilidade e resist\u00eancia \u00e0 lavagem.<\/p>\n<p><a href=\"https:\/\/shaliteink.com\/pt\/categoria-produto\/tinta-para-serigrafia-nb-sem-pvc\/\"><strong>Fa\u00e7a seu pedido online hoje mesmo<\/strong><\/a> e vivenciar o <strong>diferen\u00e7a<\/strong> de qualidade premium <strong><a href=\"https:\/\/shaliteink.com\/pt\/\">Loja online de tinta plastisol sem PVC<\/a><\/strong> de uma fonte confi\u00e1vel <strong>tinta de serigrafia<\/strong> fornecedor.<\/p>\n<p><img decoding=\"async\" class=\"alignnone size-medium wp-image-2989\" src=\"https:\/\/shaliteink.com\/wp-content\/uploads\/2025\/08\/PVC-Free-Plastisol-Ink-Orange-Yellow-2-300x269.jpeg\" alt=\"Tinta plastisol sem PVC, laranja amarela.\" width=\"300\" height=\"269\" srcset=\"https:\/\/shaliteink.com\/wp-content\/uploads\/2025\/08\/PVC-Free-Plastisol-Ink-Orange-Yellow-2-300x269.jpeg 300w, https:\/\/shaliteink.com\/wp-content\/uploads\/2025\/08\/PVC-Free-Plastisol-Ink-Orange-Yellow-2-1024x918.jpeg 1024w, https:\/\/shaliteink.com\/wp-content\/uploads\/2025\/08\/PVC-Free-Plastisol-Ink-Orange-Yellow-2-768x688.jpeg 768w, https:\/\/shaliteink.com\/wp-content\/uploads\/2025\/08\/PVC-Free-Plastisol-Ink-Orange-Yellow-2-1536x1376.jpeg 1536w, https:\/\/shaliteink.com\/wp-content\/uploads\/2025\/08\/PVC-Free-Plastisol-Ink-Orange-Yellow-2-2048x1835.jpeg 2048w, https:\/\/shaliteink.com\/wp-content\/uploads\/2025\/08\/PVC-Free-Plastisol-Ink-Orange-Yellow-2-13x12.jpeg 13w, https:\/\/shaliteink.com\/wp-content\/uploads\/2025\/08\/PVC-Free-Plastisol-Ink-Orange-Yellow-2-1200x1075.jpeg 1200w, https:\/\/shaliteink.com\/wp-content\/uploads\/2025\/08\/PVC-Free-Plastisol-Ink-Orange-Yellow-2-150x134.jpeg 150w\" sizes=\"(max-width: 300px) 100vw, 300px\" \/><\/p>","protected":false},"excerpt":{"rendered":"<p><strong>Comprar Tinta Plastisol Sem PVC Laranja Amarelo<\/strong> \u2013 ecol\u00f3gico <strong>tinta de serigrafia<\/strong> com cores brilhantes, cura f\u00e1cil e perfeito para &quot;fa\u00e7a voc\u00ea mesmo&quot;, escolas e pequenas marcas de roupas.<\/p>","protected":false},"featured_media":2987,"comment_status":"open","ping_status":"closed","template":"","meta":[],"product_brand":[],"product_cat":[45],"product_tag":[],"class_list":{"0":"post-2986","1":"product","2":"type-product","3":"status-publish","4":"has-post-thumbnail","6":"product_cat-pvc-free-plastisol-ink","8":"first","9":"instock","10":"shipping-taxable","11":"purchasable","12":"product-type-variable"},"tiered_pricing_type":"fixed","tiered_pricing_fixed_rules":[],"tiered_pricing_product_settings":{"layout":"default","base_unit_name":{"singular":null,"plural":null},"default_variation":null},"tiered_pricing_minimum_quantity":null,"tiered_pricing_roles_data":[],"tiered_pricing_percentage_rules":[],"tiered_pricing_maximum_quantity":null,"tiered_pricing_quantity_step":null,"_links":{"self":[{"href":"https:\/\/shaliteink.com\/pt\/wp-json\/wp\/v2\/product\/2986","targetHints":{"allow":["GET"]}}],"collection":[{"href":"https:\/\/shaliteink.com\/pt\/wp-json\/wp\/v2\/product"}],"about":[{"href":"https:\/\/shaliteink.com\/pt\/wp-json\/wp\/v2\/types\/product"}],"replies":[{"embeddable":true,"href":"https:\/\/shaliteink.com\/pt\/wp-json\/wp\/v2\/comments?post=2986"}],"version-history":[{"count":0,"href":"https:\/\/shaliteink.com\/pt\/wp-json\/wp\/v2\/product\/2986\/revisions"}],"wp:featuredmedia":[{"embeddable":true,"href":"https:\/\/shaliteink.com\/pt\/wp-json\/wp\/v2\/media\/2987"}],"wp:attachment":[{"href":"https:\/\/shaliteink.com\/pt\/wp-json\/wp\/v2\/media?parent=2986"}],"wp:term":[{"taxonomy":"product_brand","embeddable":true,"href":"https:\/\/shaliteink.com\/pt\/wp-json\/wp\/v2\/product_brand?post=2986"},{"taxonomy":"product_cat","embeddable":true,"href":"https:\/\/shaliteink.com\/pt\/wp-json\/wp\/v2\/product_cat?post=2986"},{"taxonomy":"product_tag","embeddable":true,"href":"https:\/\/shaliteink.com\/pt\/wp-json\/wp\/v2\/product_tag?post=2986"}],"curies":[{"name":"wp","href":"https:\/\/api.w.org\/{rel}","templated":true}]}}