{"id":2979,"date":"2025-10-08T06:50:31","date_gmt":"2025-10-08T06:50:31","guid":{"rendered":"https:\/\/shaliteink.com\/?post_type=product&#038;p=2979"},"modified":"2025-12-10T11:30:49","modified_gmt":"2025-12-10T11:30:49","slug":"compre-tinta-plastisol-laranja-sem-pvc-para-impressao-textil-segura","status":"publish","type":"product","link":"https:\/\/shaliteink.com\/pt\/produto\/compre-tinta-plastisol-laranja-sem-pvc-para-impressao-textil-segura\/","title":{"rendered":"Compre Tinta Plastisol Laranja Sem PVC \u2013 Impress\u00e3o T\u00eaxtil Segura"},"content":{"rendered":"<p>Descubra a combina\u00e7\u00e3o perfeita de desempenho geral e prote\u00e7\u00e3o com o nosso produto. <strong><a href=\"https:\/\/shaliteink.com\/pt\/categoria-produto\/tinta-plastisol-sem-pvc\/\">Tinta plastisol sem PVC<\/a> <\/strong>Laranja, um display premium <a href=\"https:\/\/shaliteink.com\/pt\/screen-printing-ink\/\"><strong>tinta de serigrafia<\/strong><\/a> Desenvolvida para criadores inovadores e usu\u00e1rios de pequenos est\u00fadios, esta tinta de cura a baixa temperatura e livre de ftalatos oferece impress\u00f5es em tons de laranja vibrantes com opacidade avan\u00e7ada, toque suave e excelente resist\u00eancia \u00e0 lavagem.<\/p>\n<p>Por que o nosso <strong>Tinta plastisol sem PVC<\/strong> Laranja combina com voc\u00ea.<br \/>\nNossa tinta laranja \u00e9 formulada sem PVC ou ftalatos, tornando-a segura para artes\u00e3os dom\u00e9sticos, escolas, espa\u00e7os de cria\u00e7\u00e3o e marcas de roupas independentes. Ela seca a uma temperatura mais baixa (aproximadamente 132 \u00b0C), permitindo o uso com sopradores t\u00e9rmicos dom\u00e9sticos ou secadores port\u00e1teis pequenos, e reduzindo o consumo de energia. Mais segura, limpa e eficiente para impress\u00e3o personalizada em pequenos lotes.<\/p>\n<p><img decoding=\"async\" class=\"alignnone size-medium wp-image-3598\" src=\"https:\/\/shaliteink.com\/wp-content\/uploads\/2025\/08\/PVC-Free-Plastisol-Ink-Orange-4-287x300.jpeg\" alt=\"Tinta plastisol laranja sem PVC\" width=\"287\" height=\"300\" srcset=\"https:\/\/shaliteink.com\/wp-content\/uploads\/2025\/08\/PVC-Free-Plastisol-Ink-Orange-4-287x300.jpeg 287w, https:\/\/shaliteink.com\/wp-content\/uploads\/2025\/08\/PVC-Free-Plastisol-Ink-Orange-4-979x1024.jpeg 979w, https:\/\/shaliteink.com\/wp-content\/uploads\/2025\/08\/PVC-Free-Plastisol-Ink-Orange-4-768x804.jpeg 768w, https:\/\/shaliteink.com\/wp-content\/uploads\/2025\/08\/PVC-Free-Plastisol-Ink-Orange-4-1468x1536.jpeg 1468w, https:\/\/shaliteink.com\/wp-content\/uploads\/2025\/08\/PVC-Free-Plastisol-Ink-Orange-4-11x12.jpeg 11w, https:\/\/shaliteink.com\/wp-content\/uploads\/2025\/08\/PVC-Free-Plastisol-Ink-Orange-4-1200x1256.jpeg 1200w, https:\/\/shaliteink.com\/wp-content\/uploads\/2025\/08\/PVC-Free-Plastisol-Ink-Orange-4-150x157.jpeg 150w, https:\/\/shaliteink.com\/wp-content\/uploads\/2025\/08\/PVC-Free-Plastisol-Ink-Orange-4.jpeg 1636w\" sizes=\"(max-width: 287px) 100vw, 287px\" \/><\/p>\n<h1>Caracter\u00edsticas e benef\u00edcios:<\/h1>\n<p><strong>Seguran\u00e7a e desempenho:<\/strong><\/p>\n<ul>\n<li><a href=\"https:\/\/shaliteink.com\/pt\/\"><strong>Tinta plastisol sem PVC Shaliteink<\/strong><\/a> Certificado como livre de ftalatos para uso ecol\u00f3gico \u2014 perfeito para criadores com filhos, animais de estima\u00e7\u00e3o ou que prezam pelo design sustent\u00e1vel.<\/li>\n<li>Pigmento laranja altamente opaco que proporciona cores intensas e vibrantes, mesmo em tecidos escuros ou coloridos. Baseado nas caracter\u00edsticas de cura r\u00e1pida: livre de ftalatos e com alta opacidade.<\/li>\n<li>Impress\u00f5es suaves ao toque, imitando linhas de plastisol premium como Sollyd\u2122 e Rapid Cure.<\/li>\n<\/ul>\n<p><strong>Facilidade de impress\u00e3o e fluxo de trabalho:<\/strong><\/p>\n<ul>\n<li>A f\u00f3rmula cremosa e de corpo curto da tinta flui facilmente sob o rodo \u2014 ideal para usu\u00e1rios de impressoras manuais e de pequeno porte.<\/li>\n<li>Aceita aplica\u00e7\u00f5es \u00famido sobre \u00famido para efeitos multicoloridos com tempos de flash m\u00ednimos.<\/li>\n<\/ul>\n<p><strong>Cura em baixa temperatura:<\/strong><\/p>\n<ul>\n<li>Cura a aproximadamente 132 \u00b0C (270 \u00b0F) \u2014 significativamente inferior aos t\u00edpicos 160 \u00b0C (320 \u00b0F). Compat\u00edvel com pistolas de ar quente dom\u00e9sticas, secadores instant\u00e2neos ou fornos de baixa temperatura.<\/li>\n<li>Aplique uma temperatura de aproximadamente 180\u2013200 \u00b0F (82\u201393 \u00b0C) por 3 a 5 segundos e, em seguida, cure completamente a 270 \u00b0F (132 \u00b0C) atrav\u00e9s da camada de tinta.<\/li>\n<\/ul>\n<p><strong>Limpeza e higieniza\u00e7\u00e3o:<\/strong><\/p>\n<ul>\n<li>Por ser plastisol, a tinta n\u00e3o seca na tela \u2014 basta limpar ou lavar com um produto de limpeza para plastisol. N\u00e3o s\u00e3o necess\u00e1rios solventes especiais nem imers\u00e3o prolongada.<\/li>\n<li>Baixo odor e res\u00edduos m\u00ednimos reduzem o tempo e os custos de limpeza \u2014 ideal para est\u00fadios compactos de fa\u00e7a-voc\u00ea-mesmo ou ambientes escolares.<\/li>\n<\/ul>\n<p><img decoding=\"async\" class=\"alignnone size-medium wp-image-2983\" src=\"https:\/\/shaliteink.com\/wp-content\/uploads\/2025\/08\/PVC-Free-Plastisol-Ink-Orange-2-263x300.jpeg\" alt=\"Tinta plastisol laranja sem PVC\" width=\"263\" height=\"300\" srcset=\"https:\/\/shaliteink.com\/wp-content\/uploads\/2025\/08\/PVC-Free-Plastisol-Ink-Orange-2-263x300.jpeg 263w, https:\/\/shaliteink.com\/wp-content\/uploads\/2025\/08\/PVC-Free-Plastisol-Ink-Orange-2-898x1024.jpeg 898w, https:\/\/shaliteink.com\/wp-content\/uploads\/2025\/08\/PVC-Free-Plastisol-Ink-Orange-2-768x875.jpeg 768w, https:\/\/shaliteink.com\/wp-content\/uploads\/2025\/08\/PVC-Free-Plastisol-Ink-Orange-2-1348x1536.jpeg 1348w, https:\/\/shaliteink.com\/wp-content\/uploads\/2025\/08\/PVC-Free-Plastisol-Ink-Orange-2-11x12.jpeg 11w, https:\/\/shaliteink.com\/wp-content\/uploads\/2025\/08\/PVC-Free-Plastisol-Ink-Orange-2-1200x1368.jpeg 1200w, https:\/\/shaliteink.com\/wp-content\/uploads\/2025\/08\/PVC-Free-Plastisol-Ink-Orange-2-150x171.jpeg 150w, https:\/\/shaliteink.com\/wp-content\/uploads\/2025\/08\/PVC-Free-Plastisol-Ink-Orange-2.jpeg 1632w\" sizes=\"(max-width: 263px) 100vw, 263px\" \/><\/p>\n<p>&nbsp;<\/p>","protected":false},"excerpt":{"rendered":"<p>Seguro <strong data-start=\"5\" data-end=\"31\">Tinta plastisol sem PVC<\/strong> laranja com cura em baixa temperatura, sem ftalatos, vibrante e suave. Ideal <strong data-start=\"105\" data-end=\"128\">tinta de serigrafia<\/strong> Para artes\u00e3os amadores e usu\u00e1rios de est\u00fadios dom\u00e9sticos. Compre agora!<\/p>","protected":false},"featured_media":3597,"comment_status":"open","ping_status":"closed","template":"","meta":[],"product_brand":[],"product_cat":[45],"product_tag":[],"class_list":{"0":"post-2979","1":"product","2":"type-product","3":"status-publish","4":"has-post-thumbnail","6":"product_cat-pvc-free-plastisol-ink","8":"first","9":"instock","10":"shipping-taxable","11":"purchasable","12":"product-type-variable"},"tiered_pricing_type":"fixed","tiered_pricing_fixed_rules":[],"tiered_pricing_product_settings":{"layout":"default","base_unit_name":{"singular":null,"plural":null},"default_variation":null},"tiered_pricing_minimum_quantity":null,"tiered_pricing_roles_data":[],"tiered_pricing_percentage_rules":[],"tiered_pricing_maximum_quantity":null,"tiered_pricing_quantity_step":null,"_links":{"self":[{"href":"https:\/\/shaliteink.com\/pt\/wp-json\/wp\/v2\/product\/2979","targetHints":{"allow":["GET"]}}],"collection":[{"href":"https:\/\/shaliteink.com\/pt\/wp-json\/wp\/v2\/product"}],"about":[{"href":"https:\/\/shaliteink.com\/pt\/wp-json\/wp\/v2\/types\/product"}],"replies":[{"embeddable":true,"href":"https:\/\/shaliteink.com\/pt\/wp-json\/wp\/v2\/comments?post=2979"}],"version-history":[{"count":0,"href":"https:\/\/shaliteink.com\/pt\/wp-json\/wp\/v2\/product\/2979\/revisions"}],"wp:featuredmedia":[{"embeddable":true,"href":"https:\/\/shaliteink.com\/pt\/wp-json\/wp\/v2\/media\/3597"}],"wp:attachment":[{"href":"https:\/\/shaliteink.com\/pt\/wp-json\/wp\/v2\/media?parent=2979"}],"wp:term":[{"taxonomy":"product_brand","embeddable":true,"href":"https:\/\/shaliteink.com\/pt\/wp-json\/wp\/v2\/product_brand?post=2979"},{"taxonomy":"product_cat","embeddable":true,"href":"https:\/\/shaliteink.com\/pt\/wp-json\/wp\/v2\/product_cat?post=2979"},{"taxonomy":"product_tag","embeddable":true,"href":"https:\/\/shaliteink.com\/pt\/wp-json\/wp\/v2\/product_tag?post=2979"}],"curies":[{"name":"wp","href":"https:\/\/api.w.org\/{rel}","templated":true}]}}