{"id":2969,"date":"2025-09-19T08:08:22","date_gmt":"2025-09-19T08:08:22","guid":{"rendered":"https:\/\/shaliteink.com\/?post_type=product&#038;p=2969"},"modified":"2025-12-10T11:25:06","modified_gmt":"2025-12-10T11:25:06","slug":"tinta-plastisol-sem-pvc-amarelo-dourado","status":"publish","type":"product","link":"https:\/\/shaliteink.com\/pt\/produto\/tinta-plastisol-sem-pvc-amarelo-dourado\/","title":{"rendered":"Tinta Plastisol Sem PVC \u2013 Amarelo Dourado | Serigrafia"},"content":{"rendered":"<p>Descobrir <strong><a href=\"https:\/\/shaliteink.com\/pt\/categoria-produto\/tinta-plastisol-sem-pvc\/\">Tinta plastisol sem PVC<\/a><\/strong> Com o Amarelo Dourado, uma tinta vibrante para impress\u00e3o display formulada especificamente para criadores preocupados com a prote\u00e7\u00e3o, a Shaliteink oferece a voc\u00ea duas d\u00e9cadas de experi\u00eancia em fabrica\u00e7\u00e3o de uma s\u00f3 vez: direto da f\u00e1brica, confi\u00e1vel por fabricantes internacionais e feita sob medida para artes\u00e3os do tipo &quot;fa\u00e7a voc\u00ea mesmo&quot;, lojistas de produtos artesanais, espa\u00e7os de cria\u00e7\u00e3o, fabricantes de roupas independentes, organizadores de eventos e entusiastas de decora\u00e7\u00e3o.<\/p>\n<p>Tentando encontrar um <a href=\"https:\/\/shaliteink.com\/pt\/\"><strong>Mais vendidos <\/strong><strong>Tinta plastisol sem PVC<\/strong><\/a>Esta tinta amarelo-dourada oferece as vantagens do plastisol padr\u00e3o sem PVC ou ftalatos. Ela seca a aproximadamente 132 \u00b0C, funciona perfeitamente com sopradores t\u00e9rmicos dom\u00e9sticos ou secadores de roupa baratos e \u00e9 ideal para pequenos est\u00fadios. Baseada em padr\u00f5es como a tinta branca de secagem r\u00e1pida, ela proporciona impress\u00f5es vibrantes, de alta opacidade, toque macio e baixa transfer\u00eancia de cor em misturas de poli\u00e9ster.<\/p>\n<p><img decoding=\"async\" class=\"alignnone size-medium wp-image-3600\" src=\"https:\/\/shaliteink.com\/wp-content\/uploads\/2025\/08\/PVC-Free-Plastisol-Ink-Orange-Yellow-4-245x300.jpeg\" alt=\"Tinta plastisol sem PVC \u2013 Amarelo Dourado\" width=\"245\" height=\"300\" srcset=\"https:\/\/shaliteink.com\/wp-content\/uploads\/2025\/08\/PVC-Free-Plastisol-Ink-Orange-Yellow-4-245x300.jpeg 245w, https:\/\/shaliteink.com\/wp-content\/uploads\/2025\/08\/PVC-Free-Plastisol-Ink-Orange-Yellow-4-837x1024.jpeg 837w, https:\/\/shaliteink.com\/wp-content\/uploads\/2025\/08\/PVC-Free-Plastisol-Ink-Orange-Yellow-4-768x940.jpeg 768w, https:\/\/shaliteink.com\/wp-content\/uploads\/2025\/08\/PVC-Free-Plastisol-Ink-Orange-Yellow-4-1256x1536.jpeg 1256w, https:\/\/shaliteink.com\/wp-content\/uploads\/2025\/08\/PVC-Free-Plastisol-Ink-Orange-Yellow-4-1674x2048.jpeg 1674w, https:\/\/shaliteink.com\/wp-content\/uploads\/2025\/08\/PVC-Free-Plastisol-Ink-Orange-Yellow-4-10x12.jpeg 10w, https:\/\/shaliteink.com\/wp-content\/uploads\/2025\/08\/PVC-Free-Plastisol-Ink-Orange-Yellow-4-1200x1468.jpeg 1200w, https:\/\/shaliteink.com\/wp-content\/uploads\/2025\/08\/PVC-Free-Plastisol-Ink-Orange-Yellow-4-150x184.jpeg 150w\" sizes=\"(max-width: 245px) 100vw, 245px\" \/><\/p>\n<h1>Por que escolher o amarelo dourado?<\/h1>\n<ul>\n<li>Amarelo dourado intenso e vibrante, com opacidade mesmo em pe\u00e7as de roupa escuras.<\/li>\n<li>Consist\u00eancia cremosa e de secagem r\u00e1pida para impress\u00e3o e limpeza suaves, refletindo a facilidade de uso das principais tintas.<\/li>\n<li>Acabamento macio ao toque, com uma sensa\u00e7\u00e3o extraordin\u00e1ria, que evita a textura r\u00edgida do plastisol.<\/li>\n<li>Sistema livre de ftalatos e PVC, que atende aos padr\u00f5es de respeito ao meio ambiente e seguran\u00e7a para a sa\u00fade.<\/li>\n<li>A temperatura moderada da terapia, semelhante \u00e0 das tintas de baixa temperatura (\u2248 270 \u00b0F), diminui o risco de queimaduras e permite a compatibilidade com dispositivos dom\u00e9sticos.<\/li>\n<li>Perfeito para artes\u00e3os que fazem camisetas personalizadas, vendedores do Etsy\/Shopify que desejam lotes pequenos e constantes, espa\u00e7os de cria\u00e7\u00e3o que precisam de tinta segura e f\u00e1cil de usar, e marcas de vestu\u00e1rio independentes com entrega r\u00e1pida.<\/li>\n<li>Profissionais que trabalham com prazos apertados e organizadores de eventos se beneficiam dessa tinta amarelo-dourada confi\u00e1vel.<\/li>\n<\/ul>\n<p><img decoding=\"async\" class=\"alignnone size-medium wp-image-2975\" src=\"https:\/\/shaliteink.com\/wp-content\/uploads\/2025\/08\/PVC-Free-Plastisol-Ink-\u2013-Golden-Yellow-1-275x300.jpeg\" alt=\"Tinta plastisol sem PVC \u2013 Amarelo Dourado\" width=\"275\" height=\"300\" srcset=\"https:\/\/shaliteink.com\/wp-content\/uploads\/2025\/08\/PVC-Free-Plastisol-Ink-\u2013-Golden-Yellow-1-275x300.jpeg 275w, https:\/\/shaliteink.com\/wp-content\/uploads\/2025\/08\/PVC-Free-Plastisol-Ink-\u2013-Golden-Yellow-1-937x1024.jpeg 937w, https:\/\/shaliteink.com\/wp-content\/uploads\/2025\/08\/PVC-Free-Plastisol-Ink-\u2013-Golden-Yellow-1-768x839.jpeg 768w, https:\/\/shaliteink.com\/wp-content\/uploads\/2025\/08\/PVC-Free-Plastisol-Ink-\u2013-Golden-Yellow-1-1406x1536.jpeg 1406w, https:\/\/shaliteink.com\/wp-content\/uploads\/2025\/08\/PVC-Free-Plastisol-Ink-\u2013-Golden-Yellow-1-11x12.jpeg 11w, https:\/\/shaliteink.com\/wp-content\/uploads\/2025\/08\/PVC-Free-Plastisol-Ink-\u2013-Golden-Yellow-1-1200x1311.jpeg 1200w, https:\/\/shaliteink.com\/wp-content\/uploads\/2025\/08\/PVC-Free-Plastisol-Ink-\u2013-Golden-Yellow-1-150x164.jpeg 150w, https:\/\/shaliteink.com\/wp-content\/uploads\/2025\/08\/PVC-Free-Plastisol-Ink-\u2013-Golden-Yellow-1.jpeg 1604w\" sizes=\"(max-width: 275px) 100vw, 275px\" \/><\/p>\n<h2 data-start=\"594\" data-end=\"609\">Principais caracter\u00edsticas<\/h2>\n<ul data-start=\"611\" data-end=\"946\">\n<li data-start=\"611\" data-end=\"652\">\n<p data-start=\"613\" data-end=\"652\"><span class=\"relative -mx-px my-[-0.2rem] rounded px-px py-[0.2rem] transition-colors duration-100 ease-in-out\"><strong data-start=\"0\" data-end=\"26\" data-is-only-node=\"\">Tinta plastisol sem PVC<\/strong>seguro e n\u00e3o t\u00f3xico<\/span><\/p>\n<\/li>\n<li data-start=\"653\" data-end=\"694\">\n<p data-start=\"655\" data-end=\"694\"><span class=\"relative -mx-px my-[-0.2rem] rounded px-px py-[0.2rem] transition-colors duration-100 ease-in-out\"><strong data-start=\"0\" data-end=\"37\" data-is-last-node=\"\" data-is-only-node=\"\">Cor amarelo dourado altamente opaca<\/strong><\/span><\/p>\n<\/li>\n<li data-start=\"695\" data-end=\"736\">\n<p data-start=\"697\" data-end=\"736\"><span class=\"relative -mx-px my-[-0.2rem] rounded px-px py-[0.2rem] transition-colors duration-100 ease-in-out\"><strong data-start=\"0\" data-end=\"37\" data-is-last-node=\"\" data-is-only-node=\"\">Consist\u00eancia cremosa e f\u00e1cil de imprimir<\/strong><\/span><\/p>\n<\/li>\n<li data-start=\"737\" data-end=\"778\">\n<p data-start=\"739\" data-end=\"778\"><span class=\"relative -mx-px my-[-0.2rem] rounded px-px py-[0.2rem] transition-colors duration-100 ease-in-out\"><strong data-start=\"0\" data-end=\"34\" data-is-only-node=\"\">Baixa temperatura de cura (aproximadamente 270 \u00b0F)<\/strong> Adequado para cura em casa ou em est\u00fadio.<\/span><\/p>\n<\/li>\n<li data-start=\"779\" data-end=\"820\">\n<p data-start=\"781\" data-end=\"820\"><span class=\"relative -mx-px my-[-0.2rem] rounded px-px py-[0.2rem] transition-colors duration-100 ease-in-out\"><strong data-start=\"0\" data-end=\"35\" data-is-last-node=\"\" data-is-only-node=\"\">Acabamento macio e flex\u00edvel ao toque<\/strong><\/span><\/p>\n<\/li>\n<li data-start=\"821\" data-end=\"862\">\n<p data-start=\"823\" data-end=\"862\"><span class=\"relative -mx-px my-[-0.2rem] rounded px-px py-[0.2rem] transition-colors duration-100 ease-in-out\"><strong data-start=\"0\" data-end=\"37\" data-is-last-node=\"\" data-is-only-node=\"\">Baixa transfer\u00eancia de cor em poli\u00e9ster e misturas.<\/strong><\/span><\/p>\n<\/li>\n<li data-start=\"863\" data-end=\"904\">\n<p data-start=\"865\" data-end=\"904\"><span class=\"relative -mx-px my-[-0.2rem] rounded px-px py-[0.2rem] transition-colors duration-100 ease-in-out\"><strong data-start=\"0\" data-end=\"37\" data-is-last-node=\"\" data-is-only-node=\"\">Tempo de flash curto, produ\u00e7\u00e3o r\u00e1pida<\/strong><\/span><\/p>\n<\/li>\n<li data-start=\"905\" data-end=\"946\">\n<p data-start=\"907\" data-end=\"946\"><span class=\"relative -mx-px my-[-0.2rem] rounded px-px py-[0.2rem] transition-colors duration-100 ease-in-out\"><strong data-start=\"0\" data-end=\"35\" data-is-last-node=\"\" data-is-only-node=\"\">Livre de ftalatos e ecologicamente consciente.<\/strong><\/span><\/p>\n<\/li>\n<\/ul>","protected":false},"excerpt":{"rendered":"<p>A tinta plastisol sem PVC Amarelo Dourado oferece uma impress\u00e3o serigr\u00e1fica vibrante e altamente opaca, com cura a aproximadamente 132 \u00b0C, proporcionando um toque macio e baixa transfer\u00eancia de cor. Compre agora.<\/p>","protected":false},"featured_media":2976,"comment_status":"open","ping_status":"closed","template":"","meta":[],"product_brand":[],"product_cat":[45],"product_tag":[],"class_list":{"0":"post-2969","1":"product","2":"type-product","3":"status-publish","4":"has-post-thumbnail","6":"product_cat-pvc-free-plastisol-ink","8":"first","9":"instock","10":"shipping-taxable","11":"purchasable","12":"product-type-variable"},"tiered_pricing_type":"fixed","tiered_pricing_fixed_rules":[],"tiered_pricing_product_settings":{"layout":"default","base_unit_name":{"singular":null,"plural":null},"default_variation":null},"tiered_pricing_minimum_quantity":null,"tiered_pricing_roles_data":[],"tiered_pricing_percentage_rules":[],"tiered_pricing_maximum_quantity":null,"tiered_pricing_quantity_step":null,"_links":{"self":[{"href":"https:\/\/shaliteink.com\/pt\/wp-json\/wp\/v2\/product\/2969","targetHints":{"allow":["GET"]}}],"collection":[{"href":"https:\/\/shaliteink.com\/pt\/wp-json\/wp\/v2\/product"}],"about":[{"href":"https:\/\/shaliteink.com\/pt\/wp-json\/wp\/v2\/types\/product"}],"replies":[{"embeddable":true,"href":"https:\/\/shaliteink.com\/pt\/wp-json\/wp\/v2\/comments?post=2969"}],"version-history":[{"count":0,"href":"https:\/\/shaliteink.com\/pt\/wp-json\/wp\/v2\/product\/2969\/revisions"}],"wp:featuredmedia":[{"embeddable":true,"href":"https:\/\/shaliteink.com\/pt\/wp-json\/wp\/v2\/media\/2976"}],"wp:attachment":[{"href":"https:\/\/shaliteink.com\/pt\/wp-json\/wp\/v2\/media?parent=2969"}],"wp:term":[{"taxonomy":"product_brand","embeddable":true,"href":"https:\/\/shaliteink.com\/pt\/wp-json\/wp\/v2\/product_brand?post=2969"},{"taxonomy":"product_cat","embeddable":true,"href":"https:\/\/shaliteink.com\/pt\/wp-json\/wp\/v2\/product_cat?post=2969"},{"taxonomy":"product_tag","embeddable":true,"href":"https:\/\/shaliteink.com\/pt\/wp-json\/wp\/v2\/product_tag?post=2969"}],"curies":[{"name":"wp","href":"https:\/\/api.w.org\/{rel}","templated":true}]}}