{"id":2819,"date":"2025-09-22T03:50:13","date_gmt":"2025-09-22T03:50:13","guid":{"rendered":"https:\/\/shaliteink.com\/?post_type=product&#038;p=2819"},"modified":"2025-12-10T11:29:43","modified_gmt":"2025-12-10T11:29:43","slug":"compre-tinta-plastisol-amarela-dourada-sem-pvc","status":"publish","type":"product","link":"https:\/\/shaliteink.com\/pt\/produto\/compre-tinta-plastisol-amarela-dourada-sem-pvc\/","title":{"rendered":"Compre tinta plastisol amarelo dourado sem PVC \u2013 Eco Safe"},"content":{"rendered":"<p>D\u00ea mais brilho \u00e0s suas impress\u00f5es com o nosso Amarelo Dourado. <strong><a href=\"https:\/\/shaliteink.com\/pt\/categoria-produto\/tinta-plastisol-sem-pvc\/\">Tinta Plastisol sem PVC<\/a><\/strong>, o desejo ecol\u00f3gico de profissionais e amadores de impress\u00e3o serigr\u00e1fica. Voc\u00ea pode comprar <strong>p sem PVC<\/strong><strong>Loja online de tinta Lastisol<\/strong>.Perfeita para artes\u00e3os que fazem projetos &quot;fa\u00e7a voc\u00ea mesmo&quot;, pequenas marcas de roupas e produ\u00e7\u00e3o em larga escala, esta tinta oferece cores vibrantes, toque macio e durabilidade excepcional da impress\u00e3o \u2014 sem PVC ou ftalatos.<\/p>\n<p>Como l\u00edder <a href=\"https:\/\/shaliteink.com\/pt\/\"><strong>Fornecedor de tinta para serigrafia<\/strong><\/a> com mais de vinte anos de experi\u00eancia em fabrica\u00e7\u00e3o, <strong>Shaliteink<\/strong> Oferecemos produtos de primeira classe diretamente da f\u00e1brica, que atendem aos mais altos padr\u00f5es de seguran\u00e7a e ambientais, tais como: <strong>Certifica\u00e7\u00e3o OEKO-TEX<\/strong>. Seja para criar camisetas personalizadas, malas de viagem ou t\u00eaxteis para decora\u00e7\u00e3o de casa, nossa tinta garante resultados consistentes em cada lote.<\/p>\n<p><img decoding=\"async\" class=\"alignnone size-medium wp-image-3606\" src=\"https:\/\/shaliteink.com\/wp-content\/uploads\/2025\/08\/Golden-Yellow-PVC-Free-Plastisol-Ink-300x250.jpeg\" alt=\"Tinta Plastisol Amarelo Dourado Sem PVC\" width=\"300\" height=\"250\" srcset=\"https:\/\/shaliteink.com\/wp-content\/uploads\/2025\/08\/Golden-Yellow-PVC-Free-Plastisol-Ink-300x250.jpeg 300w, https:\/\/shaliteink.com\/wp-content\/uploads\/2025\/08\/Golden-Yellow-PVC-Free-Plastisol-Ink-1024x853.jpeg 1024w, https:\/\/shaliteink.com\/wp-content\/uploads\/2025\/08\/Golden-Yellow-PVC-Free-Plastisol-Ink-768x640.jpeg 768w, https:\/\/shaliteink.com\/wp-content\/uploads\/2025\/08\/Golden-Yellow-PVC-Free-Plastisol-Ink-1536x1279.jpeg 1536w, https:\/\/shaliteink.com\/wp-content\/uploads\/2025\/08\/Golden-Yellow-PVC-Free-Plastisol-Ink-2048x1706.jpeg 2048w, https:\/\/shaliteink.com\/wp-content\/uploads\/2025\/08\/Golden-Yellow-PVC-Free-Plastisol-Ink-14x12.jpeg 14w, https:\/\/shaliteink.com\/wp-content\/uploads\/2025\/08\/Golden-Yellow-PVC-Free-Plastisol-Ink-1200x999.jpeg 1200w, https:\/\/shaliteink.com\/wp-content\/uploads\/2025\/08\/Golden-Yellow-PVC-Free-Plastisol-Ink-150x125.jpeg 150w\" sizes=\"(max-width: 300px) 100vw, 300px\" \/><\/p>\n<h1>Principais caracter\u00edsticas:<\/h1>\n<ul>\n<li>Livre de PVC e ecologicamente seguro \u2013 Formulado sem PVC ou plastificantes nocivos para uma impress\u00e3o mais segura em resid\u00eancias, escolas e lojas profissionais.<\/li>\n<li>Cor amarelo dourado vibrante \u2013 Cobertura rica e opaca em tecidos claros e escuros, com excelente resist\u00eancia \u00e0 lavagem.<\/li>\n<li>Impress\u00f5es macias e flex\u00edveis \u2013 Produzem um acabamento suave e macio ao toque, sem rachar ou descascar.<\/li>\n<li>Baixo odor e n\u00e3o t\u00f3xico \u2013 Ideal para espa\u00e7os fechados e ambientes educacionais.<\/li>\n<li>Excelente consist\u00eancia de cores \u2013 Mant\u00e9m tonalidades uniformes em v\u00e1rias tiragens, reduzindo o desperd\u00edcio.<\/li>\n<\/ul>\n<p><img decoding=\"async\" class=\"alignnone size-medium wp-image-2822\" src=\"https:\/\/shaliteink.com\/wp-content\/uploads\/2025\/07\/Golden-Yellow-PVC-Free-Plastisol-Ink-2-285x300.jpeg\" alt=\"Tinta Plastisol Amarelo Dourado Sem PVC\" width=\"285\" height=\"300\" srcset=\"https:\/\/shaliteink.com\/wp-content\/uploads\/2025\/07\/Golden-Yellow-PVC-Free-Plastisol-Ink-2-285x300.jpeg 285w, https:\/\/shaliteink.com\/wp-content\/uploads\/2025\/07\/Golden-Yellow-PVC-Free-Plastisol-Ink-2-974x1024.jpeg 974w, https:\/\/shaliteink.com\/wp-content\/uploads\/2025\/07\/Golden-Yellow-PVC-Free-Plastisol-Ink-2-768x807.jpeg 768w, https:\/\/shaliteink.com\/wp-content\/uploads\/2025\/07\/Golden-Yellow-PVC-Free-Plastisol-Ink-2-11x12.jpeg 11w, https:\/\/shaliteink.com\/wp-content\/uploads\/2025\/07\/Golden-Yellow-PVC-Free-Plastisol-Ink-2-1200x1262.jpeg 1200w, https:\/\/shaliteink.com\/wp-content\/uploads\/2025\/07\/Golden-Yellow-PVC-Free-Plastisol-Ink-2-150x158.jpeg 150w, https:\/\/shaliteink.com\/wp-content\/uploads\/2025\/07\/Golden-Yellow-PVC-Free-Plastisol-Ink-2.jpeg 1324w\" sizes=\"(max-width: 285px) 100vw, 285px\" \/><\/p>\n<h1>Cura:<\/h1>\n<p>Nosso <strong>Tinta Plastisol sem PVC<\/strong> Cura rapidamente a 160 \u00b0C (320 \u00b0F), resultando em impress\u00f5es dur\u00e1veis e de longa dura\u00e7\u00e3o. Compat\u00edvel com secadores de esteira e unidades de cura instant\u00e2nea. Para impressoras dom\u00e9sticas, a cura pode ser feita com prensa t\u00e9rmica, pistola de ar quente ou at\u00e9 mesmo forno convencional.<\/p>\n<p>&nbsp;<\/p>","protected":false},"excerpt":{"rendered":"<p>Eco-seguro <strong data-start=\"3257\" data-end=\"3297\">Tinta Plastisol Amarelo Dourado Sem PVC<\/strong> para impress\u00f5es vibrantes e dur\u00e1veis. Perfeito para marcas de roupas, lojas de artigos para o lar e escolas. Compre os melhores <strong data-start=\"3385\" data-end=\"3408\">tinta de serigrafia<\/strong> agora!<\/p>","protected":false},"featured_media":2821,"comment_status":"open","ping_status":"closed","template":"","meta":[],"product_brand":[],"product_cat":[45],"product_tag":[],"class_list":{"0":"post-2819","1":"product","2":"type-product","3":"status-publish","4":"has-post-thumbnail","6":"product_cat-pvc-free-plastisol-ink","8":"first","9":"instock","10":"shipping-taxable","11":"purchasable","12":"product-type-variable"},"tiered_pricing_type":"fixed","tiered_pricing_fixed_rules":[],"tiered_pricing_product_settings":{"layout":"default","base_unit_name":{"singular":null,"plural":null},"default_variation":null},"tiered_pricing_minimum_quantity":null,"tiered_pricing_roles_data":[],"tiered_pricing_percentage_rules":[],"tiered_pricing_maximum_quantity":null,"tiered_pricing_quantity_step":null,"_links":{"self":[{"href":"https:\/\/shaliteink.com\/pt\/wp-json\/wp\/v2\/product\/2819","targetHints":{"allow":["GET"]}}],"collection":[{"href":"https:\/\/shaliteink.com\/pt\/wp-json\/wp\/v2\/product"}],"about":[{"href":"https:\/\/shaliteink.com\/pt\/wp-json\/wp\/v2\/types\/product"}],"replies":[{"embeddable":true,"href":"https:\/\/shaliteink.com\/pt\/wp-json\/wp\/v2\/comments?post=2819"}],"version-history":[{"count":0,"href":"https:\/\/shaliteink.com\/pt\/wp-json\/wp\/v2\/product\/2819\/revisions"}],"wp:featuredmedia":[{"embeddable":true,"href":"https:\/\/shaliteink.com\/pt\/wp-json\/wp\/v2\/media\/2821"}],"wp:attachment":[{"href":"https:\/\/shaliteink.com\/pt\/wp-json\/wp\/v2\/media?parent=2819"}],"wp:term":[{"taxonomy":"product_brand","embeddable":true,"href":"https:\/\/shaliteink.com\/pt\/wp-json\/wp\/v2\/product_brand?post=2819"},{"taxonomy":"product_cat","embeddable":true,"href":"https:\/\/shaliteink.com\/pt\/wp-json\/wp\/v2\/product_cat?post=2819"},{"taxonomy":"product_tag","embeddable":true,"href":"https:\/\/shaliteink.com\/pt\/wp-json\/wp\/v2\/product_tag?post=2819"}],"curies":[{"name":"wp","href":"https:\/\/api.w.org\/{rel}","templated":true}]}}