{"id":2801,"date":"2025-10-08T06:35:53","date_gmt":"2025-10-08T06:35:53","guid":{"rendered":"https:\/\/shaliteink.com\/?post_type=product&#038;p=2801"},"modified":"2025-12-10T11:32:08","modified_gmt":"2025-12-10T11:32:08","slug":"compre-tinta-plastisol-sem-pvc-amarelo-limao-para-impressao-digital-suave-ao-toque","status":"publish","type":"product","link":"https:\/\/shaliteink.com\/pt\/produto\/compre-tinta-plastisol-sem-pvc-amarelo-limao-para-impressao-digital-suave-ao-toque\/","title":{"rendered":"Compre tinta plastisol sem PVC amarelo lim\u00e3o \u2013 tinta macia para impress\u00e3o manual"},"content":{"rendered":"<p><a href=\"https:\/\/shaliteink.com\/pt\/\"><strong>Shaliteink<\/strong><\/a>\u00a0<strong><a href=\"https:\/\/shaliteink.com\/pt\/categoria-produto\/tinta-plastisol-sem-pvc\/\">Tinta plastisol sem PVC<\/a><\/strong> A tinta Amarelo Lim\u00e3o oferece a mesma qualidade profissional que as gr\u00e1ficas serigr\u00e1ficas do mundo todo esperam, agora em um formato suave e f\u00e1cil de usar, ideal para iniciantes. Projetada para artes\u00e3os, fabricantes independentes de camisetas e est\u00fadios de artesanato, esta tinta para serigrafia, livre de ftalatos e com baixo odor, proporciona cores vibrantes e n\u00edtidas, alta opacidade e uma impress\u00e3o suave ao toque \u2014 perfeita para personalizar camisetas, ecobags e itens de decora\u00e7\u00e3o.<\/p>\n<p>Com vinte anos de experi\u00eancia em fabrica\u00e7\u00e3o e pre\u00e7os diretamente da f\u00e1brica, a Shaliteink oferece pre\u00e7os imbat\u00edveis. <strong>Tinta plastisol sem PVC<\/strong> \u00c9 formulado para ser cremoso e f\u00e1cil de aplicar em pinturas \u2014 similar a produtos populares no mercado, como o Sollyd Barrier Black e o Rapid Cure White, que curam em baixas temperaturas, em torno de 132 \u00b0C (270 \u00b0F) \u2014 mas sem PVC e ftalatos. Isso significa impress\u00f5es mais seguras e ecol\u00f3gicas, al\u00e9m de um manuseio suave para projetos &quot;fa\u00e7a voc\u00ea mesmo&quot; e oficinas escolares.<\/p>\n<p><img decoding=\"async\" class=\"alignnone size-medium wp-image-3602\" src=\"https:\/\/shaliteink.com\/wp-content\/uploads\/2025\/08\/PVC-Free-Plastisol-Ink-Lemon-Yellow-\u2013-300x232.jpeg\" alt=\" Tinta plastisol sem PVC, amarelo lim\u00e3o \u2013\" width=\"300\" height=\"232\" srcset=\"https:\/\/shaliteink.com\/wp-content\/uploads\/2025\/08\/PVC-Free-Plastisol-Ink-Lemon-Yellow-\u2013-300x232.jpeg 300w, https:\/\/shaliteink.com\/wp-content\/uploads\/2025\/08\/PVC-Free-Plastisol-Ink-Lemon-Yellow-\u2013-1024x791.jpeg 1024w, https:\/\/shaliteink.com\/wp-content\/uploads\/2025\/08\/PVC-Free-Plastisol-Ink-Lemon-Yellow-\u2013-768x593.jpeg 768w, https:\/\/shaliteink.com\/wp-content\/uploads\/2025\/08\/PVC-Free-Plastisol-Ink-Lemon-Yellow-\u2013-1536x1186.jpeg 1536w, https:\/\/shaliteink.com\/wp-content\/uploads\/2025\/08\/PVC-Free-Plastisol-Ink-Lemon-Yellow-\u2013-2048x1581.jpeg 2048w, https:\/\/shaliteink.com\/wp-content\/uploads\/2025\/08\/PVC-Free-Plastisol-Ink-Lemon-Yellow-\u2013-16x12.jpeg 16w, https:\/\/shaliteink.com\/wp-content\/uploads\/2025\/08\/PVC-Free-Plastisol-Ink-Lemon-Yellow-\u2013-1200x927.jpeg 1200w, https:\/\/shaliteink.com\/wp-content\/uploads\/2025\/08\/PVC-Free-Plastisol-Ink-Lemon-Yellow-\u2013-150x116.jpeg 150w\" sizes=\"(max-width: 300px) 100vw, 300px\" \/><\/p>\n<h1><span class=\"wrapper\">Principais caracter\u00edsticas:<\/span><\/h1>\n<ul>\n<li><span class=\"wrapper\">Negrito, c<\/span>Amarelo lim\u00e3o vibrante com alta opacidade e cobertura consistente.<span class=\"wrapper\">ge\u2014mesmo no dar<\/span>tecidos k.<\/li>\n<li>Tinta de serigrafia com toque suave que <span class=\"wrapper\">faz<\/span> n\u00e3o sentir ainda<span class=\"wrapper\">ff ou pesado<\/span> enquanto estiver curado.<\/li>\n<li>Tratamento m\u00ednimo, breve f<span class=\"wrapper\">c\u00edlios t<\/span>tempo: <span class=\"wrapper\">flash em ~18<\/span>0\u2013200 \u00b0F por alguns segundos; tratamento completo a ~270 \u00b0F g<span class=\"wrapper\">garantias r\u00e1pidas<\/span>aumento da produtividade e economia financeira de eletricidade<\/li>\n<li>Consist\u00eancia f\u00e1cil de usar: a textura cremosa e de corpo leve facilita o manuseio.<span class=\"wrapper\">ru telas v\u00e9spera<\/span>em uma casa pequena <span class=\"wrapper\">configura\u00e7\u00f5es.<\/span><\/li>\n<li>N\u00e3o-<span class=\"wrapper\">phth<\/span>F\u00f3rmula alada, sem PVC: mais segura para artes\u00e3os, educadores e ambientes dom\u00e9sticos.<\/li>\n<\/ul>\n<p><img decoding=\"async\" class=\"alignnone size-medium wp-image-2805\" src=\"https:\/\/shaliteink.com\/wp-content\/uploads\/2025\/07\/PVC-Free-Plastisol-Ink-Lemon-Yellow-1-270x300.jpeg\" alt=\"Tinta plastisol sem PVC, amarelo lim\u00e3o\" width=\"270\" height=\"300\" srcset=\"https:\/\/shaliteink.com\/wp-content\/uploads\/2025\/07\/PVC-Free-Plastisol-Ink-Lemon-Yellow-1-270x300.jpeg 270w, https:\/\/shaliteink.com\/wp-content\/uploads\/2025\/07\/PVC-Free-Plastisol-Ink-Lemon-Yellow-1-923x1024.jpeg 923w, https:\/\/shaliteink.com\/wp-content\/uploads\/2025\/07\/PVC-Free-Plastisol-Ink-Lemon-Yellow-1-768x852.jpeg 768w, https:\/\/shaliteink.com\/wp-content\/uploads\/2025\/07\/PVC-Free-Plastisol-Ink-Lemon-Yellow-1-1385x1536.jpeg 1385w, https:\/\/shaliteink.com\/wp-content\/uploads\/2025\/07\/PVC-Free-Plastisol-Ink-Lemon-Yellow-1-1846x2048.jpeg 1846w, https:\/\/shaliteink.com\/wp-content\/uploads\/2025\/07\/PVC-Free-Plastisol-Ink-Lemon-Yellow-1-11x12.jpeg 11w, https:\/\/shaliteink.com\/wp-content\/uploads\/2025\/07\/PVC-Free-Plastisol-Ink-Lemon-Yellow-1-1200x1331.jpeg 1200w, https:\/\/shaliteink.com\/wp-content\/uploads\/2025\/07\/PVC-Free-Plastisol-Ink-Lemon-Yellow-1-150x166.jpeg 150w\" sizes=\"(max-width: 270px) 100vw, 270px\" \/><\/p>\n<h1>Instru\u00e7\u00f5es de cura:<\/h1>\n<p>Aplique uma temperatura de aproximadamente 180\u2013200 \u00b0F (72\u2013103 \u00b0C) por tr\u00eas a cinco segundos e, em seguida, cure completamente assim que a temperatura da tinta atingir 270 \u00b0F (132 \u00b0C) durante toda a camada. Isso ajuda a evitar que a cor borre, principalmente em tecidos de poli\u00e9ster ou mistos \u2014 uma caracter\u00edstica compartilhada pelo m\u00e9todo de baixa transfer\u00eancia de cor do Rapid Cure White. Para garantir a durabilidade \u00e0 lavagem, fa\u00e7a um teste de elasticidade ou uma lavagem r\u00e1pida: a estampa deve flexionar sem rachar ou desbotar dentro de 5 a 10 lavagens.<\/p>","protected":false},"excerpt":{"rendered":"<p>Obtenha um amarelo lim\u00e3o vibrante <strong data-start=\"2069\" data-end=\"2095\">Tinta plastisol sem PVC<\/strong> com toque suave. Isto <strong data-start=\"2122\" data-end=\"2145\">tinta de serigrafia<\/strong> cura em baixas temperaturas (~125\u00b0C), f\u00e1cil de usar e n\u00e3o t\u00f3xico. Compre agora!<\/p>","protected":false},"featured_media":2810,"comment_status":"open","ping_status":"closed","template":"","meta":[],"product_brand":[],"product_cat":[45],"product_tag":[],"class_list":{"0":"post-2801","1":"product","2":"type-product","3":"status-publish","4":"has-post-thumbnail","6":"product_cat-pvc-free-plastisol-ink","8":"first","9":"instock","10":"shipping-taxable","11":"purchasable","12":"product-type-variable"},"tiered_pricing_type":"fixed","tiered_pricing_fixed_rules":[],"tiered_pricing_product_settings":{"layout":"default","base_unit_name":{"singular":null,"plural":null},"default_variation":null},"tiered_pricing_minimum_quantity":null,"tiered_pricing_roles_data":[],"tiered_pricing_percentage_rules":[],"tiered_pricing_maximum_quantity":null,"tiered_pricing_quantity_step":null,"_links":{"self":[{"href":"https:\/\/shaliteink.com\/pt\/wp-json\/wp\/v2\/product\/2801","targetHints":{"allow":["GET"]}}],"collection":[{"href":"https:\/\/shaliteink.com\/pt\/wp-json\/wp\/v2\/product"}],"about":[{"href":"https:\/\/shaliteink.com\/pt\/wp-json\/wp\/v2\/types\/product"}],"replies":[{"embeddable":true,"href":"https:\/\/shaliteink.com\/pt\/wp-json\/wp\/v2\/comments?post=2801"}],"version-history":[{"count":0,"href":"https:\/\/shaliteink.com\/pt\/wp-json\/wp\/v2\/product\/2801\/revisions"}],"wp:featuredmedia":[{"embeddable":true,"href":"https:\/\/shaliteink.com\/pt\/wp-json\/wp\/v2\/media\/2810"}],"wp:attachment":[{"href":"https:\/\/shaliteink.com\/pt\/wp-json\/wp\/v2\/media?parent=2801"}],"wp:term":[{"taxonomy":"product_brand","embeddable":true,"href":"https:\/\/shaliteink.com\/pt\/wp-json\/wp\/v2\/product_brand?post=2801"},{"taxonomy":"product_cat","embeddable":true,"href":"https:\/\/shaliteink.com\/pt\/wp-json\/wp\/v2\/product_cat?post=2801"},{"taxonomy":"product_tag","embeddable":true,"href":"https:\/\/shaliteink.com\/pt\/wp-json\/wp\/v2\/product_tag?post=2801"}],"curies":[{"name":"wp","href":"https:\/\/api.w.org\/{rel}","templated":true}]}}