{"id":2795,"date":"2025-09-22T03:18:29","date_gmt":"2025-09-22T03:18:29","guid":{"rendered":"https:\/\/shaliteink.com\/?post_type=product&#038;p=2795"},"modified":"2025-12-10T11:31:34","modified_gmt":"2025-12-10T11:31:34","slug":"tinta-plastisol-azul-brilhante-sem-pvc-para-loja-de-vestuario","status":"publish","type":"product","link":"https:\/\/shaliteink.com\/pt\/produto\/tinta-plastisol-azul-brilhante-sem-pvc-para-loja-de-vestuario\/","title":{"rendered":"Tinta plastisol azul brilhante sem PVC para vestu\u00e1rio \u2013 Compre agora"},"content":{"rendered":"<p><a href=\"https:\/\/shaliteink.com\/pt\/\"><strong>Shaliteink<\/strong> <strong>Tinta plastisol sem PVC<\/strong><\/a> Azul Brilhante para Vestu\u00e1rio \u00e9 um tom de alto desempenho. <a href=\"https:\/\/shaliteink.com\/pt\/categoria-produto\/tinta-plastisol-sem-pvc\/\"><strong>Tinta plastisol sem PVC<\/strong><\/a>\u00a0Projetado para artes\u00e3os criativos, marcas de vestu\u00e1rio independentes e fabricantes de pequenos lotes que buscam op\u00e7\u00f5es coloridas, seguras e f\u00e1ceis de usar. <a href=\"https:\/\/shaliteink.com\/pt\/screen-printing-ink\/\"><strong>tinta de serigrafia<\/strong><\/a>. Com base em mais de 20 anos de experi\u00eancia na produ\u00e7\u00e3o de pigmentos, este produto premium oferece cobertura intensa e opaca, mantendo-se totalmente livre de PVC e ftalatos, atendendo aos mais altos padr\u00f5es de prote\u00e7\u00e3o ambiental. <strong>Oeko-Tex<\/strong> e GOTS<\/p>\n<p><img decoding=\"async\" class=\"alignnone size-medium wp-image-3610\" src=\"https:\/\/shaliteink.com\/wp-content\/uploads\/2025\/08\/PVC-Free-Plastisol-Ink-Bright-Blue-300x264.jpeg\" alt=\"Tinta plastisol sem PVC, azul brilhante\" width=\"300\" height=\"264\" srcset=\"https:\/\/shaliteink.com\/wp-content\/uploads\/2025\/08\/PVC-Free-Plastisol-Ink-Bright-Blue-300x264.jpeg 300w, https:\/\/shaliteink.com\/wp-content\/uploads\/2025\/08\/PVC-Free-Plastisol-Ink-Bright-Blue-1024x902.jpeg 1024w, https:\/\/shaliteink.com\/wp-content\/uploads\/2025\/08\/PVC-Free-Plastisol-Ink-Bright-Blue-768x676.jpeg 768w, https:\/\/shaliteink.com\/wp-content\/uploads\/2025\/08\/PVC-Free-Plastisol-Ink-Bright-Blue-1536x1353.jpeg 1536w, https:\/\/shaliteink.com\/wp-content\/uploads\/2025\/08\/PVC-Free-Plastisol-Ink-Bright-Blue-2048x1804.jpeg 2048w, https:\/\/shaliteink.com\/wp-content\/uploads\/2025\/08\/PVC-Free-Plastisol-Ink-Bright-Blue-14x12.jpeg 14w, https:\/\/shaliteink.com\/wp-content\/uploads\/2025\/08\/PVC-Free-Plastisol-Ink-Bright-Blue-1200x1057.jpeg 1200w, https:\/\/shaliteink.com\/wp-content\/uploads\/2025\/08\/PVC-Free-Plastisol-Ink-Bright-Blue-150x132.jpeg 150w\" sizes=\"(max-width: 300px) 100vw, 300px\" \/><\/p>\n<h1>Caracter\u00edsticas e benef\u00edcios do produto:<\/h1>\n<ul>\n<li><strong>Azul brilhante e v\u00edvido<\/strong>Altamente opaco e ricamente pigmentado para estampas marcantes em pe\u00e7as de roupa escuras ou claras. Excelente cobertura com intensidade de cor consistente.<\/li>\n<li><strong>Toque macio e sem ader\u00eancia<\/strong>Oferece uma textura suave, m\u00ednima ader\u00eancia e conforto ao usar ap\u00f3s a cura.<\/li>\n<li><strong>Cura em baixa temperatura<\/strong>Cura de forma confi\u00e1vel a cerca de 132\u2013149 \u00b0C (270 \u00b0F), compat\u00edvel com pistolas de ar quente dom\u00e9sticas, unidades de flash pequenas ou secadoras dom\u00e9sticas \u2014 evitando que a roupa queime ou encolha.<\/li>\n<li><strong>Estabilidade e facilidade de uso<\/strong>F\u00f3rmula cremosa de corpo curto que resiste ao ressecamento na tela, permite a aplica\u00e7\u00e3o de camadas \u00famidas sobre \u00famidas e minimiza a dificuldade de limpeza.<\/li>\n<li><strong>Ecol\u00f3gico e n\u00e3o t\u00f3xico<\/strong>Totalmente livre de PVC e ftalatos; projetado para seguran\u00e7a em est\u00fadios caseiros de bricolagem, ambientes educacionais e espa\u00e7os de artesanato.<\/li>\n<li><strong>Impress\u00e3o com qualidade de m\u00e1quina<\/strong>Ideal para impress\u00e3o \u00famido sobre \u00famido, excelente estabilidade da tela e alta produtividade para tiragens curtas ou designs multicoloridos.<\/li>\n<\/ul>\n<p><img decoding=\"async\" class=\"alignnone size-medium wp-image-2799\" src=\"https:\/\/shaliteink.com\/wp-content\/uploads\/2025\/07\/PVC-Free-Plastisol-Ink-Bright-Blue-241x300.jpg\" alt=\"Tinta plastisol sem PVC, azul brilhante\" width=\"241\" height=\"300\" srcset=\"https:\/\/shaliteink.com\/wp-content\/uploads\/2025\/07\/PVC-Free-Plastisol-Ink-Bright-Blue-241x300.jpg 241w, https:\/\/shaliteink.com\/wp-content\/uploads\/2025\/07\/PVC-Free-Plastisol-Ink-Bright-Blue-821x1024.jpg 821w, https:\/\/shaliteink.com\/wp-content\/uploads\/2025\/07\/PVC-Free-Plastisol-Ink-Bright-Blue-768x957.jpg 768w, https:\/\/shaliteink.com\/wp-content\/uploads\/2025\/07\/PVC-Free-Plastisol-Ink-Bright-Blue-10x12.jpg 10w, https:\/\/shaliteink.com\/wp-content\/uploads\/2025\/07\/PVC-Free-Plastisol-Ink-Bright-Blue-1200x1496.jpg 1200w, https:\/\/shaliteink.com\/wp-content\/uploads\/2025\/07\/PVC-Free-Plastisol-Ink-Bright-Blue-150x187.jpg 150w, https:\/\/shaliteink.com\/wp-content\/uploads\/2025\/07\/PVC-Free-Plastisol-Ink-Bright-Blue.jpg 1216w\" sizes=\"(max-width: 241px) 100vw, 241px\" \/><\/p>\n<h1>Orienta\u00e7\u00f5es para a cura:<\/h1>\n<p>Para terapia completa: aque\u00e7a a pe\u00e7a impressa a cerca de 132 \u00b0C (270 \u00b0F) por 3 a 5 segundos. Testado na maioria das misturas de algod\u00e3o\/poli\u00e9ster e sint\u00e9ticos sem migra\u00e7\u00e3o de corantes. Uma base n\u00e3o costuma ser necess\u00e1ria para tecidos de tons claros, mas ao imprimir em tecidos escuros, a aplica\u00e7\u00e3o de uma base mais clara melhora a vivacidade e a prote\u00e7\u00e3o da estampa.<\/p>\n<p>&nbsp;<\/p>","protected":false},"excerpt":{"rendered":"<p><strong data-start=\"1725\" data-end=\"1763\">Tinta plastisol sem PVC, azul brilhante.<\/strong> Proporciona impress\u00f5es ricas e vibrantes com toque macio, cura em baixa temperatura e f\u00f3rmula n\u00e3o t\u00f3xica. Compre agora! <strong data-start=\"1864\" data-end=\"1887\">tinta de serigrafia<\/strong> agora.<\/p>","protected":false},"featured_media":2797,"comment_status":"open","ping_status":"closed","template":"","meta":[],"product_brand":[],"product_cat":[45],"product_tag":[],"class_list":{"0":"post-2795","1":"product","2":"type-product","3":"status-publish","4":"has-post-thumbnail","6":"product_cat-pvc-free-plastisol-ink","8":"first","9":"instock","10":"shipping-taxable","11":"purchasable","12":"product-type-variable"},"tiered_pricing_type":"fixed","tiered_pricing_fixed_rules":[],"tiered_pricing_product_settings":{"layout":"default","base_unit_name":{"singular":null,"plural":null},"default_variation":null},"tiered_pricing_minimum_quantity":null,"tiered_pricing_roles_data":[],"tiered_pricing_percentage_rules":[],"tiered_pricing_maximum_quantity":null,"tiered_pricing_quantity_step":null,"_links":{"self":[{"href":"https:\/\/shaliteink.com\/pt\/wp-json\/wp\/v2\/product\/2795","targetHints":{"allow":["GET"]}}],"collection":[{"href":"https:\/\/shaliteink.com\/pt\/wp-json\/wp\/v2\/product"}],"about":[{"href":"https:\/\/shaliteink.com\/pt\/wp-json\/wp\/v2\/types\/product"}],"replies":[{"embeddable":true,"href":"https:\/\/shaliteink.com\/pt\/wp-json\/wp\/v2\/comments?post=2795"}],"version-history":[{"count":0,"href":"https:\/\/shaliteink.com\/pt\/wp-json\/wp\/v2\/product\/2795\/revisions"}],"wp:featuredmedia":[{"embeddable":true,"href":"https:\/\/shaliteink.com\/pt\/wp-json\/wp\/v2\/media\/2797"}],"wp:attachment":[{"href":"https:\/\/shaliteink.com\/pt\/wp-json\/wp\/v2\/media?parent=2795"}],"wp:term":[{"taxonomy":"product_brand","embeddable":true,"href":"https:\/\/shaliteink.com\/pt\/wp-json\/wp\/v2\/product_brand?post=2795"},{"taxonomy":"product_cat","embeddable":true,"href":"https:\/\/shaliteink.com\/pt\/wp-json\/wp\/v2\/product_cat?post=2795"},{"taxonomy":"product_tag","embeddable":true,"href":"https:\/\/shaliteink.com\/pt\/wp-json\/wp\/v2\/product_tag?post=2795"}],"curies":[{"name":"wp","href":"https:\/\/api.w.org\/{rel}","templated":true}]}}