{"id":2789,"date":"2025-10-13T08:48:10","date_gmt":"2025-10-13T08:48:10","guid":{"rendered":"https:\/\/shaliteink.com\/?post_type=product&#038;p=2789"},"modified":"2025-12-10T11:27:28","modified_gmt":"2025-12-10T11:27:28","slug":"tinta-plastisol-azul-royal-sem-pvc-compre-tinta-de-impressao-nao-toxica","status":"publish","type":"product","link":"https:\/\/shaliteink.com\/pt\/produto\/tinta-plastisol-azul-royal-sem-pvc-compre-tinta-de-impressao-nao-toxica\/","title":{"rendered":"Tinta plastisol azul royal sem PVC \u2013 Compre tinta de impress\u00e3o at\u00f3xica"},"content":{"rendered":"<p>Apresentando <strong><a href=\"https:\/\/shaliteink.com\/pt\/categoria-produto\/tinta-plastisol-sem-pvc\/\">Tinta Plastisol sem PVC<\/a><\/strong> Azul Royal da Shaliteink \u2014 de primeira classe <strong><a href=\"https:\/\/shaliteink.com\/pt\/\">Loja online de tinta plastisol sem PVC<\/a><\/strong>, Localizada com orgulho em nossa cole\u00e7\u00e3o principal de tintas para serigrafia, a tinta azul royal \u00e9 ideal para artes\u00e3os, pequenas marcas de roupas, escolas e hobbistas. Ela oferece cores vibrantes, toque suave e um odor suave, al\u00e9m de ser at\u00f3xica.<\/p>\n<p>Formulada para seguran\u00e7a e criatividade, esta tinta plastisol sem PVC \u00e9 ideal para uso dom\u00e9stico ou em pequenas oficinas. Livre de ftalatos e com odor de caf\u00e9, \u00e9 segura para fam\u00edlias, escolas e espa\u00e7os de cria\u00e7\u00e3o. Com uma consist\u00eancia cremosa e uniforme e tempo de secagem r\u00e1pido, a tinta Azul Royal imprime facilmente, mesmo para iniciantes. Proporciona cores vibrantes e intensas em tecidos claros ou escuros, especialmente quando aplicada com uma base em roupas escuras. .<\/p>\n<p>A tinta para serigrafia da Shaliteink \u00e9 produzida diretamente da f\u00e1brica, fruto de 20 anos de experi\u00eancia em fabrica\u00e7\u00e3o, oferecendo qualidade excepcional a um pre\u00e7o imbat\u00edvel. Confie na tinta utilizada por fabricantes do mundo todo, agora dispon\u00edvel em kits para pequenos lotes, como os kits de 100 ml para projetos &quot;fa\u00e7a voc\u00ea mesmo&quot;, ideais para artes\u00e3os ou vendedores do Etsy.<\/p>\n<p><img decoding=\"async\" class=\"alignnone size-medium wp-image-2792\" src=\"https:\/\/shaliteink.com\/wp-content\/uploads\/2025\/07\/PVC-Free-Plastisol-Ink-Royal-Blue-2-300x221.jpeg\" alt=\"Tinta plastisol sem PVC, azul royal.\" width=\"300\" height=\"221\" srcset=\"https:\/\/shaliteink.com\/wp-content\/uploads\/2025\/07\/PVC-Free-Plastisol-Ink-Royal-Blue-2-300x221.jpeg 300w, https:\/\/shaliteink.com\/wp-content\/uploads\/2025\/07\/PVC-Free-Plastisol-Ink-Royal-Blue-2-1024x754.jpeg 1024w, https:\/\/shaliteink.com\/wp-content\/uploads\/2025\/07\/PVC-Free-Plastisol-Ink-Royal-Blue-2-768x566.jpeg 768w, https:\/\/shaliteink.com\/wp-content\/uploads\/2025\/07\/PVC-Free-Plastisol-Ink-Royal-Blue-2-1536x1132.jpeg 1536w, https:\/\/shaliteink.com\/wp-content\/uploads\/2025\/07\/PVC-Free-Plastisol-Ink-Royal-Blue-2-2048x1509.jpeg 2048w, https:\/\/shaliteink.com\/wp-content\/uploads\/2025\/07\/PVC-Free-Plastisol-Ink-Royal-Blue-2-16x12.jpeg 16w, https:\/\/shaliteink.com\/wp-content\/uploads\/2025\/07\/PVC-Free-Plastisol-Ink-Royal-Blue-2-1200x884.jpeg 1200w, https:\/\/shaliteink.com\/wp-content\/uploads\/2025\/07\/PVC-Free-Plastisol-Ink-Royal-Blue-2-150x110.jpeg 150w\" sizes=\"(max-width: 300px) 100vw, 300px\" \/><\/p>\n<h1>Principais caracter\u00edsticas:<\/h1>\n<ul>\n<li>Azul Royal altamente opaco<span class=\"wrapper\">promessas ambiciosas, b<\/span>impress\u00e3o correta<span class=\"wrapper\">s em<\/span> tanto leves quanto d<span class=\"wrapper\">arkish fa<\/span>tijolos<\/li>\n<li>Cre<span class=\"wrapper\">Amy, quadro r\u00e1pido<\/span>Consist\u00eancia para carregamento limpo, fluxo f\u00e1cil do rodo e entupimento m\u00ednimo nas telas de malha.<\/li>\n<li>Cura em baixa temperatura<span class=\"wrapper\">g, f<\/span>la<span class=\"wrapper\">sh a<\/span>t ~um hun<span class=\"wrapper\">dragado e oitenta\u2013200 \u00b0F<\/span>(82\u2013104 \u00b0C) e cura completa <span class=\"wrapper\">por volta dos 27 anos<\/span>0 \u00b0F (132 \u00b0C), baixo<span class=\"wrapper\">ering thr<\/span>comer de crepitante<span class=\"wrapper\">e<\/span>habilitando o uso<span class=\"wrapper\">com w<\/span>armas de fogo ou fornos dom\u00e9sticos<\/li>\n<li>Toque macio, sem a textura r\u00edgida do plastisol, para um ajuste perfeito.<\/li>\n<li>A f\u00f3rmula solta em PVC sem ftalatos garante um uso mais seguro para fam\u00edlias, espa\u00e7os de cria\u00e7\u00e3o e criadores com consci\u00eancia ecol\u00f3gica.<\/li>\n<li>Compat\u00edvel com sistemas de mistura de tintas FN-Ink para correspond\u00eancia e mistura de cores personalizadas, permitindo um gerenciamento de cores perfeito.<\/li>\n<\/ul>\n<p><img decoding=\"async\" class=\"alignnone size-medium wp-image-2790\" src=\"https:\/\/shaliteink.com\/wp-content\/uploads\/2025\/07\/PVC-Free-Plastisol-Ink-Royal-Blue-300x230.jpeg\" alt=\"Tinta plastisol sem PVC, azul royal.\" width=\"300\" height=\"230\" srcset=\"https:\/\/shaliteink.com\/wp-content\/uploads\/2025\/07\/PVC-Free-Plastisol-Ink-Royal-Blue-300x230.jpeg 300w, https:\/\/shaliteink.com\/wp-content\/uploads\/2025\/07\/PVC-Free-Plastisol-Ink-Royal-Blue-1024x784.jpeg 1024w, https:\/\/shaliteink.com\/wp-content\/uploads\/2025\/07\/PVC-Free-Plastisol-Ink-Royal-Blue-768x588.jpeg 768w, https:\/\/shaliteink.com\/wp-content\/uploads\/2025\/07\/PVC-Free-Plastisol-Ink-Royal-Blue-16x12.jpeg 16w, https:\/\/shaliteink.com\/wp-content\/uploads\/2025\/07\/PVC-Free-Plastisol-Ink-Royal-Blue-1200x918.jpeg 1200w, https:\/\/shaliteink.com\/wp-content\/uploads\/2025\/07\/PVC-Free-Plastisol-Ink-Royal-Blue-150x115.jpeg 150w, https:\/\/shaliteink.com\/wp-content\/uploads\/2025\/07\/PVC-Free-Plastisol-Ink-Royal-Blue.jpeg 1338w\" sizes=\"(max-width: 300px) 100vw, 300px\" \/><\/p>\n<h1>Guia de cura e secagem r\u00e1pida:<\/h1>\n<ul>\n<li>Aplique uma temperatura de 82 a 104 \u00b0C (180 a 200 \u00b0F) entre as camadas por 3 a 5 segundos para fixar as impress\u00f5es antes de sobrepor.<\/li>\n<li>A cura completa deve ocorrer a aproximadamente 132 \u00b0C (270 \u00b0F); certifique-se de que toda a camada de tinta atinja essa temperatura para garantir a durabilidade ap\u00f3s a lavagem. Teste a cura em 5 a 10 lavagens para confirmar, pois impress\u00f5es com cura insuficiente podem falhar em 1 a 3 lavagens.<\/li>\n<li>Use uma base branca ao imprimir azul royal em pe\u00e7as de roupa escuras para aumentar a opacidade e a vivacidade das cores.<\/li>\n<\/ul>","protected":false},"excerpt":{"rendered":"<p>Tinta plastisol azul royal sem PVC: livre de ftalatos, altamente opaca. <strong data-start=\"2428\" data-end=\"2451\">tinta de serigrafia<\/strong> Cura a aproximadamente 132 \u00b0C para impress\u00f5es n\u00edtidas e seguras. Ideal para projetos &quot;fa\u00e7a voc\u00ea mesmo&quot;, vendedores do Etsy e espa\u00e7os de cria\u00e7\u00e3o.<\/p>","protected":false},"featured_media":2791,"comment_status":"open","ping_status":"closed","template":"","meta":[],"product_brand":[],"product_cat":[39],"product_tag":[],"class_list":{"0":"post-2789","1":"product","2":"type-product","3":"status-publish","4":"has-post-thumbnail","6":"product_cat-plastisol-ink","8":"first","9":"instock","10":"shipping-taxable","11":"purchasable","12":"product-type-variable"},"tiered_pricing_type":"fixed","tiered_pricing_fixed_rules":[],"tiered_pricing_product_settings":{"layout":"default","base_unit_name":{"singular":null,"plural":null},"default_variation":null},"tiered_pricing_minimum_quantity":null,"tiered_pricing_roles_data":[],"tiered_pricing_percentage_rules":[],"tiered_pricing_maximum_quantity":null,"tiered_pricing_quantity_step":null,"_links":{"self":[{"href":"https:\/\/shaliteink.com\/pt\/wp-json\/wp\/v2\/product\/2789","targetHints":{"allow":["GET"]}}],"collection":[{"href":"https:\/\/shaliteink.com\/pt\/wp-json\/wp\/v2\/product"}],"about":[{"href":"https:\/\/shaliteink.com\/pt\/wp-json\/wp\/v2\/types\/product"}],"replies":[{"embeddable":true,"href":"https:\/\/shaliteink.com\/pt\/wp-json\/wp\/v2\/comments?post=2789"}],"version-history":[{"count":0,"href":"https:\/\/shaliteink.com\/pt\/wp-json\/wp\/v2\/product\/2789\/revisions"}],"wp:featuredmedia":[{"embeddable":true,"href":"https:\/\/shaliteink.com\/pt\/wp-json\/wp\/v2\/media\/2791"}],"wp:attachment":[{"href":"https:\/\/shaliteink.com\/pt\/wp-json\/wp\/v2\/media?parent=2789"}],"wp:term":[{"taxonomy":"product_brand","embeddable":true,"href":"https:\/\/shaliteink.com\/pt\/wp-json\/wp\/v2\/product_brand?post=2789"},{"taxonomy":"product_cat","embeddable":true,"href":"https:\/\/shaliteink.com\/pt\/wp-json\/wp\/v2\/product_cat?post=2789"},{"taxonomy":"product_tag","embeddable":true,"href":"https:\/\/shaliteink.com\/pt\/wp-json\/wp\/v2\/product_tag?post=2789"}],"curies":[{"name":"wp","href":"https:\/\/api.w.org\/{rel}","templated":true}]}}