{"id":2783,"date":"2025-09-22T03:47:27","date_gmt":"2025-09-22T03:47:27","guid":{"rendered":"https:\/\/shaliteink.com\/?post_type=product&#038;p=2783"},"modified":"2025-12-10T11:24:49","modified_gmt":"2025-12-10T11:24:49","slug":"compre-tinta-plastisol-azul-marinho-sem-pvc","status":"publish","type":"product","link":"https:\/\/shaliteink.com\/pt\/produto\/compre-tinta-plastisol-azul-marinho-sem-pvc\/","title":{"rendered":"Tinta plastisol azul marinho sem PVC \u2013 Impress\u00e3o serigr\u00e1fica ecol\u00f3gica. Compre agora."},"content":{"rendered":"<p>Procura uma tinta ecol\u00f3gica e confi\u00e1vel para a sua pr\u00f3xima impress\u00e3o? <strong><a href=\"https:\/\/shaliteink.com\/pt\/\">Shaliteink<\/a> Tinta plastisol sem PVC azul marinho<\/strong> Oferece impress\u00f5es serigr\u00e1ficas de alto desempenho com cores ricas e vibrantes, sem comprometer os padr\u00f5es ambientais. Desenvolvida especificamente para artes\u00e3os, pequenas empresas, institui\u00e7\u00f5es de ensino e criadores de vestu\u00e1rio independentes, esta tinta proporciona tons de azul marinho vibrantes, consist\u00eancia de impress\u00e3o n\u00edtida e um acabamento impec\u00e1vel. <a href=\"https:\/\/shaliteink.com\/pt\/categoria-produto\/tinta-plastisol-sem-pvc\/\"><strong>Tinta plastisol sem PVC<\/strong><\/a>\u00a0formula\u00e7\u00e3o que atenda <strong>OEKO-TEX<\/strong> requisitos.<\/p>\n<p>Ideal para artes\u00e3os que fazem projetos &quot;fa\u00e7a voc\u00ea mesmo&quot;, vendedores do Etsy, espa\u00e7os de cria\u00e7\u00e3o e equipes de produ\u00e7\u00e3o de eventos, esta tinta para serigrafia \u00e9 f\u00e1cil de aplicar, limpa e segura para ambientes dom\u00e9sticos ou educacionais.<\/p>\n<p><img decoding=\"async\" class=\"alignnone size-medium wp-image-3608\" src=\"https:\/\/shaliteink.com\/wp-content\/uploads\/2025\/08\/PVC-Free-Navy-Blue-plastisol-Ink-300x270.jpeg\" alt=\"Tinta plastisol azul marinho sem PVC\" width=\"300\" height=\"270\" srcset=\"https:\/\/shaliteink.com\/wp-content\/uploads\/2025\/08\/PVC-Free-Navy-Blue-plastisol-Ink-300x270.jpeg 300w, https:\/\/shaliteink.com\/wp-content\/uploads\/2025\/08\/PVC-Free-Navy-Blue-plastisol-Ink-1024x921.jpeg 1024w, https:\/\/shaliteink.com\/wp-content\/uploads\/2025\/08\/PVC-Free-Navy-Blue-plastisol-Ink-768x691.jpeg 768w, https:\/\/shaliteink.com\/wp-content\/uploads\/2025\/08\/PVC-Free-Navy-Blue-plastisol-Ink-1536x1382.jpeg 1536w, https:\/\/shaliteink.com\/wp-content\/uploads\/2025\/08\/PVC-Free-Navy-Blue-plastisol-Ink-2048x1842.jpeg 2048w, https:\/\/shaliteink.com\/wp-content\/uploads\/2025\/08\/PVC-Free-Navy-Blue-plastisol-Ink-13x12.jpeg 13w, https:\/\/shaliteink.com\/wp-content\/uploads\/2025\/08\/PVC-Free-Navy-Blue-plastisol-Ink-1200x1080.jpeg 1200w, https:\/\/shaliteink.com\/wp-content\/uploads\/2025\/08\/PVC-Free-Navy-Blue-plastisol-Ink-150x135.jpeg 150w\" sizes=\"(max-width: 300px) 100vw, 300px\" \/><\/p>\n<h1>Principais caracter\u00edsticas:<\/h1>\n<ul>\n<li>Tinta plastisol sem PVC \u2013 Formulada ecologicamente sem subst\u00e2ncias qu\u00edmicas perigosas; em conformidade com as certifica\u00e7\u00f5es ambientais OEKO-TEX.<\/li>\n<li>Cor Azul Marinho Intenso \u2013 Pigmenta\u00e7\u00e3o forte e opacidade uniforme em tecidos de algod\u00e3o e misturas de algod\u00e3o.<\/li>\n<li>Aplica\u00e7\u00e3o suave \u2013 Viscosidade cremosa otimizada para malhas de 110 a 160, adequada tanto para trabalhos de detalhes minuciosos quanto para imagens ambiciosas.<\/li>\n<li>Baixo odor e n\u00e3o t\u00f3xico \u2013 Perfeito para salas de aula, est\u00fadios dom\u00e9sticos ou espa\u00e7os criativos compartilhados.<\/li>\n<li>Tempo de flash curto \u2013 Flash r\u00e1pido em temperaturas entre 180 e 200 \u00b0F para alta produtividade e precis\u00e3o de cores.<\/li>\n<li>Compat\u00edvel com secagem ao ar livre \u2013 Ideal para usu\u00e1rios sem secadores industriais; cura com prensa t\u00e9rmica ou at\u00e9 mesmo com secador de cabelo dom\u00e9stico.<\/li>\n<li>Projetado para uso dom\u00e9stico e profissional \u2013 Compat\u00edvel com ferramentas padr\u00e3o de serigrafia, incluindo prensas de mesa e telas para artesanato.<\/li>\n<\/ul>\n<p><img decoding=\"async\" class=\"alignnone size-medium wp-image-2785\" src=\"https:\/\/shaliteink.com\/wp-content\/uploads\/2025\/07\/PVC-Free-Navy-Blue-plastisol-Ink-300x268.jpeg\" alt=\"Tinta plastisol azul marinho sem PVC\" width=\"300\" height=\"268\" srcset=\"https:\/\/shaliteink.com\/wp-content\/uploads\/2025\/07\/PVC-Free-Navy-Blue-plastisol-Ink-300x268.jpeg 300w, https:\/\/shaliteink.com\/wp-content\/uploads\/2025\/07\/PVC-Free-Navy-Blue-plastisol-Ink-1024x916.jpeg 1024w, https:\/\/shaliteink.com\/wp-content\/uploads\/2025\/07\/PVC-Free-Navy-Blue-plastisol-Ink-768x687.jpeg 768w, https:\/\/shaliteink.com\/wp-content\/uploads\/2025\/07\/PVC-Free-Navy-Blue-plastisol-Ink-1536x1374.jpeg 1536w, https:\/\/shaliteink.com\/wp-content\/uploads\/2025\/07\/PVC-Free-Navy-Blue-plastisol-Ink-2048x1832.jpeg 2048w, https:\/\/shaliteink.com\/wp-content\/uploads\/2025\/07\/PVC-Free-Navy-Blue-plastisol-Ink-13x12.jpeg 13w, https:\/\/shaliteink.com\/wp-content\/uploads\/2025\/07\/PVC-Free-Navy-Blue-plastisol-Ink-1200x1073.jpeg 1200w, https:\/\/shaliteink.com\/wp-content\/uploads\/2025\/07\/PVC-Free-Navy-Blue-plastisol-Ink-150x134.jpeg 150w\" sizes=\"(max-width: 300px) 100vw, 300px\" \/><\/p>\n<h1>Instru\u00e7\u00f5es de cura:<\/h1>\n<p>Para obter uma durabilidade satisfat\u00f3ria, trate a pe\u00e7a a uma temperatura entre 138 e 149 \u00b0C (280\u2013300 \u00b0F) durante 1 minuto utilizando uma prensa t\u00e9rmica, secador de flash ou secador de esteira. Para configura\u00e7\u00f5es caseiras, um soprador t\u00e9rmico ou ferro de passar dom\u00e9stico pode ser usado para lotes menores. As impress\u00f5es finais s\u00e3o resistentes \u00e0 lavagem, com excelente elasticidade e toque agrad\u00e1vel ap\u00f3s a cura completa.<\/p>","protected":false},"excerpt":{"rendered":"<p>Ecol\u00f3gico <strong data-start=\"3832\" data-end=\"3858\">Tinta plastisol sem PVC<\/strong> Em um azul marinho vibrante. Impress\u00e3o suave, secagem r\u00e1pida, baixo odor e segura para projetos DIY, escolas e lojas do Etsy. Compre tinta para serigrafia agora!<\/p>","protected":false},"featured_media":2787,"comment_status":"open","ping_status":"closed","template":"","meta":[],"product_brand":[],"product_cat":[45],"product_tag":[],"class_list":{"0":"post-2783","1":"product","2":"type-product","3":"status-publish","4":"has-post-thumbnail","6":"product_cat-pvc-free-plastisol-ink","8":"first","9":"instock","10":"shipping-taxable","11":"purchasable","12":"product-type-variable"},"tiered_pricing_type":"fixed","tiered_pricing_fixed_rules":[],"tiered_pricing_product_settings":{"layout":"default","base_unit_name":{"singular":null,"plural":null},"default_variation":null},"tiered_pricing_minimum_quantity":null,"tiered_pricing_roles_data":[],"tiered_pricing_percentage_rules":[],"tiered_pricing_maximum_quantity":null,"tiered_pricing_quantity_step":null,"_links":{"self":[{"href":"https:\/\/shaliteink.com\/pt\/wp-json\/wp\/v2\/product\/2783","targetHints":{"allow":["GET"]}}],"collection":[{"href":"https:\/\/shaliteink.com\/pt\/wp-json\/wp\/v2\/product"}],"about":[{"href":"https:\/\/shaliteink.com\/pt\/wp-json\/wp\/v2\/types\/product"}],"replies":[{"embeddable":true,"href":"https:\/\/shaliteink.com\/pt\/wp-json\/wp\/v2\/comments?post=2783"}],"version-history":[{"count":0,"href":"https:\/\/shaliteink.com\/pt\/wp-json\/wp\/v2\/product\/2783\/revisions"}],"wp:featuredmedia":[{"embeddable":true,"href":"https:\/\/shaliteink.com\/pt\/wp-json\/wp\/v2\/media\/2787"}],"wp:attachment":[{"href":"https:\/\/shaliteink.com\/pt\/wp-json\/wp\/v2\/media?parent=2783"}],"wp:term":[{"taxonomy":"product_brand","embeddable":true,"href":"https:\/\/shaliteink.com\/pt\/wp-json\/wp\/v2\/product_brand?post=2783"},{"taxonomy":"product_cat","embeddable":true,"href":"https:\/\/shaliteink.com\/pt\/wp-json\/wp\/v2\/product_cat?post=2783"},{"taxonomy":"product_tag","embeddable":true,"href":"https:\/\/shaliteink.com\/pt\/wp-json\/wp\/v2\/product_tag?post=2783"}],"curies":[{"name":"wp","href":"https:\/\/api.w.org\/{rel}","templated":true}]}}