{"id":2771,"date":"2025-09-22T03:09:40","date_gmt":"2025-09-22T03:09:40","guid":{"rendered":"https:\/\/shaliteink.com\/?post_type=product&#038;p=2771"},"modified":"2025-12-10T11:31:07","modified_gmt":"2025-12-10T11:31:07","slug":"compre-tinta-plastisol-azul-sem-pvc-com-toque-suave","status":"publish","type":"product","link":"https:\/\/shaliteink.com\/pt\/produto\/compre-tinta-plastisol-azul-sem-pvc-com-toque-suave\/","title":{"rendered":"Compre tinta plastisol azul sem PVC \u2013 toque suave"},"content":{"rendered":"<p>Desfrute de estampas incr\u00edveis e um toque suave com nosso tecido ecol\u00f3gico. <strong>Tinta Plastisol sem PVC<\/strong> <strong>Azul<\/strong>. Formulado especificamente para impressoras de displays modernas, este colorido <strong>azul <a href=\"https:\/\/shaliteink.com\/pt\/categoria-produto\/tinta-plastisol-sem-pvc\/\">Tinta plastisol sem PVC<\/a><\/strong> Oferece desempenho geral superior sem comprometer a seguran\u00e7a, a sustentabilidade ou o efeito de colora\u00e7\u00e3o.<\/p>\n<p>Projetada para artes\u00e3os do tipo &quot;fa\u00e7a voc\u00ea mesmo&quot;, vendedores do Etsy e est\u00fadios criativos, esta tinta faz parte da nossa cole\u00e7\u00e3o de tintas para serigrafia mais vendidas e se destaca pela facilidade de uso e resultados profissionais.<\/p>\n<p><img decoding=\"async\" class=\"alignnone size-medium wp-image-3612\" src=\"https:\/\/shaliteink.com\/wp-content\/uploads\/2025\/08\/PVC-Free-Plastisol-Ink-Blue-278x300.jpeg\" alt=\"Tinta plastisol azul sem PVC\" width=\"278\" height=\"300\" srcset=\"https:\/\/shaliteink.com\/wp-content\/uploads\/2025\/08\/PVC-Free-Plastisol-Ink-Blue-278x300.jpeg 278w, https:\/\/shaliteink.com\/wp-content\/uploads\/2025\/08\/PVC-Free-Plastisol-Ink-Blue-950x1024.jpeg 950w, https:\/\/shaliteink.com\/wp-content\/uploads\/2025\/08\/PVC-Free-Plastisol-Ink-Blue-768x828.jpeg 768w, https:\/\/shaliteink.com\/wp-content\/uploads\/2025\/08\/PVC-Free-Plastisol-Ink-Blue-1425x1536.jpeg 1425w, https:\/\/shaliteink.com\/wp-content\/uploads\/2025\/08\/PVC-Free-Plastisol-Ink-Blue-11x12.jpeg 11w, https:\/\/shaliteink.com\/wp-content\/uploads\/2025\/08\/PVC-Free-Plastisol-Ink-Blue-1200x1294.jpeg 1200w, https:\/\/shaliteink.com\/wp-content\/uploads\/2025\/08\/PVC-Free-Plastisol-Ink-Blue-150x162.jpeg 150w, https:\/\/shaliteink.com\/wp-content\/uploads\/2025\/08\/PVC-Free-Plastisol-Ink-Blue.jpeg 1636w\" sizes=\"(max-width: 278px) 100vw, 278px\" \/><\/p>\n<h1>Caracter\u00edsticas do produto:<\/h1>\n<ul>\n<li>F\u00f3rmula ecol\u00f3gica: Feita sem PVC ou ftalatos, esta tinta \u00e9 segura para uso dom\u00e9stico e em est\u00fadio. Ela atende \u00e0s principais certifica\u00e7\u00f5es ecol\u00f3gicas, incluindo a OEKO-TEX, tornando-a uma escolha inteligente para impress\u00e3o segura em fam\u00edlia ou em ambientes educacionais.<\/li>\n<li>Cor azul vibrante: Oferece excelente prote\u00e7\u00e3o e satura\u00e7\u00e3o de cor tanto em roupas claras quanto escuras. Ideal para camisetas personalizadas, bolsas e brindes promocionais.<\/li>\n<li>Toque macio: Formulado para obter um acabamento de impress\u00e3o suave e flex\u00edvel \u2014 ideal para marcas de vestu\u00e1rio que buscam uma textura premium sem camadas grossas e plastificadas.<\/li>\n<li>F\u00e1cil de trabalhar: Este PVC sem fecho <a href=\"https:\/\/shaliteink.com\/pt\/categoria-produto\/tinta-plastisol\/\"><strong>tinta plastisol<\/strong><\/a> Possui consist\u00eancia uniforme e excelente tempo de abertura da tela, reduzindo entupimentos e tempo de inatividade. Compat\u00edvel com telas de 110 a 160 mesh para uso vers\u00e1til.<\/li>\n<\/ul>\n<p><img decoding=\"async\" class=\"alignnone size-medium wp-image-2774\" src=\"https:\/\/shaliteink.com\/wp-content\/uploads\/2025\/07\/PVC-Free-Plastisol-Ink-Blue-2-300x267.jpeg\" alt=\"Tinta plastisol azul sem PVC\" width=\"300\" height=\"267\" srcset=\"https:\/\/shaliteink.com\/wp-content\/uploads\/2025\/07\/PVC-Free-Plastisol-Ink-Blue-2-300x267.jpeg 300w, https:\/\/shaliteink.com\/wp-content\/uploads\/2025\/07\/PVC-Free-Plastisol-Ink-Blue-2-1024x910.jpeg 1024w, https:\/\/shaliteink.com\/wp-content\/uploads\/2025\/07\/PVC-Free-Plastisol-Ink-Blue-2-768x683.jpeg 768w, https:\/\/shaliteink.com\/wp-content\/uploads\/2025\/07\/PVC-Free-Plastisol-Ink-Blue-2-1536x1366.jpeg 1536w, https:\/\/shaliteink.com\/wp-content\/uploads\/2025\/07\/PVC-Free-Plastisol-Ink-Blue-2-2048x1821.jpeg 2048w, https:\/\/shaliteink.com\/wp-content\/uploads\/2025\/07\/PVC-Free-Plastisol-Ink-Blue-2-13x12.jpeg 13w, https:\/\/shaliteink.com\/wp-content\/uploads\/2025\/07\/PVC-Free-Plastisol-Ink-Blue-2-1200x1067.jpeg 1200w, https:\/\/shaliteink.com\/wp-content\/uploads\/2025\/07\/PVC-Free-Plastisol-Ink-Blue-2-150x133.jpeg 150w\" sizes=\"(max-width: 300px) 100vw, 300px\" \/><\/p>\n<h1>Instru\u00e7\u00f5es de cura:<\/h1>\n<ul>\n<li>Temperatura de cura: 270\u00b0F \u2013 trezentos\u00b0F (132\u00b0C \u2013 149\u00b0C)<\/li>\n<li>Tempo de cura: Aproximadamente 60 segundos com secador de flash ou pistola de ar quente.<\/li>\n<li>Compat\u00edvel com: pistolas de calor dom\u00e9sticas, secadores de cabelo instant\u00e2neos ou secadores familiares (com alta capacidade de aquecimento).<\/li>\n<\/ul>\n<p>A baixa temperatura de terapia a torna ideal para pequenos est\u00fadios e para quem gosta de fazer as coisas por si pr\u00f3prio, usando equipamentos b\u00e1sicos, sem comprometer a durabilidade ap\u00f3s a lavagem.<\/p>","protected":false},"excerpt":{"rendered":"<p>Ecol\u00f3gico <strong>Tinta plastisol sem PVC<\/strong> em azul vibrante. Acabamento suave, cura em baixa temperatura e perfeito para DIY <strong>serigrafia<\/strong>. Compre agora para entrega r\u00e1pida.<\/p>","protected":false},"featured_media":2773,"comment_status":"open","ping_status":"closed","template":"","meta":[],"product_brand":[],"product_cat":[45],"product_tag":[],"class_list":{"0":"post-2771","1":"product","2":"type-product","3":"status-publish","4":"has-post-thumbnail","6":"product_cat-pvc-free-plastisol-ink","8":"first","9":"instock","10":"shipping-taxable","11":"purchasable","12":"product-type-variable"},"tiered_pricing_type":"fixed","tiered_pricing_fixed_rules":[],"tiered_pricing_product_settings":{"layout":"default","base_unit_name":{"singular":null,"plural":null},"default_variation":null},"tiered_pricing_minimum_quantity":null,"tiered_pricing_roles_data":[],"tiered_pricing_percentage_rules":[],"tiered_pricing_maximum_quantity":null,"tiered_pricing_quantity_step":null,"_links":{"self":[{"href":"https:\/\/shaliteink.com\/pt\/wp-json\/wp\/v2\/product\/2771","targetHints":{"allow":["GET"]}}],"collection":[{"href":"https:\/\/shaliteink.com\/pt\/wp-json\/wp\/v2\/product"}],"about":[{"href":"https:\/\/shaliteink.com\/pt\/wp-json\/wp\/v2\/types\/product"}],"replies":[{"embeddable":true,"href":"https:\/\/shaliteink.com\/pt\/wp-json\/wp\/v2\/comments?post=2771"}],"version-history":[{"count":0,"href":"https:\/\/shaliteink.com\/pt\/wp-json\/wp\/v2\/product\/2771\/revisions"}],"wp:featuredmedia":[{"embeddable":true,"href":"https:\/\/shaliteink.com\/pt\/wp-json\/wp\/v2\/media\/2773"}],"wp:attachment":[{"href":"https:\/\/shaliteink.com\/pt\/wp-json\/wp\/v2\/media?parent=2771"}],"wp:term":[{"taxonomy":"product_brand","embeddable":true,"href":"https:\/\/shaliteink.com\/pt\/wp-json\/wp\/v2\/product_brand?post=2771"},{"taxonomy":"product_cat","embeddable":true,"href":"https:\/\/shaliteink.com\/pt\/wp-json\/wp\/v2\/product_cat?post=2771"},{"taxonomy":"product_tag","embeddable":true,"href":"https:\/\/shaliteink.com\/pt\/wp-json\/wp\/v2\/product_tag?post=2771"}],"curies":[{"name":"wp","href":"https:\/\/api.w.org\/{rel}","templated":true}]}}