{"id":2765,"date":"2025-09-20T08:57:09","date_gmt":"2025-09-20T08:57:09","guid":{"rendered":"https:\/\/shaliteink.com\/?post_type=product&#038;p=2765"},"modified":"2025-12-10T11:28:23","modified_gmt":"2025-12-10T11:28:23","slug":"tinta-plastisol-violeta-sem-pvc-ecologica-e-com-envio-rapido","status":"publish","type":"product","link":"https:\/\/shaliteink.com\/pt\/produto\/tinta-plastisol-violeta-sem-pvc-ecologica-e-com-envio-rapido\/","title":{"rendered":"Tinta Plastisol Violeta Sem PVC \u2013 Ecol\u00f3gica | Envio R\u00e1pido"},"content":{"rendered":"<p>Apresentamos o nosso <a href=\"https:\/\/shaliteink.com\/pt\/categoria-produto\/tinta-plastisol-sem-pvc\/\"><strong>Livre de PVC<\/strong> <strong>Tinta Plastisol<\/strong><\/a> Violeta, a solu\u00e7\u00e3o ideal para serigrafia ecol\u00f3gica sem sacrificar a vivacidade das cores ou a qualidade da impress\u00e3o. Desenvolvida para fabricantes, criadores e pequenas empresas de vestu\u00e1rio, esta tinta at\u00f3xica e livre de ftalatos oferece uma experi\u00eancia de impress\u00e3o f\u00e1cil com resultados consistentes em algod\u00e3o, misturas de algod\u00e3o e outras superf\u00edcies de tecido.<\/p>\n<p>Perfeita para est\u00fadios dom\u00e9sticos, salas de aula ou lojas no Etsy, esta tinta verde para serigrafia \u00e9 ideal para clientes que valorizam superf\u00edcies lisas, prepara\u00e7\u00e3o r\u00e1pida e limpeza f\u00e1cil. Seja para estampar tons vibrantes de violeta em camisetas, bolsas ou decora\u00e7\u00e3o t\u00eaxtil, nossa tinta oferece cores duradouras com um toque suave \u2014 tudo isso sem PVC.<\/p>\n<p><strong>Shaliteink<\/strong>\u00a0<strong><a href=\"https:\/\/shaliteink.com\/pt\/\">Loja online de tinta plastisol sem PVC<\/a><\/strong> \u00e9 <strong>unidade de fabrica\u00e7\u00e3o direta<\/strong>, Fabricado com 20 anos de experi\u00eancia em produ\u00e7\u00e3o e otimizado para um desempenho geral de cura limpa e com baixo odor, que atende aos padr\u00f5es de seguran\u00e7a OEKO-TEX\u00ae e REACH.<\/p>\n<h1>Caracter\u00edsticas do produto:<\/h1>\n<ul>\n<li>PVC solto <strong>tinta plastisol<\/strong> \u2013 mais seguran\u00e7a para seu espa\u00e7o de trabalho e para o meio ambiente<\/li>\n<li>Cor violeta vibrante com prote\u00e7\u00e3o de alta qualidade tanto para roupas claras quanto escuras.<\/li>\n<li>Com baixo odor, n\u00e3o t\u00f3xico e ideal para ambientes de impress\u00e3o dom\u00e9stica.<\/li>\n<li>Acabamento suave ao toque para um resultado final profissional e de alta qualidade.<\/li>\n<li>Compat\u00edvel com malhas de cento e dez a cento e sessenta<\/li>\n<li>Combina com emuls\u00f5es e produtos de limpeza de marcas renomadas.<\/li>\n<\/ul>\n<p><img decoding=\"async\" class=\"alignnone size-medium wp-image-3614\" src=\"https:\/\/shaliteink.com\/wp-content\/uploads\/2025\/08\/PVC-Free-Violet-Plastisol-Ink-300x270.jpeg\" alt=\"Tinta Plastisol Violeta Sem PVC\" width=\"300\" height=\"270\" srcset=\"https:\/\/shaliteink.com\/wp-content\/uploads\/2025\/08\/PVC-Free-Violet-Plastisol-Ink-300x270.jpeg 300w, https:\/\/shaliteink.com\/wp-content\/uploads\/2025\/08\/PVC-Free-Violet-Plastisol-Ink-1024x920.jpeg 1024w, https:\/\/shaliteink.com\/wp-content\/uploads\/2025\/08\/PVC-Free-Violet-Plastisol-Ink-768x690.jpeg 768w, https:\/\/shaliteink.com\/wp-content\/uploads\/2025\/08\/PVC-Free-Violet-Plastisol-Ink-1536x1380.jpeg 1536w, https:\/\/shaliteink.com\/wp-content\/uploads\/2025\/08\/PVC-Free-Violet-Plastisol-Ink-2048x1841.jpeg 2048w, https:\/\/shaliteink.com\/wp-content\/uploads\/2025\/08\/PVC-Free-Violet-Plastisol-Ink-13x12.jpeg 13w, https:\/\/shaliteink.com\/wp-content\/uploads\/2025\/08\/PVC-Free-Violet-Plastisol-Ink-1200x1078.jpeg 1200w, https:\/\/shaliteink.com\/wp-content\/uploads\/2025\/08\/PVC-Free-Violet-Plastisol-Ink-150x135.jpeg 150w\" sizes=\"(max-width: 300px) 100vw, 300px\" \/><\/p>\n<h1>Instru\u00e7\u00f5es de cura:<\/h1>\n<p>Esta tinta cura a uma temperatura baixa de 127 \u00b0C a 138 \u00b0C (260 \u00b0F a 280 \u00b0F), o que reduz o consumo de eletricidade e evita que tecidos sens\u00edveis queimem. Funciona perfeitamente com sopradores t\u00e9rmicos dom\u00e9sticos, secadores instant\u00e2neos ou secadores de esteira.<\/p>\n<p><img decoding=\"async\" class=\"alignnone wp-image-2767\" src=\"https:\/\/shaliteink.com\/wp-content\/uploads\/2025\/07\/PVC-Free-Violet-Plastisol-Ink-4-300x276.jpeg\" alt=\"Tinta Plastisol Violeta Sem PVC\" width=\"268\" height=\"247\" srcset=\"https:\/\/shaliteink.com\/wp-content\/uploads\/2025\/07\/PVC-Free-Violet-Plastisol-Ink-4-300x276.jpeg 300w, https:\/\/shaliteink.com\/wp-content\/uploads\/2025\/07\/PVC-Free-Violet-Plastisol-Ink-4-1024x941.jpeg 1024w, https:\/\/shaliteink.com\/wp-content\/uploads\/2025\/07\/PVC-Free-Violet-Plastisol-Ink-4-768x706.jpeg 768w, https:\/\/shaliteink.com\/wp-content\/uploads\/2025\/07\/PVC-Free-Violet-Plastisol-Ink-4-1536x1411.jpeg 1536w, https:\/\/shaliteink.com\/wp-content\/uploads\/2025\/07\/PVC-Free-Violet-Plastisol-Ink-4-2048x1882.jpeg 2048w, https:\/\/shaliteink.com\/wp-content\/uploads\/2025\/07\/PVC-Free-Violet-Plastisol-Ink-4-13x12.jpeg 13w, https:\/\/shaliteink.com\/wp-content\/uploads\/2025\/07\/PVC-Free-Violet-Plastisol-Ink-4-1200x1103.jpeg 1200w, https:\/\/shaliteink.com\/wp-content\/uploads\/2025\/07\/PVC-Free-Violet-Plastisol-Ink-4-150x138.jpeg 150w\" sizes=\"(max-width: 268px) 100vw, 268px\" \/><\/p>","protected":false},"excerpt":{"rendered":"<p>Esse <strong data-start=\"3196\" data-end=\"3219\">Tinta Plastisol Violeta Sem PVC<\/strong> \u00e9 uma cidade vibrante e ecologicamente correta <strong data-start=\"3247\" data-end=\"3270\">tinta de serigrafia<\/strong> Com toque macio e cura r\u00e1pida. Perfeito para artes\u00e3os, confeccionistas e pequenos produtores de impress\u00e3o.<\/p>","protected":false},"featured_media":2766,"comment_status":"open","ping_status":"closed","template":"","meta":[],"product_brand":[],"product_cat":[45],"product_tag":[],"class_list":{"0":"post-2765","1":"product","2":"type-product","3":"status-publish","4":"has-post-thumbnail","6":"product_cat-pvc-free-plastisol-ink","8":"first","9":"instock","10":"shipping-taxable","11":"purchasable","12":"product-type-variable"},"tiered_pricing_type":"fixed","tiered_pricing_fixed_rules":[],"tiered_pricing_product_settings":{"layout":"default","base_unit_name":{"singular":null,"plural":null},"default_variation":null},"tiered_pricing_minimum_quantity":null,"tiered_pricing_roles_data":[],"tiered_pricing_percentage_rules":[],"tiered_pricing_maximum_quantity":null,"tiered_pricing_quantity_step":null,"_links":{"self":[{"href":"https:\/\/shaliteink.com\/pt\/wp-json\/wp\/v2\/product\/2765","targetHints":{"allow":["GET"]}}],"collection":[{"href":"https:\/\/shaliteink.com\/pt\/wp-json\/wp\/v2\/product"}],"about":[{"href":"https:\/\/shaliteink.com\/pt\/wp-json\/wp\/v2\/types\/product"}],"replies":[{"embeddable":true,"href":"https:\/\/shaliteink.com\/pt\/wp-json\/wp\/v2\/comments?post=2765"}],"version-history":[{"count":0,"href":"https:\/\/shaliteink.com\/pt\/wp-json\/wp\/v2\/product\/2765\/revisions"}],"wp:featuredmedia":[{"embeddable":true,"href":"https:\/\/shaliteink.com\/pt\/wp-json\/wp\/v2\/media\/2766"}],"wp:attachment":[{"href":"https:\/\/shaliteink.com\/pt\/wp-json\/wp\/v2\/media?parent=2765"}],"wp:term":[{"taxonomy":"product_brand","embeddable":true,"href":"https:\/\/shaliteink.com\/pt\/wp-json\/wp\/v2\/product_brand?post=2765"},{"taxonomy":"product_cat","embeddable":true,"href":"https:\/\/shaliteink.com\/pt\/wp-json\/wp\/v2\/product_cat?post=2765"},{"taxonomy":"product_tag","embeddable":true,"href":"https:\/\/shaliteink.com\/pt\/wp-json\/wp\/v2\/product_tag?post=2765"}],"curies":[{"name":"wp","href":"https:\/\/api.w.org\/{rel}","templated":true}]}}