{"id":2603,"date":"2025-09-20T07:26:35","date_gmt":"2025-09-20T07:26:35","guid":{"rendered":"https:\/\/shaliteink.com\/?post_type=product&#038;p=2603"},"modified":"2025-12-10T11:29:24","modified_gmt":"2025-12-10T11:29:24","slug":"tinta-plastisol-violeta-escura-sem-pvc","status":"publish","type":"product","link":"https:\/\/shaliteink.com\/pt\/produto\/tinta-plastisol-violeta-escura-sem-pvc\/","title":{"rendered":"Compre tinta plastisol violeta escuro sem PVC \u2013 n\u00e3o t\u00f3xica e com cores vibrantes"},"content":{"rendered":"<p>Procura uma solu\u00e7\u00e3o arrojada e ecol\u00f3gica para as suas tarefas de serigrafia t\u00eaxtil? <strong>Tinta plastisol violeta escura sem PVC<\/strong> \u00c9 uma tinta vibrante e de alto desempenho geral, projetada para criadores que exigem sustentabilidade e um acabamento agrad\u00e1vel. Como parte de nossa linha eco-otimizada <strong><a href=\"https:\/\/shaliteink.com\/pt\/categoria-produto\/tinta-plastisol-sem-pvc\/\">Tinta plastisol sem PVC<\/a><\/strong> Na s\u00e9rie [nome da s\u00e9rie], esta tinta violeta oferece legibilidade de impress\u00e3o superior, toque suave e excelente resist\u00eancia \u00e0 lavagem, sem comprometer a seguran\u00e7a ou o meio ambiente.<\/p>\n<p>Seja voc\u00ea um artes\u00e3o do tipo &quot;fa\u00e7a voc\u00ea mesmo&quot;, um vendedor de roupas da Shopify ou um educador inovador que ministra workshops, esta tinta para serigrafia foi feita sob medida para as suas necessidades. Ela promete resultados n\u00edtidos e consistentes em algod\u00e3o, misturas e na maioria das fibras naturais. Al\u00e9m disso, \u00e9 otimizada para uso com telas de malha padr\u00e3o e sistemas de cura dom\u00e9sticos, como sopradores t\u00e9rmicos ou secadores de flash.<\/p>\n<p><img decoding=\"async\" class=\"alignnone size-medium wp-image-3617\" src=\"https:\/\/shaliteink.com\/wp-content\/uploads\/2025\/08\/PVC-Free-Violet-Plastisol-Ink-2-300x252.jpeg\" alt=\"Tinta plastisol violeta sem PVC\" width=\"300\" height=\"252\" srcset=\"https:\/\/shaliteink.com\/wp-content\/uploads\/2025\/08\/PVC-Free-Violet-Plastisol-Ink-2-300x252.jpeg 300w, https:\/\/shaliteink.com\/wp-content\/uploads\/2025\/08\/PVC-Free-Violet-Plastisol-Ink-2-1024x860.jpeg 1024w, https:\/\/shaliteink.com\/wp-content\/uploads\/2025\/08\/PVC-Free-Violet-Plastisol-Ink-2-768x645.jpeg 768w, https:\/\/shaliteink.com\/wp-content\/uploads\/2025\/08\/PVC-Free-Violet-Plastisol-Ink-2-1536x1290.jpeg 1536w, https:\/\/shaliteink.com\/wp-content\/uploads\/2025\/08\/PVC-Free-Violet-Plastisol-Ink-2-2048x1720.jpeg 2048w, https:\/\/shaliteink.com\/wp-content\/uploads\/2025\/08\/PVC-Free-Violet-Plastisol-Ink-2-14x12.jpeg 14w, https:\/\/shaliteink.com\/wp-content\/uploads\/2025\/08\/PVC-Free-Violet-Plastisol-Ink-2-1200x1008.jpeg 1200w, https:\/\/shaliteink.com\/wp-content\/uploads\/2025\/08\/PVC-Free-Violet-Plastisol-Ink-2-150x126.jpeg 150w\" sizes=\"(max-width: 300px) 100vw, 300px\" \/><\/p>\n<h1>Caracter\u00edsticas do produto:<\/h1>\n<ul>\n<li>F\u00f3rmula ecol\u00f3gica: <span class=\"wrapper\">cem % sem PVC<\/span> plastisol <span class=\"wrapper\">tinta,<\/span> em conformidade com <span class=\"wrapper\">OEKO-TEX\u00ae<\/span> e CPSIA <span class=\"wrapper\">requisitos\u2014seguro<\/span> Para crian\u00e7as, animais de estima\u00e7\u00e3o e ambientes educacionais.<\/li>\n<li>Pigmento violeta escuro intenso: Tinta vermelha de alta opacidade e resistente ao desbotamento que <span class=\"wrapper\">pops<\/span> o<span class=\"wrapper\">n li<\/span>ambos Aceitar Dispensar e <span class=\"wrapper\">roupas escuras igualmente.<\/span><\/li>\n<li>Impress\u00e3o com toque macio e flex\u00edvel: seca com um acabamento impec\u00e1vel. <span class=\"wrapper\">macio<\/span> acabamento manual <span class=\"wrapper\">mant\u00e9m<\/span> a pe\u00e7a de roupa <span class=\"wrapper\">ervas<\/span> drapeado e <span class=\"wrapper\">luxo.<\/span><\/li>\n<li>Baixo odor e n\u00e3o t\u00f3xico: Ideal para est\u00fadios dom\u00e9sticos e escolas \u2014 o baixo teor de COVs (Compostos Org\u00e2nicos Vol\u00e1teis) o torna seguro para uso interno.<\/li>\n<li>F\u00e1cil manuseio: A viscosidade suave torna este produto perfeito tanto para iniciantes quanto para profissionais, minimizando o entupimento ou ressecamento da tela.<\/li>\n<\/ul>\n<p><img decoding=\"async\" class=\"alignnone size-medium wp-image-3618\" src=\"https:\/\/shaliteink.com\/wp-content\/uploads\/2025\/08\/PVC-Free-Violet-Plastisol-Ink-3-300x270.jpeg\" alt=\"Tinta plastisol violeta sem PVC\" width=\"300\" height=\"270\" srcset=\"https:\/\/shaliteink.com\/wp-content\/uploads\/2025\/08\/PVC-Free-Violet-Plastisol-Ink-3-300x270.jpeg 300w, https:\/\/shaliteink.com\/wp-content\/uploads\/2025\/08\/PVC-Free-Violet-Plastisol-Ink-3-1024x921.jpeg 1024w, https:\/\/shaliteink.com\/wp-content\/uploads\/2025\/08\/PVC-Free-Violet-Plastisol-Ink-3-768x691.jpeg 768w, https:\/\/shaliteink.com\/wp-content\/uploads\/2025\/08\/PVC-Free-Violet-Plastisol-Ink-3-1536x1382.jpeg 1536w, https:\/\/shaliteink.com\/wp-content\/uploads\/2025\/08\/PVC-Free-Violet-Plastisol-Ink-3-2048x1843.jpeg 2048w, https:\/\/shaliteink.com\/wp-content\/uploads\/2025\/08\/PVC-Free-Violet-Plastisol-Ink-3-13x12.jpeg 13w, https:\/\/shaliteink.com\/wp-content\/uploads\/2025\/08\/PVC-Free-Violet-Plastisol-Ink-3-1200x1080.jpeg 1200w, https:\/\/shaliteink.com\/wp-content\/uploads\/2025\/08\/PVC-Free-Violet-Plastisol-Ink-3-150x135.jpeg 150w\" sizes=\"(max-width: 300px) 100vw, 300px\" \/><\/p>\n<h1>Instru\u00e7\u00f5es de cura:<\/h1>\n<p>Para obter excelentes resultados, cure a tinta a 160 \u00b0C (320 \u00b0F) durante 1 a 1,5 minutos usando um secador instant\u00e2neo, secador de esteira ou prensa t\u00e9rmica dom\u00e9stica. <strong>Tinta plastisol sem PVC \u2014 pre\u00e7o para compras em grande quantidade dispon\u00edvel \u2014<\/strong>\u00a0\u00c9 projetado para cura em baixa temperatura, sendo ideal para instala\u00e7\u00f5es de pequena escala e fluxos de trabalho que priorizam a resist\u00eancia.<\/p>","protected":false},"excerpt":{"rendered":"<p><strong>Tinta escura violeta n\u00e3o PVC Plastisol<\/strong>: cobertura brilhante, toque macio, baixo odor. Compat\u00edvel com OEKO-TEX. Cura a 160 \u00b0C. <strong data-start=\"472\" data-end=\"483\">Comprar agora<\/strong>\u2014<strong data-start=\"484\" data-end=\"501\">despacho r\u00e1pido<\/strong>, f\u00e1cil de usar.<\/p>","protected":false},"featured_media":3616,"comment_status":"open","ping_status":"closed","template":"","meta":[],"product_brand":[],"product_cat":[45],"product_tag":[],"class_list":{"0":"post-2603","1":"product","2":"type-product","3":"status-publish","4":"has-post-thumbnail","6":"product_cat-pvc-free-plastisol-ink","8":"first","9":"instock","10":"shipping-taxable","11":"purchasable","12":"product-type-variable"},"tiered_pricing_type":"fixed","tiered_pricing_fixed_rules":[],"tiered_pricing_product_settings":{"layout":"default","base_unit_name":{"singular":null,"plural":null},"default_variation":null},"tiered_pricing_minimum_quantity":null,"tiered_pricing_roles_data":[],"tiered_pricing_percentage_rules":[],"tiered_pricing_maximum_quantity":null,"tiered_pricing_quantity_step":null,"_links":{"self":[{"href":"https:\/\/shaliteink.com\/pt\/wp-json\/wp\/v2\/product\/2603","targetHints":{"allow":["GET"]}}],"collection":[{"href":"https:\/\/shaliteink.com\/pt\/wp-json\/wp\/v2\/product"}],"about":[{"href":"https:\/\/shaliteink.com\/pt\/wp-json\/wp\/v2\/types\/product"}],"replies":[{"embeddable":true,"href":"https:\/\/shaliteink.com\/pt\/wp-json\/wp\/v2\/comments?post=2603"}],"version-history":[{"count":0,"href":"https:\/\/shaliteink.com\/pt\/wp-json\/wp\/v2\/product\/2603\/revisions"}],"wp:featuredmedia":[{"embeddable":true,"href":"https:\/\/shaliteink.com\/pt\/wp-json\/wp\/v2\/media\/3616"}],"wp:attachment":[{"href":"https:\/\/shaliteink.com\/pt\/wp-json\/wp\/v2\/media?parent=2603"}],"wp:term":[{"taxonomy":"product_brand","embeddable":true,"href":"https:\/\/shaliteink.com\/pt\/wp-json\/wp\/v2\/product_brand?post=2603"},{"taxonomy":"product_cat","embeddable":true,"href":"https:\/\/shaliteink.com\/pt\/wp-json\/wp\/v2\/product_cat?post=2603"},{"taxonomy":"product_tag","embeddable":true,"href":"https:\/\/shaliteink.com\/pt\/wp-json\/wp\/v2\/product_tag?post=2603"}],"curies":[{"name":"wp","href":"https:\/\/api.w.org\/{rel}","templated":true}]}}