{"id":2596,"date":"2025-07-28T06:07:23","date_gmt":"2025-07-28T06:07:23","guid":{"rendered":"https:\/\/shaliteink.com\/?post_type=product&#038;p=2596"},"modified":"2025-12-10T11:28:14","modified_gmt":"2025-12-10T11:28:14","slug":"tinta-plastisol-extra-verde-sem-pvc","status":"publish","type":"product","link":"https:\/\/shaliteink.com\/pt\/produto\/tinta-plastisol-extra-verde-sem-pvc\/","title":{"rendered":"Tinta Plastisol Verde Extra Sem PVC \u2013 Compre Agora"},"content":{"rendered":"<p>D\u00ea vida \u00e0 sua imagina\u00e7\u00e3o e vis\u00e3o criativa com o nosso <strong><a href=\"https:\/\/shaliteink.com\/pt\/categoria-produto\/tinta-plastisol-sem-pvc\/\">Tinta Plastisol sem PVC<\/a><\/strong> Extra Green, desenvolvida para criadores que buscam resultados coloridos e ecologicamente conscientes. Seja voc\u00ea um artes\u00e3o do tipo &quot;fa\u00e7a voc\u00ea mesmo&quot;, um pequeno designer de roupas ou um makers de um espa\u00e7o escolar, esta tinta plastisol oferece desempenho superior sem comprometer a seguran\u00e7a ou a sustentabilidade.<\/p>\n<p>Fabricada com componentes livres de PVC, esta tinta oferece todos os benef\u00edcios do plastisol convencional \u2014 alta opacidade, toque macio e excepcional resist\u00eancia \u00e0 lavagem \u2014 sem as desvantagens ambientais. \u00c9 a solu\u00e7\u00e3o ideal para criar estampas ecol\u00f3gicas impactantes em roupas de algod\u00e3o e misturas de algod\u00e3o, bolsas, tecidos para decora\u00e7\u00e3o e muito mais.<\/p>\n<p>Perfeita para impress\u00e3o dom\u00e9stica com sopradores t\u00e9rmicos ou secadores de cabelo, nossa tinta foi desenvolvida com recursos f\u00e1ceis de usar que reduzem a complexidade da configura\u00e7\u00e3o e o tempo de limpeza \u2014 ideal tanto para iniciantes quanto para profissionais experientes.<\/p>\n<p><img decoding=\"async\" class=\"alignnone size-medium wp-image-3645\" src=\"https:\/\/shaliteink.com\/wp-content\/uploads\/2025\/07\/PVC-Free-Extra-Green-Plastisol-Ink-3-279x300.jpeg\" alt=\"Tinta plastisol extra verde sem PVC\" width=\"279\" height=\"300\" srcset=\"https:\/\/shaliteink.com\/wp-content\/uploads\/2025\/07\/PVC-Free-Extra-Green-Plastisol-Ink-3-279x300.jpeg 279w, https:\/\/shaliteink.com\/wp-content\/uploads\/2025\/07\/PVC-Free-Extra-Green-Plastisol-Ink-3-951x1024.jpeg 951w, https:\/\/shaliteink.com\/wp-content\/uploads\/2025\/07\/PVC-Free-Extra-Green-Plastisol-Ink-3-768x827.jpeg 768w, https:\/\/shaliteink.com\/wp-content\/uploads\/2025\/07\/PVC-Free-Extra-Green-Plastisol-Ink-3-1426x1536.jpeg 1426w, https:\/\/shaliteink.com\/wp-content\/uploads\/2025\/07\/PVC-Free-Extra-Green-Plastisol-Ink-3-11x12.jpeg 11w, https:\/\/shaliteink.com\/wp-content\/uploads\/2025\/07\/PVC-Free-Extra-Green-Plastisol-Ink-3-1200x1293.jpeg 1200w, https:\/\/shaliteink.com\/wp-content\/uploads\/2025\/07\/PVC-Free-Extra-Green-Plastisol-Ink-3-150x162.jpeg 150w, https:\/\/shaliteink.com\/wp-content\/uploads\/2025\/07\/PVC-Free-Extra-Green-Plastisol-Ink-3.jpeg 1608w\" sizes=\"(max-width: 279px) 100vw, 279px\" \/><\/p>\n<h1>Principais caracter\u00edsticas:<\/h1>\n<ul>\n<li>Tinta plastisol sem PVC \u2013 Mais segura para os usu\u00e1rios, melhor para o meio ambiente.<\/li>\n<li>Pigmento Verde Extra \u2013 Proporciona alta opacidade e cores vibrantes, mesmo em pe\u00e7as de roupa escuras.<\/li>\n<li>F\u00f3rmula com baixo odor e n\u00e3o t\u00f3xica \u2013 Ideal para uso dom\u00e9stico ou em salas de aula.<\/li>\n<li>F\u00e1cil de usar \u2013 Consist\u00eancia suave para est\u00eanceis perfeitos e f\u00e1cil de puxar.<\/li>\n<li>Limpeza r\u00e1pida \u2013 Compat\u00edvel com limpadores de tinta \u00e0 base de \u00e1gua ou com base c\u00edtrica.<\/li>\n<li>Cura em baixa temperatura (270\u2013300 \u00b0F) \u2013 Compat\u00edvel com a maioria das instala\u00e7\u00f5es de aquecimento dom\u00e9sticas ou profissionais.<\/li>\n<\/ul>\n<p><img decoding=\"async\" class=\"alignnone size-medium wp-image-3644\" src=\"https:\/\/shaliteink.com\/wp-content\/uploads\/2025\/07\/PVC-Free-Extra-Green-Plastisol-Ink-2-285x300.jpeg\" alt=\"Tinta plastisol extra verde sem PVC\" width=\"285\" height=\"300\" srcset=\"https:\/\/shaliteink.com\/wp-content\/uploads\/2025\/07\/PVC-Free-Extra-Green-Plastisol-Ink-2-285x300.jpeg 285w, https:\/\/shaliteink.com\/wp-content\/uploads\/2025\/07\/PVC-Free-Extra-Green-Plastisol-Ink-2-973x1024.jpeg 973w, https:\/\/shaliteink.com\/wp-content\/uploads\/2025\/07\/PVC-Free-Extra-Green-Plastisol-Ink-2-768x808.jpeg 768w, https:\/\/shaliteink.com\/wp-content\/uploads\/2025\/07\/PVC-Free-Extra-Green-Plastisol-Ink-2-1460x1536.jpeg 1460w, https:\/\/shaliteink.com\/wp-content\/uploads\/2025\/07\/PVC-Free-Extra-Green-Plastisol-Ink-2-11x12.jpeg 11w, https:\/\/shaliteink.com\/wp-content\/uploads\/2025\/07\/PVC-Free-Extra-Green-Plastisol-Ink-2-1200x1263.jpeg 1200w, https:\/\/shaliteink.com\/wp-content\/uploads\/2025\/07\/PVC-Free-Extra-Green-Plastisol-Ink-2-150x158.jpeg 150w, https:\/\/shaliteink.com\/wp-content\/uploads\/2025\/07\/PVC-Free-Extra-Green-Plastisol-Ink-2.jpeg 1612w\" sizes=\"(max-width: 285px) 100vw, 285px\" \/><\/p>\n<h1>Instru\u00e7\u00f5es de cura:<\/h1>\n<p>Esse <a href=\"https:\/\/shaliteink.com\/pt\/\"><strong>Tinta Plastisol sem PVC<\/strong><\/a> Os planos de tratamento entre 132 \u00b0C e 149 \u00b0C (270 \u00b0F e 300 \u00b0F) reduzem drasticamente os custos de resist\u00eancia, tornando-os ideais para uso com pistolas de calor, secadores de flash ou secadores dom\u00e9sticos. A cura adequada garante estampas duradouras com elasticidade e resist\u00eancia \u00e0 lavagem not\u00e1veis.<\/p>\n<p>&nbsp;<\/p>","protected":false},"excerpt":{"rendered":"<p data-start=\"3372\" data-end=\"3535\"><strong data-start=\"3372\" data-end=\"3535\">Compre tinta plastisol Extra Verde sem PVC \u2013 ecol\u00f3gica, de cura em baixa temperatura, com cores vibrantes e n\u00e3o t\u00f3xica, ideal para serigrafia em camisetas, sacolas e projetos de artesanato.<\/strong><\/p>","protected":false},"featured_media":2601,"comment_status":"open","ping_status":"closed","template":"","meta":[],"product_brand":[],"product_cat":[45],"product_tag":[],"class_list":{"0":"post-2596","1":"product","2":"type-product","3":"status-publish","4":"has-post-thumbnail","6":"product_cat-pvc-free-plastisol-ink","8":"first","9":"instock","10":"shipping-taxable","11":"purchasable","12":"product-type-variable"},"tiered_pricing_type":"fixed","tiered_pricing_fixed_rules":[],"tiered_pricing_product_settings":{"layout":"default","base_unit_name":{"singular":null,"plural":null},"default_variation":null},"tiered_pricing_minimum_quantity":null,"tiered_pricing_roles_data":[],"tiered_pricing_percentage_rules":[],"tiered_pricing_maximum_quantity":null,"tiered_pricing_quantity_step":null,"_links":{"self":[{"href":"https:\/\/shaliteink.com\/pt\/wp-json\/wp\/v2\/product\/2596","targetHints":{"allow":["GET"]}}],"collection":[{"href":"https:\/\/shaliteink.com\/pt\/wp-json\/wp\/v2\/product"}],"about":[{"href":"https:\/\/shaliteink.com\/pt\/wp-json\/wp\/v2\/types\/product"}],"replies":[{"embeddable":true,"href":"https:\/\/shaliteink.com\/pt\/wp-json\/wp\/v2\/comments?post=2596"}],"version-history":[{"count":0,"href":"https:\/\/shaliteink.com\/pt\/wp-json\/wp\/v2\/product\/2596\/revisions"}],"wp:featuredmedia":[{"embeddable":true,"href":"https:\/\/shaliteink.com\/pt\/wp-json\/wp\/v2\/media\/2601"}],"wp:attachment":[{"href":"https:\/\/shaliteink.com\/pt\/wp-json\/wp\/v2\/media?parent=2596"}],"wp:term":[{"taxonomy":"product_brand","embeddable":true,"href":"https:\/\/shaliteink.com\/pt\/wp-json\/wp\/v2\/product_brand?post=2596"},{"taxonomy":"product_cat","embeddable":true,"href":"https:\/\/shaliteink.com\/pt\/wp-json\/wp\/v2\/product_cat?post=2596"},{"taxonomy":"product_tag","embeddable":true,"href":"https:\/\/shaliteink.com\/pt\/wp-json\/wp\/v2\/product_tag?post=2596"}],"curies":[{"name":"wp","href":"https:\/\/api.w.org\/{rel}","templated":true}]}}