{"id":2590,"date":"2025-08-05T08:24:11","date_gmt":"2025-08-05T08:24:11","guid":{"rendered":"https:\/\/shaliteink.com\/?post_type=product&#038;p=2590"},"modified":"2025-12-10T11:30:58","modified_gmt":"2025-12-10T11:30:58","slug":"tinta-plastisol-verde-sem-pvc","status":"publish","type":"product","link":"https:\/\/shaliteink.com\/pt\/produto\/tinta-plastisol-verde-sem-pvc\/","title":{"rendered":"Tinta verde para serigrafia sem PVC \u2013 Encomende online"},"content":{"rendered":"<p>Procurando por um <strong><a href=\"https:\/\/shaliteink.com\/pt\/categoria-produto\/tinta-plastisol-sem-pvc\/\">Tinta plastisol sem PVC<\/a><\/strong> Procurando uma tinta que combine cores vibrantes, um m\u00e9todo ecologicamente consciente e impress\u00e3o profissional de alta qualidade? Nossa tinta plastisol verde sem PVC \u00e9 a escolha ideal para criadores que se preocupam com o desempenho e o planeta. Desenvolvida para serigrafistas de todos os n\u00edveis \u2014 de artes\u00e3os amadores a vendedores do Etsy e pequenas startups de roupas \u2014 esta tinta promete estampas em um verde intenso e vibrante, com excelente prote\u00e7\u00e3o e durabilidade.<\/p>\n<p>Seja para personalizar camisetas em casa ou para grandes encomendas para sua loja online, esta tinta plastisol foi desenvolvida para atender \u00e0s suas necessidades. Formulada sem PVC ou ftalatos, \u00e9 mais segura para uso em ambientes fechados, salas de aula ou pequenos est\u00fadios. Faz parte da nossa cole\u00e7\u00e3o de tintas ecol\u00f3gicas para serigrafia, com a confian\u00e7a de profissionais e entusiastas do mundo todo.<\/p>\n<p><img decoding=\"async\" class=\"alignnone size-medium wp-image-3620\" src=\"https:\/\/shaliteink.com\/wp-content\/uploads\/2025\/08\/PVC-Free-Screen-Print-Ink-Green-289x300.jpeg\" alt=\"Tinta verde para serigrafia sem PVC\" width=\"289\" height=\"300\" srcset=\"https:\/\/shaliteink.com\/wp-content\/uploads\/2025\/08\/PVC-Free-Screen-Print-Ink-Green-289x300.jpeg 289w, https:\/\/shaliteink.com\/wp-content\/uploads\/2025\/08\/PVC-Free-Screen-Print-Ink-Green-988x1024.jpeg 988w, https:\/\/shaliteink.com\/wp-content\/uploads\/2025\/08\/PVC-Free-Screen-Print-Ink-Green-768x796.jpeg 768w, https:\/\/shaliteink.com\/wp-content\/uploads\/2025\/08\/PVC-Free-Screen-Print-Ink-Green-1482x1536.jpeg 1482w, https:\/\/shaliteink.com\/wp-content\/uploads\/2025\/08\/PVC-Free-Screen-Print-Ink-Green-12x12.jpeg 12w, https:\/\/shaliteink.com\/wp-content\/uploads\/2025\/08\/PVC-Free-Screen-Print-Ink-Green-1200x1244.jpeg 1200w, https:\/\/shaliteink.com\/wp-content\/uploads\/2025\/08\/PVC-Free-Screen-Print-Ink-Green-150x155.jpeg 150w, https:\/\/shaliteink.com\/wp-content\/uploads\/2025\/08\/PVC-Free-Screen-Print-Ink-Green.jpeg 1648w\" sizes=\"(max-width: 289px) 100vw, 289px\" \/><\/p>\n<h1>Principais caracter\u00edsticas:<\/h1>\n<ul>\n<li>Verde vibrante e at\u00f3xico \u2014 Proporciona resultados de impress\u00e3o verdes consistentes e opacos, com excelente elasticidade e maciez.<\/li>\n<li>Livre de PVC e ftalatos \u2014 Mais adequado para uso dom\u00e9stico, escolas e fabricantes com consci\u00eancia ambiental.<\/li>\n<li>F\u00f3rmula com baixo odor \u2014 Adequada para uso interno, sem odores qu\u00edmicos fortes.<\/li>\n<li>Viscosidade m\u00e9dia \u2014 F\u00e1cil de aplicar, adequada tanto para iniciantes quanto para impressores experientes.<\/li>\n<li>Tempo de flash curto \u2014 Ideal para fluxos de trabalho r\u00e1pidos e projetos multicoloridos.<\/li>\n<\/ul>\n<p><img decoding=\"async\" class=\"alignnone size-medium wp-image-2744\" src=\"https:\/\/shaliteink.com\/wp-content\/uploads\/2025\/07\/PVC-Free-Screen-Print-Ink-Green-300x273.jpeg\" alt=\"Tinta verde para serigrafia sem PVC\" width=\"300\" height=\"273\" srcset=\"https:\/\/shaliteink.com\/wp-content\/uploads\/2025\/07\/PVC-Free-Screen-Print-Ink-Green-300x273.jpeg 300w, https:\/\/shaliteink.com\/wp-content\/uploads\/2025\/07\/PVC-Free-Screen-Print-Ink-Green-1024x932.jpeg 1024w, https:\/\/shaliteink.com\/wp-content\/uploads\/2025\/07\/PVC-Free-Screen-Print-Ink-Green-768x699.jpeg 768w, https:\/\/shaliteink.com\/wp-content\/uploads\/2025\/07\/PVC-Free-Screen-Print-Ink-Green-1536x1398.jpeg 1536w, https:\/\/shaliteink.com\/wp-content\/uploads\/2025\/07\/PVC-Free-Screen-Print-Ink-Green-2048x1865.jpeg 2048w, https:\/\/shaliteink.com\/wp-content\/uploads\/2025\/07\/PVC-Free-Screen-Print-Ink-Green-13x12.jpeg 13w, https:\/\/shaliteink.com\/wp-content\/uploads\/2025\/07\/PVC-Free-Screen-Print-Ink-Green-1200x1093.jpeg 1200w, https:\/\/shaliteink.com\/wp-content\/uploads\/2025\/07\/PVC-Free-Screen-Print-Ink-Green-150x137.jpeg 150w\" sizes=\"(max-width: 300px) 100vw, 300px\" \/><\/p>\n<h1>Instru\u00e7\u00f5es de cura:<\/h1>\n<p>Nossa tinta plastisol solta para PVC cura em baixas temperaturas, de 132 \u00b0C a 160 \u00b0C (270 \u00b0F a 320 \u00b0F), sendo ideal para uso com sopradores t\u00e9rmicos dom\u00e9sticos, secadores flash ou secadores de t\u00fanel profissionais. A cura completa garante que a impress\u00e3o adira firmemente ao material, melhorando a durabilidade \u00e0 lavagem e a resist\u00eancia da cor. Para obter os melhores resultados, verifique as especifica\u00e7\u00f5es do seu equipamento e certifique-se de que a tinta atinja a temperatura interna adequada durante a cura.<\/p>","protected":false},"excerpt":{"rendered":"<p>Tinta plastisol ecol\u00f3gica, livre de PVC, para estampas vibrantes. Baixo odor, at\u00f3xica, f\u00e1cil de secar e limpar. Perfeita para artes\u00e3os e vendedores de roupas. Compre agora!<\/p>","protected":false},"featured_media":3621,"comment_status":"open","ping_status":"closed","template":"","meta":[],"product_brand":[],"product_cat":[45],"product_tag":[],"class_list":{"0":"post-2590","1":"product","2":"type-product","3":"status-publish","4":"has-post-thumbnail","6":"product_cat-pvc-free-plastisol-ink","8":"first","9":"instock","10":"shipping-taxable","11":"purchasable","12":"product-type-variable"},"tiered_pricing_type":"fixed","tiered_pricing_fixed_rules":[],"tiered_pricing_product_settings":{"layout":"default","base_unit_name":{"singular":null,"plural":null},"default_variation":null},"tiered_pricing_minimum_quantity":null,"tiered_pricing_roles_data":[],"tiered_pricing_percentage_rules":[],"tiered_pricing_maximum_quantity":null,"tiered_pricing_quantity_step":null,"_links":{"self":[{"href":"https:\/\/shaliteink.com\/pt\/wp-json\/wp\/v2\/product\/2590","targetHints":{"allow":["GET"]}}],"collection":[{"href":"https:\/\/shaliteink.com\/pt\/wp-json\/wp\/v2\/product"}],"about":[{"href":"https:\/\/shaliteink.com\/pt\/wp-json\/wp\/v2\/types\/product"}],"replies":[{"embeddable":true,"href":"https:\/\/shaliteink.com\/pt\/wp-json\/wp\/v2\/comments?post=2590"}],"version-history":[{"count":0,"href":"https:\/\/shaliteink.com\/pt\/wp-json\/wp\/v2\/product\/2590\/revisions"}],"wp:featuredmedia":[{"embeddable":true,"href":"https:\/\/shaliteink.com\/pt\/wp-json\/wp\/v2\/media\/3621"}],"wp:attachment":[{"href":"https:\/\/shaliteink.com\/pt\/wp-json\/wp\/v2\/media?parent=2590"}],"wp:term":[{"taxonomy":"product_brand","embeddable":true,"href":"https:\/\/shaliteink.com\/pt\/wp-json\/wp\/v2\/product_brand?post=2590"},{"taxonomy":"product_cat","embeddable":true,"href":"https:\/\/shaliteink.com\/pt\/wp-json\/wp\/v2\/product_cat?post=2590"},{"taxonomy":"product_tag","embeddable":true,"href":"https:\/\/shaliteink.com\/pt\/wp-json\/wp\/v2\/product_tag?post=2590"}],"curies":[{"name":"wp","href":"https:\/\/api.w.org\/{rel}","templated":true}]}}