{"id":2584,"date":"2025-08-05T08:12:07","date_gmt":"2025-08-05T08:12:07","guid":{"rendered":"https:\/\/shaliteink.com\/?post_type=product&#038;p=2584"},"modified":"2025-12-10T11:31:53","modified_gmt":"2025-12-10T11:31:53","slug":"tinta-plastisol-sem-pvc-preta-extra-comprar","status":"publish","type":"product","link":"https:\/\/shaliteink.com\/pt\/produto\/tinta-plastisol-sem-pvc-preta-extra-comprar\/","title":{"rendered":"Tinta Plastisol Sem PVC Tinta Preta Extra | Comprar"},"content":{"rendered":"<p>Descubra a tinta preta ideal para impress\u00f5es n\u00edtidas, seguras e ecologicamente corretas. Da Shaliteink. <strong><a href=\"https:\/\/shaliteink.com\/pt\/categoria-produto\/tinta-plastisol-sem-pvc\/\">Tinta Plastisol sem PVC<\/a><\/strong> A tinta Extra Black oferece a opacidade intensa e o toque suave das tintas plastisol tradicionais, sem PVCs ou ftalatos prejudiciais. Desenvolvida para artes\u00e3os, vendedores do Etsy, escolas e pequenos fabricantes de roupas, esta tinta \u00e9 a solu\u00e7\u00e3o ideal para impress\u00f5es pretas vibrantes com resultados profissionais.<\/p>\n<p>Seja para personalizar camisetas, bolsas ou tecidos para decora\u00e7\u00e3o de casa, esta tinta garante um preto profundo e intenso, impress\u00e3o suave e alta resist\u00eancia \u00e0 lavagem. Formulada para iniciantes e profissionais, nossa tinta plastisol sem PVC elimina os riscos \u00e0 sa\u00fade e os impactos ambientais negativos das tintas convencionais, sem comprometer o desempenho.<\/p>\n<p><img decoding=\"async\" class=\"alignnone size-medium wp-image-3628\" src=\"https:\/\/shaliteink.com\/wp-content\/uploads\/2025\/08\/PVC-Free-Plastisol-Ink-Ink-Extra-Black-2-282x300.jpeg\" alt=\"Tinta plastisol sem PVC, cor preta extra\" width=\"282\" height=\"300\" srcset=\"https:\/\/shaliteink.com\/wp-content\/uploads\/2025\/08\/PVC-Free-Plastisol-Ink-Ink-Extra-Black-2-282x300.jpeg 282w, https:\/\/shaliteink.com\/wp-content\/uploads\/2025\/08\/PVC-Free-Plastisol-Ink-Ink-Extra-Black-2-964x1024.jpeg 964w, https:\/\/shaliteink.com\/wp-content\/uploads\/2025\/08\/PVC-Free-Plastisol-Ink-Ink-Extra-Black-2-768x816.jpeg 768w, https:\/\/shaliteink.com\/wp-content\/uploads\/2025\/08\/PVC-Free-Plastisol-Ink-Ink-Extra-Black-2-1445x1536.jpeg 1445w, https:\/\/shaliteink.com\/wp-content\/uploads\/2025\/08\/PVC-Free-Plastisol-Ink-Ink-Extra-Black-2-1927x2048.jpeg 1927w, https:\/\/shaliteink.com\/wp-content\/uploads\/2025\/08\/PVC-Free-Plastisol-Ink-Ink-Extra-Black-2-11x12.jpeg 11w, https:\/\/shaliteink.com\/wp-content\/uploads\/2025\/08\/PVC-Free-Plastisol-Ink-Ink-Extra-Black-2-1200x1275.jpeg 1200w, https:\/\/shaliteink.com\/wp-content\/uploads\/2025\/08\/PVC-Free-Plastisol-Ink-Ink-Extra-Black-2-150x159.jpeg 150w\" sizes=\"(max-width: 282px) 100vw, 282px\" \/><\/p>\n<h1>Principais caracter\u00edsticas:<\/h1>\n<ul>\n<li>Tinta plastisol sem PVC \u2013 Sem PVC, sem ftalatos, mais segura para uso dom\u00e9stico e educacional.<\/li>\n<li>Preto ultra opaco \u2013 Cobertura rica e densa que se destaca em tecidos claros e escuros.<\/li>\n<li>M\u00e9todo com baixo teor de odor \u2013 Ideal para espa\u00e7os fechados, como pequenos est\u00fadios ou salas de aula.<\/li>\n<li>Sensa\u00e7\u00e3o de toque suave \u2013 Deixa uma impress\u00e3o flex\u00edvel e confort\u00e1vel ap\u00f3s a cura.<\/li>\n<li>Software suave \u2013 Flutua\u00e7\u00e3o consistente e sem entupimentos, ideal para informa\u00e7\u00f5es de alta qualidade e grandes volumes de enchimento.<\/li>\n<li>Feito para serigrafia \u2013 Compat\u00edvel com telas de malha modernas (110 a 160).<\/li>\n<\/ul>\n<p><img decoding=\"async\" class=\"alignnone size-medium wp-image-3627\" src=\"https:\/\/shaliteink.com\/wp-content\/uploads\/2025\/08\/PVC-Free-Plastisol-Ink-Ink-Extra-Black-1-267x300.jpeg\" alt=\"Tinta plastisol sem PVC, cor preta extra\" width=\"267\" height=\"300\" srcset=\"https:\/\/shaliteink.com\/wp-content\/uploads\/2025\/08\/PVC-Free-Plastisol-Ink-Ink-Extra-Black-1-267x300.jpeg 267w, https:\/\/shaliteink.com\/wp-content\/uploads\/2025\/08\/PVC-Free-Plastisol-Ink-Ink-Extra-Black-1-910x1024.jpeg 910w, https:\/\/shaliteink.com\/wp-content\/uploads\/2025\/08\/PVC-Free-Plastisol-Ink-Ink-Extra-Black-1-768x864.jpeg 768w, https:\/\/shaliteink.com\/wp-content\/uploads\/2025\/08\/PVC-Free-Plastisol-Ink-Ink-Extra-Black-1-1365x1536.jpeg 1365w, https:\/\/shaliteink.com\/wp-content\/uploads\/2025\/08\/PVC-Free-Plastisol-Ink-Ink-Extra-Black-1-1820x2048.jpeg 1820w, https:\/\/shaliteink.com\/wp-content\/uploads\/2025\/08\/PVC-Free-Plastisol-Ink-Ink-Extra-Black-1-11x12.jpeg 11w, https:\/\/shaliteink.com\/wp-content\/uploads\/2025\/08\/PVC-Free-Plastisol-Ink-Ink-Extra-Black-1-1200x1350.jpeg 1200w, https:\/\/shaliteink.com\/wp-content\/uploads\/2025\/08\/PVC-Free-Plastisol-Ink-Ink-Extra-Black-1-150x169.jpeg 150w\" sizes=\"(max-width: 267px) 100vw, 267px\" \/><\/p>\n<p>&nbsp;<\/p>\n<h1>Informa\u00e7\u00f5es sobre a cura:<\/h1>\n<p>Esse <a href=\"https:\/\/shaliteink.com\/pt\/\"><strong>Loja online de tinta plastisol sem PVC<\/strong><\/a>\u00a0As op\u00e7\u00f5es de tratamento s\u00e3o executadas com sucesso em temperaturas de 132 a 149 \u00b0C (270 a 300 \u00b0F), permitindo ciclos de produ\u00e7\u00e3o mais r\u00e1pidos e compatibilidade com a maioria dos sopradores t\u00e9rmicos dom\u00e9sticos, secadores flash ou pequenos secadores de t\u00fanel. \u00c9 ideal para configura\u00e7\u00f5es de baixa temperatura, reduzindo o consumo de energia e preservando a integridade do tecido.<\/p>","protected":false},"excerpt":{"rendered":"<p>Descubra a tinta preta ideal para impress\u00f5es n\u00edtidas, seguras e ecologicamente corretas. A tinta plastisol Extra Preta sem PVC da shaliteink oferece alta opacidade e suavidade.<\/p>","protected":false},"featured_media":3626,"comment_status":"open","ping_status":"closed","template":"","meta":[],"product_brand":[],"product_cat":[45,50],"product_tag":[],"class_list":{"0":"post-2584","1":"product","2":"type-product","3":"status-publish","4":"has-post-thumbnail","6":"product_cat-pvc-free-plastisol-ink","7":"product_cat-black-screen-printing-ink-plastisol","9":"first","10":"instock","11":"shipping-taxable","12":"purchasable","13":"product-type-variable"},"tiered_pricing_type":"fixed","tiered_pricing_fixed_rules":[],"tiered_pricing_product_settings":{"layout":"default","base_unit_name":{"singular":null,"plural":null},"default_variation":null},"tiered_pricing_minimum_quantity":null,"tiered_pricing_roles_data":[],"tiered_pricing_percentage_rules":[],"tiered_pricing_maximum_quantity":null,"tiered_pricing_quantity_step":null,"_links":{"self":[{"href":"https:\/\/shaliteink.com\/pt\/wp-json\/wp\/v2\/product\/2584","targetHints":{"allow":["GET"]}}],"collection":[{"href":"https:\/\/shaliteink.com\/pt\/wp-json\/wp\/v2\/product"}],"about":[{"href":"https:\/\/shaliteink.com\/pt\/wp-json\/wp\/v2\/types\/product"}],"replies":[{"embeddable":true,"href":"https:\/\/shaliteink.com\/pt\/wp-json\/wp\/v2\/comments?post=2584"}],"version-history":[{"count":0,"href":"https:\/\/shaliteink.com\/pt\/wp-json\/wp\/v2\/product\/2584\/revisions"}],"wp:featuredmedia":[{"embeddable":true,"href":"https:\/\/shaliteink.com\/pt\/wp-json\/wp\/v2\/media\/3626"}],"wp:attachment":[{"href":"https:\/\/shaliteink.com\/pt\/wp-json\/wp\/v2\/media?parent=2584"}],"wp:term":[{"taxonomy":"product_brand","embeddable":true,"href":"https:\/\/shaliteink.com\/pt\/wp-json\/wp\/v2\/product_brand?post=2584"},{"taxonomy":"product_cat","embeddable":true,"href":"https:\/\/shaliteink.com\/pt\/wp-json\/wp\/v2\/product_cat?post=2584"},{"taxonomy":"product_tag","embeddable":true,"href":"https:\/\/shaliteink.com\/pt\/wp-json\/wp\/v2\/product_tag?post=2584"}],"curies":[{"name":"wp","href":"https:\/\/api.w.org\/{rel}","templated":true}]}}