{"id":2578,"date":"2025-08-05T08:07:40","date_gmt":"2025-08-05T08:07:40","guid":{"rendered":"https:\/\/shaliteink.com\/?post_type=product&#038;p=2578"},"modified":"2025-12-10T11:29:57","modified_gmt":"2025-12-10T11:29:57","slug":"tinta-plastisol-verde-fluorescente-sem-pvc","status":"publish","type":"product","link":"https:\/\/shaliteink.com\/pt\/produto\/tinta-plastisol-verde-fluorescente-sem-pvc\/","title":{"rendered":"Tinta Plastisol sem PVC Verde Fluorescente | Compre Agora"},"content":{"rendered":"<p>D\u00ea vida \u00e0s suas impress\u00f5es com nossos <strong><a href=\"https:\/\/shaliteink.com\/pt\/categoria-produto\/tinta-plastisol-sem-pvc\/\">Tinta Plastisol sem PVC<\/a><\/strong> Verde Fluorescente, desenvolvido para criadores ecologicamente conscientes que n\u00e3o abrem m\u00e3o do desempenho e da vivacidade das cores. Seja para estampar camisetas com fotos ambiciosas, sacolas de lona ou roupas promocionais, esta tinta serigr\u00e1fica de alta qualidade proporciona um verde neon radiante com um acabamento suave e aveludado.<\/p>\n<p>Fabricada com um sistema sem PVC, esta tinta atende \u00e0s exig\u00eancias dos criadores modernos, oferecendo alta opacidade, elasticidade superior e defini\u00e7\u00e3o de impress\u00e3o brilhante, al\u00e9m de estar em conformidade com os requisitos de seguran\u00e7a ambiental, incluindo a certifica\u00e7\u00e3o OEKO-TEX. Ideal para artes\u00e3os, vendedores da Shopify e professores.<\/p>\n<p><img decoding=\"async\" class=\"alignnone size-medium wp-image-3623\" src=\"https:\/\/shaliteink.com\/wp-content\/uploads\/2025\/08\/PVC-Free-Plastisol-Ink-Fluorescent-Green-282x300.jpeg\" alt=\"Tinta plastisol sem PVC, verde fluorescente\" width=\"282\" height=\"300\" srcset=\"https:\/\/shaliteink.com\/wp-content\/uploads\/2025\/08\/PVC-Free-Plastisol-Ink-Fluorescent-Green-282x300.jpeg 282w, https:\/\/shaliteink.com\/wp-content\/uploads\/2025\/08\/PVC-Free-Plastisol-Ink-Fluorescent-Green-962x1024.jpeg 962w, https:\/\/shaliteink.com\/wp-content\/uploads\/2025\/08\/PVC-Free-Plastisol-Ink-Fluorescent-Green-768x817.jpeg 768w, https:\/\/shaliteink.com\/wp-content\/uploads\/2025\/08\/PVC-Free-Plastisol-Ink-Fluorescent-Green-1443x1536.jpeg 1443w, https:\/\/shaliteink.com\/wp-content\/uploads\/2025\/08\/PVC-Free-Plastisol-Ink-Fluorescent-Green-11x12.jpeg 11w, https:\/\/shaliteink.com\/wp-content\/uploads\/2025\/08\/PVC-Free-Plastisol-Ink-Fluorescent-Green-1200x1277.jpeg 1200w, https:\/\/shaliteink.com\/wp-content\/uploads\/2025\/08\/PVC-Free-Plastisol-Ink-Fluorescent-Green-150x160.jpeg 150w, https:\/\/shaliteink.com\/wp-content\/uploads\/2025\/08\/PVC-Free-Plastisol-Ink-Fluorescent-Green.jpeg 1676w\" sizes=\"(max-width: 282px) 100vw, 282px\" \/><\/p>\n<h1>Principais caracter\u00edsticas:<\/h1>\n<ul>\n<li>Verde fluorescente brilhante \u2013 brilho extraordinariamente alto, perfeito para designs atraentes.<\/li>\n<li>Livre de PVC e ftalatos \u2013 ecologicamente correto, adequado para salas de aula, est\u00fadios e ambientes dom\u00e9sticos.<\/li>\n<li>Sistema com baixo odor e n\u00e3o t\u00f3xico \u2013 adequado para ambientes internos de impress\u00e3o.<\/li>\n<li>Adequado para tecidos de algod\u00e3o e misturas de algod\u00e3o \u2013 excelente ader\u00eancia e facilidade de lavagem.<\/li>\n<li>Textura suave \u2013 f\u00e1cil de usar tanto para iniciantes quanto para profissionais.<\/li>\n<\/ul>\n<p><img decoding=\"async\" class=\"alignnone size-medium wp-image-3624\" src=\"https:\/\/shaliteink.com\/wp-content\/uploads\/2025\/08\/PVC-Free-Plastisol-Ink-Fluorescent-Green-1-290x300.jpeg\" alt=\"Tinta plastisol sem PVC, verde fluorescente\" width=\"290\" height=\"300\" srcset=\"https:\/\/shaliteink.com\/wp-content\/uploads\/2025\/08\/PVC-Free-Plastisol-Ink-Fluorescent-Green-1-290x300.jpeg 290w, https:\/\/shaliteink.com\/wp-content\/uploads\/2025\/08\/PVC-Free-Plastisol-Ink-Fluorescent-Green-1-992x1024.jpeg 992w, https:\/\/shaliteink.com\/wp-content\/uploads\/2025\/08\/PVC-Free-Plastisol-Ink-Fluorescent-Green-1-768x793.jpeg 768w, https:\/\/shaliteink.com\/wp-content\/uploads\/2025\/08\/PVC-Free-Plastisol-Ink-Fluorescent-Green-1-1487x1536.jpeg 1487w, https:\/\/shaliteink.com\/wp-content\/uploads\/2025\/08\/PVC-Free-Plastisol-Ink-Fluorescent-Green-1-1983x2048.jpeg 1983w, https:\/\/shaliteink.com\/wp-content\/uploads\/2025\/08\/PVC-Free-Plastisol-Ink-Fluorescent-Green-1-12x12.jpeg 12w, https:\/\/shaliteink.com\/wp-content\/uploads\/2025\/08\/PVC-Free-Plastisol-Ink-Fluorescent-Green-1-1200x1239.jpeg 1200w, https:\/\/shaliteink.com\/wp-content\/uploads\/2025\/08\/PVC-Free-Plastisol-Ink-Fluorescent-Green-1-150x155.jpeg 150w\" sizes=\"(max-width: 290px) 100vw, 290px\" \/><\/p>\n<h1>Informa\u00e7\u00f5es sobre a cura:<\/h1>\n<p>Esse <a href=\"https:\/\/shaliteink.com\/pt\/\"><strong>Loja online de tinta plastisol sem PVC <\/strong><\/a>Os processos de cura em baixas temperaturas, geralmente entre 132\u00b0C e 160\u00b0C (270\u00b0F a 320\u00b0F), tornam o m\u00e9todo ideal para uso com sopradores t\u00e9rmicos dom\u00e9sticos, secadores instant\u00e2neos e secadores de esteira. Isso reduz o consumo de energia el\u00e9trica e minimiza o risco de queimaduras no tecido, principalmente em roupas sens\u00edveis ao calor, como misturas de poli\u00e9ster e algod\u00e3o.<\/p>","protected":false},"excerpt":{"rendered":"<p>Brilhante e ecol\u00f3gico <strong data-start=\"3598\" data-end=\"3642\">Tinta Plastisol Verde Fluorescente Sem PVC<\/strong>. Resultados de impress\u00e3o em negrito, n\u00e3o t\u00f3xicos e de baixa cura. Ideal para <strong data-start=\"3695\" data-end=\"3718\">Serigrafia fa\u00e7a voc\u00ea mesmo<\/strong> &amp; <strong data-start=\"3721\" data-end=\"3737\">est\u00fadios caseiros<\/strong>.<\/p>","protected":false},"featured_media":2582,"comment_status":"open","ping_status":"closed","template":"","meta":[],"product_brand":[],"product_cat":[45],"product_tag":[],"class_list":{"0":"post-2578","1":"product","2":"type-product","3":"status-publish","4":"has-post-thumbnail","6":"product_cat-pvc-free-plastisol-ink","8":"first","9":"instock","10":"shipping-taxable","11":"purchasable","12":"product-type-variable"},"tiered_pricing_type":"fixed","tiered_pricing_fixed_rules":[],"tiered_pricing_product_settings":{"layout":"default","base_unit_name":{"singular":null,"plural":null},"default_variation":null},"tiered_pricing_minimum_quantity":null,"tiered_pricing_roles_data":[],"tiered_pricing_percentage_rules":[],"tiered_pricing_maximum_quantity":null,"tiered_pricing_quantity_step":null,"_links":{"self":[{"href":"https:\/\/shaliteink.com\/pt\/wp-json\/wp\/v2\/product\/2578","targetHints":{"allow":["GET"]}}],"collection":[{"href":"https:\/\/shaliteink.com\/pt\/wp-json\/wp\/v2\/product"}],"about":[{"href":"https:\/\/shaliteink.com\/pt\/wp-json\/wp\/v2\/types\/product"}],"replies":[{"embeddable":true,"href":"https:\/\/shaliteink.com\/pt\/wp-json\/wp\/v2\/comments?post=2578"}],"version-history":[{"count":0,"href":"https:\/\/shaliteink.com\/pt\/wp-json\/wp\/v2\/product\/2578\/revisions"}],"wp:featuredmedia":[{"embeddable":true,"href":"https:\/\/shaliteink.com\/pt\/wp-json\/wp\/v2\/media\/2582"}],"wp:attachment":[{"href":"https:\/\/shaliteink.com\/pt\/wp-json\/wp\/v2\/media?parent=2578"}],"wp:term":[{"taxonomy":"product_brand","embeddable":true,"href":"https:\/\/shaliteink.com\/pt\/wp-json\/wp\/v2\/product_brand?post=2578"},{"taxonomy":"product_cat","embeddable":true,"href":"https:\/\/shaliteink.com\/pt\/wp-json\/wp\/v2\/product_cat?post=2578"},{"taxonomy":"product_tag","embeddable":true,"href":"https:\/\/shaliteink.com\/pt\/wp-json\/wp\/v2\/product_tag?post=2578"}],"curies":[{"name":"wp","href":"https:\/\/api.w.org\/{rel}","templated":true}]}}