{"id":2570,"date":"2025-09-20T06:23:09","date_gmt":"2025-09-20T06:23:09","guid":{"rendered":"https:\/\/shaliteink.com\/?post_type=product&#038;p=2570"},"modified":"2025-12-10T11:31:03","modified_gmt":"2025-12-10T11:31:03","slug":"tinta-plastisol-vermelha-sem-pvc","status":"publish","type":"product","link":"https:\/\/shaliteink.com\/pt\/produto\/tinta-plastisol-vermelha-sem-pvc\/","title":{"rendered":"Tinta Plastisol Vermelha Sem PVC \u2013 Compre Online R\u00e1pido"},"content":{"rendered":"<p>D\u00ea vida aos seus designs mais ousados com <strong><a href=\"https:\/\/shaliteink.com\/pt\/\">Shaliteink<\/a> Tinta plastisol vermelha sem PVC<\/strong>\u2014 uma solu\u00e7\u00e3o vibrante e at\u00f3xica para serigrafia em tecido. Desenvolvida para criadores que exigem alta precis\u00e3o de cores, tempos de secagem r\u00e1pidos e um ambiente de trabalho seguro, esta tinta promete resultados profissionais com zero PVC. Seja para personalizar camisetas para o seu est\u00fadio caseiro ou produzir pequenos lotes de produtos para sua loja online, nossa <a href=\"https:\/\/shaliteink.com\/pt\/categoria-produto\/tinta-plastisol-sem-pvc\/\"><strong>Tinta Plastisol sem PVC<\/strong><\/a>\u00a0Mant\u00e9m o desempenho geral e a seguran\u00e7a no meio do campo.<\/p>\n<p><img decoding=\"async\" class=\"alignnone size-medium wp-image-3630\" src=\"https:\/\/shaliteink.com\/wp-content\/uploads\/2025\/08\/PVC-Free-Plastisol-Ink-Red-5-300x290.jpeg\" alt=\"\" width=\"300\" height=\"290\" srcset=\"https:\/\/shaliteink.com\/wp-content\/uploads\/2025\/08\/PVC-Free-Plastisol-Ink-Red-5-300x290.jpeg 300w, https:\/\/shaliteink.com\/wp-content\/uploads\/2025\/08\/PVC-Free-Plastisol-Ink-Red-5-1024x989.jpeg 1024w, https:\/\/shaliteink.com\/wp-content\/uploads\/2025\/08\/PVC-Free-Plastisol-Ink-Red-5-768x742.jpeg 768w, https:\/\/shaliteink.com\/wp-content\/uploads\/2025\/08\/PVC-Free-Plastisol-Ink-Red-5-1536x1483.jpeg 1536w, https:\/\/shaliteink.com\/wp-content\/uploads\/2025\/08\/PVC-Free-Plastisol-Ink-Red-5-12x12.jpeg 12w, https:\/\/shaliteink.com\/wp-content\/uploads\/2025\/08\/PVC-Free-Plastisol-Ink-Red-5-1200x1159.jpeg 1200w, https:\/\/shaliteink.com\/wp-content\/uploads\/2025\/08\/PVC-Free-Plastisol-Ink-Red-5-150x145.jpeg 150w, https:\/\/shaliteink.com\/wp-content\/uploads\/2025\/08\/PVC-Free-Plastisol-Ink-Red-5.jpeg 1636w\" sizes=\"(max-width: 300px) 100vw, 300px\" \/><\/p>\n<h1>Caracter\u00edsticas do produto:<\/h1>\n<ul>\n<li>Brilhante pi<span class=\"wrapper\">pigmento NK<\/span>a\u00e7\u00e3o <span class=\"wrapper\">para estampas de destaque o<\/span>roupas claras ou escuras<\/li>\n<li>Sistema 100% sem fixa\u00e7\u00e3o em PVC, ideal para escolas, resid\u00eancias e impressoras ecol\u00f3gicas.<\/li>\n<li>Consist\u00eancia suave e opacidade avan\u00e7ada.<span class=\"wrapper\">y para cris<\/span>p informa\u00e7\u00e3o<span class=\"wrapper\">n<\/span><\/li>\n<li><span class=\"wrapper\">Comp<\/span>Compat\u00edvel com algod\u00e3o e misturas de algod\u00e3o\/poli\u00e9ster.,<span class=\"wrapper\">e maior<\/span><\/li>\n<li>extremidade macia ao toque<span class=\"wrapper\">com excepcional<\/span> elasticidade e durabilidade<\/li>\n<\/ul>\n<h1>Instru\u00e7\u00f5es de cura:<\/h1>\n<p>Esta tinta plastisol sem PVC seca a baixas temperaturas \u2014 a partir de 132 \u00b0C (270 \u00b0F), reduzindo o consumo de energia e minimizando o aquecimento da roupa. O tempo de secagem pode variar dependendo do tipo de tecido, da quantidade de tinta aplicada e da configura\u00e7\u00e3o da secadora. Recomendamos realizar testes de lavagem para garantir a secagem completa.<\/p>\n<p><img decoding=\"async\" class=\"alignnone size-medium wp-image-2573\" src=\"https:\/\/shaliteink.com\/wp-content\/uploads\/2025\/07\/PVC-Free-Red-Plastisol-Ink-2-283x300.jpeg\" alt=\"Tinta plastisol vermelha sem PVC\" width=\"283\" height=\"300\" srcset=\"https:\/\/shaliteink.com\/wp-content\/uploads\/2025\/07\/PVC-Free-Red-Plastisol-Ink-2-283x300.jpeg 283w, https:\/\/shaliteink.com\/wp-content\/uploads\/2025\/07\/PVC-Free-Red-Plastisol-Ink-2-965x1024.jpeg 965w, https:\/\/shaliteink.com\/wp-content\/uploads\/2025\/07\/PVC-Free-Red-Plastisol-Ink-2-768x815.jpeg 768w, https:\/\/shaliteink.com\/wp-content\/uploads\/2025\/07\/PVC-Free-Red-Plastisol-Ink-2-1447x1536.jpeg 1447w, https:\/\/shaliteink.com\/wp-content\/uploads\/2025\/07\/PVC-Free-Red-Plastisol-Ink-2-1930x2048.jpeg 1930w, https:\/\/shaliteink.com\/wp-content\/uploads\/2025\/07\/PVC-Free-Red-Plastisol-Ink-2-11x12.jpeg 11w, https:\/\/shaliteink.com\/wp-content\/uploads\/2025\/07\/PVC-Free-Red-Plastisol-Ink-2-1200x1274.jpeg 1200w, https:\/\/shaliteink.com\/wp-content\/uploads\/2025\/07\/PVC-Free-Red-Plastisol-Ink-2-150x159.jpeg 150w\" sizes=\"(max-width: 283px) 100vw, 283px\" \/><\/p>","protected":false},"excerpt":{"rendered":"<p><strong data-start=\"3426\" data-end=\"3452\">Tinta plastisol sem PVC<\/strong>, <strong data-start=\"3454\" data-end=\"3475\">tinta plastisol vermelha<\/strong>, <strong data-start=\"3477\" data-end=\"3500\">tinta de serigrafia<\/strong>, <strong data-start=\"3502\" data-end=\"3534\">serigrafia ecol\u00f3gica<\/strong>, <strong data-start=\"3536\" data-end=\"3557\">comprar tinta plastisol<\/strong>, <strong data-start=\"3559\" data-end=\"3576\">tinta de cura t\u00e9rmica<\/strong>, <strong data-start=\"3578\" data-end=\"3608\">Plastisol para impress\u00e3o DIY<\/strong>, <strong data-start=\"3610\" data-end=\"3637\">tinta plastisol n\u00e3o t\u00f3xica<\/strong><\/p>","protected":false},"featured_media":2572,"comment_status":"open","ping_status":"closed","template":"","meta":[],"product_brand":[],"product_cat":[45],"product_tag":[],"class_list":{"0":"post-2570","1":"product","2":"type-product","3":"status-publish","4":"has-post-thumbnail","6":"product_cat-pvc-free-plastisol-ink","8":"first","9":"instock","10":"shipping-taxable","11":"purchasable","12":"product-type-variable"},"tiered_pricing_type":"fixed","tiered_pricing_fixed_rules":[],"tiered_pricing_product_settings":{"layout":"default","base_unit_name":{"singular":null,"plural":null},"default_variation":null},"tiered_pricing_minimum_quantity":null,"tiered_pricing_roles_data":[],"tiered_pricing_percentage_rules":[],"tiered_pricing_maximum_quantity":null,"tiered_pricing_quantity_step":null,"_links":{"self":[{"href":"https:\/\/shaliteink.com\/pt\/wp-json\/wp\/v2\/product\/2570","targetHints":{"allow":["GET"]}}],"collection":[{"href":"https:\/\/shaliteink.com\/pt\/wp-json\/wp\/v2\/product"}],"about":[{"href":"https:\/\/shaliteink.com\/pt\/wp-json\/wp\/v2\/types\/product"}],"replies":[{"embeddable":true,"href":"https:\/\/shaliteink.com\/pt\/wp-json\/wp\/v2\/comments?post=2570"}],"version-history":[{"count":0,"href":"https:\/\/shaliteink.com\/pt\/wp-json\/wp\/v2\/product\/2570\/revisions"}],"wp:featuredmedia":[{"embeddable":true,"href":"https:\/\/shaliteink.com\/pt\/wp-json\/wp\/v2\/media\/2572"}],"wp:attachment":[{"href":"https:\/\/shaliteink.com\/pt\/wp-json\/wp\/v2\/media?parent=2570"}],"wp:term":[{"taxonomy":"product_brand","embeddable":true,"href":"https:\/\/shaliteink.com\/pt\/wp-json\/wp\/v2\/product_brand?post=2570"},{"taxonomy":"product_cat","embeddable":true,"href":"https:\/\/shaliteink.com\/pt\/wp-json\/wp\/v2\/product_cat?post=2570"},{"taxonomy":"product_tag","embeddable":true,"href":"https:\/\/shaliteink.com\/pt\/wp-json\/wp\/v2\/product_tag?post=2570"}],"curies":[{"name":"wp","href":"https:\/\/api.w.org\/{rel}","templated":true}]}}