{"id":2566,"date":"2025-10-15T08:15:48","date_gmt":"2025-10-15T08:15:48","guid":{"rendered":"https:\/\/shaliteink.com\/?post_type=product&#038;p=2566"},"modified":"2025-12-10T11:31:55","modified_gmt":"2025-12-10T11:31:55","slug":"tinta-plastisol-amarelo-limao-sem-pvc","status":"publish","type":"product","link":"https:\/\/shaliteink.com\/pt\/produto\/tinta-plastisol-amarelo-limao-sem-pvc\/","title":{"rendered":"Tinta plastisol amarela sem PVC \u2013 Tinta ecol\u00f3gica Compre agora"},"content":{"rendered":"<p>Esse <a href=\"https:\/\/shaliteink.com\/pt\/categoria-produto\/tinta-plastisol-sem-pvc\/\"><strong>Tinta plastisol sem PVC<\/strong><\/a>\u00a0Combina um pigmento amarelo-lim\u00e3o vibrante com uma textura cremosa e f\u00e1cil de aplicar, que imprime sem esfor\u00e7o em tecidos de algod\u00e3o e mistos. Seja para personalizar camisetas, sacolas ou itens de decora\u00e7\u00e3o em tecido, esta tinta garante opacidade e consist\u00eancia de cor excepcionais, mesmo em tecidos escuros.<\/p>\n<p>Formulada sem PVC, \u00e9 ideal para ambientes educacionais, est\u00fadios dom\u00e9sticos ou pequenas gr\u00e1ficas que buscam uma op\u00e7\u00e3o mais sustent\u00e1vel. Compat\u00edvel com todos os dispositivos de serigrafia manuais e semiautom\u00e1ticos, esta tinta foi desenvolvida para tornar a serigrafia segura, eficiente e acess\u00edvel a todos.<\/p>\n<p><img decoding=\"async\" class=\"alignnone size-medium wp-image-2567\" src=\"https:\/\/shaliteink.com\/wp-content\/uploads\/2025\/07\/PVC-Free-Lemon-Yellow-Plastisol-Ink-300x283.jpeg\" alt=\"Tinta plastisol amarelo lim\u00e3o sem PVC\" width=\"300\" height=\"283\" srcset=\"https:\/\/shaliteink.com\/wp-content\/uploads\/2025\/07\/PVC-Free-Lemon-Yellow-Plastisol-Ink-300x283.jpeg 300w, https:\/\/shaliteink.com\/wp-content\/uploads\/2025\/07\/PVC-Free-Lemon-Yellow-Plastisol-Ink-1024x965.jpeg 1024w, https:\/\/shaliteink.com\/wp-content\/uploads\/2025\/07\/PVC-Free-Lemon-Yellow-Plastisol-Ink-768x723.jpeg 768w, https:\/\/shaliteink.com\/wp-content\/uploads\/2025\/07\/PVC-Free-Lemon-Yellow-Plastisol-Ink-1536x1447.jpeg 1536w, https:\/\/shaliteink.com\/wp-content\/uploads\/2025\/07\/PVC-Free-Lemon-Yellow-Plastisol-Ink-2048x1929.jpeg 2048w, https:\/\/shaliteink.com\/wp-content\/uploads\/2025\/07\/PVC-Free-Lemon-Yellow-Plastisol-Ink-13x12.jpeg 13w, https:\/\/shaliteink.com\/wp-content\/uploads\/2025\/07\/PVC-Free-Lemon-Yellow-Plastisol-Ink-1200x1130.jpeg 1200w, https:\/\/shaliteink.com\/wp-content\/uploads\/2025\/07\/PVC-Free-Lemon-Yellow-Plastisol-Ink-150x141.jpeg 150w\" sizes=\"(max-width: 300px) 100vw, 300px\" \/><\/p>\n<h1>Principais caracter\u00edsticas:<\/h1>\n<ul>\n<li>Livre de PVC e ftalatos.<span class=\"wrapper\">:<\/span>Ecol\u00f3gico, n\u00e3o-<span class=\"wrapper\">F\u00f3rmula t\u00f3xica \u2014 segura para<\/span>salas de aula, uso dom\u00e9stico e est\u00fadios.<\/li>\n<li>Cor amarelo lim\u00e3o vibrante: F\u00f3rmula de alta opacidade que se destaca nos l\u00e1bios.<span class=\"wrapper\">outra luz<\/span>e roupas escuras.<\/li>\n<li>Baixo <span class=\"wrapper\">Cura Tempor\u00e1ria<\/span>e a 270\u00b0F \u2013 320\u00b0F (132\u00b0C)<span class=\"wrapper\">\u2013 160\u00b0C<\/span>Funciona com pistolas de ar quente dom\u00e9sticas ou secadores de cabelo; ideal para<span class=\"wrapper\">ou usu\u00e1rios do tipo &quot;fa\u00e7a voc\u00ea mesmo&quot; ou usu\u00e1rios do Etsy<\/span>llers.<\/li>\n<li>Cremoso, suave e consistente.<span class=\"wrapper\">ncy: F\u00e1cil<\/span> para imprimir com <span class=\"wrapper\">borda afiada<\/span>\u00e9s <span class=\"wrapper\">e detalhes limpos, at\u00e9<\/span>n em telas de malha fina.<\/li>\n<li>F\u00e1cil C<span class=\"wrapper\">leanup: W<\/span>Funciona com produtos de limpeza espec\u00edficos para tinta plastisol ou desengordurantes ecol\u00f3gicos comuns \u2014 menos sujeira, menos esfor\u00e7o.<\/li>\n<\/ul>\n<h1>Comprar agora<\/h1>\n<p>Comece sua pr\u00f3xima tarefa com autoconfian\u00e7a. Seja fazendo impress\u00e3o de displays em casa ou em um est\u00fadio, <a href=\"https:\/\/shaliteink.com\/pt\/\"><strong>Shaliteink<\/strong>\u00a0<strong>Tinta Plastisol sem PVC<\/strong><\/a> <strong>Amarelo Lim\u00e3o<\/strong> \u00c9 o seu passaporte para resultados vibrantes, sustent\u00e1veis e de alta qualidade. Compre agora e desfrute de entrega r\u00e1pida, atendimento cordial e satisfa\u00e7\u00e3o garantida.<\/p>","protected":false},"excerpt":{"rendered":"<p><strong data-start=\"3411\" data-end=\"3450\">Tinta plastisol amarelo lim\u00e3o sem PVC<\/strong> <strong>para serigrafia<\/strong>. Corante brilhante, ecol\u00f3gico e de cura em baixa temperatura. Perfeito para projetos &quot;fa\u00e7a voc\u00ea mesmo&quot;, vendedores do Etsy e escolas. <strong data-start=\"3551\" data-end=\"3562\"><a href=\"https:\/\/shaliteink.com\/pt\/\">Compre tinta plastisol<\/a> agora<\/strong> E imprima de forma mais inteligente.<\/p>","protected":false},"featured_media":2568,"comment_status":"open","ping_status":"closed","template":"","meta":[],"product_brand":[],"product_cat":[45],"product_tag":[],"class_list":{"0":"post-2566","1":"product","2":"type-product","3":"status-publish","4":"has-post-thumbnail","6":"product_cat-pvc-free-plastisol-ink","8":"first","9":"instock","10":"shipping-taxable","11":"purchasable","12":"product-type-variable"},"tiered_pricing_type":"fixed","tiered_pricing_fixed_rules":[],"tiered_pricing_product_settings":{"layout":"default","base_unit_name":{"singular":null,"plural":null},"default_variation":null},"tiered_pricing_minimum_quantity":null,"tiered_pricing_roles_data":[],"tiered_pricing_percentage_rules":[],"tiered_pricing_maximum_quantity":null,"tiered_pricing_quantity_step":null,"_links":{"self":[{"href":"https:\/\/shaliteink.com\/pt\/wp-json\/wp\/v2\/product\/2566","targetHints":{"allow":["GET"]}}],"collection":[{"href":"https:\/\/shaliteink.com\/pt\/wp-json\/wp\/v2\/product"}],"about":[{"href":"https:\/\/shaliteink.com\/pt\/wp-json\/wp\/v2\/types\/product"}],"replies":[{"embeddable":true,"href":"https:\/\/shaliteink.com\/pt\/wp-json\/wp\/v2\/comments?post=2566"}],"version-history":[{"count":0,"href":"https:\/\/shaliteink.com\/pt\/wp-json\/wp\/v2\/product\/2566\/revisions"}],"wp:featuredmedia":[{"embeddable":true,"href":"https:\/\/shaliteink.com\/pt\/wp-json\/wp\/v2\/media\/2568"}],"wp:attachment":[{"href":"https:\/\/shaliteink.com\/pt\/wp-json\/wp\/v2\/media?parent=2566"}],"wp:term":[{"taxonomy":"product_brand","embeddable":true,"href":"https:\/\/shaliteink.com\/pt\/wp-json\/wp\/v2\/product_brand?post=2566"},{"taxonomy":"product_cat","embeddable":true,"href":"https:\/\/shaliteink.com\/pt\/wp-json\/wp\/v2\/product_cat?post=2566"},{"taxonomy":"product_tag","embeddable":true,"href":"https:\/\/shaliteink.com\/pt\/wp-json\/wp\/v2\/product_tag?post=2566"}],"curies":[{"name":"wp","href":"https:\/\/api.w.org\/{rel}","templated":true}]}}