{"id":2532,"date":"2025-08-16T02:39:26","date_gmt":"2025-08-16T02:39:26","guid":{"rendered":"https:\/\/shaliteink.com\/?post_type=product&#038;p=2532"},"modified":"2025-12-10T11:31:57","modified_gmt":"2025-12-10T11:31:57","slug":"tinta-plastisol-branca-sem-pvc","status":"publish","type":"product","link":"https:\/\/shaliteink.com\/pt\/produto\/tinta-plastisol-branca-sem-pvc\/","title":{"rendered":"Tinta plastisol branca sem PVC \u2013 toque macio, compre agora"},"content":{"rendered":"<p>Procura uma tinta branca ecol\u00f3gica com o mesmo desempenho do plastisol convencional? A nossa <a href=\"https:\/\/shaliteink.com\/pt\/categoria-produto\/tinta-plastisol-sem-pvc\/\"><strong>Tinta Plastisol sem PVC<\/strong><\/a> A tinta branca oferece a mesma opacidade e consist\u00eancia cremosa sem PVC ou ftalatos, tornando-se uma excelente op\u00e7\u00e3o para criadores com consci\u00eancia ambiental. Seja voc\u00ea um artes\u00e3o amador, um vendedor do Etsy ou dono de uma loja de roupas personalizadas, esta tinta proporciona impress\u00f5es brancas vibrantes e n\u00edtidas, com um toque suave e tranquilidade.<\/p>\n<p>Projetado para oferecer desempenho excepcional em uma ampla variedade de superf\u00edcies, este produto <strong>Tinta plastisol sem PVC<\/strong>\u00a0\u00c9 ideal para impress\u00e3o em algod\u00e3o 100% poli\u00e9ster e misturas de algod\u00e3o\/poli\u00e9ster. Oferece cobertura avan\u00e7ada mesmo em tecidos escuros e produz um branco brilhante e de alta opacidade com o m\u00ednimo de passagens. Com sua textura cremosa e excelente equil\u00edbrio de cores, \u00e9 otimizada para pequenas lojas, gr\u00e1ficas dom\u00e9sticas e escolas.<\/p>\n<p><img decoding=\"async\" class=\"alignnone size-medium wp-image-3639\" src=\"https:\/\/shaliteink.com\/wp-content\/uploads\/2025\/08\/PVC-Free-Plastisol-Ink-White-283x300.jpeg\" alt=\"Tinta plastisol branca sem PVC\" width=\"283\" height=\"300\" srcset=\"https:\/\/shaliteink.com\/wp-content\/uploads\/2025\/08\/PVC-Free-Plastisol-Ink-White-283x300.jpeg 283w, https:\/\/shaliteink.com\/wp-content\/uploads\/2025\/08\/PVC-Free-Plastisol-Ink-White-965x1024.jpeg 965w, https:\/\/shaliteink.com\/wp-content\/uploads\/2025\/08\/PVC-Free-Plastisol-Ink-White-768x815.jpeg 768w, https:\/\/shaliteink.com\/wp-content\/uploads\/2025\/08\/PVC-Free-Plastisol-Ink-White-1447x1536.jpeg 1447w, https:\/\/shaliteink.com\/wp-content\/uploads\/2025\/08\/PVC-Free-Plastisol-Ink-White-11x12.jpeg 11w, https:\/\/shaliteink.com\/wp-content\/uploads\/2025\/08\/PVC-Free-Plastisol-Ink-White-1200x1274.jpeg 1200w, https:\/\/shaliteink.com\/wp-content\/uploads\/2025\/08\/PVC-Free-Plastisol-Ink-White-150x159.jpeg 150w, https:\/\/shaliteink.com\/wp-content\/uploads\/2025\/08\/PVC-Free-Plastisol-Ink-White.jpeg 1624w\" sizes=\"(max-width: 283px) 100vw, 283px\" \/><\/p>\n<h1>Principais caracter\u00edsticas:<\/h1>\n<ul>\n<li>Livre de PVC e ftalatos: Adequado para escolas, resid\u00eancias e ambientes ecologicamente sens\u00edveis.<\/li>\n<li>Branco brilhante e opaco: Projetado para oferecer alta cobertura, especialmente em tecidos escuros.<\/li>\n<li>Textura cremosa e suave: Extremamente suave mesmo quando usada em telas de malha de alta qualidade.<\/li>\n<li>F\u00f3rmula de baixa viscosidade: Adequada para impress\u00e3o em m\u00faltiplas tonalidades e alinhamento r\u00e1pido.<\/li>\n<li>Excelente estabilidade de armazenamento: N\u00e3o resseca mesmo quando usado em monitores por longos per\u00edodos.<\/li>\n<li>Sensa\u00e7\u00e3o de maciez: Deixa um acabamento respir\u00e1vel e flex\u00edvel ap\u00f3s a cura.<\/li>\n<li>Baixo odor: Adequado para est\u00fadios dom\u00e9sticos e ambientes internos.<\/li>\n<\/ul>\n<p><img decoding=\"async\" class=\"alignnone size-medium wp-image-2754\" src=\"https:\/\/shaliteink.com\/wp-content\/uploads\/2025\/07\/PVC-Free-Plastisol-Ink-White-1-300x117.jpeg\" alt=\"Tinta plastisol branca sem PVC\" width=\"300\" height=\"117\" \/><\/p>\n<h1>Cura e compatibilidade:<\/h1>\n<p>Nosso <strong>Tinta plastisol branca sem PVC<\/strong> A cura ocorre entre 149 \u00b0C e 160 \u00b0C (300 \u00b0F a 320 \u00b0F). \u00c9 compat\u00edvel com secadores flash, prensas t\u00e9rmicas ou pistolas de ar quente dom\u00e9sticas, tornando-se uma solu\u00e7\u00e3o ideal para criadores de conte\u00fado e pequenas marcas de vestu\u00e1rio. Sempre fa\u00e7a um teste em uma pequena \u00e1rea do tecido antes da produ\u00e7\u00e3o em larga escala.<\/p>","protected":false},"excerpt":{"rendered":"<p>Ecol\u00f3gico <strong data-start=\"3705\" data-end=\"3737\">Tinta plastisol branca sem PVC<\/strong> Para serigrafia. Branco brilhante e opaco, toque macio, seguro e at\u00f3xico. Compre agora para projetos DIY, artesanato ou impress\u00e3o em vestu\u00e1rio.<\/p>","protected":false},"featured_media":2554,"comment_status":"open","ping_status":"closed","template":"","meta":[],"product_brand":[],"product_cat":[45,49],"product_tag":[],"class_list":{"0":"post-2532","1":"product","2":"type-product","3":"status-publish","4":"has-post-thumbnail","6":"product_cat-pvc-free-plastisol-ink","7":"product_cat-white-screen-printing-ink-plastisol","9":"first","10":"instock","11":"shipping-taxable","12":"purchasable","13":"product-type-variable"},"tiered_pricing_type":"fixed","tiered_pricing_fixed_rules":[],"tiered_pricing_product_settings":{"layout":"default","base_unit_name":{"singular":null,"plural":null},"default_variation":null},"tiered_pricing_minimum_quantity":null,"tiered_pricing_roles_data":[],"tiered_pricing_percentage_rules":[],"tiered_pricing_maximum_quantity":null,"tiered_pricing_quantity_step":null,"_links":{"self":[{"href":"https:\/\/shaliteink.com\/pt\/wp-json\/wp\/v2\/product\/2532","targetHints":{"allow":["GET"]}}],"collection":[{"href":"https:\/\/shaliteink.com\/pt\/wp-json\/wp\/v2\/product"}],"about":[{"href":"https:\/\/shaliteink.com\/pt\/wp-json\/wp\/v2\/types\/product"}],"replies":[{"embeddable":true,"href":"https:\/\/shaliteink.com\/pt\/wp-json\/wp\/v2\/comments?post=2532"}],"version-history":[{"count":0,"href":"https:\/\/shaliteink.com\/pt\/wp-json\/wp\/v2\/product\/2532\/revisions"}],"wp:featuredmedia":[{"embeddable":true,"href":"https:\/\/shaliteink.com\/pt\/wp-json\/wp\/v2\/media\/2554"}],"wp:attachment":[{"href":"https:\/\/shaliteink.com\/pt\/wp-json\/wp\/v2\/media?parent=2532"}],"wp:term":[{"taxonomy":"product_brand","embeddable":true,"href":"https:\/\/shaliteink.com\/pt\/wp-json\/wp\/v2\/product_brand?post=2532"},{"taxonomy":"product_cat","embeddable":true,"href":"https:\/\/shaliteink.com\/pt\/wp-json\/wp\/v2\/product_cat?post=2532"},{"taxonomy":"product_tag","embeddable":true,"href":"https:\/\/shaliteink.com\/pt\/wp-json\/wp\/v2\/product_tag?post=2532"}],"curies":[{"name":"wp","href":"https:\/\/api.w.org\/{rel}","templated":true}]}}