{"id":1637,"date":"2025-04-23T06:56:00","date_gmt":"2025-04-23T06:56:00","guid":{"rendered":"https:\/\/shaliteink.com\/?post_type=product&#038;p=1637"},"modified":"2025-12-10T11:31:38","modified_gmt":"2025-12-10T11:31:38","slug":"tinta-azul-para-serigrafia-livre-de-pvc","status":"publish","type":"product","link":"https:\/\/shaliteink.com\/pt\/produto\/tinta-azul-para-serigrafia-livre-de-pvc\/","title":{"rendered":"Tinta de serigrafia NB azul sem PVC"},"content":{"rendered":"<p><strong class=\"ng-star-inserted\"><span class=\"ng-star-inserted\">Por que escolher Shaliteink?<\/span><\/strong><\/p>\n<p>Pare de pagar caro por passagens de corretoras. Quando voc\u00ea compra com <strong><a href=\"https:\/\/shaliteink.com\/pt\/\">Shalitink<\/a><\/strong>, Ao comprar conosco, voc\u00ea adquire diretamente da fonte. Nossa f\u00f3rmula patenteada oferece o equil\u00edbrio perfeito entre cremosidade e opacidade, tornando-a uma tinta ideal para serigrafia, tanto em impressoras manuais quanto mec\u00e2nicas.<\/p>\n<p><img decoding=\"async\" class=\"aligncenter wp-image-4268 size-full\" src=\"https:\/\/shaliteink.com\/wp-content\/uploads\/2025\/04\/Blue-PVC-Free-NB-Screen-Printing-Ink.png\" alt=\"Tinta de serigrafia NB azul sem PVC\" width=\"926\" height=\"951\" srcset=\"https:\/\/shaliteink.com\/wp-content\/uploads\/2025\/04\/Blue-PVC-Free-NB-Screen-Printing-Ink.png 926w, https:\/\/shaliteink.com\/wp-content\/uploads\/2025\/04\/Blue-PVC-Free-NB-Screen-Printing-Ink-292x300.png 292w, https:\/\/shaliteink.com\/wp-content\/uploads\/2025\/04\/Blue-PVC-Free-NB-Screen-Printing-Ink-768x789.png 768w, https:\/\/shaliteink.com\/wp-content\/uploads\/2025\/04\/Blue-PVC-Free-NB-Screen-Printing-Ink-12x12.png 12w, https:\/\/shaliteink.com\/wp-content\/uploads\/2025\/04\/Blue-PVC-Free-NB-Screen-Printing-Ink-150x154.png 150w\" sizes=\"(max-width: 926px) 100vw, 926px\" \/><\/p>\n<p><strong class=\"ng-star-inserted\"><span class=\"ng-star-inserted\">Tecnologia \u201cn\u00e3o bloqueante\u201d de alto desempenho<\/span><\/strong><\/p>\n<p>Uma caracter\u00edstica not\u00e1vel desta tinta \u00e9 a sua capacidade &quot;NB&quot; (n\u00e3o entup\u00edvel). Adivinhe s\u00f3? Ao contr\u00e1rio das tintas convencionais, que podem permanecer pegajosas ap\u00f3s a cura, a tinta Plastisol Azul NB adere a uma superf\u00edcie antiaderente. S\u00e9rio! Isso significa que voc\u00ea pode empilhar suas roupas diretamente ap\u00f3s a produ\u00e7\u00e3o sem se preocupar com elas grudando umas nas outras. E tem mais: ela tem um corpo curto que corta rapidamente, facilitando o trabalho direto do balde.<\/p>\n<p><strong class=\"ng-star-inserted\"><span class=\"ng-star-inserted\">Vibrante e ecologicamente consciente<br \/>\n<\/span><\/strong><\/p>\n<p>Observa\u00e7\u00e3o: A tinta plastisol azul \u00e9 extremamente opaca, proporcionando uma cobertura de cor intensa e vibrante mesmo em superf\u00edcies escuras. Para lojas com consci\u00eancia ecol\u00f3gica, esta tinta \u00e9 livre de PVC, oferecendo uma alternativa mais segura sem sacrificar o toque macio e a durabilidade que voc\u00ea espera de uma tinta plastisol de alta qualidade.<\/p>\n<h3 class=\"ng-star-inserted\"><span class=\"ng-star-inserted\">Principais caracter\u00edsticas<\/span><\/h3>\n<ul class=\"ng-star-inserted\">\n<li class=\"ng-star-inserted\">\n<p class=\"ng-star-inserted\"><span class=\"ng-star-inserted\">Valor direto da f\u00e1brica:<\/span><span class=\"ng-star-inserted\">\u00a0Obtenha o melhor retorno sobre o investimento em seus suprimentos com\u00a0<\/span><span class=\"ng-star-inserted\">Shaliteink<\/span><span class=\"ng-star-inserted\">.<\/span><\/p>\n<\/li>\n<li class=\"ng-star-inserted\">\n<p class=\"ng-star-inserted\"><span class=\"ng-star-inserted\">F\u00f3rmula N\u00e3o-Bloco (NB):<\/span><span class=\"ng-star-inserted\">\u00a0Impede que as impress\u00f5es grudem umas nas outras quando empilhadas.<\/span><\/p>\n<\/li>\n<li class=\"ng-star-inserted\">\n<p class=\"ng-star-inserted\"><span class=\"ng-star-inserted\">Alta opacidade:<\/span><span class=\"ng-star-inserted\">\u00a0Um azul vibrante que se destaca no tecido.<\/span><\/p>\n<\/li>\n<li class=\"ng-star-inserted\">\n<p class=\"ng-star-inserted\"><span class=\"ng-star-inserted\">Textura cremosa:<\/span><span class=\"ng-star-inserted\">\u00a0F\u00e1cil de imprimir, pronto para usar e reduz a fadiga durante longas tiragens.<\/span><\/p>\n<\/li>\n<li class=\"ng-star-inserted\">\n<p class=\"ng-star-inserted\"><span class=\"ng-star-inserted\">Livre de PVC:<\/span><span class=\"ng-star-inserted\">\u00a0Uma solu\u00e7\u00e3o moderna e ecol\u00f3gica para\u00a0<\/span><span class=\"ng-star-inserted\">Tinta de serigrafia<\/span><span class=\"ng-star-inserted\">.<\/span><\/p>\n<\/li>\n<li><span class=\"ng-star-inserted\">Sensa\u00e7\u00e3o de toque macio:<\/span><span class=\"ng-star-inserted\">\u00a0As estampas t\u00eam um toque macio, n\u00e3o parecem um adesivo de pl\u00e1stico pesado.<\/span><\/li>\n<\/ul>\n<h3 class=\"ng-star-inserted\"><span class=\"ng-star-inserted\">Instru\u00e7\u00f5es de cura e evapora\u00e7\u00e3o<\/span><\/h3>\n<p>O manuseio correto \u00e9 essencial para a durabilidade\u2026 Ao contr\u00e1rio das tintas de baixa cura que podem comprometer a estabilidade, as f\u00f3rmulas da Shalitink s\u00e3o projetadas para apresentar bom desempenho em temperaturas profissionais padr\u00e3o.<\/p>\n<p>Temperatura de secagem: A tinta deve secar entre 120\u00b0C e 140\u00b0C (248\u00b0F \u2013 284\u00b0F). O ideal \u00e9 que a tinta esteja seca ao toque antes de aplicar a pr\u00f3xima cor ou o acabamento final.<\/p>\n<p class=\"ng-star-inserted\"><strong class=\"ng-star-inserted\"><span class=\"ng-star-inserted\">Temperatura de cura:<\/span><\/strong><span class=\"ng-star-inserted\">\u00a0A tinta deve atingir uma temperatura de cura completa de\u00a0<\/span><strong class=\"ng-star-inserted\"><span class=\"ng-star-inserted\">160\u00b0C<\/span><\/strong><span class=\"ng-star-inserted\">\u00a0(320\u00b0F).<\/span><\/p>\n<ul class=\"ng-star-inserted\">\n<li class=\"ng-star-inserted\">Dica profissional: A cura ocorre quando a temperatura de toda a camada de tinta atinge 160 \u00b0C, de cima a baixo. Recomendamos o uso de uma sonda em formato de rosca para medir a temperatura real da tinta no secador, pois os term\u00f4metros a laser medem apenas a temperatura da superf\u00edcie e podem ser enganosos.<\/li>\n<\/ul>\n<h3 class=\"ng-star-inserted\"><span class=\"ng-star-inserted\">Diretrizes de Impress\u00e3o e Testes<\/span><\/h3>\n<blockquote>\n<ol>\n<li>Para um resultado profissional, recomendamos o seguinte:<\/li>\n<li>Base: Para obter um azul mais vibrante em pe\u00e7as de roupa escuras, imprima primeiro a base branca.<\/li>\n<li>Teste de elasticidade: Realize um teste de elasticidade antes de uma produ\u00e7\u00e3o em larga escala. Estique a estampa at\u00e9 cerca de 2\/3 da altura da camiseta; se a estampa rachar e n\u00e3o retrair, a tinta n\u00e3o fixou corretamente.<\/li>\n<li>Teste de lavagem: Geralmente, s\u00e3o necess\u00e1rias de 5 a 10 lavagens para testar completamente a durabilidade. Se a tinta n\u00e3o endurecer completamente, a impress\u00e3o apresentar\u00e1 deteriora\u00e7\u00e3o ap\u00f3s 1 a 3 lavagens.<\/li>\n<\/ol>\n<\/blockquote>\n<h3 class=\"ng-star-inserted\"><span class=\"ng-star-inserted\">Limpeza e armazenamento<\/span><\/h3>\n<ul class=\"ng-star-inserted\">\n<li class=\"ng-star-inserted\">\n<p class=\"ng-star-inserted\"><strong class=\"ng-star-inserted\"><span class=\"ng-star-inserted\">Limpar:<\/span><\/strong><span class=\"ng-star-inserted\">\u00a0Use um produto de limpeza padr\u00e3o para prensas ou um removedor de tinta projetado para\u00a0<\/span><strong class=\"ng-star-inserted\"><span class=\"ng-star-inserted\">tinta plastisol<\/span><\/strong><span class=\"ng-star-inserted\">.<\/span><\/p>\n<\/li>\n<li class=\"ng-star-inserted\">\n<p class=\"ng-star-inserted\"><strong class=\"ng-star-inserted\"><span class=\"ng-star-inserted\">Armazenar:<\/span><\/strong><span class=\"ng-star-inserted\">\u00a0Armazene seus\u00a0<\/span><strong><a href=\"https:\/\/shaliteink.com\/pt\/categoria-produto\/tinta-para-serigrafia-nb-sem-pvc\/\"><span class=\"ng-star-inserted\">NB tinta plastisol<\/span><\/a><\/strong><span class=\"ng-star-inserted\">\u00a0\u00c0 temperatura ambiente (18-32 \u00b0C). Evite a luz solar direta e o calor extremo para evitar que a tinta gele no recipiente.<\/span><\/p>\n<\/li>\n<\/ul>\n<p>Amplie seu estoque hoje mesmo. Compre nossos Shalites para obter resultados profissionais e economizar dinheiro.<\/p>\n<p><img decoding=\"async\" class=\"aligncenter wp-image-4269 size-large\" src=\"https:\/\/shaliteink.com\/wp-content\/uploads\/2025\/04\/Blue-PVC-Free-NB-Screen-Printing-Ink-1-872x1024.png\" alt=\"Tinta de serigrafia NB azul sem PVC\" width=\"872\" height=\"1024\" srcset=\"https:\/\/shaliteink.com\/wp-content\/uploads\/2025\/04\/Blue-PVC-Free-NB-Screen-Printing-Ink-1-872x1024.png 872w, https:\/\/shaliteink.com\/wp-content\/uploads\/2025\/04\/Blue-PVC-Free-NB-Screen-Printing-Ink-1-255x300.png 255w, https:\/\/shaliteink.com\/wp-content\/uploads\/2025\/04\/Blue-PVC-Free-NB-Screen-Printing-Ink-1-768x902.png 768w, https:\/\/shaliteink.com\/wp-content\/uploads\/2025\/04\/Blue-PVC-Free-NB-Screen-Printing-Ink-1-10x12.png 10w, https:\/\/shaliteink.com\/wp-content\/uploads\/2025\/04\/Blue-PVC-Free-NB-Screen-Printing-Ink-1-150x176.png 150w, https:\/\/shaliteink.com\/wp-content\/uploads\/2025\/04\/Blue-PVC-Free-NB-Screen-Printing-Ink-1.png 1048w\" sizes=\"(max-width: 872px) 100vw, 872px\" \/><\/p>","protected":false},"excerpt":{"rendered":"<p>Aumente a produtividade da sua impressora com a Shalitein, a fabricante de tintas l\u00edder mundial. Com mais de 20 anos de experi\u00eancia e um hist\u00f3rico de estreita colabora\u00e7\u00e3o com marcas mundialmente famosas, oferecemos qualidade premium a pre\u00e7os direto de f\u00e1brica. A tinta Plastisol NB Azul, livre de PVC, foi especialmente desenvolvida para serigrafia, ideal para impressoras serigr\u00e1ficas que exigem cores vibrantes, durabilidade e uma superf\u00edcie lisa, sem custos elevados.<\/p>","protected":false},"featured_media":1638,"comment_status":"open","ping_status":"closed","template":"","meta":[],"product_brand":[],"product_cat":[43],"product_tag":[],"class_list":{"0":"post-1637","1":"product","2":"type-product","3":"status-publish","4":"has-post-thumbnail","6":"product_cat-pvc-free-nb-screen-printing-ink","8":"first","9":"instock","10":"shipping-taxable","11":"purchasable","12":"product-type-variable"},"tiered_pricing_type":"fixed","tiered_pricing_fixed_rules":[],"tiered_pricing_product_settings":{"layout":"default","base_unit_name":{"singular":null,"plural":null},"default_variation":null},"tiered_pricing_minimum_quantity":null,"tiered_pricing_roles_data":[],"tiered_pricing_percentage_rules":[],"tiered_pricing_maximum_quantity":null,"tiered_pricing_quantity_step":null,"_links":{"self":[{"href":"https:\/\/shaliteink.com\/pt\/wp-json\/wp\/v2\/product\/1637","targetHints":{"allow":["GET"]}}],"collection":[{"href":"https:\/\/shaliteink.com\/pt\/wp-json\/wp\/v2\/product"}],"about":[{"href":"https:\/\/shaliteink.com\/pt\/wp-json\/wp\/v2\/types\/product"}],"replies":[{"embeddable":true,"href":"https:\/\/shaliteink.com\/pt\/wp-json\/wp\/v2\/comments?post=1637"}],"version-history":[{"count":0,"href":"https:\/\/shaliteink.com\/pt\/wp-json\/wp\/v2\/product\/1637\/revisions"}],"wp:featuredmedia":[{"embeddable":true,"href":"https:\/\/shaliteink.com\/pt\/wp-json\/wp\/v2\/media\/1638"}],"wp:attachment":[{"href":"https:\/\/shaliteink.com\/pt\/wp-json\/wp\/v2\/media?parent=1637"}],"wp:term":[{"taxonomy":"product_brand","embeddable":true,"href":"https:\/\/shaliteink.com\/pt\/wp-json\/wp\/v2\/product_brand?post=1637"},{"taxonomy":"product_cat","embeddable":true,"href":"https:\/\/shaliteink.com\/pt\/wp-json\/wp\/v2\/product_cat?post=1637"},{"taxonomy":"product_tag","embeddable":true,"href":"https:\/\/shaliteink.com\/pt\/wp-json\/wp\/v2\/product_tag?post=1637"}],"curies":[{"name":"wp","href":"https:\/\/api.w.org\/{rel}","templated":true}]}}