{"id":1633,"date":"2025-04-23T06:45:16","date_gmt":"2025-04-23T06:45:16","guid":{"rendered":"https:\/\/shaliteink.com\/?post_type=product&#038;p=1633"},"modified":"2025-12-10T11:28:22","modified_gmt":"2025-12-10T11:28:22","slug":"tinta-de-serigrafia-rosa-sem-pvc","status":"publish","type":"product","link":"https:\/\/shaliteink.com\/pt\/produto\/tinta-de-serigrafia-rosa-sem-pvc\/","title":{"rendered":"Tinta rosa para serigrafia, livre de PVC, NB"},"content":{"rendered":"<p><strong class=\"ng-star-inserted\"><span class=\"ng-star-inserted\">O <a href=\"https:\/\/shaliteink.com\/pt\/\">Shaliteink<\/a> Diferen\u00e7a: Tecnologia sem blocos<\/span><\/strong><\/p>\n<p>Um dos maiores desafios da serigrafia \u00e9 lidar com impress\u00f5es granuladas. Nossa f\u00f3rmula especial &quot;N\u00e3o Bloqueada&quot; (NB) resolve esse problema. Essa tinta plastisol NB cria uma superf\u00edcie lisa e n\u00e3o pegajosa que permite que as pe\u00e7as sejam empilhadas com seguran\u00e7a ap\u00f3s a secagem, sem grudar. Sua textura cremosa e de baixa viscosidade \u00e9 f\u00e1cil de cortar, tornando-a uma tinta ideal para serigrafia tanto em impressoras manuais quanto em m\u00e1quinas de impress\u00e3o.<\/p>\n<p><strong class=\"ng-star-inserted\"><span class=\"ng-star-inserted\">Cores vibrantes e desempenho ecologicamente consciente<\/span><\/strong><\/p>\n<p>Esta tinta plastisol rosa NB proporciona uma satura\u00e7\u00e3o de cor vibrante e intensa, mesmo em materiais escuros. Entendemos que o mercado est\u00e1 se voltando para produtos qu\u00edmicos mais seguros, por isso esta tinta \u00e9 livre de PVC. Ela possui o toque suave e a durabilidade do plastisol tradicional, sem a presen\u00e7a de PVC, tornando-a a escolha ideal para marcas modernas e ecologicamente conscientes.<\/p>\n<p>Ao escolher a Shaliteink, voc\u00ea elimina o intermedi\u00e1rio e investe em um produto que foi aprimorado com duas d\u00e9cadas de experi\u00eancia.<\/p>\n<h3><img decoding=\"async\" class=\"aligncenter wp-image-4273 size-large\" src=\"https:\/\/shaliteink.com\/wp-content\/uploads\/2025\/04\/Pink-PVC-Free-NB-Screen-Printing-Ink-1-824x1024.png\" alt=\"Tinta rosa para serigrafia, livre de PVC, NB\" width=\"824\" height=\"1024\" srcset=\"https:\/\/shaliteink.com\/wp-content\/uploads\/2025\/04\/Pink-PVC-Free-NB-Screen-Printing-Ink-1-824x1024.png 824w, https:\/\/shaliteink.com\/wp-content\/uploads\/2025\/04\/Pink-PVC-Free-NB-Screen-Printing-Ink-1-242x300.png 242w, https:\/\/shaliteink.com\/wp-content\/uploads\/2025\/04\/Pink-PVC-Free-NB-Screen-Printing-Ink-1-768x954.png 768w, https:\/\/shaliteink.com\/wp-content\/uploads\/2025\/04\/Pink-PVC-Free-NB-Screen-Printing-Ink-1-10x12.png 10w, https:\/\/shaliteink.com\/wp-content\/uploads\/2025\/04\/Pink-PVC-Free-NB-Screen-Printing-Ink-1-150x186.png 150w, https:\/\/shaliteink.com\/wp-content\/uploads\/2025\/04\/Pink-PVC-Free-NB-Screen-Printing-Ink-1.png 942w\" sizes=\"(max-width: 824px) 100vw, 824px\" \/><\/h3>\n<h3 class=\"ng-star-inserted\"><span class=\"ng-star-inserted\">Principais caracter\u00edsticas e benef\u00edcios<\/span><\/h3>\n<ul class=\"ng-star-inserted\">\n<li class=\"ng-star-inserted\">\n<p class=\"ng-star-inserted\"><strong class=\"ng-star-inserted\"><span class=\"ng-star-inserted\">Qualidade direto da f\u00e1brica:<\/span><\/strong><span class=\"ng-star-inserted\">\u00a0Economize dinheiro sem sacrificar a qualidade comprando diretamente da [nome da empresa\/marca].\u00a0<\/span><span class=\"ng-star-inserted\">Shaliteink<\/span><span class=\"ng-star-inserted\">.<\/span><\/p>\n<\/li>\n<li class=\"ng-star-inserted\">\n<p class=\"ng-star-inserted\"><strong class=\"ng-star-inserted\"><span class=\"ng-star-inserted\">F\u00f3rmula NB (N\u00e3o-Bloco):<\/span><\/strong><span class=\"ng-star-inserted\">\u00a0Elimina a pegajosidade ap\u00f3s a cura, garantindo que as impress\u00f5es n\u00e3o grudem quando empilhadas.<\/span><\/p>\n<\/li>\n<li class=\"ng-star-inserted\">\n<p class=\"ng-star-inserted\"><strong class=\"ng-star-inserted\"><span class=\"ng-star-inserted\">Alta opacidade:<\/span><\/strong><span class=\"ng-star-inserted\">\u00a0Nosso Rosa\u00a0<\/span><strong><a href=\"https:\/\/shaliteink.com\/pt\/categoria-produto\/tinta-para-serigrafia-nb-sem-pvc\/\"><span class=\"ng-star-inserted\">NB tinta plastisol<\/span><\/a><\/strong><span class=\"ng-star-inserted\">\u00a0Proporciona excelente cobertura e vivacidade, mesmo em substratos escuros.<\/span><\/p>\n<\/li>\n<li class=\"ng-star-inserted\">\n<p class=\"ng-star-inserted\"><strong class=\"ng-star-inserted\"><span class=\"ng-star-inserted\">Livre de PVC:<\/span><\/strong><span class=\"ng-star-inserted\">\u00a0Uma op\u00e7\u00e3o mais segura e ecologicamente correta.\u00a0<\/span><span class=\"ng-star-inserted\">Tinta de serigrafia<\/span><span class=\"ng-star-inserted\">\u00a0op\u00e7\u00e3o.<\/span><\/p>\n<\/li>\n<li class=\"ng-star-inserted\">\n<p class=\"ng-star-inserted\"><strong class=\"ng-star-inserted\"><span class=\"ng-star-inserted\">Consist\u00eancia cremosa:<\/span><\/strong><span class=\"ng-star-inserted\">\u00a0Pronto para usar diretamente do balde; n\u00e3o s\u00e3o necess\u00e1rios modificadores de viscosidade.<\/span><\/p>\n<\/li>\n<li class=\"ng-star-inserted\">\n<p class=\"ng-star-inserted\"><strong class=\"ng-star-inserted\"><span class=\"ng-star-inserted\">Sensa\u00e7\u00e3o de toque macio:<\/span><\/strong><span class=\"ng-star-inserted\">\u00a0As impress\u00f5es s\u00e3o curadas com um acabamento dur\u00e1vel e suave ao toque.<\/span><\/p>\n<\/li>\n<\/ul>\n<h3 class=\"ng-star-inserted\"><span class=\"ng-star-inserted\">Diretrizes de cura e evapora\u00e7\u00e3o<\/span><\/h3>\n<p>O tratamento t\u00e9rmico adequado \u00e9 fundamental para garantir a durabilidade da estampa e a resist\u00eancia \u00e0 lavagem. Por favor, siga as seguintes especifica\u00e7\u00f5es para os nossos Chal\u00e9s:<\/p>\n<p><strong class=\"ng-star-inserted\"><span class=\"ng-star-inserted\">Temperatura de flash:<br \/>\n<\/span><\/strong><span class=\"ng-star-inserted\">Aque\u00e7a a tinta entre 120\u00b0C e 140\u00b0C (aproximadamente 248\u00b0F a 284\u00b0F). A tinta deve estar completamente seca ao toque antes da aplica\u00e7\u00e3o da pr\u00f3xima cor ou da cura final. Isso evita borr\u00f5es e proporciona bordas n\u00edtidas.<\/span><\/p>\n<p><strong class=\"ng-star-inserted\"><span class=\"ng-star-inserted\">Temperatura de cura:<br \/>\n<\/span><\/strong><\/p>\n<p class=\"ng-star-inserted\"><span class=\"ng-star-inserted\">Para uma cura completa, a tinta deve chegar\u00a0<\/span><strong class=\"ng-star-inserted\"><span class=\"ng-star-inserted\">160\u00b0C<\/span><\/strong><span class=\"ng-star-inserted\">\u00a0(aproximadamente 320\u00b0F).<\/span><\/p>\n<ul class=\"ng-star-inserted\">\n<li class=\"ng-star-inserted\"><strong class=\"ng-star-inserted\"><span class=\"ng-star-inserted\">Importante<\/span><\/strong>A temperatura de cura deve ser atingida em toda a camada de tinta, n\u00e3o apenas na superf\u00edcie. Recomendamos o uso de uma sonda em formato de rosca para medir a temperatura real da tinta enquanto ela passa pelo secador. Term\u00f4metros a laser medem apenas o calor refletido da superf\u00edcie e podem ser enganosos, frequentemente mostrando uma temperatura mais baixa do que a temperatura real do ar.<\/li>\n<\/ul>\n<h3 class=\"ng-star-inserted\"><span class=\"ng-star-inserted\">Aplica\u00e7\u00e3o e Testes<\/span><\/h3>\n<ul>\n<li>Substrato: Para obter os melhores resultados em rosa sobre pe\u00e7as de algod\u00e3o pretas, pretas ou escuras, recomendamos imprimir primeiro no substrato branco.<\/li>\n<li>Teste de elasticidade: Sempre fa\u00e7a um teste de elasticidade antes de iniciar a produ\u00e7\u00e3o. Estique a estampa at\u00e9 que ela ocupe cerca de dois ter\u00e7os da largura da camiseta. Se a tinta da serigrafia rachar e n\u00e3o retrair, provavelmente o resultado n\u00e3o foi o esperado.<\/li>\n<li>Teste de lavagem: A durabilidade \u00e9 fundamental. Sabe o que mais? Recomendamos fazer uma lavagem de teste (5 a 10 ciclos) para garantir que a tinta tenha aderido mecanicamente \u00e0s fibras do tecido.<\/li>\n<\/ul>\n<h3 class=\"ng-star-inserted\"><span class=\"ng-star-inserted\">Limpeza e armazenamento<\/span><\/h3>\n<ul>\n<li>Limpeza: O excesso de tinta pode ser removido das telas e das almofadas com dispersantes de tinta plastisol padr\u00e3o ou lavadoras de alta press\u00e3o.<\/li>\n<li><strong class=\"ng-star-inserted\"><span class=\"ng-star-inserted\">Armazenar<\/span><\/strong>Armazene a tinta plastisol NB em temperatura ambiente (18-32 \u00b0C). Evite a exposi\u00e7\u00e3o direta \u00e0 luz solar ou calor extremo (acima de 32 \u00b0C) para evitar a cristaliza\u00e7\u00e3o da tinta no tanque.<\/li>\n<\/ul>\n<p class=\"ng-star-inserted\"><strong class=\"ng-star-inserted\"><span class=\"ng-star-inserted\">Shaliteink<\/span><\/strong><span class=\"ng-star-inserted\">\u00a0est\u00e1 dedicada ao seu sucesso. Compre nossa cole\u00e7\u00e3o rosa.\u00a0<\/span><span class=\"ng-star-inserted\">NB tinta plastisol<\/span><span class=\"ng-star-inserted\">\u00a0Experimente hoje mesmo a diferen\u00e7a da excel\u00eancia diretamente da f\u00e1brica.<\/span><\/p>\n<p><img decoding=\"async\" class=\"aligncenter wp-image-4274 size-large\" src=\"https:\/\/shaliteink.com\/wp-content\/uploads\/2025\/04\/Pink-PVC-Free-NB-Screen-Printing-Ink-2-771x1024.png\" alt=\"Tinta rosa para serigrafia, livre de PVC, NB\" width=\"771\" height=\"1024\" srcset=\"https:\/\/shaliteink.com\/wp-content\/uploads\/2025\/04\/Pink-PVC-Free-NB-Screen-Printing-Ink-2-771x1024.png 771w, https:\/\/shaliteink.com\/wp-content\/uploads\/2025\/04\/Pink-PVC-Free-NB-Screen-Printing-Ink-2-226x300.png 226w, https:\/\/shaliteink.com\/wp-content\/uploads\/2025\/04\/Pink-PVC-Free-NB-Screen-Printing-Ink-2-768x1020.png 768w, https:\/\/shaliteink.com\/wp-content\/uploads\/2025\/04\/Pink-PVC-Free-NB-Screen-Printing-Ink-2-9x12.png 9w, https:\/\/shaliteink.com\/wp-content\/uploads\/2025\/04\/Pink-PVC-Free-NB-Screen-Printing-Ink-2-150x199.png 150w, https:\/\/shaliteink.com\/wp-content\/uploads\/2025\/04\/Pink-PVC-Free-NB-Screen-Printing-Ink-2.png 837w\" sizes=\"(max-width: 771px) 100vw, 771px\" \/><\/p>","protected":false},"excerpt":{"rendered":"<p class=\"ng-star-inserted\">Transforme seus designs de vestu\u00e1rio com a Shalitein, a fabricante l\u00edder mundial de tintas. Com mais de 20 anos de experi\u00eancia em fabrica\u00e7\u00e3o e estreita colabora\u00e7\u00e3o com marcas mundialmente renomadas, oferecemos qualidade profissional a pre\u00e7os direto da f\u00e1brica. A tinta plastisol NB rosa, livre de PVC, foi especialmente desenvolvida para serigrafistas que exigem cores vibrantes, respeito ao meio ambiente e excelente processabilidade.<\/p>","protected":false},"featured_media":1634,"comment_status":"open","ping_status":"closed","template":"","meta":[],"product_brand":[],"product_cat":[43],"product_tag":[],"class_list":{"0":"post-1633","1":"product","2":"type-product","3":"status-publish","4":"has-post-thumbnail","6":"product_cat-pvc-free-nb-screen-printing-ink","8":"first","9":"instock","10":"shipping-taxable","11":"purchasable","12":"product-type-variable"},"tiered_pricing_type":"fixed","tiered_pricing_fixed_rules":[],"tiered_pricing_product_settings":{"layout":"default","base_unit_name":{"singular":null,"plural":null},"default_variation":null},"tiered_pricing_minimum_quantity":null,"tiered_pricing_roles_data":[],"tiered_pricing_percentage_rules":[],"tiered_pricing_maximum_quantity":null,"tiered_pricing_quantity_step":null,"_links":{"self":[{"href":"https:\/\/shaliteink.com\/pt\/wp-json\/wp\/v2\/product\/1633","targetHints":{"allow":["GET"]}}],"collection":[{"href":"https:\/\/shaliteink.com\/pt\/wp-json\/wp\/v2\/product"}],"about":[{"href":"https:\/\/shaliteink.com\/pt\/wp-json\/wp\/v2\/types\/product"}],"replies":[{"embeddable":true,"href":"https:\/\/shaliteink.com\/pt\/wp-json\/wp\/v2\/comments?post=1633"}],"version-history":[{"count":0,"href":"https:\/\/shaliteink.com\/pt\/wp-json\/wp\/v2\/product\/1633\/revisions"}],"wp:featuredmedia":[{"embeddable":true,"href":"https:\/\/shaliteink.com\/pt\/wp-json\/wp\/v2\/media\/1634"}],"wp:attachment":[{"href":"https:\/\/shaliteink.com\/pt\/wp-json\/wp\/v2\/media?parent=1633"}],"wp:term":[{"taxonomy":"product_brand","embeddable":true,"href":"https:\/\/shaliteink.com\/pt\/wp-json\/wp\/v2\/product_brand?post=1633"},{"taxonomy":"product_cat","embeddable":true,"href":"https:\/\/shaliteink.com\/pt\/wp-json\/wp\/v2\/product_cat?post=1633"},{"taxonomy":"product_tag","embeddable":true,"href":"https:\/\/shaliteink.com\/pt\/wp-json\/wp\/v2\/product_tag?post=1633"}],"curies":[{"name":"wp","href":"https:\/\/api.w.org\/{rel}","templated":true}]}}