{"id":1629,"date":"2025-04-23T06:43:05","date_gmt":"2025-04-23T06:43:05","guid":{"rendered":"https:\/\/shaliteink.com\/?post_type=product&#038;p=1629"},"modified":"2025-12-10T11:31:24","modified_gmt":"2025-12-10T11:31:24","slug":"tinta-de-serigrafia-violeta-sem-pvc","status":"publish","type":"product","link":"https:\/\/shaliteink.com\/pt\/produto\/tinta-de-serigrafia-violeta-sem-pvc\/","title":{"rendered":"Tinta de serigrafia NB sem PVC violeta"},"content":{"rendered":"<h3 class=\"ng-star-inserted\"><span class=\"ng-star-inserted\">Principais caracter\u00edsticas e benef\u00edcios<\/span><\/h3>\n<ul class=\"ng-star-inserted\">\n<li class=\"ng-star-inserted\"><span class=\"ng-star-inserted\">Alta opacidade e vivacidade:<\/span><span class=\"ng-star-inserted\"> Proporciona uma cor violeta intensa e vibrante, com excelente cobertura, mesmo em bases escuras\u2026<\/span><\/li>\n<li><span class=\"ng-star-inserted\">Consist\u00eancia cremosa:<\/span><span class=\"ng-star-inserted\"> A estrutura compacta do corpo facilita o trabalho com tinta e reduz a fadiga durante opera\u00e7\u00f5es de prensagem prolongadas.<\/span><\/li>\n<li><span class=\"ng-star-inserted\">Tecnologia Antibloqueio: Nossa f\u00f3rmula de tinta plastisol NB evita a ader\u00eancia indesejada, garantindo um acabamento suave.<\/span><\/li>\n<li><span class=\"ng-star-inserted\">Sem PVC: Uma op\u00e7\u00e3o mais ecol\u00f3gica para gr\u00e1ficas modernas.<\/span><\/li>\n<li><span class=\"ng-star-inserted\">Toque macio: As estampas recebem um tratamento de superf\u00edcie dur\u00e1vel e suave, tornando-as universais para diversos tipos de tecido\u2026<\/span><\/li>\n<li><span class=\"ng-star-inserted\">Valor direto da f\u00e1brica: Obtenha o melhor retorno sobre o investimento em seus suprimentos comprando diretamente da f\u00e1brica.\u00a0<strong><a href=\"https:\/\/shaliteink.com\/pt\/\">Shaliteink<\/a><\/strong><\/span><span class=\"ng-star-inserted\">.<\/span><\/li>\n<\/ul>\n<h3><img decoding=\"async\" class=\"aligncenter wp-image-4264 size-large\" src=\"https:\/\/shaliteink.com\/wp-content\/uploads\/2025\/04\/Violet-PVC-Free-NB-Screen-Printing-Ink-683x1024.png\" alt=\"Tinta de serigrafia NB sem PVC violeta\" width=\"683\" height=\"1024\" \/><\/h3>\n<h3 class=\"ng-star-inserted\"><span class=\"ng-star-inserted\">Diretrizes de Aplica\u00e7\u00e3o e Cura<\/span><\/h3>\n<p>Para obter os melhores resultados com tinta de serigrafia, a cura adequada \u00e9 essencial. Embora algumas tintas endure\u00e7am em temperaturas mais baixas, nossa f\u00f3rmula foi desenvolvida para proporcionar m\u00e1xima durabilidade e estabilidade em temperaturas profissionais normais.<\/p>\n<p><span class=\"ng-star-inserted\">Piscando:<br \/>\nA tinta passa por um processo de cura instant\u00e2nea entre 120\u00b0C e 140\u00b0C. Adivinhe s\u00f3? Isso garante que a tinta esteja seca ao toque antes da aplica\u00e7\u00e3o da pr\u00f3xima cor ou da cura final, evitando borr\u00f5es e bordas irregulares.<\/span><\/p>\n<p><span class=\"ng-star-inserted\">Cura:<br \/>\nA tinta deve atingir uma temperatura de cura completa de 160\u00b0C (cerca de 320\u00b0F).<br \/>\nNota: \u00e9 importante que a temperatura de toda a camada de tinta (de cima a baixo) atinja 160 \u00b0C. Recomendamos o uso de uma sonda DONUT para testar a temperatura real do secador, pois os term\u00f4metros a laser medem apenas a temperatura da superf\u00edcie.<\/span><\/p>\n<p><span class=\"ng-star-inserted\">Testando:<br \/>\nSempre realize um &quot;teste de elasticidade&quot; e um teste de lavagem antes de iniciar todo o processo de fabrica\u00e7\u00e3o. Estique a estampa at\u00e9 cerca de 2\/3 da altura da camiseta; se a estampa rachar e n\u00e3o retrair, pode ser que a secagem n\u00e3o esteja completa. Se o teste falhar, aumente ligeiramente o tempo de secagem ou a temperatura.<\/span><\/p>\n<p><span class=\"ng-star-inserted\">Dica profissional para roupas escuras:<br \/>\nPara resultados mais VIBRANTES em algod\u00e3o preto ou escuro, recomendamos imprimir em branco como base antes de usar a tinta Plastisol Violeta NB.<\/span><\/p>\n<h3 class=\"ng-star-inserted\"><span class=\"ng-star-inserted\">Limpeza e armazenamento<\/span><\/h3>\n<ul class=\"ng-star-inserted\">\n<li class=\"ng-star-inserted\"><span class=\"ng-star-inserted\">Limpeza: Limpe facilmente as telas e os rodos usando um detergente de limpeza padr\u00e3o para impressoras ou um removedor de tinta desenvolvido para...\u00a0<strong><a href=\"https:\/\/shaliteink.com\/pt\/categoria-produto\/tinta-para-serigrafia-nb-sem-pvc\/\">NB tinta plastisol<\/a><\/strong>.<\/span><\/li>\n<li><span class=\"ng-star-inserted\">Armazenar:<\/span><span class=\"ng-star-inserted\"> Conservar em temperatura ambiente. Evitar a exposi\u00e7\u00e3o direta \u00e0 luz solar e ao calor extremo (acima de 32 \u00b0C) para evitar que a tinta gele no recipiente.<br \/>\n<\/span><\/li>\n<\/ul>\n<p>Amplie seu estoque hoje mesmo com a Shaliteink \u2013 onde duas d\u00e9cadas de experi\u00eancia se unem \u00e0 tecnologia de tinta Plastisol NB premium.<\/p>\n<p><img decoding=\"async\" class=\"aligncenter wp-image-4265 size-large\" src=\"https:\/\/shaliteink.com\/wp-content\/uploads\/2025\/04\/Violet-PVC-Free-NB-Screen-Printing-Ink-1-797x1024.png\" alt=\"Tinta de serigrafia NB sem PVC violeta\" width=\"797\" height=\"1024\" srcset=\"https:\/\/shaliteink.com\/wp-content\/uploads\/2025\/04\/Violet-PVC-Free-NB-Screen-Printing-Ink-1-797x1024.png 797w, https:\/\/shaliteink.com\/wp-content\/uploads\/2025\/04\/Violet-PVC-Free-NB-Screen-Printing-Ink-1-234x300.png 234w, https:\/\/shaliteink.com\/wp-content\/uploads\/2025\/04\/Violet-PVC-Free-NB-Screen-Printing-Ink-1-768x987.png 768w, https:\/\/shaliteink.com\/wp-content\/uploads\/2025\/04\/Violet-PVC-Free-NB-Screen-Printing-Ink-1-9x12.png 9w, https:\/\/shaliteink.com\/wp-content\/uploads\/2025\/04\/Violet-PVC-Free-NB-Screen-Printing-Ink-1-150x193.png 150w, https:\/\/shaliteink.com\/wp-content\/uploads\/2025\/04\/Violet-PVC-Free-NB-Screen-Printing-Ink-1.png 1033w\" sizes=\"(max-width: 797px) 100vw, 797px\" \/><\/p>","protected":false},"excerpt":{"rendered":"<p>Obtenha resultados profissionais com a Shalitein, a fabricante de tintas l\u00edder mundial. Com mais de 20 anos de experi\u00eancia em fabrica\u00e7\u00e3o e estreita colabora\u00e7\u00e3o com marcas mundialmente renomadas, oferecemos qualidade de f\u00e1brica que eleva o n\u00edvel do seu neg\u00f3cio de impress\u00e3o. A tinta plastisol NB roxa, livre de PVC, foi desenvolvida para serigrafistas que exigem cores vibrantes, durabilidade e facilidade de uso, sem danificar a impress\u00e3o.<br \/>\nEsta tinta premium para serigrafia utiliza nossa tecnologia &quot;N\u00e3o Bloqueante&quot; (NB). Ao contr\u00e1rio das tintas convencionais, que podem permanecer pegajosas ou dif\u00edceis de trabalhar, a tinta Plastisol NB proporciona uma textura cremosa e fluida que se espalha suavemente pela tela. Ela foi desenvolvida para ser altamente opaca, garantindo que a cor roxa vibrante se destaque nas pe\u00e7as de vestu\u00e1rio, independentemente de voc\u00ea estar imprimindo em tecidos claros ou escuros.<br \/>\nSabemos que velocidade de produ\u00e7\u00e3o, rapidez e confiabilidade s\u00e3o vitais. \u00c9 por isso que a Shalitink formulou esta tinta para que esteja pronta para uso assim que sair da embalagem. Ela proporciona a textura macia que os clientes adoram, al\u00e9m da alta resist\u00eancia \u00e0 lavagem necess\u00e1ria para roupas de alta qualidade. Ao escolher nossa tinta Plastisol NB diretamente da f\u00e1brica, voc\u00ea obt\u00e9m o melhor desempenho a um pre\u00e7o imbat\u00edvel.<\/p>","protected":false},"featured_media":1630,"comment_status":"open","ping_status":"closed","template":"","meta":[],"product_brand":[],"product_cat":[43],"product_tag":[],"class_list":{"0":"post-1629","1":"product","2":"type-product","3":"status-publish","4":"has-post-thumbnail","6":"product_cat-pvc-free-nb-screen-printing-ink","8":"first","9":"instock","10":"shipping-taxable","11":"purchasable","12":"product-type-variable"},"tiered_pricing_type":"fixed","tiered_pricing_fixed_rules":[],"tiered_pricing_product_settings":{"layout":"default","base_unit_name":{"singular":null,"plural":null},"default_variation":null},"tiered_pricing_minimum_quantity":null,"tiered_pricing_roles_data":[],"tiered_pricing_percentage_rules":[],"tiered_pricing_maximum_quantity":null,"tiered_pricing_quantity_step":null,"_links":{"self":[{"href":"https:\/\/shaliteink.com\/pt\/wp-json\/wp\/v2\/product\/1629","targetHints":{"allow":["GET"]}}],"collection":[{"href":"https:\/\/shaliteink.com\/pt\/wp-json\/wp\/v2\/product"}],"about":[{"href":"https:\/\/shaliteink.com\/pt\/wp-json\/wp\/v2\/types\/product"}],"replies":[{"embeddable":true,"href":"https:\/\/shaliteink.com\/pt\/wp-json\/wp\/v2\/comments?post=1629"}],"version-history":[{"count":0,"href":"https:\/\/shaliteink.com\/pt\/wp-json\/wp\/v2\/product\/1629\/revisions"}],"wp:featuredmedia":[{"embeddable":true,"href":"https:\/\/shaliteink.com\/pt\/wp-json\/wp\/v2\/media\/1630"}],"wp:attachment":[{"href":"https:\/\/shaliteink.com\/pt\/wp-json\/wp\/v2\/media?parent=1629"}],"wp:term":[{"taxonomy":"product_brand","embeddable":true,"href":"https:\/\/shaliteink.com\/pt\/wp-json\/wp\/v2\/product_brand?post=1629"},{"taxonomy":"product_cat","embeddable":true,"href":"https:\/\/shaliteink.com\/pt\/wp-json\/wp\/v2\/product_cat?post=1629"},{"taxonomy":"product_tag","embeddable":true,"href":"https:\/\/shaliteink.com\/pt\/wp-json\/wp\/v2\/product_tag?post=1629"}],"curies":[{"name":"wp","href":"https:\/\/api.w.org\/{rel}","templated":true}]}}