{"id":1624,"date":"2025-04-23T06:39:28","date_gmt":"2025-04-23T06:39:28","guid":{"rendered":"https:\/\/shaliteink.com\/?post_type=product&#038;p=1624"},"modified":"2025-12-10T11:29:06","modified_gmt":"2025-12-10T11:29:06","slug":"tinta-de-serigrafia-laranja-amarelada-sem-pvc","status":"publish","type":"product","link":"https:\/\/shaliteink.com\/pt\/produto\/tinta-de-serigrafia-laranja-amarelada-sem-pvc\/","title":{"rendered":"Tinta de serigrafia laranja-amarelada sem PVC NB"},"content":{"rendered":"<p class=\"ng-star-inserted\"><strong class=\"ng-star-inserted\"><span class=\"ng-star-inserted\">Por que escolher Shaliteink Laranja e Amarelo?<\/span><\/strong><\/p>\n<p>A impress\u00e3o em amarelo pode ser muito dif\u00edcil, muitas vezes exigindo v\u00e1rias pinceladas para atingir a opacidade. Adivinhe s\u00f3? <strong><a href=\"https:\/\/shaliteink.com\/pt\/\">Shalitein<\/a><\/strong>A tinta resolve esse problema com uma alta concentra\u00e7\u00e3o de pigmento, proporcionando excelente cobertura em roupas escuras. E, ah sim, mas o grande diferencial \u00e9 a nossa tecnologia &quot;NB&quot;. Como uma tinta plastisol NB premium, esta f\u00f3rmula \u00e9 &quot;n\u00e3o grudenta&quot;. Isso significa que a tinta foi desenvolvida para proporcionar um acabamento antiaderente e evitar que as roupas grudem umas nas outras quando empilhadas, ainda quentes do varal \u2013 um problema comum na produ\u00e7\u00e3o em massa.<br \/>\nAcreditamos que a excelente qualidade n\u00e3o precisa custar uma fortuna\u2026 E, ah sim, ao escolher a tinta de serigrafia Shalitink, voc\u00ea elimina o intermedi\u00e1rio e obt\u00e9m um produto que compete com as marcas mais caras do mercado. Ah sim, esta tinta tem uma f\u00f3rmula cremosa e de baixa viscosidade que desliza facilmente sobre a tela, desde telas com baixa contagem para aplica\u00e7\u00f5es densas at\u00e9 telas com maior contagem para detalhes finos.<\/p>\n<p><img decoding=\"async\" class=\"aligncenter wp-image-4260 size-large\" src=\"https:\/\/shaliteink.com\/wp-content\/uploads\/2025\/04\/Orange-Yellow-PVC-Free-NB-Screen-Printing-Ink-899x1024.png\" alt=\"Tinta de serigrafia laranja-amarelada sem PVC NB\" width=\"899\" height=\"1024\" srcset=\"https:\/\/shaliteink.com\/wp-content\/uploads\/2025\/04\/Orange-Yellow-PVC-Free-NB-Screen-Printing-Ink-899x1024.png 899w, https:\/\/shaliteink.com\/wp-content\/uploads\/2025\/04\/Orange-Yellow-PVC-Free-NB-Screen-Printing-Ink-263x300.png 263w, https:\/\/shaliteink.com\/wp-content\/uploads\/2025\/04\/Orange-Yellow-PVC-Free-NB-Screen-Printing-Ink-768x875.png 768w, https:\/\/shaliteink.com\/wp-content\/uploads\/2025\/04\/Orange-Yellow-PVC-Free-NB-Screen-Printing-Ink-11x12.png 11w, https:\/\/shaliteink.com\/wp-content\/uploads\/2025\/04\/Orange-Yellow-PVC-Free-NB-Screen-Printing-Ink-150x171.png 150w, https:\/\/shaliteink.com\/wp-content\/uploads\/2025\/04\/Orange-Yellow-PVC-Free-NB-Screen-Printing-Ink.png 1080w\" sizes=\"(max-width: 899px) 100vw, 899px\" \/><\/p>\n<p class=\"ng-star-inserted\"><strong class=\"ng-star-inserted\"><span class=\"ng-star-inserted\">Principais caracter\u00edsticas e benef\u00edcios:<\/span><\/strong><\/p>\n<ul class=\"ng-star-inserted\">\n<li class=\"ng-star-inserted\"><span class=\"ng-star-inserted\">Amarelo alaranjado vibrante:<\/span><span class=\"ng-star-inserted\"> Uma cor vibrante e ensolarada que se destaca em qualquer material colorido.<\/span><\/li>\n<li><span class=\"ng-star-inserted\">Tecnologia sem bloqueio (NB):<\/span><span class=\"ng-star-inserted\"> Nossa especialidade <strong><a href=\"https:\/\/shaliteink.com\/pt\/categoria-produto\/tinta-para-serigrafia-nb-sem-pvc\/\">NB Tinta plastisol<\/a><\/strong> A composi\u00e7\u00e3o elimina a contamina\u00e7\u00e3o, permitindo o empilhamento imediato sem ades\u00e3o destrutiva\u2026<\/span><\/li>\n<li><span class=\"ng-star-inserted\">Livre de PVC e ecol\u00f3gico: Fabricado sem PVC e ftalatos, atende aos rigorosos padr\u00f5es ambientais e de seguran\u00e7a de marcas globais.<\/span><\/li>\n<li><span class=\"ng-star-inserted\">Alta opacidade: A excelente cobertura reduz a necessidade de pinceladas excessivas.<\/span><\/li>\n<li><span class=\"ng-star-inserted\">Economia direto da f\u00e1brica: Obtenha o melhor retorno para o seu neg\u00f3cio comprando diretamente do fabricante.<\/span><\/li>\n<li><span class=\"ng-star-inserted\">Impress\u00e3o com excelente qualidade:<\/span><span class=\"ng-star-inserted\"> Possui uma textura cremosa e aveludada logo ao sair do balde, reduz a fadiga ao imprimir manualmente e flui suavemente em impressoras autom\u00e1ticas.<\/span><\/li>\n<\/ul>\n<p class=\"ng-star-inserted\"><strong class=\"ng-star-inserted\"><span class=\"ng-star-inserted\">Especifica\u00e7\u00f5es t\u00e9cnicas e aplica\u00e7\u00e3o<br \/>\n<\/span><\/strong><span class=\"ng-star-inserted\">Para garantir uma liga\u00e7\u00e3o mec\u00e2nica duradoura e resist\u00eancia \u00e0 lavagem, siga as nossas instru\u00e7\u00f5es de processamento da tinta Shaliteink.<\/span><strong class=\"ng-star-inserted\"><span class=\"ng-star-inserted\"><br \/>\n<\/span><\/strong><\/p>\n<p><strong class=\"ng-star-inserted\"><span class=\"ng-star-inserted\">Instru\u00e7\u00f5es de instala\u00e7\u00e3o do flash:<br \/>\nA tinta evapora entre 120 \u00b0C e 140 \u00b0C (248 \u00b0F \u2013 284 \u00b0F). A tinta deve estar seca ao toque; toque na tela antes de aplicar o pr\u00f3ximo produto. Aten\u00e7\u00e3o: n\u00e3o deixe evaporar por tempo excessivo, pois isso pode causar problemas de ades\u00e3o entre as camadas.<\/span><\/strong><\/p>\n<p><strong class=\"ng-star-inserted\"><span class=\"ng-star-inserted\">Instru\u00e7\u00f5es de cura:<br \/>\n<\/span><\/strong><\/p>\n<p class=\"ng-star-inserted\"><span class=\"ng-star-inserted\">Essa tinta requer uma temperatura de cura padr\u00e3o para garantir a resist\u00eancia \u00e0 lavagem.<\/span><\/p>\n<ul class=\"ng-star-inserted\">\n<li class=\"ng-star-inserted\">\n<p class=\"ng-star-inserted\"><span class=\"ng-star-inserted\">Temperatura de cura:<\/span><span class=\"ng-star-inserted\">\u00a0<\/span><span class=\"ng-star-inserted\">160\u00b0C<\/span><span class=\"ng-star-inserted\">\u00a0(320\u00b0F).<\/span><\/p>\n<\/li>\n<li class=\"ng-star-inserted\">Nota importante: A temperatura de toda a camada de tinta deve atingir 160 \u00b0C, de cima a baixo. E, ali\u00e1s, usar um term\u00f4metro a laser mede apenas a temperatura da superf\u00edcie, o que pode ser enganoso. Recomendamos o uso de uma sonda em formato de rosca para garantir que a tinta atinja a temperatura ideal de cura no tecido.<\/li>\n<\/ul>\n<p><strong class=\"ng-star-inserted\"><span class=\"ng-star-inserted\">Testes e melhores pr\u00e1ticas:<\/span><\/strong><\/p>\n<p><span class=\"ng-star-inserted\">Recomendamos que voc\u00ea fa\u00e7a um &quot;teste de elasticidade&quot; antes de iniciar o processo de fabrica\u00e7\u00e3o. Estique a estampa j\u00e1 impressa at\u00e9 cerca de dois ter\u00e7os da largura da camiseta. Sabe o que acontece? Se a estampa rachar e n\u00e3o voltar ao normal, significa que n\u00e3o foi processada corretamente. Ajuste a velocidade ou a temperatura da secadora at\u00e9 que a tinta passe nos testes de elasticidade e lavagem.<\/span><\/p>\n<p><strong class=\"ng-star-inserted\"><span class=\"ng-star-inserted\">Limpeza e armazenamento:<\/span><\/strong><\/p>\n<p>\u00c9 f\u00e1cil de limpar com lavadoras de alta press\u00e3o padr\u00e3o, pr\u00f3prias para tinta plastisol, ou com desintegrantes de tinta. Para manter a viscosidade ideal, armazene os tanques de tinta em local fresco (entre 18 e 32 \u00b0C), longe da luz solar direta.<\/p>\n<p>Compre hoje mesmo as tintas profissionais Shaliteink, que lhe permitir\u00e3o economizar dinheiro e melhorar a qualidade de suas impress\u00f5es.<\/p>\n<p><img decoding=\"async\" class=\"aligncenter wp-image-4261 size-large\" src=\"https:\/\/shaliteink.com\/wp-content\/uploads\/2025\/04\/Orange-Yellow-PVC-Free-NB-Screen-Printing-Ink-1-896x1024.png\" alt=\"Tinta de serigrafia laranja-amarelada sem PVC NB\" width=\"896\" height=\"1024\" srcset=\"https:\/\/shaliteink.com\/wp-content\/uploads\/2025\/04\/Orange-Yellow-PVC-Free-NB-Screen-Printing-Ink-1-896x1024.png 896w, https:\/\/shaliteink.com\/wp-content\/uploads\/2025\/04\/Orange-Yellow-PVC-Free-NB-Screen-Printing-Ink-1-263x300.png 263w, https:\/\/shaliteink.com\/wp-content\/uploads\/2025\/04\/Orange-Yellow-PVC-Free-NB-Screen-Printing-Ink-1-768x877.png 768w, https:\/\/shaliteink.com\/wp-content\/uploads\/2025\/04\/Orange-Yellow-PVC-Free-NB-Screen-Printing-Ink-1-11x12.png 11w, https:\/\/shaliteink.com\/wp-content\/uploads\/2025\/04\/Orange-Yellow-PVC-Free-NB-Screen-Printing-Ink-1-150x171.png 150w, https:\/\/shaliteink.com\/wp-content\/uploads\/2025\/04\/Orange-Yellow-PVC-Free-NB-Screen-Printing-Ink-1.png 919w\" sizes=\"(max-width: 896px) 100vw, 896px\" \/><\/p>","protected":false},"excerpt":{"rendered":"<p>Adicione vitalidade e durabilidade incompar\u00e1veis aos seus designs de vestu\u00e1rio com a Shalitink, uma marca de confian\u00e7a na impress\u00e3o t\u00eaxtil global. Gra\u00e7as aos nossos mais de cinquenta anos de experi\u00eancia em fabrica\u00e7\u00e3o e \u00e0 estreita colabora\u00e7\u00e3o com marcas mundialmente famosas, oferecemos tinta serigr\u00e1fica premium a pre\u00e7os direto de f\u00e1brica. E sabe o que mais? A tinta serigr\u00e1fica NB laranja e amarela, livre de PVC, foi desenvolvida para impressoras que exigem alta opacidade, opera\u00e7\u00e3o suave e produtos ecologicamente corretos.<\/p>","protected":false},"featured_media":1625,"comment_status":"open","ping_status":"closed","template":"","meta":[],"product_brand":[],"product_cat":[43],"product_tag":[],"class_list":{"0":"post-1624","1":"product","2":"type-product","3":"status-publish","4":"has-post-thumbnail","6":"product_cat-pvc-free-nb-screen-printing-ink","8":"first","9":"instock","10":"shipping-taxable","11":"purchasable","12":"product-type-variable"},"tiered_pricing_type":"fixed","tiered_pricing_fixed_rules":[],"tiered_pricing_product_settings":{"layout":"default","base_unit_name":{"singular":null,"plural":null},"default_variation":null},"tiered_pricing_minimum_quantity":null,"tiered_pricing_roles_data":[],"tiered_pricing_percentage_rules":[],"tiered_pricing_maximum_quantity":null,"tiered_pricing_quantity_step":null,"_links":{"self":[{"href":"https:\/\/shaliteink.com\/pt\/wp-json\/wp\/v2\/product\/1624","targetHints":{"allow":["GET"]}}],"collection":[{"href":"https:\/\/shaliteink.com\/pt\/wp-json\/wp\/v2\/product"}],"about":[{"href":"https:\/\/shaliteink.com\/pt\/wp-json\/wp\/v2\/types\/product"}],"replies":[{"embeddable":true,"href":"https:\/\/shaliteink.com\/pt\/wp-json\/wp\/v2\/comments?post=1624"}],"version-history":[{"count":0,"href":"https:\/\/shaliteink.com\/pt\/wp-json\/wp\/v2\/product\/1624\/revisions"}],"wp:featuredmedia":[{"embeddable":true,"href":"https:\/\/shaliteink.com\/pt\/wp-json\/wp\/v2\/media\/1625"}],"wp:attachment":[{"href":"https:\/\/shaliteink.com\/pt\/wp-json\/wp\/v2\/media?parent=1624"}],"wp:term":[{"taxonomy":"product_brand","embeddable":true,"href":"https:\/\/shaliteink.com\/pt\/wp-json\/wp\/v2\/product_brand?post=1624"},{"taxonomy":"product_cat","embeddable":true,"href":"https:\/\/shaliteink.com\/pt\/wp-json\/wp\/v2\/product_cat?post=1624"},{"taxonomy":"product_tag","embeddable":true,"href":"https:\/\/shaliteink.com\/pt\/wp-json\/wp\/v2\/product_tag?post=1624"}],"curies":[{"name":"wp","href":"https:\/\/api.w.org\/{rel}","templated":true}]}}