{"id":1620,"date":"2025-04-23T06:35:56","date_gmt":"2025-04-23T06:35:56","guid":{"rendered":"https:\/\/shaliteink.com\/?post_type=product&#038;p=1620"},"modified":"2025-12-10T11:27:18","modified_gmt":"2025-12-10T11:27:18","slug":"tinta-vermelha-para-serigrafia-livre-de-pvc","status":"publish","type":"product","link":"https:\/\/shaliteink.com\/pt\/produto\/tinta-vermelha-para-serigrafia-livre-de-pvc\/","title":{"rendered":"Tinta vermelha para serigrafia, livre de PVC, NB"},"content":{"rendered":"<p class=\"ng-star-inserted\"><strong class=\"ng-star-inserted\"><span class=\"ng-star-inserted\">Por que escolher? <a href=\"https:\/\/shaliteink.com\/pt\/\">Shaliteink<\/a> NB vermelho?<\/span><\/strong><\/p>\n<p>N\u00e3o se trata de uma tinta comum; esta \u00e9 uma tinta de alt\u00edssimo desempenho. <strong><a href=\"https:\/\/shaliteink.com\/pt\/categoria-produto\/tinta-para-serigrafia-nb-sem-pvc\/\">NB Tinta plastisol<\/a><\/strong>. &quot;NB&quot; significa n\u00e3o bloqueante, uma caracter\u00edstica importante na produ\u00e7\u00e3o em massa. Ao contr\u00e1rio das tintas tradicionais, que podem ficar pegajosas e grudar umas nas outras quando as camisetas s\u00e3o empilhadas a quente, nossa tecnologia de tinta Plastisol NB proporciona um acabamento liso e antiaderente. Isso reduz significativamente os danos \u00e0s roupas durante o processo de resfriamento.<\/p>\n<p>Por ser livre de PVC, este produto atende aos mais modernos padr\u00f5es ambientais e de seguran\u00e7a, tornando-se uma excelente op\u00e7\u00e3o para marcas que buscam solu\u00e7\u00f5es ecologicamente corretas. Apesar de ser livre de PVC, mant\u00e9m a textura cremosa e a facilidade de manuseio da tinta plastisol cl\u00e1ssica, garantindo uma limpeza f\u00e1cil da tela mesmo com press\u00e3o manual e mec\u00e2nica.<\/p>\n<p><img decoding=\"async\" class=\"aligncenter wp-image-4252 size-large\" src=\"https:\/\/shaliteink.com\/wp-content\/uploads\/2025\/04\/Red-PVC-Free-NB-Screen-Printing-Ink-857x1024.png\" alt=\"Tinta vermelha para serigrafia, livre de PVC, NB\" width=\"857\" height=\"1024\" srcset=\"https:\/\/shaliteink.com\/wp-content\/uploads\/2025\/04\/Red-PVC-Free-NB-Screen-Printing-Ink-857x1024.png 857w, https:\/\/shaliteink.com\/wp-content\/uploads\/2025\/04\/Red-PVC-Free-NB-Screen-Printing-Ink-251x300.png 251w, https:\/\/shaliteink.com\/wp-content\/uploads\/2025\/04\/Red-PVC-Free-NB-Screen-Printing-Ink-768x917.png 768w, https:\/\/shaliteink.com\/wp-content\/uploads\/2025\/04\/Red-PVC-Free-NB-Screen-Printing-Ink-10x12.png 10w, https:\/\/shaliteink.com\/wp-content\/uploads\/2025\/04\/Red-PVC-Free-NB-Screen-Printing-Ink-150x179.png 150w, https:\/\/shaliteink.com\/wp-content\/uploads\/2025\/04\/Red-PVC-Free-NB-Screen-Printing-Ink.png 992w\" sizes=\"(max-width: 857px) 100vw, 857px\" \/><\/p>\n<p class=\"ng-star-inserted\"><strong class=\"ng-star-inserted\"><span class=\"ng-star-inserted\">Principais caracter\u00edsticas e benef\u00edcios:<\/span><\/strong><\/p>\n<ul class=\"ng-star-inserted\">\n<li class=\"ng-star-inserted\"><span class=\"ng-star-inserted\">Vibrante e opaco: Proporciona uma cor vermelha intensa e profunda, com excelente cobertura mesmo em tecidos escuros (recomendado para roupas escuras sob a base)...<\/span><\/li>\n<li><span class=\"ng-star-inserted\">F\u00f3rmula n\u00e3o bloqueante (NB): foi especialmente desenvolvida para evitar que as impress\u00f5es grudem umas nas outras na pilha.<\/span><\/li>\n<li><span class=\"ng-star-inserted\">Ecol\u00f3gico:<\/span><span class=\"ng-star-inserted\"> 100% Livre de PVC, seguro para os usu\u00e1rios e em conformidade com os padr\u00f5es globais de exporta\u00e7\u00e3o.<\/span><\/li>\n<li><span class=\"ng-star-inserted\">Valor direto da f\u00e1brica:<\/span><span class=\"ng-star-inserted\"> Compre tinta para serigrafia diretamente do fabricante e elimine o intermedi\u00e1rio.<\/span><\/li>\n<li><span class=\"ng-star-inserted\">Consist\u00eancia f\u00e1cil de usar: fica cremoso assim que sai da embalagem e requer preparo m\u00ednimo.<\/span><\/li>\n<li><span class=\"ng-star-inserted\">Acabamento dur\u00e1vel: Com os devidos cuidados, pode suportar m\u00faltiplas lavagens sem rachar ou desbotar.<\/span><\/li>\n<\/ul>\n<p class=\"ng-star-inserted\"><strong class=\"ng-star-inserted\"><span class=\"ng-star-inserted\">Especifica\u00e7\u00f5es t\u00e9cnicas e diretrizes de cura<\/span><\/strong><\/p>\n<p>Para obter os melhores resultados e garantir a durabilidade da impress\u00e3o, siga rigorosamente nossos padr\u00f5es de processamento Shaliteink.<\/p>\n<p><strong class=\"ng-star-inserted\"><span class=\"ng-star-inserted\">Instru\u00e7\u00f5es de instala\u00e7\u00e3o do flash:<\/span><\/strong><\/p>\n<p>A tinta atinge temperaturas entre 120\u00b0C e 140\u00b0C (248\u00b0F \u2013 284\u00b0F). A tinta deve estar seca ao toque, mas n\u00e3o completamente seca antes de aplicar a pr\u00f3xima cor ou esta\u00e7\u00e3o.<\/p>\n<p><strong class=\"ng-star-inserted\"><span class=\"ng-star-inserted\">Instru\u00e7\u00f5es de cura:<\/span><\/strong><\/p>\n<p>A cura adequada \u00e9 vital para a ades\u00e3o mec\u00e2nica. Esta tinta cura a 160\u00b0C (320\u00b0F).<\/p>\n<p><span class=\"ng-star-inserted\">Cura padr\u00e3o: Certifique-se de que toda a camada de tinta atinja 160\u00b0C.<\/span><\/p>\n<p><span class=\"ng-star-inserted\">Monitoramento de temperatura: Recomendamos o uso de uma sonda tipo &quot;rosquinha&quot; em vez de um term\u00f4metro a laser... Term\u00f4metros a laser medem apenas a temperatura da superf\u00edcie, o que pode ser enganoso. Por exemplo, para uma lavagem r\u00e1pida, a tinta precisa atingir 160 \u00b0C para chegar \u00e0 parte frontal do tecido.<\/span><\/p>\n<p><strong class=\"ng-star-inserted\"><span class=\"ng-star-inserted\">Testes e melhores pr\u00e1ticas:<br \/>\n<\/span><\/strong>Sempre fa\u00e7a um teste de elasticidade antes de iniciar uma produ\u00e7\u00e3o completa. Estique a estampa em cerca de 2\/3 da largura total da camiseta. Sabe o que acontece? Se a estampa rachar e n\u00e3o retrair, a tinta n\u00e3o fixou corretamente. Recomendamos tamb\u00e9m uma lavagem de teste (5 a 10 ciclos) para verificar a durabilidade.<\/p>\n<p><strong class=\"ng-star-inserted\"><span class=\"ng-star-inserted\">Limpeza e armazenamento:<br \/>\n<\/span><\/strong><span class=\"ng-star-inserted\">A limpeza \u00e9 f\u00e1cil com lavadoras de alta press\u00e3o ou analisadores de tinta compat\u00edveis com plastisol. E sabe o que mais? Armazene a tinta em local fresco e seco, longe da luz solar direta, para preservar sua vida \u00fatil.<\/span><\/p>\n<p>Pronto para atualizar suas estampas? Compre nosso Shalite hoje mesmo e experimente cinquenta anos de excel\u00eancia em fabrica\u00e7\u00e3o.<\/p>\n<p><img decoding=\"async\" class=\"aligncenter wp-image-4254 size-full\" src=\"https:\/\/shaliteink.com\/wp-content\/uploads\/2025\/04\/Red-PVC-Free-NB-Screen-Printing-Ink-2.png\" alt=\"Tinta vermelha para serigrafia, livre de PVC, NB\" width=\"839\" height=\"1011\" srcset=\"https:\/\/shaliteink.com\/wp-content\/uploads\/2025\/04\/Red-PVC-Free-NB-Screen-Printing-Ink-2.png 839w, https:\/\/shaliteink.com\/wp-content\/uploads\/2025\/04\/Red-PVC-Free-NB-Screen-Printing-Ink-2-249x300.png 249w, https:\/\/shaliteink.com\/wp-content\/uploads\/2025\/04\/Red-PVC-Free-NB-Screen-Printing-Ink-2-768x925.png 768w, https:\/\/shaliteink.com\/wp-content\/uploads\/2025\/04\/Red-PVC-Free-NB-Screen-Printing-Ink-2-10x12.png 10w, https:\/\/shaliteink.com\/wp-content\/uploads\/2025\/04\/Red-PVC-Free-NB-Screen-Printing-Ink-2-150x181.png 150w\" sizes=\"(max-width: 839px) 100vw, 839px\" \/><\/p>","protected":false},"excerpt":{"rendered":"<p>Aprimore a produ\u00e7\u00e3o da sua estamparia com a Shalitein, l\u00edder global na ind\u00fastria de impress\u00e3o t\u00eaxtil. Com mais de 20 anos de experi\u00eancia em fabrica\u00e7\u00e3o e um hist\u00f3rico comprovado de trabalho com marcas mundialmente renomadas, oferecemos qualidade premium a pre\u00e7os direto de f\u00e1brica. Observa\u00e7\u00e3o: A tinta vermelha para serigrafia, livre de PVC, foi especialmente desenvolvida para serigrafistas profissionais que exigem cores vibrantes, compatibilidade ambiental e excelente processabilidade, sem custos elevados.<\/p>","protected":false},"featured_media":1621,"comment_status":"open","ping_status":"closed","template":"","meta":[],"product_brand":[],"product_cat":[43],"product_tag":[],"class_list":{"0":"post-1620","1":"product","2":"type-product","3":"status-publish","4":"has-post-thumbnail","6":"product_cat-pvc-free-nb-screen-printing-ink","8":"first","9":"instock","10":"shipping-taxable","11":"purchasable","12":"product-type-variable"},"tiered_pricing_type":"fixed","tiered_pricing_fixed_rules":[],"tiered_pricing_product_settings":{"layout":"default","base_unit_name":{"singular":null,"plural":null},"default_variation":null},"tiered_pricing_minimum_quantity":null,"tiered_pricing_roles_data":[],"tiered_pricing_percentage_rules":[],"tiered_pricing_maximum_quantity":null,"tiered_pricing_quantity_step":null,"_links":{"self":[{"href":"https:\/\/shaliteink.com\/pt\/wp-json\/wp\/v2\/product\/1620","targetHints":{"allow":["GET"]}}],"collection":[{"href":"https:\/\/shaliteink.com\/pt\/wp-json\/wp\/v2\/product"}],"about":[{"href":"https:\/\/shaliteink.com\/pt\/wp-json\/wp\/v2\/types\/product"}],"replies":[{"embeddable":true,"href":"https:\/\/shaliteink.com\/pt\/wp-json\/wp\/v2\/comments?post=1620"}],"version-history":[{"count":0,"href":"https:\/\/shaliteink.com\/pt\/wp-json\/wp\/v2\/product\/1620\/revisions"}],"wp:featuredmedia":[{"embeddable":true,"href":"https:\/\/shaliteink.com\/pt\/wp-json\/wp\/v2\/media\/1621"}],"wp:attachment":[{"href":"https:\/\/shaliteink.com\/pt\/wp-json\/wp\/v2\/media?parent=1620"}],"wp:term":[{"taxonomy":"product_brand","embeddable":true,"href":"https:\/\/shaliteink.com\/pt\/wp-json\/wp\/v2\/product_brand?post=1620"},{"taxonomy":"product_cat","embeddable":true,"href":"https:\/\/shaliteink.com\/pt\/wp-json\/wp\/v2\/product_cat?post=1620"},{"taxonomy":"product_tag","embeddable":true,"href":"https:\/\/shaliteink.com\/pt\/wp-json\/wp\/v2\/product_tag?post=1620"}],"curies":[{"name":"wp","href":"https:\/\/api.w.org\/{rel}","templated":true}]}}