{"id":1616,"date":"2025-04-23T06:32:25","date_gmt":"2025-04-23T06:32:25","guid":{"rendered":"https:\/\/shaliteink.com\/?post_type=product&#038;p=1616"},"modified":"2025-12-10T11:30:54","modified_gmt":"2025-12-10T11:30:54","slug":"tinta-amarela-para-serigrafia-livre-de-pvc","status":"publish","type":"product","link":"https:\/\/shaliteink.com\/pt\/produto\/tinta-amarela-para-serigrafia-livre-de-pvc\/","title":{"rendered":"Tinta amarela para serigrafia, livre de PVC, NB"},"content":{"rendered":"<p class=\"ng-star-inserted\"><strong class=\"ng-star-inserted\"><span class=\"ng-star-inserted\">Por que escolher a tinta plastisol Shaliteink Yellow NB?<\/span><\/strong><\/p>\n<p>Esta n\u00e3o \u00e9 apenas mais uma tinta amarela comum; \u00e9 uma tinta serigr\u00e1fica premium, de alt\u00edssima qualidade, desenvolvida para solucionar problemas comuns de produ\u00e7\u00e3o. E, ah sim, ela \u00e9 feita como uma tinta plastisol NB (n\u00e3o aglomerante) especial, permitindo que as pe\u00e7as finalizadas sejam empilhadas nos ambientes de produ\u00e7\u00e3o mais quentes sem que as estampas grudem umas nas outras.<br \/>\nNossa f\u00f3rmula livre de PVC atende aos rigorosos padr\u00f5es ambientais das marcas de moda modernas, preservando ao mesmo tempo os designs cremosos e de corpo curto que voc\u00ea adora. Seja em algod\u00e3o ou em misturas de tecidos, esta tinta proporciona cores vibrantes, brilhantes e cobertura definida. Comprando diretamente da f\u00e1brica, voc\u00ea garante excelente qualidade a um pre\u00e7o imbat\u00edvel.<\/p>\n<p><img decoding=\"async\" class=\"aligncenter wp-image-4277 size-full\" src=\"https:\/\/shaliteink.com\/wp-content\/uploads\/2025\/04\/Yellow-PVC-Free-NB-Screen-Printing-Ink.png\" alt=\"Tinta amarela para serigrafia, livre de PVC, NB\" width=\"988\" height=\"981\" srcset=\"https:\/\/shaliteink.com\/wp-content\/uploads\/2025\/04\/Yellow-PVC-Free-NB-Screen-Printing-Ink.png 988w, https:\/\/shaliteink.com\/wp-content\/uploads\/2025\/04\/Yellow-PVC-Free-NB-Screen-Printing-Ink-300x298.png 300w, https:\/\/shaliteink.com\/wp-content\/uploads\/2025\/04\/Yellow-PVC-Free-NB-Screen-Printing-Ink-150x149.png 150w, https:\/\/shaliteink.com\/wp-content\/uploads\/2025\/04\/Yellow-PVC-Free-NB-Screen-Printing-Ink-768x763.png 768w, https:\/\/shaliteink.com\/wp-content\/uploads\/2025\/04\/Yellow-PVC-Free-NB-Screen-Printing-Ink-12x12.png 12w\" sizes=\"(max-width: 988px) 100vw, 988px\" \/><\/p>\n<p class=\"ng-star-inserted\"><strong class=\"ng-star-inserted\"><span class=\"ng-star-inserted\">Principais caracter\u00edsticas e benef\u00edcios:<\/span><\/strong><\/p>\n<ul class=\"ng-star-inserted\">\n<li class=\"ng-star-inserted\">\n<p class=\"ng-star-inserted\"><strong class=\"ng-star-inserted\"><span class=\"ng-star-inserted\">F\u00f3rmula ecol\u00f3gica:<\/span><\/strong><span class=\"ng-star-inserted\">\u00a0100% Livre de PVC, o que o torna seguro para os usu\u00e1rios e em conformidade com os principais padr\u00f5es das marcas.<\/span><\/p>\n<\/li>\n<li class=\"ng-star-inserted\">\n<p class=\"ng-star-inserted\"><strong class=\"ng-star-inserted\"><span class=\"ng-star-inserted\">Tecnologia sem bloqueio:<\/span><\/strong><span class=\"ng-star-inserted\">\u00a0O avan\u00e7ado\u00a0<\/span><span class=\"ng-star-inserted\">NB tinta plastisol<\/span><span class=\"ng-star-inserted\">\u00a0A f\u00f3rmula evita impress\u00f5es pegajosas, facilitando o empilhamento e o acondicionamento.<\/span><\/p>\n<\/li>\n<li class=\"ng-star-inserted\">\n<p class=\"ng-star-inserted\"><strong class=\"ng-star-inserted\"><span class=\"ng-star-inserted\">Alta opacidade:<\/span><\/strong><span class=\"ng-star-inserted\">\u00a0A carga de pigmento especializada garante uma cobertura amarela brilhante, mesmo em substratos mais escuros (recomenda-se uma base para pe\u00e7as de vestu\u00e1rio pretas).<\/span><\/p>\n<\/li>\n<li class=\"ng-star-inserted\">\n<p class=\"ng-star-inserted\"><strong class=\"ng-star-inserted\"><span class=\"ng-star-inserted\">Consist\u00eancia cremosa:<\/span><\/strong><span class=\"ng-star-inserted\">\u00a0Pronto para usar assim que sair da embalagem.<\/span><\/p>\n<\/li>\n<li class=\"ng-star-inserted\">\n<p class=\"ng-star-inserted\"><strong class=\"ng-star-inserted\"><span class=\"ng-star-inserted\">Sensa\u00e7\u00e3o de toque macio:<\/span><\/strong><span class=\"ng-star-inserted\">\u00a0As estampas aderem perfeitamente ao tecido, proporcionando um acabamento profissional de loja.<\/span><\/p>\n<\/li>\n<li class=\"ng-star-inserted\">\n<p class=\"ng-star-inserted\"><strong class=\"ng-star-inserted\"><span class=\"ng-star-inserted\">Valor direto da f\u00e1brica:<\/span><\/strong><span class=\"ng-star-inserted\">\u00a0Obtenha o melhor retorno sobre o investimento para sua loja eliminando o intermedi\u00e1rio.<\/span><\/p>\n<\/li>\n<\/ul>\n<p class=\"ng-star-inserted\"><strong class=\"ng-star-inserted\"><span class=\"ng-star-inserted\">Diretrizes de cura<\/span><\/strong><\/p>\n<p class=\"ng-star-inserted\"><span class=\"ng-star-inserted\">A cura adequada \u00e9 essencial para a durabilidade e resist\u00eancia \u00e0 lavagem. Ao contr\u00e1rio das tintas inst\u00e1veis de baixa cura, as nossas\u00a0<\/span><a href=\"https:\/\/shaliteink.com\/pt\/categoria-produto\/tinta-para-serigrafia-nb-sem-pvc\/\"><strong><span class=\"ng-star-inserted\">NB tinta plastisol<\/span><\/strong><\/a><span class=\"ng-star-inserted\">\u00a0\u00c9 projetado para uma cura padr\u00e3o e robusta que se liga mecanicamente \u00e0s fibras do tecido.<\/span><\/p>\n<ul class=\"ng-star-inserted\">\n<li class=\"ng-star-inserted\">Ponto de inflama\u00e7\u00e3o: 120\u00b0C a 140\u00b0C (aproximadamente 248\u00b0F a 284\u00b0F).<\/li>\n<li class=\"ng-star-inserted\">Temperatura de cura: 160\u00b0C (aproximadamente 320\u00b0F).<\/li>\n<li class=\"ng-star-inserted\">Observa\u00e7\u00e3o: A temperatura de toda a camada de tinta deve atingir 160\u00b0C para a cura completa.<\/li>\n<\/ul>\n<p class=\"ng-star-inserted\"><strong class=\"ng-star-inserted\"><span class=\"ng-star-inserted\">Dicas profissionais para o sucesso:<\/span><\/strong><\/p>\n<ol>\n<li>Teste de elasticidade: Ap\u00f3s a impress\u00e3o, estique a estampa em cerca de 2\/3 da camiseta. Se a tinta rachar e n\u00e3o retrair, significa que n\u00e3o vai aderir. Aumente o tempo de impress\u00e3o ou a temperatura.<\/li>\n<li>Teste de lavagem s\u00e9rio: Recomendamos que voc\u00ea fa\u00e7a um teste de lavagem (5 a 10 ciclos) antes da produ\u00e7\u00e3o em larga escala para garantir que a tinta de serigrafia esteja completamente seca.<\/li>\n<li>Tempo de igni\u00e7\u00e3o: Mantenha o tempo de igni\u00e7\u00e3o curto para evitar o superaquecimento dos cilindros.<\/li>\n<\/ol>\n<p class=\"ng-star-inserted\"><strong class=\"ng-star-inserted\"><span class=\"ng-star-inserted\">Limpeza e armazenamento<\/span><\/strong><\/p>\n<ul>\n<li>Limpeza: Use removedor de tinta padr\u00e3o ou lavadora de alta press\u00e3o. Por exemplo, a tinta Plastisol NB \u00e9 f\u00e1cil de remover de telas e panos.<\/li>\n<li>Armazenamento: Armazene em local fresco e seco, entre 18\u00b0C \u200b\u200be 32\u00b0C (65\u00b0F e 90\u00b0F). Para preservar a vida \u00fatil, evite a exposi\u00e7\u00e3o direta \u00e0 luz solar.<\/li>\n<\/ul>\n<p class=\"ng-star-inserted\"><strong class=\"ng-star-inserted\"><span class=\"ng-star-inserted\">Comprar<\/span><\/strong><span class=\"ng-star-inserted\">\u00a0o melhor\u00a0<\/span><strong class=\"ng-star-inserted\"><span class=\"ng-star-inserted\">Tinta de serigrafia<\/span><\/strong><span class=\"ng-star-inserted\">\u00a0hoje e experimente o\u00a0<\/span><strong><a href=\"https:\/\/shaliteink.com\/pt\/\"><span class=\"ng-star-inserted\">Shaliteink<\/span><\/a><\/strong><span class=\"ng-star-inserted\">\u00a0diferen\u00e7a!<\/span><\/p>\n<p><img decoding=\"async\" class=\"aligncenter wp-image-4278 size-large\" src=\"https:\/\/shaliteink.com\/wp-content\/uploads\/2025\/04\/Yellow-PVC-Free-NB-Screen-Printing-Ink-1-810x1024.png\" alt=\"Tinta amarela para serigrafia, livre de PVC, NB\" width=\"810\" height=\"1024\" srcset=\"https:\/\/shaliteink.com\/wp-content\/uploads\/2025\/04\/Yellow-PVC-Free-NB-Screen-Printing-Ink-1-810x1024.png 810w, https:\/\/shaliteink.com\/wp-content\/uploads\/2025\/04\/Yellow-PVC-Free-NB-Screen-Printing-Ink-1-237x300.png 237w, https:\/\/shaliteink.com\/wp-content\/uploads\/2025\/04\/Yellow-PVC-Free-NB-Screen-Printing-Ink-1-768x971.png 768w, https:\/\/shaliteink.com\/wp-content\/uploads\/2025\/04\/Yellow-PVC-Free-NB-Screen-Printing-Ink-1-9x12.png 9w, https:\/\/shaliteink.com\/wp-content\/uploads\/2025\/04\/Yellow-PVC-Free-NB-Screen-Printing-Ink-1-150x190.png 150w, https:\/\/shaliteink.com\/wp-content\/uploads\/2025\/04\/Yellow-PVC-Free-NB-Screen-Printing-Ink-1.png 1024w\" sizes=\"(max-width: 810px) 100vw, 810px\" \/><\/p>\n<hr class=\"ng-star-inserted\" \/>","protected":false},"excerpt":{"rendered":"<p>Libere vitalidade excepcional e desempenho ecologicamente correto com nossas Shalites\u2026 Como l\u00edder global com mais de 20 anos de experi\u00eancia em fabrica\u00e7\u00e3o, oferecemos solu\u00e7\u00f5es diretamente da f\u00e1brica, confi\u00e1veis e utilizadas por marcas mundialmente renomadas. A tinta plastisol NB amarela, livre de PVC, foi especialmente desenvolvida para serigrafistas que exigem alta opacidade, conformidade ambiental e facilidade de uso, sem grandes custos.<\/p>","protected":false},"featured_media":1617,"comment_status":"open","ping_status":"closed","template":"","meta":[],"product_brand":[],"product_cat":[43],"product_tag":[],"class_list":{"0":"post-1616","1":"product","2":"type-product","3":"status-publish","4":"has-post-thumbnail","6":"product_cat-pvc-free-nb-screen-printing-ink","8":"first","9":"instock","10":"shipping-taxable","11":"purchasable","12":"product-type-variable"},"tiered_pricing_type":"fixed","tiered_pricing_fixed_rules":[],"tiered_pricing_product_settings":{"layout":"default","base_unit_name":{"singular":null,"plural":null},"default_variation":null},"tiered_pricing_minimum_quantity":null,"tiered_pricing_roles_data":[],"tiered_pricing_percentage_rules":[],"tiered_pricing_maximum_quantity":null,"tiered_pricing_quantity_step":null,"_links":{"self":[{"href":"https:\/\/shaliteink.com\/pt\/wp-json\/wp\/v2\/product\/1616","targetHints":{"allow":["GET"]}}],"collection":[{"href":"https:\/\/shaliteink.com\/pt\/wp-json\/wp\/v2\/product"}],"about":[{"href":"https:\/\/shaliteink.com\/pt\/wp-json\/wp\/v2\/types\/product"}],"replies":[{"embeddable":true,"href":"https:\/\/shaliteink.com\/pt\/wp-json\/wp\/v2\/comments?post=1616"}],"version-history":[{"count":0,"href":"https:\/\/shaliteink.com\/pt\/wp-json\/wp\/v2\/product\/1616\/revisions"}],"wp:featuredmedia":[{"embeddable":true,"href":"https:\/\/shaliteink.com\/pt\/wp-json\/wp\/v2\/media\/1617"}],"wp:attachment":[{"href":"https:\/\/shaliteink.com\/pt\/wp-json\/wp\/v2\/media?parent=1616"}],"wp:term":[{"taxonomy":"product_brand","embeddable":true,"href":"https:\/\/shaliteink.com\/pt\/wp-json\/wp\/v2\/product_brand?post=1616"},{"taxonomy":"product_cat","embeddable":true,"href":"https:\/\/shaliteink.com\/pt\/wp-json\/wp\/v2\/product_cat?post=1616"},{"taxonomy":"product_tag","embeddable":true,"href":"https:\/\/shaliteink.com\/pt\/wp-json\/wp\/v2\/product_tag?post=1616"}],"curies":[{"name":"wp","href":"https:\/\/api.w.org\/{rel}","templated":true}]}}