{"id":1612,"date":"2025-04-23T06:29:51","date_gmt":"2025-04-23T06:29:51","guid":{"rendered":"https:\/\/shaliteink.com\/?post_type=product&#038;p=1612"},"modified":"2025-12-10T11:31:31","modified_gmt":"2025-12-10T11:31:31","slug":"tinta-de-serigrafia-nb-amarelo-limao-sem-pvc","status":"publish","type":"product","link":"https:\/\/shaliteink.com\/pt\/produto\/tinta-de-serigrafia-nb-amarelo-limao-sem-pvc\/","title":{"rendered":"Tinta de serigrafia NB amarelo lim\u00e3o sem PVC"},"content":{"rendered":"<p>Por que escolher o amarelo lim\u00e3o? <strong><a href=\"https:\/\/shaliteink.com\/pt\/\">Shalitnik<\/a><\/strong>?<br \/>\nEsta n\u00e3o \u00e9 apenas mais uma tinta amarela; esta \u00e9 uma tinta Plastisol NB premium, desenvolvida para solucionar problemas comuns de impress\u00e3o. &quot;NB&quot; significa n\u00e3o-bloqueante, o que quer dizer que esta tinta foi projetada para evitar que as impress\u00f5es grudem umas nas outras quando empilhadas, um problema comum em produ\u00e7\u00f5es de grande volume. Seja voc\u00ea um grande fabricante ou uma pequena empresa, esta tinta para serigrafia oferece uma textura cremosa, f\u00e1cil de trabalhar e que desliza suavemente sobre uma grande quantidade de telas.<br \/>\nCom sua f\u00f3rmula livre de PVC, este produto atende aos padr\u00f5es ambientais modernos, sendo seguro para os usu\u00e1rios e para o planeta, mantendo a durabilidade e a lavabilidade esperadas de uma tinta plastisol profissional. O pigmento amarelo lim\u00e3o \u00e9 muito opaco, proporcionando excelente cobertura, mesmo em roupas escuras, com a base adequada.<\/p>\n<p><img decoding=\"async\" class=\"aligncenter wp-image-4249 size-full\" src=\"https:\/\/shaliteink.com\/wp-content\/uploads\/2025\/04\/Lemon-Yellow-PVC-Free-NB-Screen-Printing-Ink-1.png\" alt=\"Tinta de serigrafia NB amarelo lim\u00e3o sem PVC\" width=\"874\" height=\"971\" srcset=\"https:\/\/shaliteink.com\/wp-content\/uploads\/2025\/04\/Lemon-Yellow-PVC-Free-NB-Screen-Printing-Ink-1.png 874w, https:\/\/shaliteink.com\/wp-content\/uploads\/2025\/04\/Lemon-Yellow-PVC-Free-NB-Screen-Printing-Ink-1-270x300.png 270w, https:\/\/shaliteink.com\/wp-content\/uploads\/2025\/04\/Lemon-Yellow-PVC-Free-NB-Screen-Printing-Ink-1-768x853.png 768w, https:\/\/shaliteink.com\/wp-content\/uploads\/2025\/04\/Lemon-Yellow-PVC-Free-NB-Screen-Printing-Ink-1-11x12.png 11w, https:\/\/shaliteink.com\/wp-content\/uploads\/2025\/04\/Lemon-Yellow-PVC-Free-NB-Screen-Printing-Ink-1-150x167.png 150w\" sizes=\"(max-width: 874px) 100vw, 874px\" \/><\/p>\n<p class=\"ng-star-inserted\"><strong class=\"ng-star-inserted\"><span class=\"ng-star-inserted\">Principais caracter\u00edsticas e benef\u00edcios:<\/span><\/strong><\/p>\n<ul class=\"ng-star-inserted\">\n<li class=\"ng-star-inserted\"><span class=\"ng-star-inserted\">Vibrante e opaco: Proporciona uma cor amarelo-lim\u00e3o intensa e brilhante que se destaca no tecido.<\/span><\/li>\n<li><span class=\"ng-star-inserted\">Tecnologia sem bloqueio: Nossa tecnologia especializada\u00a0<strong><a href=\"https:\/\/shaliteink.com\/pt\/categoria-produto\/tinta-para-serigrafia-nb-sem-pvc\/\">NB tinta plastisol<\/a><\/strong>\u00a0A f\u00f3rmula evita que os produtos fiquem pegajosos e grudem na pilha.<\/span><\/li>\n<li><span class=\"ng-star-inserted\">Ecol\u00f3gico: 100% Livre de PVC, em conformidade com as normas globais de seguran\u00e7a.<\/span><\/li>\n<li><span class=\"ng-star-inserted\">Valor direto da f\u00e1brica: Compre tinta para serigrafia diretamente da fonte e economize dinheiro.<\/span><\/li>\n<li><span class=\"ng-star-inserted\">Viscosidade ideal para o usu\u00e1rio: Textura cremosa diretamente da embalagem, perfeita para prensagem manual ou autom\u00e1tica.<\/span><\/li>\n<li><span class=\"ng-star-inserted\">Toque macio: Proporciona uma impress\u00e3o dur\u00e1vel e suave ao toque, diferente da textura \u00e1spera do pl\u00e1stico.<\/span><\/li>\n<\/ul>\n<p class=\"ng-star-inserted\"><strong class=\"ng-star-inserted\"><span class=\"ng-star-inserted\">Especifica\u00e7\u00f5es t\u00e9cnicas e aplica\u00e7\u00e3o<\/span><\/strong><\/p>\n<p>Para garantir os melhores resultados e a longevidade de suas impress\u00f5es, siga os par\u00e2metros de processamento recomendados pela Shaliteink.<\/p>\n<p><span class=\"ng-star-inserted\">Instru\u00e7\u00f5es de instala\u00e7\u00e3o do flash:<br \/>\nA tinta apresenta temperaturas entre 120\u00b0C e 140\u00b0C (248\u00b0F \u2013 284\u00b0F). A tinta deve estar seca ao toque antes da pr\u00f3xima parada, mas n\u00e3o completamente seca.<br \/>\nInstru\u00e7\u00f5es de cura:<br \/>\nO manuseio correto \u00e9 essencial para a durabilidade. Esta tinta cura a 160\u00b0C (320\u00b0F).<br \/>\n<\/span><\/p>\n<ul>\n<li><span class=\"ng-star-inserted\">Importante: A temperatura de toda a camada de tinta (de cima para baixo) deve atingir 160\u00b0C para garantir a completa ades\u00e3o mec\u00e2nica ao tecido.<br class=\"ng-star-inserted\" \/><\/span><\/li>\n<li><span class=\"ng-star-inserted\">Dica profissional:<\/span><span class=\"ng-star-inserted\"> Utilize uma sonda em formato de rosca para medir a temperatura ao n\u00edvel do tecido, visto que os term\u00f4metros a laser medem apenas a temperatura da superf\u00edcie.<\/span><\/li>\n<\/ul>\n<p><strong class=\"ng-star-inserted\"><span class=\"ng-star-inserted\">Limpar:<\/span><\/strong><\/p>\n<p>A limpeza \u00e9 f\u00e1cil\u2026 Voc\u00ea pode usar qualquer lavadora de alta press\u00e3o padr\u00e3o ou removedor de tinta espec\u00edfico para tinta plastisol. Para prolongar a vida \u00fatil da sua rede, limpe bem as telas.<\/p>\n<p><strong class=\"ng-star-inserted\"><span class=\"ng-star-inserted\">Isen\u00e7\u00e3o de responsabilidade:<br \/>\n<\/span><\/strong><span class=\"ng-star-inserted\">Embora a Shaliteink garanta a qualidade de nossas tintas Plastisol NB, sempre recomendamos que voc\u00ea realize um &quot;teste de elasticidade&quot; e um &quot;teste de lavagem&quot; antes de iniciar uma produ\u00e7\u00e3o completa. Sabe o que mais? Estenda a estampa at\u00e9 cerca de 2\/3 da altura da camiseta; se a estampa estiver rachada, ela n\u00e3o terminar\u00e1. Aumente o tempo de exposi\u00e7\u00e3o ou a temperatura conforme necess\u00e1rio.<\/span><\/p>\n<p>Fa\u00e7a seu pedido hoje e experimente a diferen\u00e7a Shalite: qualidade premium, direto da f\u00e1brica, pre\u00e7os de f\u00e1brica e suporte de classe mundial.<\/p>\n<p><img decoding=\"async\" class=\"aligncenter wp-image-4248 size-full\" src=\"https:\/\/shaliteink.com\/wp-content\/uploads\/2025\/04\/Lemon-Yellow-PVC-Free-NB-Screen-Printing-Ink.png\" alt=\"Tinta de serigrafia NB amarelo lim\u00e3o sem PVC\" width=\"759\" height=\"995\" srcset=\"https:\/\/shaliteink.com\/wp-content\/uploads\/2025\/04\/Lemon-Yellow-PVC-Free-NB-Screen-Printing-Ink.png 759w, https:\/\/shaliteink.com\/wp-content\/uploads\/2025\/04\/Lemon-Yellow-PVC-Free-NB-Screen-Printing-Ink-229x300.png 229w, https:\/\/shaliteink.com\/wp-content\/uploads\/2025\/04\/Lemon-Yellow-PVC-Free-NB-Screen-Printing-Ink-9x12.png 9w, https:\/\/shaliteink.com\/wp-content\/uploads\/2025\/04\/Lemon-Yellow-PVC-Free-NB-Screen-Printing-Ink-150x197.png 150w\" sizes=\"(max-width: 759px) 100vw, 759px\" \/><\/p>","protected":false},"excerpt":{"rendered":"<p>Liberte o potencial da sua impressora com a Shalitein, l\u00edder mundial em solu\u00e7\u00f5es para impress\u00e3o t\u00eaxtil. Com mais de 20 anos de experi\u00eancia em fabrica\u00e7\u00e3o e estreita colabora\u00e7\u00e3o com marcas mundialmente famosas, oferecemos a voc\u00ea qualidade direta da f\u00e1brica a pre\u00e7os imbat\u00edveis. A tinta serigr\u00e1fica NB Amarelo Lim\u00e3o sem PVC foi especialmente desenvolvida para serigrafistas que exigem alta opacidade, cores vibrantes e uma f\u00f3rmula ecol\u00f3gica, sem comprometer o or\u00e7amento.<\/p>","protected":false},"featured_media":1613,"comment_status":"open","ping_status":"closed","template":"","meta":[],"product_brand":[],"product_cat":[43],"product_tag":[],"class_list":{"0":"post-1612","1":"product","2":"type-product","3":"status-publish","4":"has-post-thumbnail","6":"product_cat-pvc-free-nb-screen-printing-ink","8":"first","9":"instock","10":"shipping-taxable","11":"purchasable","12":"product-type-variable"},"tiered_pricing_type":"fixed","tiered_pricing_fixed_rules":[],"tiered_pricing_product_settings":{"layout":"default","base_unit_name":{"singular":null,"plural":null},"default_variation":null},"tiered_pricing_minimum_quantity":null,"tiered_pricing_roles_data":[],"tiered_pricing_percentage_rules":[],"tiered_pricing_maximum_quantity":null,"tiered_pricing_quantity_step":null,"_links":{"self":[{"href":"https:\/\/shaliteink.com\/pt\/wp-json\/wp\/v2\/product\/1612","targetHints":{"allow":["GET"]}}],"collection":[{"href":"https:\/\/shaliteink.com\/pt\/wp-json\/wp\/v2\/product"}],"about":[{"href":"https:\/\/shaliteink.com\/pt\/wp-json\/wp\/v2\/types\/product"}],"replies":[{"embeddable":true,"href":"https:\/\/shaliteink.com\/pt\/wp-json\/wp\/v2\/comments?post=1612"}],"version-history":[{"count":0,"href":"https:\/\/shaliteink.com\/pt\/wp-json\/wp\/v2\/product\/1612\/revisions"}],"wp:featuredmedia":[{"embeddable":true,"href":"https:\/\/shaliteink.com\/pt\/wp-json\/wp\/v2\/media\/1613"}],"wp:attachment":[{"href":"https:\/\/shaliteink.com\/pt\/wp-json\/wp\/v2\/media?parent=1612"}],"wp:term":[{"taxonomy":"product_brand","embeddable":true,"href":"https:\/\/shaliteink.com\/pt\/wp-json\/wp\/v2\/product_brand?post=1612"},{"taxonomy":"product_cat","embeddable":true,"href":"https:\/\/shaliteink.com\/pt\/wp-json\/wp\/v2\/product_cat?post=1612"},{"taxonomy":"product_tag","embeddable":true,"href":"https:\/\/shaliteink.com\/pt\/wp-json\/wp\/v2\/product_tag?post=1612"}],"curies":[{"name":"wp","href":"https:\/\/api.w.org\/{rel}","templated":true}]}}