{"id":1608,"date":"2025-04-23T06:13:14","date_gmt":"2025-04-23T06:13:14","guid":{"rendered":"https:\/\/shaliteink.com\/?post_type=product&#038;p=1608"},"modified":"2025-12-10T11:26:53","modified_gmt":"2025-12-10T11:26:53","slug":"tinta-de-serigrafia-branca-sem-pvc","status":"publish","type":"product","link":"https:\/\/shaliteink.com\/pt\/produto\/tinta-de-serigrafia-branca-sem-pvc\/","title":{"rendered":"Tinta branca para serigrafia, livre de PVC, NB"},"content":{"rendered":"<p class=\"ng-star-inserted\"><strong class=\"ng-star-inserted\"><span class=\"ng-star-inserted\">Por que escolher?<\/span><\/strong><strong><span class=\"ng-star-inserted\"><a href=\"https:\/\/shaliteink.com\/pt\/\"> Shaliteink<\/a><\/span><\/strong><strong class=\"ng-star-inserted\"><span class=\"ng-star-inserted\">?<\/span><\/strong><\/p>\n<p>Encontrar uma tinta branca que equilibre opacidade e imprimibilidade \u00e9 o &quot;santo graal&quot; das gr\u00e1ficas. N\u00f3s resolvemos esse problema. Eliminando o intermedi\u00e1rio e oferecendo pre\u00e7os direto de f\u00e1brica, disponibilizamos a melhor tinta para serigrafia que n\u00e3o deixa marcas. Seja em impressoras manuais ou m\u00e1quinas autom\u00e1ticas de alta velocidade, esta tinta foi desenvolvida para aumentar a velocidade de produ\u00e7\u00e3o e a qualidade de impress\u00e3o.<\/p>\n<p><img decoding=\"async\" class=\"aligncenter wp-image-4243 size-full\" src=\"https:\/\/shaliteink.com\/wp-content\/uploads\/2025\/04\/White-PVC-Free-NB-Screen-Printing-Ink.png\" alt=\"Tinta branca para serigrafia, livre de PVC, NB\" width=\"857\" height=\"821\" srcset=\"https:\/\/shaliteink.com\/wp-content\/uploads\/2025\/04\/White-PVC-Free-NB-Screen-Printing-Ink.png 857w, https:\/\/shaliteink.com\/wp-content\/uploads\/2025\/04\/White-PVC-Free-NB-Screen-Printing-Ink-300x287.png 300w, https:\/\/shaliteink.com\/wp-content\/uploads\/2025\/04\/White-PVC-Free-NB-Screen-Printing-Ink-768x736.png 768w, https:\/\/shaliteink.com\/wp-content\/uploads\/2025\/04\/White-PVC-Free-NB-Screen-Printing-Ink-13x12.png 13w, https:\/\/shaliteink.com\/wp-content\/uploads\/2025\/04\/White-PVC-Free-NB-Screen-Printing-Ink-150x144.png 150w\" sizes=\"(max-width: 857px) 100vw, 857px\" \/><\/p>\n<p class=\"ng-star-inserted\"><strong class=\"ng-star-inserted\"><span class=\"ng-star-inserted\">Principais caracter\u00edsticas e benef\u00edcios:<\/span><\/strong><\/p>\n<ul class=\"ng-star-inserted\">\n<li class=\"ng-star-inserted\"><span class=\"ng-star-inserted\">Livre de PVC e ecologicamente correto: Fabricado com foco em seguran\u00e7a e normas ambientais, proporciona tranquilidade sem comprometer o desempenho.<\/span><\/li>\n<li><span class=\"ng-star-inserted\">Alta Opacidade: Proporciona excelente cobertura em roupas escuras. Homogeneiza eficazmente as fibras para criar uma base branca s\u00f3lida e brilhante, seja como cor base ou como cor branca independente.<\/span><\/li>\n<li><span class=\"ng-star-inserted\">Consist\u00eancia cremosa: A textura curta da nossa tinta Plastisol NB facilita a coleta e a impress\u00e3o diretamente do balde... Ela corta rapidamente e exige menos esfor\u00e7o f\u00edsico ao ser pressionada manualmente.<\/span><\/li>\n<li><span class=\"ng-star-inserted\">Tecnologia Antibloqueio (NB): Projetada para evitar que as impress\u00f5es grudem umas nas outras (bloqueio) quando empilhadas a quente, garantindo que seu fluxo de trabalho permane\u00e7a cont\u00ednuo.<\/span><\/li>\n<li><span class=\"ng-star-inserted\">Sensa\u00e7\u00e3o de toque macio:<\/span><span class=\"ng-star-inserted\"> Apesar da alta cobertura, a tinta adere a uma superf\u00edcie lisa que n\u00e3o fica com a apar\u00eancia de uma armadura de pl\u00e1stico pesada em uma camisa.<\/span><\/li>\n<\/ul>\n<p class=\"ng-star-inserted\"><strong class=\"ng-star-inserted\"><span class=\"ng-star-inserted\">Instru\u00e7\u00f5es de aplica\u00e7\u00e3o e cura:<\/span><\/strong><\/p>\n<p>O manuseio correto \u00e9 fundamental para a durabilidade. Ao contr\u00e1rio das tintas de baixa cura que podem comprometer a lavabilidade, nossa f\u00f3rmula \u00e9 forte e duradoura.<\/p>\n<ul>\n<li><span class=\"ng-star-inserted\">Temperatura de secagem r\u00e1pida: Tinta flash 120\u00b0C \u2013 140\u00b0C (248\u00b0F \u2013 284\u00b0F). Adivinhe? Voc\u00ea quer que a tinta esteja seca ao toque, mas n\u00e3o completamente endurecida antes de aplicar a pr\u00f3xima cor.<br \/>\n<\/span><\/li>\n<li><span class=\"ng-star-inserted\">Temperatura de cura: A tinta deve atingir uma temperatura de cura completa de 160\u00b0C (320\u00b0F).<br \/>\n<\/span><\/li>\n<\/ul>\n<ul>\n<li style=\"list-style-type: none;\">\n<ul class=\"ng-star-inserted\">\n<li class=\"ng-star-inserted\">\n<p class=\"ng-star-inserted\"><span class=\"ng-star-inserted\">Importante:<\/span><span class=\"ng-star-inserted\">\u00a0Essa temperatura deve ser atingida em todo o...\u00a0<\/span><span class=\"ng-star-inserted\">camada de tinta inteira<\/span><span class=\"ng-star-inserted\">, n\u00e3o apenas na superf\u00edcie. Recomendamos o uso de uma sonda de temperatura em formato de rosca ou fitas de temperatura para verificar as configura\u00e7\u00f5es da sua secadora.<\/span><\/p>\n<\/li>\n<\/ul>\n<\/li>\n<\/ul>\n<p class=\"ng-star-inserted\"><strong class=\"ng-star-inserted\"><span class=\"ng-star-inserted\">Testes gerais e dicas profissionais:<\/span><\/strong><\/p>\n<p>Antes de iniciar qualquer produ\u00e7\u00e3o em larga escala, recomendamos enfaticamente que voc\u00ea fa\u00e7a um &quot;teste de elasticidade&quot; e um teste de lavagem. Se a impress\u00e3o rachar ao ser esticada ou deteriorar ap\u00f3s a lavagem, \u00e9 prov\u00e1vel que a tinta n\u00e3o tenha atingido a temperatura desejada de 160\u00b0C.<\/p>\n<ul>\n<li><span class=\"ng-star-inserted\">Contagem de malhas: Os melhores resultados s\u00e3o obtidos com malhas entre 110 e 230, dependendo dos detalhes do projeto.<\/span><\/li>\n<li><span class=\"ng-star-inserted\">Limpeza: Use uma lavadora de alta press\u00e3o padr\u00e3o ou diluente de tinta. A tinta pode ser facilmente removida das telas e das almofadas de borracha.<\/span><\/li>\n<\/ul>\n<p class=\"ng-star-inserted\"><strong><span class=\"ng-star-inserted\">Informa\u00e7\u00f5es de armazenamento:<\/span><\/strong><\/p>\n<p>Armazene a tinta Plastisol NB em temperatura ambiente (evite calor extremo acima de 32\u00b0C). Mantenha a tampa bem fechada para preservar sua textura cremosa.<\/p>\n<p>Est\u00e1 pronto para elevar o padr\u00e3o de qualidade do seu neg\u00f3cio? Compre Shaliteink branco sem PVC. <a href=\"https:\/\/shaliteink.com\/pt\/categoria-produto\/tinta-para-serigrafia-nb-sem-pvc\/\"><strong>NB tinta plastisol<\/strong><\/a> Experimente hoje a diferen\u00e7a de duas d\u00e9cadas de experi\u00eancia em fabrica\u00e7\u00e3o.<\/p>\n<p><img decoding=\"async\" class=\"aligncenter wp-image-4257 size-full\" src=\"https:\/\/shaliteink.com\/wp-content\/uploads\/2025\/04\/White-PVC-Free-NB-Screen-Printing-Ink-1.png\" alt=\"Tinta branca para serigrafia, livre de PVC, NB\" width=\"839\" height=\"1011\" srcset=\"https:\/\/shaliteink.com\/wp-content\/uploads\/2025\/04\/White-PVC-Free-NB-Screen-Printing-Ink-1.png 839w, https:\/\/shaliteink.com\/wp-content\/uploads\/2025\/04\/White-PVC-Free-NB-Screen-Printing-Ink-1-249x300.png 249w, https:\/\/shaliteink.com\/wp-content\/uploads\/2025\/04\/White-PVC-Free-NB-Screen-Printing-Ink-1-768x925.png 768w, https:\/\/shaliteink.com\/wp-content\/uploads\/2025\/04\/White-PVC-Free-NB-Screen-Printing-Ink-1-10x12.png 10w, https:\/\/shaliteink.com\/wp-content\/uploads\/2025\/04\/White-PVC-Free-NB-Screen-Printing-Ink-1-150x181.png 150w\" sizes=\"(max-width: 839px) 100vw, 839px\" \/><\/p>","protected":false},"excerpt":{"rendered":"<p>Obtenha resultados profissionais com a Shalitein, l\u00edder global na ind\u00fastria de impress\u00e3o t\u00eaxtil\u2026 E sabe o que mais? Com mais de 20 anos de experi\u00eancia em fabrica\u00e7\u00e3o e estreita colabora\u00e7\u00e3o com marcas mundialmente renomadas, entregamos a voc\u00ea qualidade premium diretamente da f\u00e1brica. A tinta Plastisol NB Branca sem PVC \u00e9 especialmente formulada para serigrafia, ideal para impressoras que exigem alta opacidade, opera\u00e7\u00e3o suave e custo-benef\u00edcio imbat\u00edvel.<\/p>","protected":false},"featured_media":1609,"comment_status":"open","ping_status":"closed","template":"","meta":[],"product_brand":[],"product_cat":[43,49],"product_tag":[],"class_list":{"0":"post-1608","1":"product","2":"type-product","3":"status-publish","4":"has-post-thumbnail","6":"product_cat-pvc-free-nb-screen-printing-ink","7":"product_cat-white-screen-printing-ink-plastisol","9":"first","10":"instock","11":"shipping-taxable","12":"purchasable","13":"product-type-variable"},"tiered_pricing_type":"fixed","tiered_pricing_fixed_rules":[],"tiered_pricing_product_settings":{"layout":"default","base_unit_name":{"singular":null,"plural":null},"default_variation":null},"tiered_pricing_minimum_quantity":null,"tiered_pricing_roles_data":[],"tiered_pricing_percentage_rules":[],"tiered_pricing_maximum_quantity":null,"tiered_pricing_quantity_step":null,"_links":{"self":[{"href":"https:\/\/shaliteink.com\/pt\/wp-json\/wp\/v2\/product\/1608","targetHints":{"allow":["GET"]}}],"collection":[{"href":"https:\/\/shaliteink.com\/pt\/wp-json\/wp\/v2\/product"}],"about":[{"href":"https:\/\/shaliteink.com\/pt\/wp-json\/wp\/v2\/types\/product"}],"replies":[{"embeddable":true,"href":"https:\/\/shaliteink.com\/pt\/wp-json\/wp\/v2\/comments?post=1608"}],"version-history":[{"count":0,"href":"https:\/\/shaliteink.com\/pt\/wp-json\/wp\/v2\/product\/1608\/revisions"}],"wp:featuredmedia":[{"embeddable":true,"href":"https:\/\/shaliteink.com\/pt\/wp-json\/wp\/v2\/media\/1609"}],"wp:attachment":[{"href":"https:\/\/shaliteink.com\/pt\/wp-json\/wp\/v2\/media?parent=1608"}],"wp:term":[{"taxonomy":"product_brand","embeddable":true,"href":"https:\/\/shaliteink.com\/pt\/wp-json\/wp\/v2\/product_brand?post=1608"},{"taxonomy":"product_cat","embeddable":true,"href":"https:\/\/shaliteink.com\/pt\/wp-json\/wp\/v2\/product_cat?post=1608"},{"taxonomy":"product_tag","embeddable":true,"href":"https:\/\/shaliteink.com\/pt\/wp-json\/wp\/v2\/product_tag?post=1608"}],"curies":[{"name":"wp","href":"https:\/\/api.w.org\/{rel}","templated":true}]}}