{"id":1573,"date":"2025-04-22T08:08:20","date_gmt":"2025-04-22T08:08:20","guid":{"rendered":"https:\/\/shaliteink.com\/?post_type=product&#038;p=1573"},"modified":"2025-12-10T11:31:37","modified_gmt":"2025-12-10T11:31:37","slug":"compre-tinta-plastisol-amarelo-dourado-nb-da-shaliteink-para-vibran","status":"publish","type":"product","link":"https:\/\/shaliteink.com\/pt\/produto\/compre-tinta-plastisol-amarelo-dourado-nb-da-shaliteink-para-vibran\/","title":{"rendered":"Tinta de serigrafia NB amarelo dourado sem PVC"},"content":{"rendered":"<p class=\"ng-star-inserted\"><strong class=\"ng-star-inserted\"><span class=\"ng-star-inserted\">Principais caracter\u00edsticas e benef\u00edcios:<\/span><\/strong><\/p>\n<ul class=\"ng-star-inserted\">\n<li class=\"ng-star-inserted\">Qualidade Direta da F\u00e1brica: Foi formulado por <strong><a href=\"https:\/\/shaliteink.com\/pt\/\">Shaliteink<\/a><\/strong> especialistas, que t\u00eam duas d\u00e9cadas, d\u00e9cadas de experi\u00eancia nesta \u00e1rea.<\/li>\n<li><span class=\"ng-star-inserted\">F\u00f3rmula ecol\u00f3gica: A tinta para serigrafia \u00e9 100% livre de PVC, proporcionando um ambiente de trabalho mais seguro e maior prote\u00e7\u00e3o ambiental.<\/span><\/li>\n<li><span class=\"ng-star-inserted\">N\u00e3o Bloqueante (NB): Nossa tecnologia especial de tinta plastisol NB evita que a tinta grude, garantindo impress\u00f5es suaves e profissionais.<\/span><\/li>\n<li><span class=\"ng-star-inserted\">Alta opacidade:<\/span><span class=\"ng-star-inserted\"> Proporciona uma cobertura vibrante em tom amarelo dourado com menos resist\u00eancia.<\/span><\/li>\n<li><span class=\"ng-star-inserted\">Consist\u00eancia cremosa: Pronto para usar diretamente da embalagem; F\u00e1cil de alterar na tela.<\/span><\/li>\n<li><span class=\"ng-star-inserted\">Cura Dur\u00e1vel: Projetado para suportar lavagens rigorosas QUANDO tratado na temperatura correta.<\/span><\/li>\n<\/ul>\n<p><img decoding=\"async\" class=\"wp-image-4239 size-full aligncenter\" src=\"https:\/\/shaliteink.com\/wp-content\/uploads\/2025\/04\/Golden-Yellow-PVC-Free-NB-Screen-Printing-Ink.png\" alt=\"Tinta de serigrafia NB amarelo dourado sem PVC\" width=\"973\" height=\"864\" srcset=\"https:\/\/shaliteink.com\/wp-content\/uploads\/2025\/04\/Golden-Yellow-PVC-Free-NB-Screen-Printing-Ink.png 973w, https:\/\/shaliteink.com\/wp-content\/uploads\/2025\/04\/Golden-Yellow-PVC-Free-NB-Screen-Printing-Ink-300x266.png 300w, https:\/\/shaliteink.com\/wp-content\/uploads\/2025\/04\/Golden-Yellow-PVC-Free-NB-Screen-Printing-Ink-768x682.png 768w, https:\/\/shaliteink.com\/wp-content\/uploads\/2025\/04\/Golden-Yellow-PVC-Free-NB-Screen-Printing-Ink-14x12.png 14w, https:\/\/shaliteink.com\/wp-content\/uploads\/2025\/04\/Golden-Yellow-PVC-Free-NB-Screen-Printing-Ink-150x133.png 150w\" sizes=\"(max-width: 973px) 100vw, 973px\" \/><\/p>\n<p class=\"ng-star-inserted\"><strong class=\"ng-star-inserted\"><span class=\"ng-star-inserted\">Orienta\u00e7\u00f5es para cura e evapora\u00e7\u00e3o:<\/span><\/strong><\/p>\n<p>Para garantir a longa vida \u00fatil da estampa e a perfeita integra\u00e7\u00e3o com o tecido, \u00e9 essencial seguir as diretrizes espec\u00edficas de temperatura para este produto. <strong><a href=\"https:\/\/shaliteink.com\/pt\/categoria-produto\/tinta-para-serigrafia-nb-sem-pvc\/\">NB tinta plastisol<\/a><\/strong>. Ao contr\u00e1rio das tintas de baixa temperatura de cura, esta f\u00f3rmula requer uma temperatura de cura normal para m\u00e1xima durabilidade e resist\u00eancia \u00e0 lavagem.<\/p>\n<ul class=\"ng-star-inserted\">\n<li class=\"ng-star-inserted\">\n<p class=\"ng-star-inserted\"><span class=\"ng-star-inserted\">Temperatura de flash:<\/span><span class=\"ng-star-inserted\"> 120-140 \u00b0C (248-284 \u00b0F). Aque\u00e7a em fogo baixo por 3 a 5 segundos ou at\u00e9 que a superf\u00edcie esteja seca ao toque.<\/span><\/p>\n<\/li>\n<li class=\"ng-star-inserted\">\n<p class=\"ng-star-inserted\"><span class=\"ng-star-inserted\">Temperatura de cura:<\/span>160\u00b0C (320\u00b0F).<\/p>\n<\/li>\n<li class=\"ng-star-inserted\">Importante: A temperatura da camada de tinta deve atingir 160 \u00b0C em toda a sua espessura, e n\u00e3o apenas na superf\u00edcie. Para testes precisos, recomendamos o uso de uma sonda em formato de rosca, especialmente para dep\u00f3sitos de tinta mais espessos.<\/li>\n<\/ul>\n<p class=\"ng-star-inserted\"><strong class=\"ng-star-inserted\"><span class=\"ng-star-inserted\">Dicas de impress\u00e3o:<\/span><\/strong><\/p>\n<ul>\n<li style=\"list-style-type: none;\">\n<ul class=\"ng-star-inserted\">\n<li class=\"ng-star-inserted\"><span class=\"ng-star-inserted\">Contagem de malha: Para tinta plastisol NB com alto teor de s\u00f3lidos, recomendamos o uso de n\u00fameros de malha entre 110 e 160 para o melhor equil\u00edbrio entre opacidade e detalhes.<\/span><\/li>\n<li><span class=\"ng-star-inserted\">Base: Para obter a cor dourada mais vibrante em roupas pretas ou escuras, imprima primeiro uma base branca e depois a cor DOURADA por cima.<\/span><\/li>\n<li><span class=\"ng-star-inserted\">Testes: Sempre fa\u00e7a testes de elasticidade e lavagem antes da produ\u00e7\u00e3o em larga escala. E, ali\u00e1s, se a estampa rachar significativamente ao ser esticada ou desbotar ap\u00f3s 1 a 3 lavagens, provavelmente a tinta n\u00e3o ter\u00e1 um bom acabamento. Aumente o tempo ou a temperatura de secagem para atingir a temperatura alvo de 160 \u00b0C.<\/span><\/li>\n<\/ul>\n<\/li>\n<\/ul>\n<p class=\"ng-star-inserted\"><strong class=\"ng-star-inserted\"><span class=\"ng-star-inserted\">Limpeza e armazenamento:<\/span><\/strong><\/p>\n<ul>\n<li style=\"list-style-type: none;\">\n<ul>\n<li style=\"list-style-type: none;\">\n<ul class=\"ng-star-inserted\">\n<li class=\"ng-star-inserted\"><span class=\"ng-star-inserted\">Limpar:<\/span><span class=\"ng-star-inserted\"> Use um solvente padr\u00e3o para tinta de serigrafia ou uma lavadora de alta press\u00e3o para limpar as telas e as almofadas.<\/span><\/li>\n<li><span class=\"ng-star-inserted\">Armazenamento: Armazene os produtos Shalitink em local fresco e seco, entre 18\u00b0C \u200b\u200be 32\u00b0C (65\u00b0F e 90\u00b0F). Mantenha-os longe da luz solar direta para evitar a cristaliza\u00e7\u00e3o prematura.<\/span><\/li>\n<\/ul>\n<\/li>\n<\/ul>\n<\/li>\n<\/ul>\n<p><img decoding=\"async\" class=\"aligncenter wp-image-4240 size-full\" src=\"https:\/\/shaliteink.com\/wp-content\/uploads\/2025\/04\/Golden-Yellow-PVC-Free-NB-Screen-Printing-Ink-1.png\" alt=\"Tinta de serigrafia NB amarelo dourado sem PVC\" width=\"822\" height=\"966\" srcset=\"https:\/\/shaliteink.com\/wp-content\/uploads\/2025\/04\/Golden-Yellow-PVC-Free-NB-Screen-Printing-Ink-1.png 822w, https:\/\/shaliteink.com\/wp-content\/uploads\/2025\/04\/Golden-Yellow-PVC-Free-NB-Screen-Printing-Ink-1-255x300.png 255w, https:\/\/shaliteink.com\/wp-content\/uploads\/2025\/04\/Golden-Yellow-PVC-Free-NB-Screen-Printing-Ink-1-768x903.png 768w, https:\/\/shaliteink.com\/wp-content\/uploads\/2025\/04\/Golden-Yellow-PVC-Free-NB-Screen-Printing-Ink-1-10x12.png 10w, https:\/\/shaliteink.com\/wp-content\/uploads\/2025\/04\/Golden-Yellow-PVC-Free-NB-Screen-Printing-Ink-1-150x176.png 150w\" sizes=\"(max-width: 822px) 100vw, 822px\" \/><\/p>","protected":false},"excerpt":{"rendered":"<p>Obtenha resultados profissionais vibrantes com a tinta amarela dourada da Shaliteink, uma excelente escolha para serigrafistas que exigem qualidade e consist\u00eancia. Como l\u00edder mundial com mais de 20 anos de experi\u00eancia em fabrica\u00e7\u00e3o, a Shaliteink oferece pre\u00e7os direto da f\u00e1brica, sem comprometer o desempenho. Trabalhamos em estreita colabora\u00e7\u00e3o com marcas mundialmente renomadas para desenvolver solu\u00e7\u00f5es exclusivas de tinta para serigrafia, e esta cor amarela dourada n\u00e3o \u00e9 exce\u00e7\u00e3o.<br \/>\nProjetada para versatilidade e facilidade de uso, a tinta \u00e9 uma tinta Plastisol NB (n\u00e3o entup\u00edvel) de alto desempenho. Ao contr\u00e1rio das tintas convencionais, que podem permanecer pegajosas ou dif\u00edceis de manusear, a f\u00f3rmula da tinta Plastisol NB proporciona uma superf\u00edcie lisa, f\u00e1cil de aplicar e preencher ap\u00f3s a secagem. Al\u00e9m disso, esta tinta \u00e9 livre de PVC, tornando-a uma excelente op\u00e7\u00e3o para lojas ecologicamente corretas, que buscam reduzir seu impacto ambiental, mantendo a durabilidade e a lavabilidade esperadas de um plastisol de alta qualidade.<br \/>\nQuer voc\u00ea utilize uma impressora manual ou autom\u00e1tica, a textura cremosa e de baixa viscosidade da tinta Plastisol NB permite uma digitaliza\u00e7\u00e3o suave atrav\u00e9s da grade. Ela proporciona alta opacidade e confere tons dourados vibrantes e intensos, mesmo em tecidos muito escuros.<\/p>","protected":false},"featured_media":1574,"comment_status":"open","ping_status":"closed","template":"","meta":[],"product_brand":[],"product_cat":[43],"product_tag":[],"class_list":{"0":"post-1573","1":"product","2":"type-product","3":"status-publish","4":"has-post-thumbnail","6":"product_cat-pvc-free-nb-screen-printing-ink","8":"first","9":"instock","10":"shipping-taxable","11":"purchasable","12":"product-type-variable"},"tiered_pricing_type":"fixed","tiered_pricing_fixed_rules":[],"tiered_pricing_product_settings":{"layout":"default","base_unit_name":{"singular":null,"plural":null},"default_variation":null},"tiered_pricing_minimum_quantity":null,"tiered_pricing_roles_data":[],"tiered_pricing_percentage_rules":[],"tiered_pricing_maximum_quantity":null,"tiered_pricing_quantity_step":null,"_links":{"self":[{"href":"https:\/\/shaliteink.com\/pt\/wp-json\/wp\/v2\/product\/1573","targetHints":{"allow":["GET"]}}],"collection":[{"href":"https:\/\/shaliteink.com\/pt\/wp-json\/wp\/v2\/product"}],"about":[{"href":"https:\/\/shaliteink.com\/pt\/wp-json\/wp\/v2\/types\/product"}],"replies":[{"embeddable":true,"href":"https:\/\/shaliteink.com\/pt\/wp-json\/wp\/v2\/comments?post=1573"}],"version-history":[{"count":0,"href":"https:\/\/shaliteink.com\/pt\/wp-json\/wp\/v2\/product\/1573\/revisions"}],"wp:featuredmedia":[{"embeddable":true,"href":"https:\/\/shaliteink.com\/pt\/wp-json\/wp\/v2\/media\/1574"}],"wp:attachment":[{"href":"https:\/\/shaliteink.com\/pt\/wp-json\/wp\/v2\/media?parent=1573"}],"wp:term":[{"taxonomy":"product_brand","embeddable":true,"href":"https:\/\/shaliteink.com\/pt\/wp-json\/wp\/v2\/product_brand?post=1573"},{"taxonomy":"product_cat","embeddable":true,"href":"https:\/\/shaliteink.com\/pt\/wp-json\/wp\/v2\/product_cat?post=1573"},{"taxonomy":"product_tag","embeddable":true,"href":"https:\/\/shaliteink.com\/pt\/wp-json\/wp\/v2\/product_tag?post=1573"}],"curies":[{"name":"wp","href":"https:\/\/api.w.org\/{rel}","templated":true}]}}